{"id":2804,"date":"2020-10-23T09:48:50","date_gmt":"2020-10-23T07:48:50","guid":{"rendered":"https:\/\/www.endo-access.com\/?page_id=2804"},"modified":"2020-10-23T11:34:45","modified_gmt":"2020-10-23T09:34:45","slug":"mapa-del-sitio","status":"publish","type":"page","link":"https:\/\/www.endo-access.com\/es\/mapa-del-sitio\/","title":{"rendered":"Mapa"},"content":{"rendered":"<div id=\"wp-realtime-sitemap-pages\"><h3>P\u00e1ginas<\/h3><ul><li class=\"page_item page-item-8283\"><a href=\"https:\/\/www.endo-access.com\/es\/notice-endo-clean\/\">Notice Endo clean<\/a><\/li>\n<li class=\"page_item page-item-8288\"><a href=\"https:\/\/www.endo-access.com\/es\/notice-sequencer\/\">Notice Sequencer<\/a><\/li>\n<li class=\"page_item page-item-7899\"><a href=\"https:\/\/www.endo-access.com\/es\/angulos-y-pares-endo-motor\/\">\u00c1ngulos y pares Endo Motor<\/a><\/li>\n<li class=\"page_item page-item-7915\"><a href=\"https:\/\/www.endo-access.com\/es\/endo-motor-en-imagenes\/\">Familiarizarse con el Endo Motor<\/a><\/li>\n<li class=\"page_item page-item-2792\"><a href=\"https:\/\/www.endo-access.com\/es\/\">Inicio<\/a><\/li>\n<li class=\"page_item page-item-2802\"><a href=\"https:\/\/www.endo-access.com\/es\/productos\/\">Productos<\/a><\/li>\n<li class=\"page_item page-item-2811\"><a href=\"https:\/\/www.endo-access.com\/es\/quienes-somos\/\">\u00bfQui\u00e9nes somos ?<\/a><\/li>\n<li class=\"page_item page-item-2818\"><a href=\"https:\/\/www.endo-access.com\/es\/casos-clinicos\/\">Casos cl\u00ednicos<\/a><\/li>\n<li class=\"page_item page-item-2823 current_page_parent\"><a href=\"https:\/\/www.endo-access.com\/es\/noticias-y-eventos\/\">Noticias y eventos<\/a><\/li>\n<li class=\"page_item page-item-2825\"><a href=\"https:\/\/www.endo-access.com\/es\/testimonios\/\">Testimonios<\/a><\/li>\n<li class=\"page_item page-item-2830\"><a href=\"https:\/\/www.endo-access.com\/es\/preguntas-frecuentes\/\">FAQ<\/a><\/li>\n<li class=\"page_item page-item-2814\"><a href=\"https:\/\/www.endo-access.com\/es\/distribuidores\/\">Distribuidores<\/a><\/li>\n<li class=\"page_item page-item-2816\"><a href=\"https:\/\/www.endo-access.com\/es\/informacion-legal\/\">Informaci\u00f3n legal<\/a><\/li>\n<li class=\"page_item page-item-2809\"><a href=\"https:\/\/www.endo-access.com\/es\/politica-de-confidencialidad\/\">Confidencialidad<\/a><\/li>\n<li class=\"page_item page-item-2804\"><a href=\"https:\/\/www.endo-access.com\/es\/mapa-del-sitio\/\">Mapa<\/a><\/li>\n<li class=\"page_item page-item-2806\"><a href=\"https:\/\/www.endo-access.com\/es\/contacto\/\">Contacto<\/a><\/li>\n<\/ul><\/div><div id=\"wp-realtime-sitemap-posts\"><h3>Noticias<\/h3><ul><li><a href=\"https:\/\/www.endo-access.com\/es\/hands-on-training-session-1\/\" title=\"Enlace permanenta a Hands-on training \u2013 Sesi\u00f3n 1\" rel=\"bookmark\">Hands-on training \u2013 Sesi\u00f3n 1<\/a><\/li><li><a href=\"https:\/\/www.endo-access.com\/es\/hands-on-training-session-2\/\" title=\"Enlace permanenta a Hands-on training \u2013 Sesi\u00f3n 2\" rel=\"bookmark\">Hands-on training \u2013 Sesi\u00f3n 2<\/a><\/li><li><a href=\"https:\/\/www.endo-access.com\/es\/lanzamiento-del-sitio-web\/\" title=\"Enlace permanenta a Lanzamiento del sitio web\" rel=\"bookmark\">Lanzamiento del sitio web<\/a><\/li><li><a href=\"https:\/\/www.endo-access.com\/es\/formacion-de-la-academia-endo-en-easy-file-flex\/\" title=\"Enlace permanenta a Formaci\u00f3n de la Academia Endo en EASY-FILE FLEX\" rel=\"bookmark\">Formaci\u00f3n de la Academia Endo en EASY-FILE FLEX<\/a><\/li><li><a href=\"https:\/\/www.endo-access.com\/es\/hands-on-training-rotacion-continua\/\" title=\"Enlace permanenta a Hands-on training \u2013  Rotaci\u00f3n Continua\" rel=\"bookmark\">Hands-on training \u2013  Rotaci\u00f3n Continua<\/a><\/li><li><a href=\"https:\/\/www.endo-access.com\/es\/hands-on-training-movimiento-alterno\/\" title=\"Enlace permanenta a Hands-on training \u2013 Movimiento alterno\" rel=\"bookmark\">Hands-on training \u2013 Movimiento alterno<\/a><\/li><li><a href=\"https:\/\/www.endo-access.com\/es\/hands-on-training-caso-de-paciente-de-endo-en-vivo\/\" title=\"Enlace permanenta a Hands-on training \u2013 \u00a1CASO DE PACIENTE DE ENDO EN VIVO !\" rel=\"bookmark\">Hands-on training \u2013 \u00a1CASO DE PACIENTE DE ENDO EN VIVO !<\/a><\/li><li><a href=\"https:\/\/www.endo-access.com\/es\/hands-on-training-movimiento-alterno-2\/\" title=\"Enlace permanenta a Hands-on training \u2013 Movimiento alterno\" rel=\"bookmark\">Hands-on training \u2013 Movimiento alterno<\/a><\/li><li><a href=\"https:\/\/www.endo-access.com\/es\/endodoncia-de-lujo-a-precios-reducidos\/\" title=\"Enlace permanenta a Endodoncia de lujo a precios reducidos\" rel=\"bookmark\">Endodoncia de lujo a precios reducidos<\/a><\/li><li><a href=\"https:\/\/www.endo-access.com\/es\/hands-on-training-movimiento-alterno-3\/\" title=\"Enlace permanenta a Hands-on training \u2013 Movimiento alterno\" rel=\"bookmark\">Hands-on training \u2013 Movimiento alterno<\/a><\/li><li><a href=\"https:\/\/www.endo-access.com\/es\/adf-2022-conhecer-os-segredos-de-um-endo-facil-e-rentavel\/\" title=\"Enlace permanenta a ADF 2022 &#8211; Conhecer os segredos de um endo f\u00e1cil e rent\u00e1vel\" rel=\"bookmark\">ADF 2022 &#8211; Conhecer os segredos de um endo f\u00e1cil e rent\u00e1vel<\/a><\/li><li><a href=\"https:\/\/www.endo-access.com\/es\/adf-2023-demostraciones-consejos-y-asesoramiento-sobre-endodoncia\/\" title=\"Enlace permanenta a ADF 2023 &#8211; Demostraciones, consejos y asesoramiento sobre endodoncia\" rel=\"bookmark\">ADF 2023 &#8211; Demostraciones, consejos y asesoramiento sobre endodoncia<\/a><\/li><\/ul><\/div><div id=\"wp-realtime-sitemap-product\"><h3>Productos<\/h3><ul><li><a href=\"https:\/\/www.endo-access.com\/es\/producto\/easy-file-flex\/\" title=\"Enlace permanenta a EASY-FILE FLEX\" rel=\"bookmark\">EASY-FILE FLEX<\/a><\/li><li><a href=\"https:\/\/www.endo-access.com\/es\/producto\/go-taper-flex\/\" title=\"Enlace permanenta a GO-TAPER FLEX\" rel=\"bookmark\">GO-TAPER FLEX<\/a><\/li><li><a href=\"https:\/\/www.endo-access.com\/es\/producto\/go-taper-universal\/\" title=\"Enlace permanenta a GO-TAPER UNIVERSAL\" rel=\"bookmark\">GO-TAPER UNIVERSAL<\/a><\/li><li><a href=\"https:\/\/www.endo-access.com\/es\/producto\/go-taper-retreatment\/\" title=\"Enlace permanenta a GO-TAPER RETREATMENT\" rel=\"bookmark\">GO-TAPER RETREATMENT<\/a><\/li><li><a href=\"https:\/\/www.endo-access.com\/es\/producto\/reverso-silver\/\" title=\"Enlace permanenta a REVERSO SILVER\" rel=\"bookmark\">REVERSO SILVER<\/a><\/li><li><a href=\"https:\/\/www.endo-access.com\/es\/producto\/reverso-blue\/\" title=\"Enlace permanenta a REVERSO BLUE\" rel=\"bookmark\">REVERSO BLUE<\/a><\/li><li><a href=\"https:\/\/www.endo-access.com\/es\/producto\/reverso-puntas-de-papel\/\" title=\"Enlace permanenta a REVERSO PUNTAS DE PAPEL\" rel=\"bookmark\">REVERSO PUNTAS DE PAPEL<\/a><\/li><li><a href=\"https:\/\/www.endo-access.com\/es\/producto\/reverso-puntas-de-gutapercha\/\" title=\"Enlace permanenta a REVERSO PUNTAS DE GUTAPERCHA\" rel=\"bookmark\">REVERSO PUNTAS DE GUTAPERCHA<\/a><\/li><li><a href=\"https:\/\/www.endo-access.com\/es\/producto\/go-taper-puntas-de-papel\/\" title=\"Enlace permanenta a GO-TAPER PUNTAS DE PAPEL\" rel=\"bookmark\">GO-TAPER PUNTAS DE PAPEL<\/a><\/li><li><a href=\"https:\/\/www.endo-access.com\/es\/producto\/go-taper-puntas-de-gutapercha\/\" title=\"Enlace permanenta a GO-TAPER PUNTAS DE GUTAPERCHA\" rel=\"bookmark\">GO-TAPER PUNTAS DE GUTAPERCHA<\/a><\/li><li><a href=\"https:\/\/www.endo-access.com\/es\/producto\/endo-stop-flower\/\" title=\"Enlace permanenta a ENDO STOP FLOWER\" rel=\"bookmark\">ENDO STOP FLOWER<\/a><\/li><li><a href=\"https:\/\/www.endo-access.com\/es\/producto\/endo-stop-standard\/\" title=\"Enlace permanenta a ENDO STOP STANDARD\" rel=\"bookmark\">ENDO STOP STANDARD<\/a><\/li><li><a href=\"https:\/\/www.endo-access.com\/es\/producto\/go-two\/\" title=\"Enlace permanenta a GO-TWO\" rel=\"bookmark\">GO-TWO<\/a><\/li><li><a href=\"https:\/\/www.endo-access.com\/es\/producto\/go-glider-2\/\" title=\"Enlace permanenta a GO-GLIDER\" rel=\"bookmark\">GO-GLIDER<\/a><\/li><li><a href=\"https:\/\/www.endo-access.com\/es\/producto\/prefile-2\/\" title=\"Enlace permanenta a PREFILE\" rel=\"bookmark\">PREFILE<\/a><\/li><li><a href=\"https:\/\/www.endo-access.com\/es\/producto\/easy-file-flex-glider\/\" title=\"Enlace permanenta a EASY-FILE FLEX GLIDER\" rel=\"bookmark\">EASY-FILE FLEX GLIDER<\/a><\/li><li><a href=\"https:\/\/www.endo-access.com\/es\/producto\/go-taper-blue\/\" title=\"Enlace permanenta a GO-TAPER BLUE\" rel=\"bookmark\">GO-TAPER BLUE<\/a><\/li><li><a href=\"https:\/\/www.endo-access.com\/es\/producto\/go-taper-x-2\/\" title=\"Enlace permanenta a GO-TAPER X\" rel=\"bookmark\">GO-TAPER X<\/a><\/li><li><a href=\"https:\/\/www.endo-access.com\/es\/producto\/aguras-de-irrigacion\/\" title=\"Enlace permanenta a AGUJAS DE IRRIGACI\u00d3N\" rel=\"bookmark\">AGUJAS DE IRRIGACI\u00d3N<\/a><\/li><li><a href=\"https:\/\/www.endo-access.com\/es\/producto\/agujas-de-irrigacion-endocanal\/\" title=\"Enlace permanenta a AGUJAS DE IRRIGACI\u00d3N ENDOCANAL\" rel=\"bookmark\">AGUJAS DE IRRIGACI\u00d3N ENDOCANAL<\/a><\/li><li><a href=\"https:\/\/www.endo-access.com\/es\/producto\/limas-k\/\" title=\"Enlace permanenta a K-LIMAS\" rel=\"bookmark\">K-LIMAS<\/a><\/li><li><a href=\"https:\/\/www.endo-access.com\/es\/producto\/limas-h\/\" title=\"Enlace permanenta a LIMAS H\" rel=\"bookmark\">LIMAS H<\/a><\/li><li><a href=\"https:\/\/www.endo-access.com\/es\/producto\/ensachandores\/\" title=\"Enlace permanenta a LIMAS-K\" rel=\"bookmark\">LIMAS-K<\/a><\/li><li><a href=\"https:\/\/www.endo-access.com\/es\/producto\/insertos-endo\/\" title=\"Enlace permanenta a INSERTOS ENDO\" rel=\"bookmark\">INSERTOS ENDO<\/a><\/li><li><a href=\"https:\/\/www.endo-access.com\/es\/producto\/activador-de-riego\/\" title=\"Enlace permanenta a ACTIVADOR DE RIEGO\" rel=\"bookmark\">ACTIVADOR DE RIEGO<\/a><\/li><li><a href=\"https:\/\/www.endo-access.com\/es\/producto\/endo-burs-explorer\/\" title=\"Enlace permanenta a ENDO BURS EXPLORER\" rel=\"bookmark\">ENDO BURS EXPLORER<\/a><\/li><li><a href=\"https:\/\/www.endo-access.com\/es\/producto\/plugger\/\" title=\"Enlace permanenta a PLUGGER\" rel=\"bookmark\">PLUGGER<\/a><\/li><li><a href=\"https:\/\/www.endo-access.com\/es\/producto\/easy-pack\/\" title=\"Enlace permanenta a EASY PACK\" rel=\"bookmark\">EASY PACK<\/a><\/li><li><a href=\"https:\/\/www.endo-access.com\/es\/producto\/easy-fill\/\" title=\"Enlace permanenta a EASY FILL\" rel=\"bookmark\">EASY FILL<\/a><\/li><li><a href=\"https:\/\/www.endo-access.com\/es\/producto\/sequencer\/\" title=\"Enlace permanenta a SEQUENCER\" rel=\"bookmark\">SEQUENCER<\/a><\/li><li><a href=\"https:\/\/www.endo-access.com\/es\/producto\/endo-clean\/\" title=\"Enlace permanenta a ENDO-CLEAN\" rel=\"bookmark\">ENDO-CLEAN<\/a><\/li><li><a href=\"https:\/\/www.endo-access.com\/es\/producto\/sodium-hypochlorite-25\/\" title=\"Enlace permanenta a SODIUM HYPOCHLORITE 2,5%\" rel=\"bookmark\">SODIUM HYPOCHLORITE 2,5%<\/a><\/li><li><a href=\"https:\/\/www.endo-access.com\/es\/producto\/easy-fill-gutta-pellets\/\" title=\"Enlace permanenta a EASY FILL GUTTA PELLETS\" rel=\"bookmark\">EASY FILL GUTTA PELLETS<\/a><\/li><li><a href=\"https:\/\/www.endo-access.com\/es\/producto\/endo-access\/\" title=\"Enlace permanenta a ENDO MOTOR\" rel=\"bookmark\">ENDO MOTOR<\/a><\/li><li><a href=\"https:\/\/www.endo-access.com\/es\/producto\/diques-de-goma-de-latex\/\" title=\"Enlace permanenta a DIQUES DE GOMA DE LATEX\" rel=\"bookmark\">DIQUES DE GOMA DE LATEX<\/a><\/li><li><a href=\"https:\/\/www.endo-access.com\/es\/producto\/lentulos\/\" title=\"Enlace permanenta a L\u00c9NTULOS\" rel=\"bookmark\">L\u00c9NTULOS<\/a><\/li><li><a href=\"https:\/\/www.endo-access.com\/es\/producto\/easy-fill-tips\/\" title=\"Enlace permanenta a EASY FILL TIPS\" rel=\"bookmark\">EASY FILL TIPS<\/a><\/li><li><a href=\"https:\/\/www.endo-access.com\/es\/producto\/easy-pack-tips\/\" title=\"Enlace permanenta a EASY PACK TIPS\" rel=\"bookmark\">EASY PACK TIPS<\/a><\/li><li><a href=\"https:\/\/www.endo-access.com\/es\/producto\/gutta-percha-condensers\/\" title=\"Enlace permanenta a GUTTA-PERCHA CONDENSERS\" rel=\"bookmark\">GUTTA-PERCHA CONDENSERS<\/a><\/li><li><a href=\"https:\/\/www.endo-access.com\/es\/producto\/endo-bloc-mini\/\" title=\"Enlace permanenta a ENDO BLOC MINI\" rel=\"bookmark\">ENDO BLOC MINI<\/a><\/li><li><a href=\"https:\/\/www.endo-access.com\/es\/producto\/digues-non-latex\/\" title=\"Enlace permanenta a DIQUES SIN LATEX\" rel=\"bookmark\">DIQUES SIN LATEX<\/a><\/li><\/ul><\/div>\n","protected":false},"excerpt":{"rendered":"","protected":false},"author":1,"featured_media":0,"parent":0,"menu_order":22,"comment_status":"closed","ping_status":"closed","template":"","meta":{"_acf_changed":false,"footnotes":""},"class_list":["post-2804","page","type-page","status-publish","hentry"],"acf":[],"yoast_head":"<!-- This site is optimized with the Yoast SEO plugin v27.0 - https:\/\/yoast.com\/product\/yoast-seo-wordpress\/ -->\n<title>Mapa - access<\/title>\n<meta name=\"robots\" content=\"index, follow, max-snippet:-1, max-image-preview:large, max-video-preview:-1\" \/>\n<link rel=\"canonical\" href=\"https:\/\/www.endo-access.com\/es\/mapa-del-sitio\/\" \/>\n<meta property=\"og:locale\" content=\"es_ES\" \/>\n<meta property=\"og:type\" content=\"article\" \/>\n<meta property=\"og:title\" content=\"Mapa - access\" \/>\n<meta property=\"og:url\" content=\"https:\/\/www.endo-access.com\/es\/mapa-del-sitio\/\" \/>\n<meta property=\"og:site_name\" content=\"access\" \/>\n<meta property=\"article:publisher\" content=\"https:\/\/www.facebook.com\/endoaccess\/\" \/>\n<meta property=\"article:modified_time\" content=\"2020-10-23T09:34:45+00:00\" \/>\n<meta property=\"og:image\" content=\"https:\/\/www.endo-access.com\/wp-content\/uploads\/logo.png\" \/>\n\t<meta property=\"og:image:width\" content=\"915\" \/>\n\t<meta property=\"og:image:height\" content=\"915\" \/>\n\t<meta property=\"og:image:type\" content=\"image\/png\" \/>\n<meta name=\"twitter:card\" content=\"summary_large_image\" \/>\n<script type=\"application\/ld+json\" class=\"yoast-schema-graph\">{\"@context\":\"https:\/\/schema.org\",\"@graph\":[{\"@type\":\"WebPage\",\"@id\":\"https:\/\/www.endo-access.com\/es\/mapa-del-sitio\/\",\"url\":\"https:\/\/www.endo-access.com\/es\/mapa-del-sitio\/\",\"name\":\"Mapa - access\",\"isPartOf\":{\"@id\":\"https:\/\/www.endo-access.com\/es\/#website\"},\"datePublished\":\"2020-10-23T07:48:50+00:00\",\"dateModified\":\"2020-10-23T09:34:45+00:00\",\"breadcrumb\":{\"@id\":\"https:\/\/www.endo-access.com\/es\/mapa-del-sitio\/#breadcrumb\"},\"inLanguage\":\"es\",\"potentialAction\":[{\"@type\":\"ReadAction\",\"target\":[\"https:\/\/www.endo-access.com\/es\/mapa-del-sitio\/\"]}]},{\"@type\":\"BreadcrumbList\",\"@id\":\"https:\/\/www.endo-access.com\/es\/mapa-del-sitio\/#breadcrumb\",\"itemListElement\":[{\"@type\":\"ListItem\",\"position\":1,\"name\":\"Accueil\",\"item\":\"https:\/\/www.endo-access.com\/es\/\"},{\"@type\":\"ListItem\",\"position\":2,\"name\":\"Mapa\"}]},{\"@type\":\"WebSite\",\"@id\":\"https:\/\/www.endo-access.com\/es\/#website\",\"url\":\"https:\/\/www.endo-access.com\/es\/\",\"name\":\"access\",\"description\":\"Efficacit\u00e9, Simplicit\u00e9, Rentabilit\u00e9.\",\"publisher\":{\"@id\":\"https:\/\/www.endo-access.com\/es\/#organization\"},\"potentialAction\":[{\"@type\":\"SearchAction\",\"target\":{\"@type\":\"EntryPoint\",\"urlTemplate\":\"https:\/\/www.endo-access.com\/es\/?s={search_term_string}\"},\"query-input\":{\"@type\":\"PropertyValueSpecification\",\"valueRequired\":true,\"valueName\":\"search_term_string\"}}],\"inLanguage\":\"es\"},{\"@type\":\"Organization\",\"@id\":\"https:\/\/www.endo-access.com\/es\/#organization\",\"name\":\"Access\",\"url\":\"https:\/\/www.endo-access.com\/es\/\",\"logo\":{\"@type\":\"ImageObject\",\"inLanguage\":\"es\",\"@id\":\"https:\/\/www.endo-access.com\/es\/#\/schema\/logo\/image\/\",\"url\":\"https:\/\/www.endo-access.com\/wp-content\/uploads\/logo.png\",\"contentUrl\":\"https:\/\/www.endo-access.com\/wp-content\/uploads\/logo.png\",\"width\":915,\"height\":915,\"caption\":\"Access\"},\"image\":{\"@id\":\"https:\/\/www.endo-access.com\/es\/#\/schema\/logo\/image\/\"},\"sameAs\":[\"https:\/\/www.facebook.com\/endoaccess\/\",\"https:\/\/www.linkedin.com\/company\/endo-access\/\",\"https:\/\/www.instagram.com\/endoaccess\/\"]}]}<\/script>\n<!-- \/ Yoast SEO plugin. -->","yoast_head_json":{"title":"Mapa - access","robots":{"index":"index","follow":"follow","max-snippet":"max-snippet:-1","max-image-preview":"max-image-preview:large","max-video-preview":"max-video-preview:-1"},"canonical":"https:\/\/www.endo-access.com\/es\/mapa-del-sitio\/","og_locale":"es_ES","og_type":"article","og_title":"Mapa - access","og_url":"https:\/\/www.endo-access.com\/es\/mapa-del-sitio\/","og_site_name":"access","article_publisher":"https:\/\/www.facebook.com\/endoaccess\/","article_modified_time":"2020-10-23T09:34:45+00:00","og_image":[{"width":915,"height":915,"url":"https:\/\/www.endo-access.com\/wp-content\/uploads\/logo.png","type":"image\/png"}],"twitter_card":"summary_large_image","schema":{"@context":"https:\/\/schema.org","@graph":[{"@type":"WebPage","@id":"https:\/\/www.endo-access.com\/es\/mapa-del-sitio\/","url":"https:\/\/www.endo-access.com\/es\/mapa-del-sitio\/","name":"Mapa - access","isPartOf":{"@id":"https:\/\/www.endo-access.com\/es\/#website"},"datePublished":"2020-10-23T07:48:50+00:00","dateModified":"2020-10-23T09:34:45+00:00","breadcrumb":{"@id":"https:\/\/www.endo-access.com\/es\/mapa-del-sitio\/#breadcrumb"},"inLanguage":"es","potentialAction":[{"@type":"ReadAction","target":["https:\/\/www.endo-access.com\/es\/mapa-del-sitio\/"]}]},{"@type":"BreadcrumbList","@id":"https:\/\/www.endo-access.com\/es\/mapa-del-sitio\/#breadcrumb","itemListElement":[{"@type":"ListItem","position":1,"name":"Accueil","item":"https:\/\/www.endo-access.com\/es\/"},{"@type":"ListItem","position":2,"name":"Mapa"}]},{"@type":"WebSite","@id":"https:\/\/www.endo-access.com\/es\/#website","url":"https:\/\/www.endo-access.com\/es\/","name":"access","description":"Efficacit\u00e9, Simplicit\u00e9, Rentabilit\u00e9.","publisher":{"@id":"https:\/\/www.endo-access.com\/es\/#organization"},"potentialAction":[{"@type":"SearchAction","target":{"@type":"EntryPoint","urlTemplate":"https:\/\/www.endo-access.com\/es\/?s={search_term_string}"},"query-input":{"@type":"PropertyValueSpecification","valueRequired":true,"valueName":"search_term_string"}}],"inLanguage":"es"},{"@type":"Organization","@id":"https:\/\/www.endo-access.com\/es\/#organization","name":"Access","url":"https:\/\/www.endo-access.com\/es\/","logo":{"@type":"ImageObject","inLanguage":"es","@id":"https:\/\/www.endo-access.com\/es\/#\/schema\/logo\/image\/","url":"https:\/\/www.endo-access.com\/wp-content\/uploads\/logo.png","contentUrl":"https:\/\/www.endo-access.com\/wp-content\/uploads\/logo.png","width":915,"height":915,"caption":"Access"},"image":{"@id":"https:\/\/www.endo-access.com\/es\/#\/schema\/logo\/image\/"},"sameAs":["https:\/\/www.facebook.com\/endoaccess\/","https:\/\/www.linkedin.com\/company\/endo-access\/","https:\/\/www.instagram.com\/endoaccess\/"]}]}},"_links":{"self":[{"href":"https:\/\/www.endo-access.com\/es\/wp-json\/wp\/v2\/pages\/2804","targetHints":{"allow":["GET"]}}],"collection":[{"href":"https:\/\/www.endo-access.com\/es\/wp-json\/wp\/v2\/pages"}],"about":[{"href":"https:\/\/www.endo-access.com\/es\/wp-json\/wp\/v2\/types\/page"}],"author":[{"embeddable":true,"href":"https:\/\/www.endo-access.com\/es\/wp-json\/wp\/v2\/users\/1"}],"replies":[{"embeddable":true,"href":"https:\/\/www.endo-access.com\/es\/wp-json\/wp\/v2\/comments?post=2804"}],"version-history":[{"count":2,"href":"https:\/\/www.endo-access.com\/es\/wp-json\/wp\/v2\/pages\/2804\/revisions"}],"predecessor-version":[{"id":2856,"href":"https:\/\/www.endo-access.com\/es\/wp-json\/wp\/v2\/pages\/2804\/revisions\/2856"}],"wp:attachment":[{"href":"https:\/\/www.endo-access.com\/es\/wp-json\/wp\/v2\/media?parent=2804"}],"curies":[{"name":"wp","href":"https:\/\/api.w.org\/{rel}","templated":true}]}}