{"id":2811,"date":"2020-10-23T10:30:45","date_gmt":"2020-10-23T08:30:45","guid":{"rendered":"https:\/\/www.endo-access.com\/?page_id=2811"},"modified":"2020-11-10T22:57:31","modified_gmt":"2020-11-10T21:57:31","slug":"quienes-somos","status":"publish","type":"page","link":"https:\/\/www.endo-access.com\/es\/quienes-somos\/","title":{"rendered":"\u00bfQui\u00e9nes somos ?"},"content":{"rendered":"\n<p><strong>ACCESS<\/strong>\u00a0es una marca de endodoncia que ofrece una gama accesible de productos de endodoncia para tratamientos de calidad y rentables. Esta gama de productos\u00a0est\u00e1\u00a0destinada a dentistas que desean optimizar sus costes con productos de calidad satisfactoria, conformes a excelentes pr\u00e1cticas dentales y a los mejores precios .\u00a0<\/p>\n\n\n\n<p>Los productos\u00a0<strong>ACCESS<\/strong>, son, sobre todo:<\/p>\n\n\n\n<p><strong>Simplicidad, Practicidad<\/strong>&nbsp;: c\u00f3digo de colores est\u00e1ndar.&nbsp;<\/p>\n\n\n\n<p><strong>Posibilidad de elecci\u00f3n<\/strong>: para cada caso un instrumento adecuado.&nbsp;<\/p>\n\n\n\n<p><strong>Una experiencia endod\u00f3ntica<\/strong>: productos seleccionados por endodoncistas exclusivos.&nbsp;<\/p>\n\n\n\n<p><strong>Instrumentos c\u00f3nicos:<\/strong>&nbsp;mejor&nbsp;eficiencia de preparaci\u00f3n.<\/p>\n","protected":false},"excerpt":{"rendered":"<p>ACCESS\u00a0es una marca de endodoncia que ofrece una gama accesible de productos de endodoncia para tratamientos de calidad y rentables. Esta gama de productos\u00a0est\u00e1\u00a0destinada a dentistas que desean optimizar sus costes con productos de calidad satisfactoria, conformes a excelentes pr\u00e1cticas dentales y a los mejores precios .\u00a0 Los productos\u00a0ACCESS, son, sobre todo: Simplicidad, Practicidad&nbsp;: c\u00f3digo [&hellip;]<\/p>\n","protected":false},"author":1,"featured_media":2142,"parent":0,"menu_order":10,"comment_status":"closed","ping_status":"closed","template":"templates\/template-cover.php","meta":{"_acf_changed":false,"footnotes":""},"class_list":["post-2811","page","type-page","status-publish","has-post-thumbnail","hentry"],"acf":[],"yoast_head":"<!-- This site is optimized with the Yoast SEO plugin v27.0 - https:\/\/yoast.com\/product\/yoast-seo-wordpress\/ -->\n<title>\u00bfQui\u00e9nes somos ? - access<\/title>\n<meta name=\"robots\" content=\"index, follow, max-snippet:-1, max-image-preview:large, max-video-preview:-1\" \/>\n<link rel=\"canonical\" href=\"https:\/\/www.endo-access.com\/es\/quienes-somos\/\" \/>\n<meta property=\"og:locale\" content=\"es_ES\" \/>\n<meta property=\"og:type\" content=\"article\" \/>\n<meta property=\"og:title\" content=\"\u00bfQui\u00e9nes somos ? - access\" \/>\n<meta property=\"og:description\" content=\"ACCESS\u00a0es una marca de endodoncia que ofrece una gama accesible de productos de endodoncia para tratamientos de calidad y rentables. Esta gama de productos\u00a0est\u00e1\u00a0destinada a dentistas que desean optimizar sus costes con productos de calidad satisfactoria, conformes a excelentes pr\u00e1cticas dentales y a los mejores precios .\u00a0 Los productos\u00a0ACCESS, son, sobre todo: Simplicidad, Practicidad&nbsp;: c\u00f3digo [&hellip;]\" \/>\n<meta property=\"og:url\" content=\"https:\/\/www.endo-access.com\/es\/quienes-somos\/\" \/>\n<meta property=\"og:site_name\" content=\"access\" \/>\n<meta property=\"article:publisher\" content=\"https:\/\/www.facebook.com\/endoaccess\/\" \/>\n<meta property=\"article:modified_time\" content=\"2020-11-10T21:57:31+00:00\" \/>\n<meta property=\"og:image\" content=\"https:\/\/www.endo-access.com\/wp-content\/uploads\/qui-sommes-nous-1-1024x261.png\" \/>\n\t<meta property=\"og:image:width\" content=\"1024\" \/>\n\t<meta property=\"og:image:height\" content=\"261\" \/>\n\t<meta property=\"og:image:type\" content=\"image\/png\" \/>\n<meta name=\"twitter:card\" content=\"summary_large_image\" \/>\n<script type=\"application\/ld+json\" class=\"yoast-schema-graph\">{\"@context\":\"https:\/\/schema.org\",\"@graph\":[{\"@type\":\"WebPage\",\"@id\":\"https:\/\/www.endo-access.com\/es\/quienes-somos\/\",\"url\":\"https:\/\/www.endo-access.com\/es\/quienes-somos\/\",\"name\":\"\u00bfQui\u00e9nes somos ? - access\",\"isPartOf\":{\"@id\":\"https:\/\/www.endo-access.com\/es\/#website\"},\"primaryImageOfPage\":{\"@id\":\"https:\/\/www.endo-access.com\/es\/quienes-somos\/#primaryimage\"},\"image\":{\"@id\":\"https:\/\/www.endo-access.com\/es\/quienes-somos\/#primaryimage\"},\"thumbnailUrl\":\"https:\/\/www.endo-access.com\/wp-content\/uploads\/qui-sommes-nous-1.png\",\"datePublished\":\"2020-10-23T08:30:45+00:00\",\"dateModified\":\"2020-11-10T21:57:31+00:00\",\"breadcrumb\":{\"@id\":\"https:\/\/www.endo-access.com\/es\/quienes-somos\/#breadcrumb\"},\"inLanguage\":\"es\",\"potentialAction\":[{\"@type\":\"ReadAction\",\"target\":[\"https:\/\/www.endo-access.com\/es\/quienes-somos\/\"]}]},{\"@type\":\"ImageObject\",\"inLanguage\":\"es\",\"@id\":\"https:\/\/www.endo-access.com\/es\/quienes-somos\/#primaryimage\",\"url\":\"https:\/\/www.endo-access.com\/wp-content\/uploads\/qui-sommes-nous-1.png\",\"contentUrl\":\"https:\/\/www.endo-access.com\/wp-content\/uploads\/qui-sommes-nous-1.png\",\"width\":6250,\"height\":6250},{\"@type\":\"BreadcrumbList\",\"@id\":\"https:\/\/www.endo-access.com\/es\/quienes-somos\/#breadcrumb\",\"itemListElement\":[{\"@type\":\"ListItem\",\"position\":1,\"name\":\"Accueil\",\"item\":\"https:\/\/www.endo-access.com\/es\/\"},{\"@type\":\"ListItem\",\"position\":2,\"name\":\"\u00bfQui\u00e9nes somos ?\"}]},{\"@type\":\"WebSite\",\"@id\":\"https:\/\/www.endo-access.com\/es\/#website\",\"url\":\"https:\/\/www.endo-access.com\/es\/\",\"name\":\"access\",\"description\":\"Efficacit\u00e9, Simplicit\u00e9, Rentabilit\u00e9.\",\"publisher\":{\"@id\":\"https:\/\/www.endo-access.com\/es\/#organization\"},\"potentialAction\":[{\"@type\":\"SearchAction\",\"target\":{\"@type\":\"EntryPoint\",\"urlTemplate\":\"https:\/\/www.endo-access.com\/es\/?s={search_term_string}\"},\"query-input\":{\"@type\":\"PropertyValueSpecification\",\"valueRequired\":true,\"valueName\":\"search_term_string\"}}],\"inLanguage\":\"es\"},{\"@type\":\"Organization\",\"@id\":\"https:\/\/www.endo-access.com\/es\/#organization\",\"name\":\"Access\",\"url\":\"https:\/\/www.endo-access.com\/es\/\",\"logo\":{\"@type\":\"ImageObject\",\"inLanguage\":\"es\",\"@id\":\"https:\/\/www.endo-access.com\/es\/#\/schema\/logo\/image\/\",\"url\":\"https:\/\/www.endo-access.com\/wp-content\/uploads\/logo.png\",\"contentUrl\":\"https:\/\/www.endo-access.com\/wp-content\/uploads\/logo.png\",\"width\":915,\"height\":915,\"caption\":\"Access\"},\"image\":{\"@id\":\"https:\/\/www.endo-access.com\/es\/#\/schema\/logo\/image\/\"},\"sameAs\":[\"https:\/\/www.facebook.com\/endoaccess\/\",\"https:\/\/www.linkedin.com\/company\/endo-access\/\",\"https:\/\/www.instagram.com\/endoaccess\/\"]}]}<\/script>\n<!-- \/ Yoast SEO plugin. -->","yoast_head_json":{"title":"\u00bfQui\u00e9nes somos ? - access","robots":{"index":"index","follow":"follow","max-snippet":"max-snippet:-1","max-image-preview":"max-image-preview:large","max-video-preview":"max-video-preview:-1"},"canonical":"https:\/\/www.endo-access.com\/es\/quienes-somos\/","og_locale":"es_ES","og_type":"article","og_title":"\u00bfQui\u00e9nes somos ? - access","og_description":"ACCESS\u00a0es una marca de endodoncia que ofrece una gama accesible de productos de endodoncia para tratamientos de calidad y rentables. Esta gama de productos\u00a0est\u00e1\u00a0destinada a dentistas que desean optimizar sus costes con productos de calidad satisfactoria, conformes a excelentes pr\u00e1cticas dentales y a los mejores precios .\u00a0 Los productos\u00a0ACCESS, son, sobre todo: Simplicidad, Practicidad&nbsp;: c\u00f3digo [&hellip;]","og_url":"https:\/\/www.endo-access.com\/es\/quienes-somos\/","og_site_name":"access","article_publisher":"https:\/\/www.facebook.com\/endoaccess\/","article_modified_time":"2020-11-10T21:57:31+00:00","og_image":[{"width":1024,"height":261,"url":"https:\/\/www.endo-access.com\/wp-content\/uploads\/qui-sommes-nous-1-1024x261.png","type":"image\/png"}],"twitter_card":"summary_large_image","schema":{"@context":"https:\/\/schema.org","@graph":[{"@type":"WebPage","@id":"https:\/\/www.endo-access.com\/es\/quienes-somos\/","url":"https:\/\/www.endo-access.com\/es\/quienes-somos\/","name":"\u00bfQui\u00e9nes somos ? - access","isPartOf":{"@id":"https:\/\/www.endo-access.com\/es\/#website"},"primaryImageOfPage":{"@id":"https:\/\/www.endo-access.com\/es\/quienes-somos\/#primaryimage"},"image":{"@id":"https:\/\/www.endo-access.com\/es\/quienes-somos\/#primaryimage"},"thumbnailUrl":"https:\/\/www.endo-access.com\/wp-content\/uploads\/qui-sommes-nous-1.png","datePublished":"2020-10-23T08:30:45+00:00","dateModified":"2020-11-10T21:57:31+00:00","breadcrumb":{"@id":"https:\/\/www.endo-access.com\/es\/quienes-somos\/#breadcrumb"},"inLanguage":"es","potentialAction":[{"@type":"ReadAction","target":["https:\/\/www.endo-access.com\/es\/quienes-somos\/"]}]},{"@type":"ImageObject","inLanguage":"es","@id":"https:\/\/www.endo-access.com\/es\/quienes-somos\/#primaryimage","url":"https:\/\/www.endo-access.com\/wp-content\/uploads\/qui-sommes-nous-1.png","contentUrl":"https:\/\/www.endo-access.com\/wp-content\/uploads\/qui-sommes-nous-1.png","width":6250,"height":6250},{"@type":"BreadcrumbList","@id":"https:\/\/www.endo-access.com\/es\/quienes-somos\/#breadcrumb","itemListElement":[{"@type":"ListItem","position":1,"name":"Accueil","item":"https:\/\/www.endo-access.com\/es\/"},{"@type":"ListItem","position":2,"name":"\u00bfQui\u00e9nes somos ?"}]},{"@type":"WebSite","@id":"https:\/\/www.endo-access.com\/es\/#website","url":"https:\/\/www.endo-access.com\/es\/","name":"access","description":"Efficacit\u00e9, Simplicit\u00e9, Rentabilit\u00e9.","publisher":{"@id":"https:\/\/www.endo-access.com\/es\/#organization"},"potentialAction":[{"@type":"SearchAction","target":{"@type":"EntryPoint","urlTemplate":"https:\/\/www.endo-access.com\/es\/?s={search_term_string}"},"query-input":{"@type":"PropertyValueSpecification","valueRequired":true,"valueName":"search_term_string"}}],"inLanguage":"es"},{"@type":"Organization","@id":"https:\/\/www.endo-access.com\/es\/#organization","name":"Access","url":"https:\/\/www.endo-access.com\/es\/","logo":{"@type":"ImageObject","inLanguage":"es","@id":"https:\/\/www.endo-access.com\/es\/#\/schema\/logo\/image\/","url":"https:\/\/www.endo-access.com\/wp-content\/uploads\/logo.png","contentUrl":"https:\/\/www.endo-access.com\/wp-content\/uploads\/logo.png","width":915,"height":915,"caption":"Access"},"image":{"@id":"https:\/\/www.endo-access.com\/es\/#\/schema\/logo\/image\/"},"sameAs":["https:\/\/www.facebook.com\/endoaccess\/","https:\/\/www.linkedin.com\/company\/endo-access\/","https:\/\/www.instagram.com\/endoaccess\/"]}]}},"_links":{"self":[{"href":"https:\/\/www.endo-access.com\/es\/wp-json\/wp\/v2\/pages\/2811","targetHints":{"allow":["GET"]}}],"collection":[{"href":"https:\/\/www.endo-access.com\/es\/wp-json\/wp\/v2\/pages"}],"about":[{"href":"https:\/\/www.endo-access.com\/es\/wp-json\/wp\/v2\/types\/page"}],"author":[{"embeddable":true,"href":"https:\/\/www.endo-access.com\/es\/wp-json\/wp\/v2\/users\/1"}],"replies":[{"embeddable":true,"href":"https:\/\/www.endo-access.com\/es\/wp-json\/wp\/v2\/comments?post=2811"}],"version-history":[{"count":2,"href":"https:\/\/www.endo-access.com\/es\/wp-json\/wp\/v2\/pages\/2811\/revisions"}],"predecessor-version":[{"id":3330,"href":"https:\/\/www.endo-access.com\/es\/wp-json\/wp\/v2\/pages\/2811\/revisions\/3330"}],"wp:featuredmedia":[{"embeddable":true,"href":"https:\/\/www.endo-access.com\/es\/wp-json\/wp\/v2\/media\/2142"}],"wp:attachment":[{"href":"https:\/\/www.endo-access.com\/es\/wp-json\/wp\/v2\/media?parent=2811"}],"curies":[{"name":"wp","href":"https:\/\/api.w.org\/{rel}","templated":true}]}}