{"id":2816,"date":"2020-10-23T10:58:57","date_gmt":"2020-10-23T08:58:57","guid":{"rendered":"https:\/\/www.endo-access.com\/?page_id=2816"},"modified":"2020-10-23T10:58:57","modified_gmt":"2020-10-23T08:58:57","slug":"informacion-legal","status":"publish","type":"page","link":"https:\/\/www.endo-access.com\/es\/informacion-legal\/","title":{"rendered":"Informaci\u00f3n legal"},"content":{"rendered":"\n<p>Sitio Web :\u00a0<a href=\"https:\/\/www.endo-access.com\/\">https:\/\/www.endo-access.com\/<\/a><\/p>\n\n\n\n<p>Leer las instrucciones.<br>Las fotos no son contractuales.<br>Al acceder a este sitio, el usuario se compromete a respetar las presentes condiciones de uso.<\/p>\n\n\n\n<h2 class=\"wp-block-heading\">1. Informaci\u00f3n del editor<\/h2>\n\n\n\n<p>Este sitio es publicado por:<\/p>\n\n\n\n<p>MEDICAL TELEMARKETING<br>25 rue Bleue<br>75009 Paris<br>FRANCE<br>Siret : 47751590200013<\/p>\n\n\n\n<h2 class=\"wp-block-heading\">2. Informaci\u00f3n sobre alojamiento<\/h2>\n\n\n\n<p>Este sitio est\u00e1 alojado por el proveedor de servicios \u201cGANDI\u201d.<\/p>\n\n\n\n<h2 class=\"wp-block-heading\">3. Derechos de autor \/ Copyright<\/h2>\n\n\n\n<p>Las marcas y los logotipos que aparecen en este sitio son marcas registradas de sus respectivos propietarios.<\/p>\n\n\n\n<p>Su menci\u00f3n no otorga de ninguna manera una licencia o derecho de uso de dichas marcas, las cuales, por lo tanto, no pueden ser utilizadas sin el consentimiento previo por escrito del titular de la marca bajo pena de falsificaci\u00f3n.<\/p>\n\n\n\n<p>Toda la informaci\u00f3n de este sitio puede ser descargada, reproducida e impresa bajo las siguientes condiciones:<\/p>\n\n\n\n<ul class=\"wp-block-list\"><li>utilizar dicha informaci\u00f3n s\u00f3lo para fines personales y de ninguna manera con fines comerciales;<\/li><li>no modificar dicha informaci\u00f3n.<\/li><\/ul>\n\n\n\n<p><strong>Copyright :<\/strong>&nbsp;\u00a9ACCESS<\/p>\n\n\n\n<p>\u00daltima actualizaci\u00f3n Febrero de 2019<\/p>\n","protected":false},"excerpt":{"rendered":"<p>Sitio Web :\u00a0https:\/\/www.endo-access.com\/ Leer las instrucciones.Las fotos no son contractuales.Al acceder a este sitio, el usuario se compromete a respetar las presentes condiciones de uso. 1. Informaci\u00f3n del editor Este sitio es publicado por: MEDICAL TELEMARKETING25 rue Bleue75009 ParisFRANCESiret : 47751590200013 2. Informaci\u00f3n sobre alojamiento Este sitio est\u00e1 alojado por el proveedor de servicios \u201cGANDI\u201d. [&hellip;]<\/p>\n","protected":false},"author":1,"featured_media":0,"parent":0,"menu_order":20,"comment_status":"closed","ping_status":"closed","template":"","meta":{"_acf_changed":false,"footnotes":""},"class_list":["post-2816","page","type-page","status-publish","hentry"],"acf":[],"yoast_head":"<!-- This site is optimized with the Yoast SEO plugin v27.0 - https:\/\/yoast.com\/product\/yoast-seo-wordpress\/ -->\n<title>Informaci\u00f3n legal - access<\/title>\n<meta name=\"robots\" content=\"index, follow, max-snippet:-1, max-image-preview:large, max-video-preview:-1\" \/>\n<link rel=\"canonical\" href=\"https:\/\/www.endo-access.com\/es\/informacion-legal\/\" \/>\n<meta property=\"og:locale\" content=\"es_ES\" \/>\n<meta property=\"og:type\" content=\"article\" \/>\n<meta property=\"og:title\" content=\"Informaci\u00f3n legal - access\" \/>\n<meta property=\"og:description\" content=\"Sitio Web :\u00a0https:\/\/www.endo-access.com\/ Leer las instrucciones.Las fotos no son contractuales.Al acceder a este sitio, el usuario se compromete a respetar las presentes condiciones de uso. 1. Informaci\u00f3n del editor Este sitio es publicado por: MEDICAL TELEMARKETING25 rue Bleue75009 ParisFRANCESiret : 47751590200013 2. Informaci\u00f3n sobre alojamiento Este sitio est\u00e1 alojado por el proveedor de servicios \u201cGANDI\u201d. [&hellip;]\" \/>\n<meta property=\"og:url\" content=\"https:\/\/www.endo-access.com\/es\/informacion-legal\/\" \/>\n<meta property=\"og:site_name\" content=\"access\" \/>\n<meta property=\"article:publisher\" content=\"https:\/\/www.facebook.com\/endoaccess\/\" \/>\n<meta property=\"og:image\" content=\"https:\/\/www.endo-access.com\/wp-content\/uploads\/logo.png\" \/>\n\t<meta property=\"og:image:width\" content=\"915\" \/>\n\t<meta property=\"og:image:height\" content=\"915\" \/>\n\t<meta property=\"og:image:type\" content=\"image\/png\" \/>\n<meta name=\"twitter:card\" content=\"summary_large_image\" \/>\n<meta name=\"twitter:label1\" content=\"Tiempo de lectura\" \/>\n\t<meta name=\"twitter:data1\" content=\"1 minuto\" \/>\n<script type=\"application\/ld+json\" class=\"yoast-schema-graph\">{\"@context\":\"https:\/\/schema.org\",\"@graph\":[{\"@type\":\"WebPage\",\"@id\":\"https:\/\/www.endo-access.com\/es\/informacion-legal\/\",\"url\":\"https:\/\/www.endo-access.com\/es\/informacion-legal\/\",\"name\":\"Informaci\u00f3n legal - access\",\"isPartOf\":{\"@id\":\"https:\/\/www.endo-access.com\/es\/#website\"},\"datePublished\":\"2020-10-23T08:58:57+00:00\",\"breadcrumb\":{\"@id\":\"https:\/\/www.endo-access.com\/es\/informacion-legal\/#breadcrumb\"},\"inLanguage\":\"es\",\"potentialAction\":[{\"@type\":\"ReadAction\",\"target\":[\"https:\/\/www.endo-access.com\/es\/informacion-legal\/\"]}]},{\"@type\":\"BreadcrumbList\",\"@id\":\"https:\/\/www.endo-access.com\/es\/informacion-legal\/#breadcrumb\",\"itemListElement\":[{\"@type\":\"ListItem\",\"position\":1,\"name\":\"Accueil\",\"item\":\"https:\/\/www.endo-access.com\/es\/\"},{\"@type\":\"ListItem\",\"position\":2,\"name\":\"Informaci\u00f3n legal\"}]},{\"@type\":\"WebSite\",\"@id\":\"https:\/\/www.endo-access.com\/es\/#website\",\"url\":\"https:\/\/www.endo-access.com\/es\/\",\"name\":\"access\",\"description\":\"Efficacit\u00e9, Simplicit\u00e9, Rentabilit\u00e9.\",\"publisher\":{\"@id\":\"https:\/\/www.endo-access.com\/es\/#organization\"},\"potentialAction\":[{\"@type\":\"SearchAction\",\"target\":{\"@type\":\"EntryPoint\",\"urlTemplate\":\"https:\/\/www.endo-access.com\/es\/?s={search_term_string}\"},\"query-input\":{\"@type\":\"PropertyValueSpecification\",\"valueRequired\":true,\"valueName\":\"search_term_string\"}}],\"inLanguage\":\"es\"},{\"@type\":\"Organization\",\"@id\":\"https:\/\/www.endo-access.com\/es\/#organization\",\"name\":\"Access\",\"url\":\"https:\/\/www.endo-access.com\/es\/\",\"logo\":{\"@type\":\"ImageObject\",\"inLanguage\":\"es\",\"@id\":\"https:\/\/www.endo-access.com\/es\/#\/schema\/logo\/image\/\",\"url\":\"https:\/\/www.endo-access.com\/wp-content\/uploads\/logo.png\",\"contentUrl\":\"https:\/\/www.endo-access.com\/wp-content\/uploads\/logo.png\",\"width\":915,\"height\":915,\"caption\":\"Access\"},\"image\":{\"@id\":\"https:\/\/www.endo-access.com\/es\/#\/schema\/logo\/image\/\"},\"sameAs\":[\"https:\/\/www.facebook.com\/endoaccess\/\",\"https:\/\/www.linkedin.com\/company\/endo-access\/\",\"https:\/\/www.instagram.com\/endoaccess\/\"]}]}<\/script>\n<!-- \/ Yoast SEO plugin. -->","yoast_head_json":{"title":"Informaci\u00f3n legal - access","robots":{"index":"index","follow":"follow","max-snippet":"max-snippet:-1","max-image-preview":"max-image-preview:large","max-video-preview":"max-video-preview:-1"},"canonical":"https:\/\/www.endo-access.com\/es\/informacion-legal\/","og_locale":"es_ES","og_type":"article","og_title":"Informaci\u00f3n legal - access","og_description":"Sitio Web :\u00a0https:\/\/www.endo-access.com\/ Leer las instrucciones.Las fotos no son contractuales.Al acceder a este sitio, el usuario se compromete a respetar las presentes condiciones de uso. 1. Informaci\u00f3n del editor Este sitio es publicado por: MEDICAL TELEMARKETING25 rue Bleue75009 ParisFRANCESiret : 47751590200013 2. Informaci\u00f3n sobre alojamiento Este sitio est\u00e1 alojado por el proveedor de servicios \u201cGANDI\u201d. [&hellip;]","og_url":"https:\/\/www.endo-access.com\/es\/informacion-legal\/","og_site_name":"access","article_publisher":"https:\/\/www.facebook.com\/endoaccess\/","og_image":[{"width":915,"height":915,"url":"https:\/\/www.endo-access.com\/wp-content\/uploads\/logo.png","type":"image\/png"}],"twitter_card":"summary_large_image","twitter_misc":{"Tiempo de lectura":"1 minuto"},"schema":{"@context":"https:\/\/schema.org","@graph":[{"@type":"WebPage","@id":"https:\/\/www.endo-access.com\/es\/informacion-legal\/","url":"https:\/\/www.endo-access.com\/es\/informacion-legal\/","name":"Informaci\u00f3n legal - access","isPartOf":{"@id":"https:\/\/www.endo-access.com\/es\/#website"},"datePublished":"2020-10-23T08:58:57+00:00","breadcrumb":{"@id":"https:\/\/www.endo-access.com\/es\/informacion-legal\/#breadcrumb"},"inLanguage":"es","potentialAction":[{"@type":"ReadAction","target":["https:\/\/www.endo-access.com\/es\/informacion-legal\/"]}]},{"@type":"BreadcrumbList","@id":"https:\/\/www.endo-access.com\/es\/informacion-legal\/#breadcrumb","itemListElement":[{"@type":"ListItem","position":1,"name":"Accueil","item":"https:\/\/www.endo-access.com\/es\/"},{"@type":"ListItem","position":2,"name":"Informaci\u00f3n legal"}]},{"@type":"WebSite","@id":"https:\/\/www.endo-access.com\/es\/#website","url":"https:\/\/www.endo-access.com\/es\/","name":"access","description":"Efficacit\u00e9, Simplicit\u00e9, Rentabilit\u00e9.","publisher":{"@id":"https:\/\/www.endo-access.com\/es\/#organization"},"potentialAction":[{"@type":"SearchAction","target":{"@type":"EntryPoint","urlTemplate":"https:\/\/www.endo-access.com\/es\/?s={search_term_string}"},"query-input":{"@type":"PropertyValueSpecification","valueRequired":true,"valueName":"search_term_string"}}],"inLanguage":"es"},{"@type":"Organization","@id":"https:\/\/www.endo-access.com\/es\/#organization","name":"Access","url":"https:\/\/www.endo-access.com\/es\/","logo":{"@type":"ImageObject","inLanguage":"es","@id":"https:\/\/www.endo-access.com\/es\/#\/schema\/logo\/image\/","url":"https:\/\/www.endo-access.com\/wp-content\/uploads\/logo.png","contentUrl":"https:\/\/www.endo-access.com\/wp-content\/uploads\/logo.png","width":915,"height":915,"caption":"Access"},"image":{"@id":"https:\/\/www.endo-access.com\/es\/#\/schema\/logo\/image\/"},"sameAs":["https:\/\/www.facebook.com\/endoaccess\/","https:\/\/www.linkedin.com\/company\/endo-access\/","https:\/\/www.instagram.com\/endoaccess\/"]}]}},"_links":{"self":[{"href":"https:\/\/www.endo-access.com\/es\/wp-json\/wp\/v2\/pages\/2816","targetHints":{"allow":["GET"]}}],"collection":[{"href":"https:\/\/www.endo-access.com\/es\/wp-json\/wp\/v2\/pages"}],"about":[{"href":"https:\/\/www.endo-access.com\/es\/wp-json\/wp\/v2\/types\/page"}],"author":[{"embeddable":true,"href":"https:\/\/www.endo-access.com\/es\/wp-json\/wp\/v2\/users\/1"}],"replies":[{"embeddable":true,"href":"https:\/\/www.endo-access.com\/es\/wp-json\/wp\/v2\/comments?post=2816"}],"version-history":[{"count":1,"href":"https:\/\/www.endo-access.com\/es\/wp-json\/wp\/v2\/pages\/2816\/revisions"}],"predecessor-version":[{"id":2817,"href":"https:\/\/www.endo-access.com\/es\/wp-json\/wp\/v2\/pages\/2816\/revisions\/2817"}],"wp:attachment":[{"href":"https:\/\/www.endo-access.com\/es\/wp-json\/wp\/v2\/media?parent=2816"}],"curies":[{"name":"wp","href":"https:\/\/api.w.org\/{rel}","templated":true}]}}