{"id":2818,"date":"2020-10-23T10:59:32","date_gmt":"2020-10-23T08:59:32","guid":{"rendered":"https:\/\/www.endo-access.com\/?page_id=2818"},"modified":"2024-01-19T10:39:51","modified_gmt":"2024-01-19T09:39:51","slug":"casos-clinicos","status":"publish","type":"page","link":"https:\/\/www.endo-access.com\/es\/casos-clinicos\/","title":{"rendered":"Casos cl\u00ednicos"},"content":{"rendered":"\n<div class=\"wp-block-columns is-layout-flex wp-container-core-columns-is-layout-9d6595d7 wp-block-columns-is-layout-flex\">\n<div class=\"wp-block-column is-layout-flow wp-block-column-is-layout-flow\">\n<div class=\"wp-block-cover radius\"><span aria-hidden=\"true\" class=\"wp-block-cover__background has-primary-background-color has-background-dim\"><\/span><img loading=\"lazy\" decoding=\"async\" width=\"2160\" height=\"1664\" class=\"wp-block-cover__image-background wp-image-2210\" alt=\"\" src=\"https:\/\/www.endo-access.com\/wp-content\/uploads\/cas1-1.png\" style=\"object-position:51% 28%\" data-object-fit=\"cover\" data-object-position=\"51% 28%\"\/><div class=\"wp-block-cover__inner-container is-layout-flow wp-block-cover-is-layout-flow\">\n<p class=\"has-text-align-left element has-background-color has-text-color\"><strong>EASY-FILE FLEX<\/strong><br><strong>DIENTE 47<\/strong><br><strong>TRATAMIENTO<\/strong><\/p>\n\n\n\n<div style=\"height:100px\" aria-hidden=\"true\" class=\"wp-block-spacer\"><\/div>\n\n\n\t<a class=\"paoc-popup-click paoc-popup-cust-3553 paoc-popup-button paoc-popup-btn \" href=\"javascript:void(0);\">Ver el caso cl\u00ednico<\/a>\r\n\n<\/div><\/div>\n<\/div>\n\n\n\n<div class=\"wp-block-column is-layout-flow wp-block-column-is-layout-flow\">\n<div class=\"wp-block-cover is-light radius\"><span aria-hidden=\"true\" class=\"wp-block-cover__background has-primary-background-color has-background-dim\"><\/span><img loading=\"lazy\" decoding=\"async\" width=\"1520\" height=\"1966\" class=\"wp-block-cover__image-background wp-image-2212\" alt=\"\" src=\"https:\/\/www.endo-access.com\/wp-content\/uploads\/cas4-1.png\" style=\"object-position:NaN% NaN%\" data-object-fit=\"cover\" data-object-position=\"NaN% NaN%\"\/><div class=\"wp-block-cover__inner-container is-layout-flow wp-block-cover-is-layout-flow\">\n<p class=\"has-text-align-left has-background-color has-text-color\"><strong>REVERSO SILVER<\/strong><br><strong><strong>DIENTE<\/strong> 27<\/strong><br><strong><strong>RE<strong>TRATAMIENTO<\/strong><\/strong><\/strong><\/p>\n\n\n\n<div style=\"height:100px\" aria-hidden=\"true\" class=\"wp-block-spacer\"><\/div>\n\n\n\t<a class=\"paoc-popup-click paoc-popup-cust-3555 paoc-popup-button paoc-popup-btn \" href=\"javascript:void(0);\">Ver el caso cl\u00ednico<\/a>\r\n\n<\/div><\/div>\n<\/div>\n<\/div>\n\n\n\n<div class=\"wp-block-columns is-layout-flex wp-container-core-columns-is-layout-9d6595d7 wp-block-columns-is-layout-flex\">\n<div class=\"wp-block-column is-layout-flow wp-block-column-is-layout-flow\">\n<div class=\"wp-block-cover is-light radius\"><span aria-hidden=\"true\" class=\"wp-block-cover__background has-background-dim\"><\/span><img loading=\"lazy\" decoding=\"async\" width=\"1268\" height=\"1894\" class=\"wp-block-cover__image-background wp-image-2214\" alt=\"\" src=\"https:\/\/www.endo-access.com\/wp-content\/uploads\/cas8-1.png\" style=\"object-position:NaN% NaN%\" data-object-fit=\"cover\" data-object-position=\"NaN% NaN%\"\/><div class=\"wp-block-cover__inner-container is-layout-flow wp-block-cover-is-layout-flow\">\n<p class=\"has-text-align-left has-background-color has-text-color\"><strong>GO-TAPER<\/strong><br><strong><strong>DIENTE<\/strong> 16<\/strong><br><strong><strong>TRATAMIENTO<\/strong><\/strong><\/p>\n\n\n\n<div style=\"height:100px\" aria-hidden=\"true\" class=\"wp-block-spacer\"><\/div>\n\n\n\t<a class=\"paoc-popup-click paoc-popup-cust-3557 paoc-popup-button paoc-popup-btn \" href=\"javascript:void(0);\">Ver el caso cl\u00ednico<\/a>\r\n\n<\/div><\/div>\n<\/div>\n\n\n\n<div class=\"wp-block-column is-layout-flow wp-block-column-is-layout-flow\">\n<div class=\"wp-block-cover is-light radius\"><span aria-hidden=\"true\" class=\"wp-block-cover__background has-background-dim\"><\/span><img loading=\"lazy\" decoding=\"async\" width=\"1228\" height=\"1834\" class=\"wp-block-cover__image-background wp-image-2216\" alt=\"\" src=\"https:\/\/www.endo-access.com\/wp-content\/uploads\/cas10-1.png\" style=\"object-position:18% 75%\" data-object-fit=\"cover\" data-object-position=\"18% 75%\"\/><div class=\"wp-block-cover__inner-container is-layout-flow wp-block-cover-is-layout-flow\">\n<p class=\"has-text-align-left has-background-color has-text-color\"><strong>GO-TAPER FLEX<\/strong><br><strong><strong>DIENTE<\/strong> 27<\/strong><br><strong><strong>TRATAMIENTO<\/strong><\/strong><\/p>\n\n\n\n<div style=\"height:100px\" aria-hidden=\"true\" class=\"wp-block-spacer\"><\/div>\n\n\n\t<a class=\"paoc-popup-click paoc-popup-cust-3559 paoc-popup-button paoc-popup-btn \" href=\"javascript:void(0);\">Ver el caso cl\u00ednico<\/a>\r\n\n<\/div><\/div>\n<\/div>\n<\/div>\n\n\n\n<div class=\"wp-block-columns is-layout-flex wp-container-core-columns-is-layout-9d6595d7 wp-block-columns-is-layout-flex\">\n<div class=\"wp-block-column is-layout-flow wp-block-column-is-layout-flow\">\n<div class=\"wp-block-cover radius\"><span aria-hidden=\"true\" class=\"wp-block-cover__background has-background-dim\"><\/span><img loading=\"lazy\" decoding=\"async\" width=\"1444\" height=\"1994\" class=\"wp-block-cover__image-background wp-image-2221\" alt=\"\" src=\"https:\/\/www.endo-access.com\/wp-content\/uploads\/cas12-1.png\" style=\"object-position:25% 45%\" data-object-fit=\"cover\" data-object-position=\"25% 45%\"\/><div class=\"wp-block-cover__inner-container is-layout-flow wp-block-cover-is-layout-flow\">\n<p class=\"has-text-align-left\"><strong>GO-TAPER&nbsp;RETREATMENT<\/strong><br><strong><strong>DIENTE<\/strong> 46<\/strong><br><strong>RE<strong>TRATAMIENTO<\/strong><\/strong><\/p>\n\n\n\n<div style=\"height:100px\" aria-hidden=\"true\" class=\"wp-block-spacer\"><\/div>\n\n\n\t<a class=\"paoc-popup-click paoc-popup-cust-3561 paoc-popup-button paoc-popup-btn \" href=\"javascript:void(0);\">Ver el caso cl\u00ednico<\/a>\r\n\n<\/div><\/div>\n<\/div>\n\n\n\n<div class=\"wp-block-column is-layout-flow wp-block-column-is-layout-flow\">\n<div class=\"wp-block-cover is-light radius\"><span aria-hidden=\"true\" class=\"wp-block-cover__background has-background-dim\"><\/span><img loading=\"lazy\" decoding=\"async\" width=\"1440\" height=\"1992\" class=\"wp-block-cover__image-background wp-image-2226\" alt=\"\" src=\"https:\/\/www.endo-access.com\/wp-content\/uploads\/cas15-1.png\" data-object-fit=\"cover\"\/><div class=\"wp-block-cover__inner-container is-layout-flow wp-block-cover-is-layout-flow\">\n<p class=\"has-text-align-left has-background-color has-text-color\"><strong>REVERSO BLUE<\/strong><br><strong><strong>DIENTE<\/strong> 46<\/strong><br><strong><strong>TRATAMIENTO<\/strong><\/strong><\/p>\n\n\n\n<div style=\"height:100px\" aria-hidden=\"true\" class=\"wp-block-spacer\"><\/div>\n\n\n\t<a class=\"paoc-popup-click paoc-popup-cust-3565 paoc-popup-button paoc-popup-btn \" href=\"javascript:void(0);\">Ver el caso cl\u00ednico<\/a>\r\n\n<\/div><\/div>\n<\/div>\n<\/div>\n\n\n\n<div class=\"wp-block-columns is-layout-flex wp-container-core-columns-is-layout-9d6595d7 wp-block-columns-is-layout-flex\">\n<div class=\"wp-block-column is-layout-flow wp-block-column-is-layout-flow\">\n<div class=\"wp-block-cover is-light radius\"><span aria-hidden=\"true\" class=\"wp-block-cover__background has-background-dim\"><\/span><img loading=\"lazy\" decoding=\"async\" width=\"1440\" height=\"1992\" class=\"wp-block-cover__image-background wp-image-2226\" alt=\"\" src=\"https:\/\/www.endo-access.com\/wp-content\/uploads\/cas15-1.png\" data-object-fit=\"cover\"\/><div class=\"wp-block-cover__inner-container is-layout-flow wp-block-cover-is-layout-flow\">\n<p class=\"has-text-align-left has-background-color has-text-color\"><strong>EASY-FILE FLEX GLIDER E EASY-FILE FLEX TRATAMIENTO<\/strong><\/p>\n\n\n\n<div style=\"height:100px\" aria-hidden=\"true\" class=\"wp-block-spacer\"><\/div>\n\n\n\t<a class=\"paoc-popup-click paoc-popup-cust-5121 paoc-popup-button paoc-popup-btn \" href=\"javascript:void(0);\">Ver el caso cl\u00ednico<\/a>\r\n\n<\/div><\/div>\n<\/div>\n\n\n\n<div class=\"wp-block-column is-layout-flow wp-block-column-is-layout-flow\">\n<div class=\"wp-block-cover is-light\"><span aria-hidden=\"true\" class=\"wp-block-cover__background has-background-dim\"><\/span><img loading=\"lazy\" decoding=\"async\" width=\"1168\" height=\"1562\" class=\"wp-block-cover__image-background wp-image-5840\" alt=\"\" src=\"https:\/\/www.endo-access.com\/wp-content\/uploads\/GO-TAPER-BLUE-VISUEL-1.jpg\" data-object-fit=\"cover\"\/><div class=\"wp-block-cover__inner-container is-layout-flow wp-block-cover-is-layout-flow\">\n<p class=\"has-text-align-left has-background-color has-text-color has-normal-font-size\"><strong>GO-TAPER BLUE<\/strong><\/p>\n\n\n\n<div style=\"height:100px\" aria-hidden=\"true\" class=\"wp-block-spacer\"><\/div>\n\n\n\t<a class=\"paoc-popup-click paoc-popup-cust-5920 paoc-popup-button paoc-popup-btn \" href=\"javascript:void(0);\">Ver el caso cl\u00ednico<\/a>\r\n\n<\/div><\/div>\n<\/div>\n<\/div>\n\n\n\n<div class=\"wp-block-columns is-layout-flex wp-container-core-columns-is-layout-9d6595d7 wp-block-columns-is-layout-flex\">\n<div class=\"wp-block-column is-layout-flow wp-block-column-is-layout-flow\">\n<figure class=\"wp-block-embed is-type-video is-provider-youtube wp-block-embed-youtube wp-embed-aspect-16-9 wp-has-aspect-ratio\"><div class=\"wp-block-embed__wrapper\">\n<iframe loading=\"lazy\" title=\"Buscar y preparar un explorador MV2 endo + prefile para MV2\" width=\"580\" height=\"326\" src=\"https:\/\/www.youtube.com\/embed\/aUqO0c9_EvQ?list=PLkvM_FydqaVjNvcGrZ5Nv4vIS8pu0utCa\" frameborder=\"0\" allow=\"accelerometer; autoplay; clipboard-write; encrypted-media; gyroscope; picture-in-picture; web-share\" referrerpolicy=\"strict-origin-when-cross-origin\" allowfullscreen><\/iframe>\n<\/div><\/figure>\n<\/div>\n\n\n\n<div class=\"wp-block-column is-layout-flow wp-block-column-is-layout-flow\">\n<figure class=\"wp-block-embed is-type-video is-provider-youtube wp-block-embed-youtube wp-embed-aspect-16-9 wp-has-aspect-ratio\"><div class=\"wp-block-embed__wrapper\">\n<iframe loading=\"lazy\" title=\"C\u00f3mo permeabilizar un MV2 endo explorer + prefile + Go glider\" width=\"580\" height=\"326\" src=\"https:\/\/www.youtube.com\/embed\/i3TpROHsAqk?list=PLkvM_FydqaVjNvcGrZ5Nv4vIS8pu0utCa\" frameborder=\"0\" allow=\"accelerometer; autoplay; clipboard-write; encrypted-media; gyroscope; picture-in-picture; web-share\" referrerpolicy=\"strict-origin-when-cross-origin\" allowfullscreen><\/iframe>\n<\/div><\/figure>\n<\/div>\n<\/div>\n\n\n\n<div class=\"wp-block-columns is-layout-flex wp-container-core-columns-is-layout-9d6595d7 wp-block-columns-is-layout-flex\">\n<div class=\"wp-block-column is-layout-flow wp-block-column-is-layout-flow\">\n<figure class=\"wp-block-embed is-type-video is-provider-youtube wp-block-embed-youtube wp-embed-aspect-16-9 wp-has-aspect-ratio\"><div class=\"wp-block-embed__wrapper\">\n<iframe loading=\"lazy\" title=\"Agujas de irrigaci\u00f3n de doble flujo DTO\" width=\"580\" height=\"326\" src=\"https:\/\/www.youtube.com\/embed\/JWdH4Jh8bcM?list=PLkvM_FydqaVjNvcGrZ5Nv4vIS8pu0utCa\" frameborder=\"0\" allow=\"accelerometer; autoplay; clipboard-write; encrypted-media; gyroscope; picture-in-picture; web-share\" referrerpolicy=\"strict-origin-when-cross-origin\" allowfullscreen><\/iframe>\n<\/div><\/figure>\n<\/div>\n\n\n\n<div class=\"wp-block-column is-layout-flow wp-block-column-is-layout-flow\">\n<figure class=\"wp-block-embed is-type-video is-provider-youtube wp-block-embed-youtube wp-embed-aspect-16-9 wp-has-aspect-ratio\"><div class=\"wp-block-embed__wrapper\">\n<iframe loading=\"lazy\" title=\"Extracci\u00f3n de un c\u00e1lculo pulpar con el inserto US ED18\" width=\"580\" height=\"326\" src=\"https:\/\/www.youtube.com\/embed\/DWho89OZWKg?list=PLkvM_FydqaVjNvcGrZ5Nv4vIS8pu0utCa\" frameborder=\"0\" allow=\"accelerometer; autoplay; clipboard-write; encrypted-media; gyroscope; picture-in-picture; web-share\" referrerpolicy=\"strict-origin-when-cross-origin\" allowfullscreen><\/iframe>\n<\/div><\/figure>\n<\/div>\n<\/div>\n\n\n\n<div class=\"wp-block-columns is-layout-flex wp-container-core-columns-is-layout-9d6595d7 wp-block-columns-is-layout-flex\">\n<div class=\"wp-block-column is-layout-flow wp-block-column-is-layout-flow\">\n<figure class=\"wp-block-embed is-type-video is-provider-youtube wp-block-embed-youtube wp-embed-aspect-16-9 wp-has-aspect-ratio\"><div class=\"wp-block-embed__wrapper\">\n<iframe loading=\"lazy\" title=\"Tratamiento endod\u00f3ntico del diente 16\" width=\"580\" height=\"326\" src=\"https:\/\/www.youtube.com\/embed\/dJSAy6mD27o?list=PLkvM_FydqaVjNvcGrZ5Nv4vIS8pu0utCa\" frameborder=\"0\" allow=\"accelerometer; autoplay; clipboard-write; encrypted-media; gyroscope; picture-in-picture; web-share\" referrerpolicy=\"strict-origin-when-cross-origin\" allowfullscreen><\/iframe>\n<\/div><\/figure>\n<\/div>\n\n\n\n<div class=\"wp-block-column is-layout-flow wp-block-column-is-layout-flow\">\n<figure class=\"wp-block-embed is-type-video is-provider-youtube wp-block-embed-youtube wp-embed-aspect-16-9 wp-has-aspect-ratio\"><div class=\"wp-block-embed__wrapper\">\n<iframe loading=\"lazy\" title=\"Tratamiento endod\u00f3ntico del diente 34 reverso silver\/plata\" width=\"580\" height=\"326\" src=\"https:\/\/www.youtube.com\/embed\/W_FmrKPUVcY?list=PLkvM_FydqaVjNvcGrZ5Nv4vIS8pu0utCa\" frameborder=\"0\" allow=\"accelerometer; autoplay; clipboard-write; encrypted-media; gyroscope; picture-in-picture; web-share\" referrerpolicy=\"strict-origin-when-cross-origin\" allowfullscreen><\/iframe>\n<\/div><\/figure>\n<\/div>\n<\/div>\n\n\n\n<div class=\"wp-block-columns is-layout-flex wp-container-core-columns-is-layout-9d6595d7 wp-block-columns-is-layout-flex\">\n<div class=\"wp-block-column is-layout-flow wp-block-column-is-layout-flow\">\n<figure class=\"wp-block-embed is-type-video is-provider-youtube wp-block-embed-youtube wp-embed-aspect-16-9 wp-has-aspect-ratio\"><div class=\"wp-block-embed__wrapper\">\n<iframe loading=\"lazy\" title=\"Tratamiento endod\u00f3ntico del diente 26 easy file flex\" width=\"580\" height=\"326\" src=\"https:\/\/www.youtube.com\/embed\/FQ4_O3ScYWI?list=PLkvM_FydqaVjNvcGrZ5Nv4vIS8pu0utCa\" frameborder=\"0\" allow=\"accelerometer; autoplay; clipboard-write; encrypted-media; gyroscope; picture-in-picture; web-share\" referrerpolicy=\"strict-origin-when-cross-origin\" allowfullscreen><\/iframe>\n<\/div><\/figure>\n<\/div>\n\n\n\n<div class=\"wp-block-column is-layout-flow wp-block-column-is-layout-flow\">\n<figure class=\"wp-block-embed is-type-video is-provider-youtube wp-block-embed-youtube wp-embed-aspect-16-9 wp-has-aspect-ratio\"><div class=\"wp-block-embed__wrapper\">\n<iframe loading=\"lazy\" title=\"Tratamiento endod\u00f3ntico del diente 36 easy file flex\" width=\"580\" height=\"326\" src=\"https:\/\/www.youtube.com\/embed\/eK6aXCLyCaM?list=PLkvM_FydqaVjNvcGrZ5Nv4vIS8pu0utCa\" frameborder=\"0\" allow=\"accelerometer; autoplay; clipboard-write; encrypted-media; gyroscope; picture-in-picture; web-share\" referrerpolicy=\"strict-origin-when-cross-origin\" allowfullscreen><\/iframe>\n<\/div><\/figure>\n<\/div>\n<\/div>\n\n\n\n<div class=\"wp-block-columns is-layout-flex wp-container-core-columns-is-layout-9d6595d7 wp-block-columns-is-layout-flex\">\n<div class=\"wp-block-column is-layout-flow wp-block-column-is-layout-flow\">\n<figure class=\"wp-block-embed is-type-video is-provider-youtube wp-block-embed-youtube wp-embed-aspect-16-9 wp-has-aspect-ratio\"><div class=\"wp-block-embed__wrapper\">\n<iframe loading=\"lazy\" title=\"Tratamiento endod\u00f3ntico totalmente mecanizado go glider + easyfile flex + DTO\" width=\"580\" height=\"326\" src=\"https:\/\/www.youtube.com\/embed\/dKzzTvLQ-rs?list=PLkvM_FydqaVjNvcGrZ5Nv4vIS8pu0utCa\" frameborder=\"0\" allow=\"accelerometer; autoplay; clipboard-write; encrypted-media; gyroscope; picture-in-picture; web-share\" referrerpolicy=\"strict-origin-when-cross-origin\" allowfullscreen><\/iframe>\n<\/div><\/figure>\n<\/div>\n\n\n\n<div class=\"wp-block-column is-layout-flow wp-block-column-is-layout-flow\"><\/div>\n<\/div>\n","protected":false},"excerpt":{"rendered":"","protected":false},"author":1,"featured_media":2129,"parent":0,"menu_order":11,"comment_status":"closed","ping_status":"closed","template":"templates\/template-cover.php","meta":{"_acf_changed":false,"footnotes":""},"class_list":["post-2818","page","type-page","status-publish","has-post-thumbnail","hentry"],"acf":[],"yoast_head":"<!-- This site is optimized with the Yoast SEO plugin v27.0 - https:\/\/yoast.com\/product\/yoast-seo-wordpress\/ -->\n<title>Casos cl\u00ednicos - access<\/title>\n<meta name=\"robots\" content=\"index, follow, max-snippet:-1, max-image-preview:large, max-video-preview:-1\" \/>\n<link rel=\"canonical\" href=\"https:\/\/www.endo-access.com\/es\/casos-clinicos\/\" \/>\n<meta property=\"og:locale\" content=\"es_ES\" \/>\n<meta property=\"og:type\" content=\"article\" \/>\n<meta property=\"og:title\" content=\"Casos cl\u00ednicos - access\" \/>\n<meta property=\"og:url\" content=\"https:\/\/www.endo-access.com\/es\/casos-clinicos\/\" \/>\n<meta property=\"og:site_name\" content=\"access\" \/>\n<meta property=\"article:publisher\" content=\"https:\/\/www.facebook.com\/endoaccess\/\" \/>\n<meta property=\"article:modified_time\" content=\"2024-01-19T09:39:51+00:00\" \/>\n<meta property=\"og:image\" content=\"https:\/\/www.endo-access.com\/wp-content\/uploads\/cas-cliniques-1-1024x261.png\" \/>\n\t<meta property=\"og:image:width\" content=\"1024\" \/>\n\t<meta property=\"og:image:height\" content=\"261\" \/>\n\t<meta property=\"og:image:type\" content=\"image\/png\" \/>\n<meta name=\"twitter:card\" content=\"summary_large_image\" \/>\n<meta name=\"twitter:label1\" content=\"Tiempo de lectura\" \/>\n\t<meta name=\"twitter:data1\" content=\"3 minutos\" \/>\n<script type=\"application\/ld+json\" class=\"yoast-schema-graph\">{\"@context\":\"https:\/\/schema.org\",\"@graph\":[{\"@type\":\"WebPage\",\"@id\":\"https:\/\/www.endo-access.com\/es\/casos-clinicos\/\",\"url\":\"https:\/\/www.endo-access.com\/es\/casos-clinicos\/\",\"name\":\"Casos cl\u00ednicos - access\",\"isPartOf\":{\"@id\":\"https:\/\/www.endo-access.com\/es\/#website\"},\"primaryImageOfPage\":{\"@id\":\"https:\/\/www.endo-access.com\/es\/casos-clinicos\/#primaryimage\"},\"image\":{\"@id\":\"https:\/\/www.endo-access.com\/es\/casos-clinicos\/#primaryimage\"},\"thumbnailUrl\":\"https:\/\/www.endo-access.com\/wp-content\/uploads\/cas-cliniques-1.png\",\"datePublished\":\"2020-10-23T08:59:32+00:00\",\"dateModified\":\"2024-01-19T09:39:51+00:00\",\"breadcrumb\":{\"@id\":\"https:\/\/www.endo-access.com\/es\/casos-clinicos\/#breadcrumb\"},\"inLanguage\":\"es\",\"potentialAction\":[{\"@type\":\"ReadAction\",\"target\":[\"https:\/\/www.endo-access.com\/es\/casos-clinicos\/\"]}]},{\"@type\":\"ImageObject\",\"inLanguage\":\"es\",\"@id\":\"https:\/\/www.endo-access.com\/es\/casos-clinicos\/#primaryimage\",\"url\":\"https:\/\/www.endo-access.com\/wp-content\/uploads\/cas-cliniques-1.png\",\"contentUrl\":\"https:\/\/www.endo-access.com\/wp-content\/uploads\/cas-cliniques-1.png\",\"width\":6246,\"height\":6246},{\"@type\":\"BreadcrumbList\",\"@id\":\"https:\/\/www.endo-access.com\/es\/casos-clinicos\/#breadcrumb\",\"itemListElement\":[{\"@type\":\"ListItem\",\"position\":1,\"name\":\"Accueil\",\"item\":\"https:\/\/www.endo-access.com\/es\/\"},{\"@type\":\"ListItem\",\"position\":2,\"name\":\"Casos cl\u00ednicos\"}]},{\"@type\":\"WebSite\",\"@id\":\"https:\/\/www.endo-access.com\/es\/#website\",\"url\":\"https:\/\/www.endo-access.com\/es\/\",\"name\":\"access\",\"description\":\"Efficacit\u00e9, Simplicit\u00e9, Rentabilit\u00e9.\",\"publisher\":{\"@id\":\"https:\/\/www.endo-access.com\/es\/#organization\"},\"potentialAction\":[{\"@type\":\"SearchAction\",\"target\":{\"@type\":\"EntryPoint\",\"urlTemplate\":\"https:\/\/www.endo-access.com\/es\/?s={search_term_string}\"},\"query-input\":{\"@type\":\"PropertyValueSpecification\",\"valueRequired\":true,\"valueName\":\"search_term_string\"}}],\"inLanguage\":\"es\"},{\"@type\":\"Organization\",\"@id\":\"https:\/\/www.endo-access.com\/es\/#organization\",\"name\":\"Access\",\"url\":\"https:\/\/www.endo-access.com\/es\/\",\"logo\":{\"@type\":\"ImageObject\",\"inLanguage\":\"es\",\"@id\":\"https:\/\/www.endo-access.com\/es\/#\/schema\/logo\/image\/\",\"url\":\"https:\/\/www.endo-access.com\/wp-content\/uploads\/logo.png\",\"contentUrl\":\"https:\/\/www.endo-access.com\/wp-content\/uploads\/logo.png\",\"width\":915,\"height\":915,\"caption\":\"Access\"},\"image\":{\"@id\":\"https:\/\/www.endo-access.com\/es\/#\/schema\/logo\/image\/\"},\"sameAs\":[\"https:\/\/www.facebook.com\/endoaccess\/\",\"https:\/\/www.linkedin.com\/company\/endo-access\/\",\"https:\/\/www.instagram.com\/endoaccess\/\"]}]}<\/script>\n<!-- \/ Yoast SEO plugin. -->","yoast_head_json":{"title":"Casos cl\u00ednicos - access","robots":{"index":"index","follow":"follow","max-snippet":"max-snippet:-1","max-image-preview":"max-image-preview:large","max-video-preview":"max-video-preview:-1"},"canonical":"https:\/\/www.endo-access.com\/es\/casos-clinicos\/","og_locale":"es_ES","og_type":"article","og_title":"Casos cl\u00ednicos - access","og_url":"https:\/\/www.endo-access.com\/es\/casos-clinicos\/","og_site_name":"access","article_publisher":"https:\/\/www.facebook.com\/endoaccess\/","article_modified_time":"2024-01-19T09:39:51+00:00","og_image":[{"width":1024,"height":261,"url":"https:\/\/www.endo-access.com\/wp-content\/uploads\/cas-cliniques-1-1024x261.png","type":"image\/png"}],"twitter_card":"summary_large_image","twitter_misc":{"Tiempo de lectura":"3 minutos"},"schema":{"@context":"https:\/\/schema.org","@graph":[{"@type":"WebPage","@id":"https:\/\/www.endo-access.com\/es\/casos-clinicos\/","url":"https:\/\/www.endo-access.com\/es\/casos-clinicos\/","name":"Casos cl\u00ednicos - access","isPartOf":{"@id":"https:\/\/www.endo-access.com\/es\/#website"},"primaryImageOfPage":{"@id":"https:\/\/www.endo-access.com\/es\/casos-clinicos\/#primaryimage"},"image":{"@id":"https:\/\/www.endo-access.com\/es\/casos-clinicos\/#primaryimage"},"thumbnailUrl":"https:\/\/www.endo-access.com\/wp-content\/uploads\/cas-cliniques-1.png","datePublished":"2020-10-23T08:59:32+00:00","dateModified":"2024-01-19T09:39:51+00:00","breadcrumb":{"@id":"https:\/\/www.endo-access.com\/es\/casos-clinicos\/#breadcrumb"},"inLanguage":"es","potentialAction":[{"@type":"ReadAction","target":["https:\/\/www.endo-access.com\/es\/casos-clinicos\/"]}]},{"@type":"ImageObject","inLanguage":"es","@id":"https:\/\/www.endo-access.com\/es\/casos-clinicos\/#primaryimage","url":"https:\/\/www.endo-access.com\/wp-content\/uploads\/cas-cliniques-1.png","contentUrl":"https:\/\/www.endo-access.com\/wp-content\/uploads\/cas-cliniques-1.png","width":6246,"height":6246},{"@type":"BreadcrumbList","@id":"https:\/\/www.endo-access.com\/es\/casos-clinicos\/#breadcrumb","itemListElement":[{"@type":"ListItem","position":1,"name":"Accueil","item":"https:\/\/www.endo-access.com\/es\/"},{"@type":"ListItem","position":2,"name":"Casos cl\u00ednicos"}]},{"@type":"WebSite","@id":"https:\/\/www.endo-access.com\/es\/#website","url":"https:\/\/www.endo-access.com\/es\/","name":"access","description":"Efficacit\u00e9, Simplicit\u00e9, Rentabilit\u00e9.","publisher":{"@id":"https:\/\/www.endo-access.com\/es\/#organization"},"potentialAction":[{"@type":"SearchAction","target":{"@type":"EntryPoint","urlTemplate":"https:\/\/www.endo-access.com\/es\/?s={search_term_string}"},"query-input":{"@type":"PropertyValueSpecification","valueRequired":true,"valueName":"search_term_string"}}],"inLanguage":"es"},{"@type":"Organization","@id":"https:\/\/www.endo-access.com\/es\/#organization","name":"Access","url":"https:\/\/www.endo-access.com\/es\/","logo":{"@type":"ImageObject","inLanguage":"es","@id":"https:\/\/www.endo-access.com\/es\/#\/schema\/logo\/image\/","url":"https:\/\/www.endo-access.com\/wp-content\/uploads\/logo.png","contentUrl":"https:\/\/www.endo-access.com\/wp-content\/uploads\/logo.png","width":915,"height":915,"caption":"Access"},"image":{"@id":"https:\/\/www.endo-access.com\/es\/#\/schema\/logo\/image\/"},"sameAs":["https:\/\/www.facebook.com\/endoaccess\/","https:\/\/www.linkedin.com\/company\/endo-access\/","https:\/\/www.instagram.com\/endoaccess\/"]}]}},"_links":{"self":[{"href":"https:\/\/www.endo-access.com\/es\/wp-json\/wp\/v2\/pages\/2818","targetHints":{"allow":["GET"]}}],"collection":[{"href":"https:\/\/www.endo-access.com\/es\/wp-json\/wp\/v2\/pages"}],"about":[{"href":"https:\/\/www.endo-access.com\/es\/wp-json\/wp\/v2\/types\/page"}],"author":[{"embeddable":true,"href":"https:\/\/www.endo-access.com\/es\/wp-json\/wp\/v2\/users\/1"}],"replies":[{"embeddable":true,"href":"https:\/\/www.endo-access.com\/es\/wp-json\/wp\/v2\/comments?post=2818"}],"version-history":[{"count":15,"href":"https:\/\/www.endo-access.com\/es\/wp-json\/wp\/v2\/pages\/2818\/revisions"}],"predecessor-version":[{"id":7507,"href":"https:\/\/www.endo-access.com\/es\/wp-json\/wp\/v2\/pages\/2818\/revisions\/7507"}],"wp:featuredmedia":[{"embeddable":true,"href":"https:\/\/www.endo-access.com\/es\/wp-json\/wp\/v2\/media\/2129"}],"wp:attachment":[{"href":"https:\/\/www.endo-access.com\/es\/wp-json\/wp\/v2\/media?parent=2818"}],"curies":[{"name":"wp","href":"https:\/\/api.w.org\/{rel}","templated":true}]}}