{"id":2825,"date":"2020-10-23T11:24:03","date_gmt":"2020-10-23T09:24:03","guid":{"rendered":"https:\/\/www.endo-access.com\/?page_id=2825"},"modified":"2020-11-10T23:03:50","modified_gmt":"2020-11-10T22:03:50","slug":"testimonios","status":"publish","type":"page","link":"https:\/\/www.endo-access.com\/es\/testimonios\/","title":{"rendered":"Testimonios"},"content":{"rendered":"\n<p>Conferencia Endo de luxe a precios de descuento organizada por AFOS<\/p>\n\n\n\n<div class=\"wp-block-columns is-layout-flex wp-container-core-columns-is-layout-9d6595d7 wp-block-columns-is-layout-flex\">\n<div class=\"wp-block-column is-layout-flow wp-block-column-is-layout-flow\">\n<figure class=\"wp-block-pullquote has-background is-style-solid-color\" style=\"background-color:#f2f2f2\"><blockquote class=\"has-text-color has-primary-color\"><p>\u00a1Un orador muy interesante!<\/p><p>Siempre aprendemos consejos y trucos para mejorar nuestra pr\u00e1ctica diaria.<\/p><p>Un d\u00eda excelente.<\/p><cite><strong><strong>Doctor<\/strong> B.<\/strong> 17 de octubre de&nbsp;2019.&nbsp;<\/cite><\/blockquote><\/figure>\n<\/div>\n\n\n\n<div class=\"wp-block-column is-layout-flow wp-block-column-is-layout-flow\">\n<figure class=\"wp-block-pullquote has-background is-style-solid-color\" style=\"background-color:#f2f2f2\"><blockquote class=\"has-text-color has-primary-color\"><p>Magn\u00edfico&nbsp;taller pr\u00e1ctico&nbsp;muy cautivador y r\u00edtmico.<\/p><p>Muy buen d\u00eda con el Doctor SETBON.<\/p><p>Hermosa pedagog\u00eda y muchos consejos y trucos.&nbsp;<\/p><cite><strong><strong>Doctor<\/strong> L<\/strong>.\u00a030 de enero de 2020.<\/cite><\/blockquote><\/figure>\n<\/div>\n<\/div>\n\n\n\n<div class=\"wp-block-columns is-layout-flex wp-container-core-columns-is-layout-9d6595d7 wp-block-columns-is-layout-flex\">\n<div class=\"wp-block-column is-layout-flow wp-block-column-is-layout-flow\">\n<figure class=\"wp-block-pullquote has-background is-style-solid-color\" style=\"background-color:#f2f2f2\"><blockquote><p>Un gran orador. Tengo much\u00edsimas ganas de mejorar mis tratamientos Endod\u00f3nticos. Bien hecho, bien hecho, bien hecho.<\/p><cite><strong>Doctor R<\/strong>. 30 de enero de 2020.<\/cite><\/blockquote><\/figure>\n<\/div>\n\n\n\n<div class=\"wp-block-column is-layout-flow wp-block-column-is-layout-flow\">\n<figure class=\"wp-block-pullquote has-background is-style-solid-color\" style=\"background-color:#f2f2f2\"><blockquote><p>Conferencia muy<br>did\u00e1ctica.<\/p><p>Genial.<\/p><p>Conferencia<br>accesible.&nbsp;<\/p><cite><strong><strong>Docto<\/strong>r B<\/strong>. 17 de octubre de&nbsp;2019.<\/cite><\/blockquote><\/figure>\n<\/div>\n<\/div>\n","protected":false},"excerpt":{"rendered":"<p>Conferencia Endo de luxe a precios de descuento organizada por AFOS \u00a1Un orador muy interesante! Siempre aprendemos consejos y trucos para mejorar nuestra pr\u00e1ctica diaria. Un d\u00eda excelente. Doctor B. 17 de octubre de&nbsp;2019.&nbsp; Magn\u00edfico&nbsp;taller pr\u00e1ctico&nbsp;muy cautivador y r\u00edtmico. Muy buen d\u00eda con el Doctor SETBON. Hermosa pedagog\u00eda y muchos consejos y trucos.&nbsp; Doctor L.\u00a030 [&hellip;]<\/p>\n","protected":false},"author":1,"featured_media":2292,"parent":0,"menu_order":17,"comment_status":"closed","ping_status":"closed","template":"templates\/template-cover.php","meta":{"_acf_changed":false,"footnotes":""},"class_list":["post-2825","page","type-page","status-publish","has-post-thumbnail","hentry"],"acf":[],"yoast_head":"<!-- This site is optimized with the Yoast SEO plugin v27.0 - https:\/\/yoast.com\/product\/yoast-seo-wordpress\/ -->\n<title>Testimonios - access<\/title>\n<meta name=\"robots\" content=\"index, follow, max-snippet:-1, max-image-preview:large, max-video-preview:-1\" \/>\n<link rel=\"canonical\" href=\"https:\/\/www.endo-access.com\/es\/testimonios\/\" \/>\n<meta property=\"og:locale\" content=\"es_ES\" \/>\n<meta property=\"og:type\" content=\"article\" \/>\n<meta property=\"og:title\" content=\"Testimonios - access\" \/>\n<meta property=\"og:description\" content=\"Conferencia Endo de luxe a precios de descuento organizada por AFOS \u00a1Un orador muy interesante! Siempre aprendemos consejos y trucos para mejorar nuestra pr\u00e1ctica diaria. Un d\u00eda excelente. Doctor B. 17 de octubre de&nbsp;2019.&nbsp; Magn\u00edfico&nbsp;taller pr\u00e1ctico&nbsp;muy cautivador y r\u00edtmico. Muy buen d\u00eda con el Doctor SETBON. Hermosa pedagog\u00eda y muchos consejos y trucos.&nbsp; Doctor L.\u00a030 [&hellip;]\" \/>\n<meta property=\"og:url\" content=\"https:\/\/www.endo-access.com\/es\/testimonios\/\" \/>\n<meta property=\"og:site_name\" content=\"access\" \/>\n<meta property=\"article:publisher\" content=\"https:\/\/www.facebook.com\/endoaccess\/\" \/>\n<meta property=\"article:modified_time\" content=\"2020-11-10T22:03:50+00:00\" \/>\n<meta property=\"og:image\" content=\"https:\/\/www.endo-access.com\/wp-content\/uploads\/temoignages-2.png\" \/>\n\t<meta property=\"og:image:width\" content=\"6250\" \/>\n\t<meta property=\"og:image:height\" content=\"1593\" \/>\n\t<meta property=\"og:image:type\" content=\"image\/png\" \/>\n<meta name=\"twitter:card\" content=\"summary_large_image\" \/>\n<meta name=\"twitter:label1\" content=\"Tiempo de lectura\" \/>\n\t<meta name=\"twitter:data1\" content=\"1 minuto\" \/>\n<script type=\"application\/ld+json\" class=\"yoast-schema-graph\">{\"@context\":\"https:\/\/schema.org\",\"@graph\":[{\"@type\":\"WebPage\",\"@id\":\"https:\/\/www.endo-access.com\/es\/testimonios\/\",\"url\":\"https:\/\/www.endo-access.com\/es\/testimonios\/\",\"name\":\"Testimonios - access\",\"isPartOf\":{\"@id\":\"https:\/\/www.endo-access.com\/es\/#website\"},\"primaryImageOfPage\":{\"@id\":\"https:\/\/www.endo-access.com\/es\/testimonios\/#primaryimage\"},\"image\":{\"@id\":\"https:\/\/www.endo-access.com\/es\/testimonios\/#primaryimage\"},\"thumbnailUrl\":\"https:\/\/www.endo-access.com\/wp-content\/uploads\/temoignages-2.png\",\"datePublished\":\"2020-10-23T09:24:03+00:00\",\"dateModified\":\"2020-11-10T22:03:50+00:00\",\"breadcrumb\":{\"@id\":\"https:\/\/www.endo-access.com\/es\/testimonios\/#breadcrumb\"},\"inLanguage\":\"es\",\"potentialAction\":[{\"@type\":\"ReadAction\",\"target\":[\"https:\/\/www.endo-access.com\/es\/testimonios\/\"]}]},{\"@type\":\"ImageObject\",\"inLanguage\":\"es\",\"@id\":\"https:\/\/www.endo-access.com\/es\/testimonios\/#primaryimage\",\"url\":\"https:\/\/www.endo-access.com\/wp-content\/uploads\/temoignages-2.png\",\"contentUrl\":\"https:\/\/www.endo-access.com\/wp-content\/uploads\/temoignages-2.png\",\"width\":6250,\"height\":1593},{\"@type\":\"BreadcrumbList\",\"@id\":\"https:\/\/www.endo-access.com\/es\/testimonios\/#breadcrumb\",\"itemListElement\":[{\"@type\":\"ListItem\",\"position\":1,\"name\":\"Accueil\",\"item\":\"https:\/\/www.endo-access.com\/es\/\"},{\"@type\":\"ListItem\",\"position\":2,\"name\":\"Testimonios\"}]},{\"@type\":\"WebSite\",\"@id\":\"https:\/\/www.endo-access.com\/es\/#website\",\"url\":\"https:\/\/www.endo-access.com\/es\/\",\"name\":\"access\",\"description\":\"Efficacit\u00e9, Simplicit\u00e9, Rentabilit\u00e9.\",\"publisher\":{\"@id\":\"https:\/\/www.endo-access.com\/es\/#organization\"},\"potentialAction\":[{\"@type\":\"SearchAction\",\"target\":{\"@type\":\"EntryPoint\",\"urlTemplate\":\"https:\/\/www.endo-access.com\/es\/?s={search_term_string}\"},\"query-input\":{\"@type\":\"PropertyValueSpecification\",\"valueRequired\":true,\"valueName\":\"search_term_string\"}}],\"inLanguage\":\"es\"},{\"@type\":\"Organization\",\"@id\":\"https:\/\/www.endo-access.com\/es\/#organization\",\"name\":\"Access\",\"url\":\"https:\/\/www.endo-access.com\/es\/\",\"logo\":{\"@type\":\"ImageObject\",\"inLanguage\":\"es\",\"@id\":\"https:\/\/www.endo-access.com\/es\/#\/schema\/logo\/image\/\",\"url\":\"https:\/\/www.endo-access.com\/wp-content\/uploads\/logo.png\",\"contentUrl\":\"https:\/\/www.endo-access.com\/wp-content\/uploads\/logo.png\",\"width\":915,\"height\":915,\"caption\":\"Access\"},\"image\":{\"@id\":\"https:\/\/www.endo-access.com\/es\/#\/schema\/logo\/image\/\"},\"sameAs\":[\"https:\/\/www.facebook.com\/endoaccess\/\",\"https:\/\/www.linkedin.com\/company\/endo-access\/\",\"https:\/\/www.instagram.com\/endoaccess\/\"]}]}<\/script>\n<!-- \/ Yoast SEO plugin. -->","yoast_head_json":{"title":"Testimonios - access","robots":{"index":"index","follow":"follow","max-snippet":"max-snippet:-1","max-image-preview":"max-image-preview:large","max-video-preview":"max-video-preview:-1"},"canonical":"https:\/\/www.endo-access.com\/es\/testimonios\/","og_locale":"es_ES","og_type":"article","og_title":"Testimonios - access","og_description":"Conferencia Endo de luxe a precios de descuento organizada por AFOS \u00a1Un orador muy interesante! Siempre aprendemos consejos y trucos para mejorar nuestra pr\u00e1ctica diaria. Un d\u00eda excelente. Doctor B. 17 de octubre de&nbsp;2019.&nbsp; Magn\u00edfico&nbsp;taller pr\u00e1ctico&nbsp;muy cautivador y r\u00edtmico. Muy buen d\u00eda con el Doctor SETBON. Hermosa pedagog\u00eda y muchos consejos y trucos.&nbsp; Doctor L.\u00a030 [&hellip;]","og_url":"https:\/\/www.endo-access.com\/es\/testimonios\/","og_site_name":"access","article_publisher":"https:\/\/www.facebook.com\/endoaccess\/","article_modified_time":"2020-11-10T22:03:50+00:00","og_image":[{"width":6250,"height":1593,"url":"https:\/\/www.endo-access.com\/wp-content\/uploads\/temoignages-2.png","type":"image\/png"}],"twitter_card":"summary_large_image","twitter_misc":{"Tiempo de lectura":"1 minuto"},"schema":{"@context":"https:\/\/schema.org","@graph":[{"@type":"WebPage","@id":"https:\/\/www.endo-access.com\/es\/testimonios\/","url":"https:\/\/www.endo-access.com\/es\/testimonios\/","name":"Testimonios - access","isPartOf":{"@id":"https:\/\/www.endo-access.com\/es\/#website"},"primaryImageOfPage":{"@id":"https:\/\/www.endo-access.com\/es\/testimonios\/#primaryimage"},"image":{"@id":"https:\/\/www.endo-access.com\/es\/testimonios\/#primaryimage"},"thumbnailUrl":"https:\/\/www.endo-access.com\/wp-content\/uploads\/temoignages-2.png","datePublished":"2020-10-23T09:24:03+00:00","dateModified":"2020-11-10T22:03:50+00:00","breadcrumb":{"@id":"https:\/\/www.endo-access.com\/es\/testimonios\/#breadcrumb"},"inLanguage":"es","potentialAction":[{"@type":"ReadAction","target":["https:\/\/www.endo-access.com\/es\/testimonios\/"]}]},{"@type":"ImageObject","inLanguage":"es","@id":"https:\/\/www.endo-access.com\/es\/testimonios\/#primaryimage","url":"https:\/\/www.endo-access.com\/wp-content\/uploads\/temoignages-2.png","contentUrl":"https:\/\/www.endo-access.com\/wp-content\/uploads\/temoignages-2.png","width":6250,"height":1593},{"@type":"BreadcrumbList","@id":"https:\/\/www.endo-access.com\/es\/testimonios\/#breadcrumb","itemListElement":[{"@type":"ListItem","position":1,"name":"Accueil","item":"https:\/\/www.endo-access.com\/es\/"},{"@type":"ListItem","position":2,"name":"Testimonios"}]},{"@type":"WebSite","@id":"https:\/\/www.endo-access.com\/es\/#website","url":"https:\/\/www.endo-access.com\/es\/","name":"access","description":"Efficacit\u00e9, Simplicit\u00e9, Rentabilit\u00e9.","publisher":{"@id":"https:\/\/www.endo-access.com\/es\/#organization"},"potentialAction":[{"@type":"SearchAction","target":{"@type":"EntryPoint","urlTemplate":"https:\/\/www.endo-access.com\/es\/?s={search_term_string}"},"query-input":{"@type":"PropertyValueSpecification","valueRequired":true,"valueName":"search_term_string"}}],"inLanguage":"es"},{"@type":"Organization","@id":"https:\/\/www.endo-access.com\/es\/#organization","name":"Access","url":"https:\/\/www.endo-access.com\/es\/","logo":{"@type":"ImageObject","inLanguage":"es","@id":"https:\/\/www.endo-access.com\/es\/#\/schema\/logo\/image\/","url":"https:\/\/www.endo-access.com\/wp-content\/uploads\/logo.png","contentUrl":"https:\/\/www.endo-access.com\/wp-content\/uploads\/logo.png","width":915,"height":915,"caption":"Access"},"image":{"@id":"https:\/\/www.endo-access.com\/es\/#\/schema\/logo\/image\/"},"sameAs":["https:\/\/www.facebook.com\/endoaccess\/","https:\/\/www.linkedin.com\/company\/endo-access\/","https:\/\/www.instagram.com\/endoaccess\/"]}]}},"_links":{"self":[{"href":"https:\/\/www.endo-access.com\/es\/wp-json\/wp\/v2\/pages\/2825","targetHints":{"allow":["GET"]}}],"collection":[{"href":"https:\/\/www.endo-access.com\/es\/wp-json\/wp\/v2\/pages"}],"about":[{"href":"https:\/\/www.endo-access.com\/es\/wp-json\/wp\/v2\/types\/page"}],"author":[{"embeddable":true,"href":"https:\/\/www.endo-access.com\/es\/wp-json\/wp\/v2\/users\/1"}],"replies":[{"embeddable":true,"href":"https:\/\/www.endo-access.com\/es\/wp-json\/wp\/v2\/comments?post=2825"}],"version-history":[{"count":5,"href":"https:\/\/www.endo-access.com\/es\/wp-json\/wp\/v2\/pages\/2825\/revisions"}],"predecessor-version":[{"id":3334,"href":"https:\/\/www.endo-access.com\/es\/wp-json\/wp\/v2\/pages\/2825\/revisions\/3334"}],"wp:featuredmedia":[{"embeddable":true,"href":"https:\/\/www.endo-access.com\/es\/wp-json\/wp\/v2\/media\/2292"}],"wp:attachment":[{"href":"https:\/\/www.endo-access.com\/es\/wp-json\/wp\/v2\/media?parent=2825"}],"curies":[{"name":"wp","href":"https:\/\/api.w.org\/{rel}","templated":true}]}}