{"id":7915,"date":"2024-09-18T11:53:55","date_gmt":"2024-09-18T09:53:55","guid":{"rendered":"https:\/\/www.endo-access.com\/?page_id=7915"},"modified":"2025-01-17T19:04:57","modified_gmt":"2025-01-17T18:04:57","slug":"endo-motor-en-imagenes","status":"publish","type":"page","link":"https:\/\/www.endo-access.com\/es\/endo-motor-en-imagenes\/","title":{"rendered":"Familiarizarse con el Endo Motor"},"content":{"rendered":"\n<div data-block-name=\"woocommerce\/single-product\" data-product-id=\"8000\" data-wp-context=\"{&quot;productId&quot;:8000,&quot;variationId&quot;:null}\" data-wp-interactive=\"woocommerce\/single-product\" class=\"wp-block-woocommerce-single-product woocommerce\">\n<div class=\"wp-block-columns is-layout-flex wp-container-core-columns-is-layout-9d6595d7 wp-block-columns-is-layout-flex\">\n<div class=\"wp-block-column is-layout-flow wp-block-column-is-layout-flow\"><div data-block-name=\"woocommerce\/product-image\" data-height=\"300px\" data-is-descendent-of-single-product-block=\"true\" data-scale=\"contain\" data-show-sale-badge=\"false\" class=\"wc-block-components-product-image wc-block-grid__product-image wc-block-components-product-image--aspect-ratio-auto wp-block-woocommerce-product-image\"><a href=\"https:\/\/www.endo-access.com\/es\/producto\/endo-access\/\" style=\"\" data-wp-on--click=\"woocommerce\/product-collection::actions.viewProduct\"><img loading=\"lazy\" decoding=\"async\" width=\"600\" height=\"600\" src=\"https:\/\/www.endo-access.com\/wp-content\/uploads\/endo-motor-fond-blanc-600x600.png\" class=\"attachment-woocommerce_single size-woocommerce_single\" alt=\"ENDO MOTOR\" data-testid=\"product-image\" data-image-id=\"7999\" style=\"height:300px;object-fit:contain;\" \/><div class=\"wc-block-components-product-image__inner-container\"><\/div><\/a><\/div><\/div>\n\n\n\n<div class=\"wp-block-column is-layout-flow wp-block-column-is-layout-flow\"><h2 class=\"wp-block-post-title\"><a href=\"https:\/\/www.endo-access.com\/es\/producto\/endo-access\/\" target=\"_self\" >ENDO MOTOR<\/a><\/h2>\n\n\n<p><strong>Motor de endodoncia inal\u00e1mbrico con localizador de \u00e1pice.<\/strong><\/p>\n\n\n\n<p>Adecuado para el tratamiento endod\u00f3ntico. Se utiliza para preparar los conductos radiculares, o como dispositivo para medir la longitud del conducto.<\/p>\n<\/div>\n<\/div>\n<\/div>\n\n\n\n<figure class=\"wp-block-video\"><video controls src=\"https:\/\/www.endo-access.com\/wp-content\/uploads\/Endo motor ES.mp4\"><\/video><\/figure>\n\n\n\n<div style=\"height:100px\" aria-hidden=\"true\" class=\"wp-block-spacer\"><\/div>\n\n\n\n<p><a href=\"https:\/\/www.endo-access.com\/wp-content\/uploads\/Notice-Endo-Motor-ACCESS-1.pdf\">Descargar el manual de uso<\/a><\/p>\n\n\n\n<p><em>Dispositivo m\u00e9dico de clase IIa.<\/em><\/p>\n\n\n\n<p><em>Marca CE 0197. Organismo de certificaci\u00f3n: TUV RHEINLAND.<\/em><\/p>\n\n\n\n<p><em>Representante europeo: MedNet EC-REP C IIb GMbH, Borkstrasse 10, 48163 Muenster, Germany.<\/em><\/p>\n","protected":false},"excerpt":{"rendered":"<p>Descargar el manual de uso Dispositivo m\u00e9dico de clase IIa. Marca CE 0197. Organismo de certificaci\u00f3n: TUV RHEINLAND. Representante europeo: MedNet EC-REP C IIb GMbH, Borkstrasse 10, 48163 Muenster, Germany.<\/p>\n","protected":false},"author":1,"featured_media":0,"parent":0,"menu_order":0,"comment_status":"closed","ping_status":"closed","template":"","meta":{"_acf_changed":false,"footnotes":""},"class_list":["post-7915","page","type-page","status-publish","hentry"],"acf":[],"yoast_head":"<!-- This site is optimized with the Yoast SEO plugin v27.0 - https:\/\/yoast.com\/product\/yoast-seo-wordpress\/ -->\n<title>Familiarizarse con el Endo Motor - access<\/title>\n<meta name=\"robots\" content=\"index, follow, max-snippet:-1, max-image-preview:large, max-video-preview:-1\" \/>\n<link rel=\"canonical\" href=\"https:\/\/www.endo-access.com\/es\/endo-motor-en-imagenes\/\" \/>\n<meta property=\"og:locale\" content=\"es_ES\" \/>\n<meta property=\"og:type\" content=\"article\" \/>\n<meta property=\"og:title\" content=\"Familiarizarse con el Endo Motor - access\" \/>\n<meta property=\"og:description\" content=\"Descargar el manual de uso Dispositivo m\u00e9dico de clase IIa. Marca CE 0197. Organismo de certificaci\u00f3n: TUV RHEINLAND. Representante europeo: MedNet EC-REP C IIb GMbH, Borkstrasse 10, 48163 Muenster, Germany.\" \/>\n<meta property=\"og:url\" content=\"https:\/\/www.endo-access.com\/es\/endo-motor-en-imagenes\/\" \/>\n<meta property=\"og:site_name\" content=\"access\" \/>\n<meta property=\"article:publisher\" content=\"https:\/\/www.facebook.com\/endoaccess\/\" \/>\n<meta property=\"article:modified_time\" content=\"2025-01-17T18:04:57+00:00\" \/>\n<meta property=\"og:image\" content=\"https:\/\/www.endo-access.com\/wp-content\/uploads\/logo.png\" \/>\n\t<meta property=\"og:image:width\" content=\"915\" \/>\n\t<meta property=\"og:image:height\" content=\"915\" \/>\n\t<meta property=\"og:image:type\" content=\"image\/png\" \/>\n<meta name=\"twitter:card\" content=\"summary_large_image\" \/>\n<meta name=\"twitter:label1\" content=\"Tiempo de lectura\" \/>\n\t<meta name=\"twitter:data1\" content=\"1 minuto\" \/>\n<script type=\"application\/ld+json\" class=\"yoast-schema-graph\">{\"@context\":\"https:\/\/schema.org\",\"@graph\":[{\"@type\":\"WebPage\",\"@id\":\"https:\/\/www.endo-access.com\/es\/endo-motor-en-imagenes\/\",\"url\":\"https:\/\/www.endo-access.com\/es\/endo-motor-en-imagenes\/\",\"name\":\"Familiarizarse con el Endo Motor - access\",\"isPartOf\":{\"@id\":\"https:\/\/www.endo-access.com\/es\/#website\"},\"datePublished\":\"2024-09-18T09:53:55+00:00\",\"dateModified\":\"2025-01-17T18:04:57+00:00\",\"breadcrumb\":{\"@id\":\"https:\/\/www.endo-access.com\/es\/endo-motor-en-imagenes\/#breadcrumb\"},\"inLanguage\":\"es\",\"potentialAction\":[{\"@type\":\"ReadAction\",\"target\":[\"https:\/\/www.endo-access.com\/es\/endo-motor-en-imagenes\/\"]}]},{\"@type\":\"BreadcrumbList\",\"@id\":\"https:\/\/www.endo-access.com\/es\/endo-motor-en-imagenes\/#breadcrumb\",\"itemListElement\":[{\"@type\":\"ListItem\",\"position\":1,\"name\":\"Accueil\",\"item\":\"https:\/\/www.endo-access.com\/es\/\"},{\"@type\":\"ListItem\",\"position\":2,\"name\":\"Familiarizarse con el Endo Motor\"}]},{\"@type\":\"WebSite\",\"@id\":\"https:\/\/www.endo-access.com\/es\/#website\",\"url\":\"https:\/\/www.endo-access.com\/es\/\",\"name\":\"access\",\"description\":\"Efficacit\u00e9, Simplicit\u00e9, Rentabilit\u00e9.\",\"publisher\":{\"@id\":\"https:\/\/www.endo-access.com\/es\/#organization\"},\"potentialAction\":[{\"@type\":\"SearchAction\",\"target\":{\"@type\":\"EntryPoint\",\"urlTemplate\":\"https:\/\/www.endo-access.com\/es\/?s={search_term_string}\"},\"query-input\":{\"@type\":\"PropertyValueSpecification\",\"valueRequired\":true,\"valueName\":\"search_term_string\"}}],\"inLanguage\":\"es\"},{\"@type\":\"Organization\",\"@id\":\"https:\/\/www.endo-access.com\/es\/#organization\",\"name\":\"Access\",\"url\":\"https:\/\/www.endo-access.com\/es\/\",\"logo\":{\"@type\":\"ImageObject\",\"inLanguage\":\"es\",\"@id\":\"https:\/\/www.endo-access.com\/es\/#\/schema\/logo\/image\/\",\"url\":\"https:\/\/www.endo-access.com\/wp-content\/uploads\/logo.png\",\"contentUrl\":\"https:\/\/www.endo-access.com\/wp-content\/uploads\/logo.png\",\"width\":915,\"height\":915,\"caption\":\"Access\"},\"image\":{\"@id\":\"https:\/\/www.endo-access.com\/es\/#\/schema\/logo\/image\/\"},\"sameAs\":[\"https:\/\/www.facebook.com\/endoaccess\/\",\"https:\/\/www.linkedin.com\/company\/endo-access\/\",\"https:\/\/www.instagram.com\/endoaccess\/\"]}]}<\/script>\n<!-- \/ Yoast SEO plugin. -->","yoast_head_json":{"title":"Familiarizarse con el Endo Motor - access","robots":{"index":"index","follow":"follow","max-snippet":"max-snippet:-1","max-image-preview":"max-image-preview:large","max-video-preview":"max-video-preview:-1"},"canonical":"https:\/\/www.endo-access.com\/es\/endo-motor-en-imagenes\/","og_locale":"es_ES","og_type":"article","og_title":"Familiarizarse con el Endo Motor - access","og_description":"Descargar el manual de uso Dispositivo m\u00e9dico de clase IIa. Marca CE 0197. Organismo de certificaci\u00f3n: TUV RHEINLAND. Representante europeo: MedNet EC-REP C IIb GMbH, Borkstrasse 10, 48163 Muenster, Germany.","og_url":"https:\/\/www.endo-access.com\/es\/endo-motor-en-imagenes\/","og_site_name":"access","article_publisher":"https:\/\/www.facebook.com\/endoaccess\/","article_modified_time":"2025-01-17T18:04:57+00:00","og_image":[{"width":915,"height":915,"url":"https:\/\/www.endo-access.com\/wp-content\/uploads\/logo.png","type":"image\/png"}],"twitter_card":"summary_large_image","twitter_misc":{"Tiempo de lectura":"1 minuto"},"schema":{"@context":"https:\/\/schema.org","@graph":[{"@type":"WebPage","@id":"https:\/\/www.endo-access.com\/es\/endo-motor-en-imagenes\/","url":"https:\/\/www.endo-access.com\/es\/endo-motor-en-imagenes\/","name":"Familiarizarse con el Endo Motor - access","isPartOf":{"@id":"https:\/\/www.endo-access.com\/es\/#website"},"datePublished":"2024-09-18T09:53:55+00:00","dateModified":"2025-01-17T18:04:57+00:00","breadcrumb":{"@id":"https:\/\/www.endo-access.com\/es\/endo-motor-en-imagenes\/#breadcrumb"},"inLanguage":"es","potentialAction":[{"@type":"ReadAction","target":["https:\/\/www.endo-access.com\/es\/endo-motor-en-imagenes\/"]}]},{"@type":"BreadcrumbList","@id":"https:\/\/www.endo-access.com\/es\/endo-motor-en-imagenes\/#breadcrumb","itemListElement":[{"@type":"ListItem","position":1,"name":"Accueil","item":"https:\/\/www.endo-access.com\/es\/"},{"@type":"ListItem","position":2,"name":"Familiarizarse con el Endo Motor"}]},{"@type":"WebSite","@id":"https:\/\/www.endo-access.com\/es\/#website","url":"https:\/\/www.endo-access.com\/es\/","name":"access","description":"Efficacit\u00e9, Simplicit\u00e9, Rentabilit\u00e9.","publisher":{"@id":"https:\/\/www.endo-access.com\/es\/#organization"},"potentialAction":[{"@type":"SearchAction","target":{"@type":"EntryPoint","urlTemplate":"https:\/\/www.endo-access.com\/es\/?s={search_term_string}"},"query-input":{"@type":"PropertyValueSpecification","valueRequired":true,"valueName":"search_term_string"}}],"inLanguage":"es"},{"@type":"Organization","@id":"https:\/\/www.endo-access.com\/es\/#organization","name":"Access","url":"https:\/\/www.endo-access.com\/es\/","logo":{"@type":"ImageObject","inLanguage":"es","@id":"https:\/\/www.endo-access.com\/es\/#\/schema\/logo\/image\/","url":"https:\/\/www.endo-access.com\/wp-content\/uploads\/logo.png","contentUrl":"https:\/\/www.endo-access.com\/wp-content\/uploads\/logo.png","width":915,"height":915,"caption":"Access"},"image":{"@id":"https:\/\/www.endo-access.com\/es\/#\/schema\/logo\/image\/"},"sameAs":["https:\/\/www.facebook.com\/endoaccess\/","https:\/\/www.linkedin.com\/company\/endo-access\/","https:\/\/www.instagram.com\/endoaccess\/"]}]}},"_links":{"self":[{"href":"https:\/\/www.endo-access.com\/es\/wp-json\/wp\/v2\/pages\/7915","targetHints":{"allow":["GET"]}}],"collection":[{"href":"https:\/\/www.endo-access.com\/es\/wp-json\/wp\/v2\/pages"}],"about":[{"href":"https:\/\/www.endo-access.com\/es\/wp-json\/wp\/v2\/types\/page"}],"author":[{"embeddable":true,"href":"https:\/\/www.endo-access.com\/es\/wp-json\/wp\/v2\/users\/1"}],"replies":[{"embeddable":true,"href":"https:\/\/www.endo-access.com\/es\/wp-json\/wp\/v2\/comments?post=7915"}],"version-history":[{"count":4,"href":"https:\/\/www.endo-access.com\/es\/wp-json\/wp\/v2\/pages\/7915\/revisions"}],"predecessor-version":[{"id":8139,"href":"https:\/\/www.endo-access.com\/es\/wp-json\/wp\/v2\/pages\/7915\/revisions\/8139"}],"wp:attachment":[{"href":"https:\/\/www.endo-access.com\/es\/wp-json\/wp\/v2\/media?parent=7915"}],"curies":[{"name":"wp","href":"https:\/\/api.w.org\/{rel}","templated":true}]}}