{"id":6503,"date":"2023-07-10T17:17:59","date_gmt":"2023-07-10T15:38:17","guid":{"rendered":"https:\/\/www.endo-access.com\/?post_type=product&#038;p=6503"},"modified":"2023-12-06T09:27:12","modified_gmt":"2023-12-06T08:27:12","slug":"agujas-de-irrigacion-endocanal","status":"publish","type":"product","link":"https:\/\/www.endo-access.com\/es\/producto\/agujas-de-irrigacion-endocanal\/","title":{"rendered":"AGUJAS DE IRRIGACI\u00d3N ENDOCANAL"},"content":{"rendered":"<p>Agujas flexibles, de un solo uso, para la irrigaci\u00f3n de los conductos radiculares.<\/p>\n","protected":false},"excerpt":{"rendered":"<p>Agujas flexibles, de un solo uso, para la irrigaci\u00f3n de los conductos radiculares.<\/p>\n","protected":false},"featured_media":6481,"template":"","meta":{"_acf_changed":false},"product_brand":[],"product_cat":[133,42],"product_tag":[],"class_list":{"0":"post-6503","1":"product","2":"type-product","3":"status-publish","4":"has-post-thumbnail","6":"product_cat-agujas","7":"product_cat-limas-mecanicas-es","9":"first","10":"instock","11":"shipping-taxable","12":"product-type-simple"},"acf":[],"yoast_head":"<!-- This site is optimized with the Yoast SEO plugin v27.0 - https:\/\/yoast.com\/product\/yoast-seo-wordpress\/ -->\n<title>AGUJAS DE IRRIGACI\u00d3N ENDOCANAL - access<\/title>\n<meta name=\"robots\" content=\"index, follow, max-snippet:-1, max-image-preview:large, max-video-preview:-1\" \/>\n<link rel=\"canonical\" href=\"https:\/\/www.endo-access.com\/es\/producto\/agujas-de-irrigacion-endocanal\/\" \/>\n<meta property=\"og:locale\" content=\"es_ES\" \/>\n<meta property=\"og:type\" content=\"article\" \/>\n<meta property=\"og:title\" content=\"AGUJAS DE IRRIGACI\u00d3N ENDOCANAL - access\" \/>\n<meta property=\"og:description\" content=\"Agujas flexibles, de un solo uso, para la irrigaci\u00f3n de los conductos radiculares.\" \/>\n<meta property=\"og:url\" content=\"https:\/\/www.endo-access.com\/es\/producto\/agujas-de-irrigacion-endocanal\/\" \/>\n<meta property=\"og:site_name\" content=\"access\" \/>\n<meta property=\"article:publisher\" content=\"https:\/\/www.facebook.com\/endoaccess\/\" \/>\n<meta property=\"article:modified_time\" content=\"2023-12-06T08:27:12+00:00\" \/>\n<meta property=\"og:image\" content=\"https:\/\/www.endo-access.com\/wp-content\/uploads\/Aiguilles-DTO-FLEX-ACCESS-3-scaled.jpg\" \/>\n\t<meta property=\"og:image:width\" content=\"2560\" \/>\n\t<meta property=\"og:image:height\" content=\"2560\" \/>\n\t<meta property=\"og:image:type\" content=\"image\/jpeg\" \/>\n<meta name=\"twitter:card\" content=\"summary_large_image\" \/>\n<meta name=\"twitter:label1\" content=\"Tiempo de lectura\" \/>\n\t<meta name=\"twitter:data1\" content=\"1 minuto\" \/>\n<script type=\"application\/ld+json\" class=\"yoast-schema-graph\">{\"@context\":\"https:\/\/schema.org\",\"@graph\":[{\"@type\":\"WebPage\",\"@id\":\"https:\/\/www.endo-access.com\/es\/producto\/agujas-de-irrigacion-endocanal\/\",\"url\":\"https:\/\/www.endo-access.com\/es\/producto\/agujas-de-irrigacion-endocanal\/\",\"name\":\"AGUJAS DE IRRIGACI\u00d3N ENDOCANAL - access\",\"isPartOf\":{\"@id\":\"https:\/\/www.endo-access.com\/es\/#website\"},\"primaryImageOfPage\":{\"@id\":\"https:\/\/www.endo-access.com\/es\/producto\/agujas-de-irrigacion-endocanal\/#primaryimage\"},\"image\":{\"@id\":\"https:\/\/www.endo-access.com\/es\/producto\/agujas-de-irrigacion-endocanal\/#primaryimage\"},\"thumbnailUrl\":\"https:\/\/www.endo-access.com\/wp-content\/uploads\/Aiguilles-DTO-FLEX-ACCESS-3-scaled.jpg\",\"datePublished\":\"2023-07-10T15:38:17+00:00\",\"dateModified\":\"2023-12-06T08:27:12+00:00\",\"breadcrumb\":{\"@id\":\"https:\/\/www.endo-access.com\/es\/producto\/agujas-de-irrigacion-endocanal\/#breadcrumb\"},\"inLanguage\":\"es\",\"potentialAction\":[{\"@type\":\"ReadAction\",\"target\":[\"https:\/\/www.endo-access.com\/es\/producto\/agujas-de-irrigacion-endocanal\/\"]}]},{\"@type\":\"ImageObject\",\"inLanguage\":\"es\",\"@id\":\"https:\/\/www.endo-access.com\/es\/producto\/agujas-de-irrigacion-endocanal\/#primaryimage\",\"url\":\"https:\/\/www.endo-access.com\/wp-content\/uploads\/Aiguilles-DTO-FLEX-ACCESS-3-scaled.jpg\",\"contentUrl\":\"https:\/\/www.endo-access.com\/wp-content\/uploads\/Aiguilles-DTO-FLEX-ACCESS-3-scaled.jpg\",\"width\":2560,\"height\":2560},{\"@type\":\"BreadcrumbList\",\"@id\":\"https:\/\/www.endo-access.com\/es\/producto\/agujas-de-irrigacion-endocanal\/#breadcrumb\",\"itemListElement\":[{\"@type\":\"ListItem\",\"position\":1,\"name\":\"Accueil\",\"item\":\"https:\/\/www.endo-access.com\/es\/\"},{\"@type\":\"ListItem\",\"position\":2,\"name\":\"Productos\",\"item\":\"https:\/\/www.endo-access.com\/es\/productos\/\"},{\"@type\":\"ListItem\",\"position\":3,\"name\":\"AGUJAS DE IRRIGACI\u00d3N ENDOCANAL\"}]},{\"@type\":\"WebSite\",\"@id\":\"https:\/\/www.endo-access.com\/es\/#website\",\"url\":\"https:\/\/www.endo-access.com\/es\/\",\"name\":\"access\",\"description\":\"Efficacit\u00e9, Simplicit\u00e9, Rentabilit\u00e9.\",\"publisher\":{\"@id\":\"https:\/\/www.endo-access.com\/es\/#organization\"},\"potentialAction\":[{\"@type\":\"SearchAction\",\"target\":{\"@type\":\"EntryPoint\",\"urlTemplate\":\"https:\/\/www.endo-access.com\/es\/?s={search_term_string}\"},\"query-input\":{\"@type\":\"PropertyValueSpecification\",\"valueRequired\":true,\"valueName\":\"search_term_string\"}}],\"inLanguage\":\"es\"},{\"@type\":\"Organization\",\"@id\":\"https:\/\/www.endo-access.com\/es\/#organization\",\"name\":\"Access\",\"url\":\"https:\/\/www.endo-access.com\/es\/\",\"logo\":{\"@type\":\"ImageObject\",\"inLanguage\":\"es\",\"@id\":\"https:\/\/www.endo-access.com\/es\/#\/schema\/logo\/image\/\",\"url\":\"https:\/\/www.endo-access.com\/wp-content\/uploads\/logo.png\",\"contentUrl\":\"https:\/\/www.endo-access.com\/wp-content\/uploads\/logo.png\",\"width\":915,\"height\":915,\"caption\":\"Access\"},\"image\":{\"@id\":\"https:\/\/www.endo-access.com\/es\/#\/schema\/logo\/image\/\"},\"sameAs\":[\"https:\/\/www.facebook.com\/endoaccess\/\",\"https:\/\/www.linkedin.com\/company\/endo-access\/\",\"https:\/\/www.instagram.com\/endoaccess\/\"]}]}<\/script>\n<!-- \/ Yoast SEO plugin. -->","yoast_head_json":{"title":"AGUJAS DE IRRIGACI\u00d3N ENDOCANAL - access","robots":{"index":"index","follow":"follow","max-snippet":"max-snippet:-1","max-image-preview":"max-image-preview:large","max-video-preview":"max-video-preview:-1"},"canonical":"https:\/\/www.endo-access.com\/es\/producto\/agujas-de-irrigacion-endocanal\/","og_locale":"es_ES","og_type":"article","og_title":"AGUJAS DE IRRIGACI\u00d3N ENDOCANAL - access","og_description":"Agujas flexibles, de un solo uso, para la irrigaci\u00f3n de los conductos radiculares.","og_url":"https:\/\/www.endo-access.com\/es\/producto\/agujas-de-irrigacion-endocanal\/","og_site_name":"access","article_publisher":"https:\/\/www.facebook.com\/endoaccess\/","article_modified_time":"2023-12-06T08:27:12+00:00","og_image":[{"width":2560,"height":2560,"url":"https:\/\/www.endo-access.com\/wp-content\/uploads\/Aiguilles-DTO-FLEX-ACCESS-3-scaled.jpg","type":"image\/jpeg"}],"twitter_card":"summary_large_image","twitter_misc":{"Tiempo de lectura":"1 minuto"},"schema":{"@context":"https:\/\/schema.org","@graph":[{"@type":"WebPage","@id":"https:\/\/www.endo-access.com\/es\/producto\/agujas-de-irrigacion-endocanal\/","url":"https:\/\/www.endo-access.com\/es\/producto\/agujas-de-irrigacion-endocanal\/","name":"AGUJAS DE IRRIGACI\u00d3N ENDOCANAL - access","isPartOf":{"@id":"https:\/\/www.endo-access.com\/es\/#website"},"primaryImageOfPage":{"@id":"https:\/\/www.endo-access.com\/es\/producto\/agujas-de-irrigacion-endocanal\/#primaryimage"},"image":{"@id":"https:\/\/www.endo-access.com\/es\/producto\/agujas-de-irrigacion-endocanal\/#primaryimage"},"thumbnailUrl":"https:\/\/www.endo-access.com\/wp-content\/uploads\/Aiguilles-DTO-FLEX-ACCESS-3-scaled.jpg","datePublished":"2023-07-10T15:38:17+00:00","dateModified":"2023-12-06T08:27:12+00:00","breadcrumb":{"@id":"https:\/\/www.endo-access.com\/es\/producto\/agujas-de-irrigacion-endocanal\/#breadcrumb"},"inLanguage":"es","potentialAction":[{"@type":"ReadAction","target":["https:\/\/www.endo-access.com\/es\/producto\/agujas-de-irrigacion-endocanal\/"]}]},{"@type":"ImageObject","inLanguage":"es","@id":"https:\/\/www.endo-access.com\/es\/producto\/agujas-de-irrigacion-endocanal\/#primaryimage","url":"https:\/\/www.endo-access.com\/wp-content\/uploads\/Aiguilles-DTO-FLEX-ACCESS-3-scaled.jpg","contentUrl":"https:\/\/www.endo-access.com\/wp-content\/uploads\/Aiguilles-DTO-FLEX-ACCESS-3-scaled.jpg","width":2560,"height":2560},{"@type":"BreadcrumbList","@id":"https:\/\/www.endo-access.com\/es\/producto\/agujas-de-irrigacion-endocanal\/#breadcrumb","itemListElement":[{"@type":"ListItem","position":1,"name":"Accueil","item":"https:\/\/www.endo-access.com\/es\/"},{"@type":"ListItem","position":2,"name":"Productos","item":"https:\/\/www.endo-access.com\/es\/productos\/"},{"@type":"ListItem","position":3,"name":"AGUJAS DE IRRIGACI\u00d3N ENDOCANAL"}]},{"@type":"WebSite","@id":"https:\/\/www.endo-access.com\/es\/#website","url":"https:\/\/www.endo-access.com\/es\/","name":"access","description":"Efficacit\u00e9, Simplicit\u00e9, Rentabilit\u00e9.","publisher":{"@id":"https:\/\/www.endo-access.com\/es\/#organization"},"potentialAction":[{"@type":"SearchAction","target":{"@type":"EntryPoint","urlTemplate":"https:\/\/www.endo-access.com\/es\/?s={search_term_string}"},"query-input":{"@type":"PropertyValueSpecification","valueRequired":true,"valueName":"search_term_string"}}],"inLanguage":"es"},{"@type":"Organization","@id":"https:\/\/www.endo-access.com\/es\/#organization","name":"Access","url":"https:\/\/www.endo-access.com\/es\/","logo":{"@type":"ImageObject","inLanguage":"es","@id":"https:\/\/www.endo-access.com\/es\/#\/schema\/logo\/image\/","url":"https:\/\/www.endo-access.com\/wp-content\/uploads\/logo.png","contentUrl":"https:\/\/www.endo-access.com\/wp-content\/uploads\/logo.png","width":915,"height":915,"caption":"Access"},"image":{"@id":"https:\/\/www.endo-access.com\/es\/#\/schema\/logo\/image\/"},"sameAs":["https:\/\/www.facebook.com\/endoaccess\/","https:\/\/www.linkedin.com\/company\/endo-access\/","https:\/\/www.instagram.com\/endoaccess\/"]}]}},"_links":{"self":[{"href":"https:\/\/www.endo-access.com\/es\/wp-json\/wp\/v2\/product\/6503","targetHints":{"allow":["GET"]}}],"collection":[{"href":"https:\/\/www.endo-access.com\/es\/wp-json\/wp\/v2\/product"}],"about":[{"href":"https:\/\/www.endo-access.com\/es\/wp-json\/wp\/v2\/types\/product"}],"wp:featuredmedia":[{"embeddable":true,"href":"https:\/\/www.endo-access.com\/es\/wp-json\/wp\/v2\/media\/6481"}],"wp:attachment":[{"href":"https:\/\/www.endo-access.com\/es\/wp-json\/wp\/v2\/media?parent=6503"}],"wp:term":[{"taxonomy":"product_brand","embeddable":true,"href":"https:\/\/www.endo-access.com\/es\/wp-json\/wp\/v2\/product_brand?post=6503"},{"taxonomy":"product_cat","embeddable":true,"href":"https:\/\/www.endo-access.com\/es\/wp-json\/wp\/v2\/product_cat?post=6503"},{"taxonomy":"product_tag","embeddable":true,"href":"https:\/\/www.endo-access.com\/es\/wp-json\/wp\/v2\/product_tag?post=6503"}],"curies":[{"name":"wp","href":"https:\/\/api.w.org\/{rel}","templated":true}]}}