{"id":6549,"date":"2023-09-25T16:08:58","date_gmt":"2023-09-27T14:00:55","guid":{"rendered":"https:\/\/www.endo-access.com\/?post_type=product&#038;p=6549"},"modified":"2025-04-30T10:54:02","modified_gmt":"2025-04-30T08:54:02","slug":"limas-k","status":"publish","type":"product","link":"https:\/\/www.endo-access.com\/es\/producto\/limas-k\/","title":{"rendered":"K-LIMAS"},"content":{"rendered":"<p>Lima endod\u00f3ntica manual est\u00e9ril utilizada para localizar y preparar el conducto radicular.<br \/>\nSe utilizan con una rotaci\u00f3n de un cuarto de vuelta y un movimiento vertical de vaiv\u00e9n.<\/p>\n","protected":false},"excerpt":{"rendered":"<p>Lima endod\u00f3ntica manual est\u00e9ril utilizada para localizar y preparar el conducto radicular. Se utilizan con una rotaci\u00f3n de un cuarto de vuelta y un movimiento vertical de vaiv\u00e9n.<\/p>\n","protected":false},"featured_media":7474,"template":"","meta":{"_acf_changed":false},"product_brand":[],"product_cat":[143],"product_tag":[],"class_list":{"0":"post-6549","1":"product","2":"type-product","3":"status-publish","4":"has-post-thumbnail","6":"product_cat-limas-manuales","8":"first","9":"instock","10":"shipping-taxable","11":"product-type-simple"},"acf":[],"yoast_head":"<!-- This site is optimized with the Yoast SEO plugin v27.0 - https:\/\/yoast.com\/product\/yoast-seo-wordpress\/ -->\n<title>K-LIMAS - access<\/title>\n<meta name=\"robots\" content=\"index, follow, max-snippet:-1, max-image-preview:large, max-video-preview:-1\" \/>\n<link rel=\"canonical\" href=\"https:\/\/www.endo-access.com\/es\/producto\/limas-k\/\" \/>\n<meta property=\"og:locale\" content=\"es_ES\" \/>\n<meta property=\"og:type\" content=\"article\" \/>\n<meta property=\"og:title\" content=\"K-LIMAS - access\" \/>\n<meta property=\"og:description\" content=\"Lima endod\u00f3ntica manual est\u00e9ril utilizada para localizar y preparar el conducto radicular. Se utilizan con una rotaci\u00f3n de un cuarto de vuelta y un movimiento vertical de vaiv\u00e9n.\" \/>\n<meta property=\"og:url\" content=\"https:\/\/www.endo-access.com\/es\/producto\/limas-k\/\" \/>\n<meta property=\"og:site_name\" content=\"access\" \/>\n<meta property=\"article:publisher\" content=\"https:\/\/www.facebook.com\/endoaccess\/\" \/>\n<meta property=\"article:modified_time\" content=\"2025-04-30T08:54:02+00:00\" \/>\n<meta property=\"og:image\" content=\"https:\/\/www.endo-access.com\/wp-content\/uploads\/LIME-K-FOND-BLANC-.png\" \/>\n\t<meta property=\"og:image:width\" content=\"1080\" \/>\n\t<meta property=\"og:image:height\" content=\"1080\" \/>\n\t<meta property=\"og:image:type\" content=\"image\/png\" \/>\n<meta name=\"twitter:card\" content=\"summary_large_image\" \/>\n<meta name=\"twitter:label1\" content=\"Tiempo de lectura\" \/>\n\t<meta name=\"twitter:data1\" content=\"1 minuto\" \/>\n<script type=\"application\/ld+json\" class=\"yoast-schema-graph\">{\"@context\":\"https:\/\/schema.org\",\"@graph\":[{\"@type\":\"WebPage\",\"@id\":\"https:\/\/www.endo-access.com\/es\/producto\/limas-k\/\",\"url\":\"https:\/\/www.endo-access.com\/es\/producto\/limas-k\/\",\"name\":\"K-LIMAS - access\",\"isPartOf\":{\"@id\":\"https:\/\/www.endo-access.com\/es\/#website\"},\"primaryImageOfPage\":{\"@id\":\"https:\/\/www.endo-access.com\/es\/producto\/limas-k\/#primaryimage\"},\"image\":{\"@id\":\"https:\/\/www.endo-access.com\/es\/producto\/limas-k\/#primaryimage\"},\"thumbnailUrl\":\"https:\/\/www.endo-access.com\/wp-content\/uploads\/LIME-K-FOND-BLANC-.png\",\"datePublished\":\"2023-09-27T14:00:55+00:00\",\"dateModified\":\"2025-04-30T08:54:02+00:00\",\"breadcrumb\":{\"@id\":\"https:\/\/www.endo-access.com\/es\/producto\/limas-k\/#breadcrumb\"},\"inLanguage\":\"es\",\"potentialAction\":[{\"@type\":\"ReadAction\",\"target\":[\"https:\/\/www.endo-access.com\/es\/producto\/limas-k\/\"]}]},{\"@type\":\"ImageObject\",\"inLanguage\":\"es\",\"@id\":\"https:\/\/www.endo-access.com\/es\/producto\/limas-k\/#primaryimage\",\"url\":\"https:\/\/www.endo-access.com\/wp-content\/uploads\/LIME-K-FOND-BLANC-.png\",\"contentUrl\":\"https:\/\/www.endo-access.com\/wp-content\/uploads\/LIME-K-FOND-BLANC-.png\",\"width\":1080,\"height\":1080},{\"@type\":\"BreadcrumbList\",\"@id\":\"https:\/\/www.endo-access.com\/es\/producto\/limas-k\/#breadcrumb\",\"itemListElement\":[{\"@type\":\"ListItem\",\"position\":1,\"name\":\"Accueil\",\"item\":\"https:\/\/www.endo-access.com\/es\/\"},{\"@type\":\"ListItem\",\"position\":2,\"name\":\"Productos\",\"item\":\"https:\/\/www.endo-access.com\/es\/productos\/\"},{\"@type\":\"ListItem\",\"position\":3,\"name\":\"K-LIMAS\"}]},{\"@type\":\"WebSite\",\"@id\":\"https:\/\/www.endo-access.com\/es\/#website\",\"url\":\"https:\/\/www.endo-access.com\/es\/\",\"name\":\"access\",\"description\":\"Efficacit\u00e9, Simplicit\u00e9, Rentabilit\u00e9.\",\"publisher\":{\"@id\":\"https:\/\/www.endo-access.com\/es\/#organization\"},\"potentialAction\":[{\"@type\":\"SearchAction\",\"target\":{\"@type\":\"EntryPoint\",\"urlTemplate\":\"https:\/\/www.endo-access.com\/es\/?s={search_term_string}\"},\"query-input\":{\"@type\":\"PropertyValueSpecification\",\"valueRequired\":true,\"valueName\":\"search_term_string\"}}],\"inLanguage\":\"es\"},{\"@type\":\"Organization\",\"@id\":\"https:\/\/www.endo-access.com\/es\/#organization\",\"name\":\"Access\",\"url\":\"https:\/\/www.endo-access.com\/es\/\",\"logo\":{\"@type\":\"ImageObject\",\"inLanguage\":\"es\",\"@id\":\"https:\/\/www.endo-access.com\/es\/#\/schema\/logo\/image\/\",\"url\":\"https:\/\/www.endo-access.com\/wp-content\/uploads\/logo.png\",\"contentUrl\":\"https:\/\/www.endo-access.com\/wp-content\/uploads\/logo.png\",\"width\":915,\"height\":915,\"caption\":\"Access\"},\"image\":{\"@id\":\"https:\/\/www.endo-access.com\/es\/#\/schema\/logo\/image\/\"},\"sameAs\":[\"https:\/\/www.facebook.com\/endoaccess\/\",\"https:\/\/www.linkedin.com\/company\/endo-access\/\",\"https:\/\/www.instagram.com\/endoaccess\/\"]}]}<\/script>\n<!-- \/ Yoast SEO plugin. -->","yoast_head_json":{"title":"K-LIMAS - access","robots":{"index":"index","follow":"follow","max-snippet":"max-snippet:-1","max-image-preview":"max-image-preview:large","max-video-preview":"max-video-preview:-1"},"canonical":"https:\/\/www.endo-access.com\/es\/producto\/limas-k\/","og_locale":"es_ES","og_type":"article","og_title":"K-LIMAS - access","og_description":"Lima endod\u00f3ntica manual est\u00e9ril utilizada para localizar y preparar el conducto radicular. Se utilizan con una rotaci\u00f3n de un cuarto de vuelta y un movimiento vertical de vaiv\u00e9n.","og_url":"https:\/\/www.endo-access.com\/es\/producto\/limas-k\/","og_site_name":"access","article_publisher":"https:\/\/www.facebook.com\/endoaccess\/","article_modified_time":"2025-04-30T08:54:02+00:00","og_image":[{"width":1080,"height":1080,"url":"https:\/\/www.endo-access.com\/wp-content\/uploads\/LIME-K-FOND-BLANC-.png","type":"image\/png"}],"twitter_card":"summary_large_image","twitter_misc":{"Tiempo de lectura":"1 minuto"},"schema":{"@context":"https:\/\/schema.org","@graph":[{"@type":"WebPage","@id":"https:\/\/www.endo-access.com\/es\/producto\/limas-k\/","url":"https:\/\/www.endo-access.com\/es\/producto\/limas-k\/","name":"K-LIMAS - access","isPartOf":{"@id":"https:\/\/www.endo-access.com\/es\/#website"},"primaryImageOfPage":{"@id":"https:\/\/www.endo-access.com\/es\/producto\/limas-k\/#primaryimage"},"image":{"@id":"https:\/\/www.endo-access.com\/es\/producto\/limas-k\/#primaryimage"},"thumbnailUrl":"https:\/\/www.endo-access.com\/wp-content\/uploads\/LIME-K-FOND-BLANC-.png","datePublished":"2023-09-27T14:00:55+00:00","dateModified":"2025-04-30T08:54:02+00:00","breadcrumb":{"@id":"https:\/\/www.endo-access.com\/es\/producto\/limas-k\/#breadcrumb"},"inLanguage":"es","potentialAction":[{"@type":"ReadAction","target":["https:\/\/www.endo-access.com\/es\/producto\/limas-k\/"]}]},{"@type":"ImageObject","inLanguage":"es","@id":"https:\/\/www.endo-access.com\/es\/producto\/limas-k\/#primaryimage","url":"https:\/\/www.endo-access.com\/wp-content\/uploads\/LIME-K-FOND-BLANC-.png","contentUrl":"https:\/\/www.endo-access.com\/wp-content\/uploads\/LIME-K-FOND-BLANC-.png","width":1080,"height":1080},{"@type":"BreadcrumbList","@id":"https:\/\/www.endo-access.com\/es\/producto\/limas-k\/#breadcrumb","itemListElement":[{"@type":"ListItem","position":1,"name":"Accueil","item":"https:\/\/www.endo-access.com\/es\/"},{"@type":"ListItem","position":2,"name":"Productos","item":"https:\/\/www.endo-access.com\/es\/productos\/"},{"@type":"ListItem","position":3,"name":"K-LIMAS"}]},{"@type":"WebSite","@id":"https:\/\/www.endo-access.com\/es\/#website","url":"https:\/\/www.endo-access.com\/es\/","name":"access","description":"Efficacit\u00e9, Simplicit\u00e9, Rentabilit\u00e9.","publisher":{"@id":"https:\/\/www.endo-access.com\/es\/#organization"},"potentialAction":[{"@type":"SearchAction","target":{"@type":"EntryPoint","urlTemplate":"https:\/\/www.endo-access.com\/es\/?s={search_term_string}"},"query-input":{"@type":"PropertyValueSpecification","valueRequired":true,"valueName":"search_term_string"}}],"inLanguage":"es"},{"@type":"Organization","@id":"https:\/\/www.endo-access.com\/es\/#organization","name":"Access","url":"https:\/\/www.endo-access.com\/es\/","logo":{"@type":"ImageObject","inLanguage":"es","@id":"https:\/\/www.endo-access.com\/es\/#\/schema\/logo\/image\/","url":"https:\/\/www.endo-access.com\/wp-content\/uploads\/logo.png","contentUrl":"https:\/\/www.endo-access.com\/wp-content\/uploads\/logo.png","width":915,"height":915,"caption":"Access"},"image":{"@id":"https:\/\/www.endo-access.com\/es\/#\/schema\/logo\/image\/"},"sameAs":["https:\/\/www.facebook.com\/endoaccess\/","https:\/\/www.linkedin.com\/company\/endo-access\/","https:\/\/www.instagram.com\/endoaccess\/"]}]}},"_links":{"self":[{"href":"https:\/\/www.endo-access.com\/es\/wp-json\/wp\/v2\/product\/6549","targetHints":{"allow":["GET"]}}],"collection":[{"href":"https:\/\/www.endo-access.com\/es\/wp-json\/wp\/v2\/product"}],"about":[{"href":"https:\/\/www.endo-access.com\/es\/wp-json\/wp\/v2\/types\/product"}],"wp:featuredmedia":[{"embeddable":true,"href":"https:\/\/www.endo-access.com\/es\/wp-json\/wp\/v2\/media\/7474"}],"wp:attachment":[{"href":"https:\/\/www.endo-access.com\/es\/wp-json\/wp\/v2\/media?parent=6549"}],"wp:term":[{"taxonomy":"product_brand","embeddable":true,"href":"https:\/\/www.endo-access.com\/es\/wp-json\/wp\/v2\/product_brand?post=6549"},{"taxonomy":"product_cat","embeddable":true,"href":"https:\/\/www.endo-access.com\/es\/wp-json\/wp\/v2\/product_cat?post=6549"},{"taxonomy":"product_tag","embeddable":true,"href":"https:\/\/www.endo-access.com\/es\/wp-json\/wp\/v2\/product_tag?post=6549"}],"curies":[{"name":"wp","href":"https:\/\/api.w.org\/{rel}","templated":true}]}}