{"id":7786,"date":"2024-09-10T17:04:34","date_gmt":"2024-09-10T15:34:35","guid":{"rendered":"https:\/\/www.endo-access.com\/?post_type=product&#038;p=7786"},"modified":"2024-09-10T17:34:36","modified_gmt":"2024-09-10T15:34:36","slug":"diques-de-goma-de-latex","status":"publish","type":"product","link":"https:\/\/www.endo-access.com\/es\/producto\/diques-de-goma-de-latex\/","title":{"rendered":"DIQUES DE GOMA DE LATEX"},"content":{"rendered":"<p>Diques de goma precortados para el aislamiento absoluto del campo operatorio.<\/p>\n","protected":false},"excerpt":{"rendered":"<p>Diques de goma precortados para el aislamiento absoluto del campo operatorio.<\/p>\n","protected":false},"featured_media":7784,"template":"","meta":{"_acf_changed":false},"product_brand":[],"product_cat":[93],"product_tag":[],"class_list":{"0":"post-7786","1":"product","2":"type-product","3":"status-publish","4":"has-post-thumbnail","6":"product_cat-accesorios","8":"first","9":"instock","10":"shipping-taxable","11":"product-type-simple"},"acf":[],"yoast_head":"<!-- This site is optimized with the Yoast SEO plugin v27.0 - https:\/\/yoast.com\/product\/yoast-seo-wordpress\/ -->\n<title>DIQUES DE GOMA DE LATEX - access<\/title>\n<meta name=\"robots\" content=\"index, follow, max-snippet:-1, max-image-preview:large, max-video-preview:-1\" \/>\n<link rel=\"canonical\" href=\"https:\/\/www.endo-access.com\/es\/producto\/diques-de-goma-de-latex\/\" \/>\n<meta property=\"og:locale\" content=\"es_ES\" \/>\n<meta property=\"og:type\" content=\"article\" \/>\n<meta property=\"og:title\" content=\"DIQUES DE GOMA DE LATEX - access\" \/>\n<meta property=\"og:description\" content=\"Diques de goma precortados para el aislamiento absoluto del campo operatorio.\" \/>\n<meta property=\"og:url\" content=\"https:\/\/www.endo-access.com\/es\/producto\/diques-de-goma-de-latex\/\" \/>\n<meta property=\"og:site_name\" content=\"access\" \/>\n<meta property=\"article:publisher\" content=\"https:\/\/www.facebook.com\/endoaccess\/\" \/>\n<meta property=\"article:modified_time\" content=\"2024-09-10T15:34:36+00:00\" \/>\n<meta property=\"og:image\" content=\"https:\/\/www.endo-access.com\/wp-content\/uploads\/Visuel-Dental-Dam-Latex-ACCESS.png\" \/>\n\t<meta property=\"og:image:width\" content=\"2560\" \/>\n\t<meta property=\"og:image:height\" content=\"1610\" \/>\n\t<meta property=\"og:image:type\" content=\"image\/png\" \/>\n<meta name=\"twitter:card\" content=\"summary_large_image\" \/>\n<meta name=\"twitter:label1\" content=\"Tiempo de lectura\" \/>\n\t<meta name=\"twitter:data1\" content=\"1 minuto\" \/>\n<script type=\"application\/ld+json\" class=\"yoast-schema-graph\">{\"@context\":\"https:\/\/schema.org\",\"@graph\":[{\"@type\":\"WebPage\",\"@id\":\"https:\/\/www.endo-access.com\/es\/producto\/diques-de-goma-de-latex\/\",\"url\":\"https:\/\/www.endo-access.com\/es\/producto\/diques-de-goma-de-latex\/\",\"name\":\"DIQUES DE GOMA DE LATEX - access\",\"isPartOf\":{\"@id\":\"https:\/\/www.endo-access.com\/es\/#website\"},\"primaryImageOfPage\":{\"@id\":\"https:\/\/www.endo-access.com\/es\/producto\/diques-de-goma-de-latex\/#primaryimage\"},\"image\":{\"@id\":\"https:\/\/www.endo-access.com\/es\/producto\/diques-de-goma-de-latex\/#primaryimage\"},\"thumbnailUrl\":\"https:\/\/www.endo-access.com\/wp-content\/uploads\/Visuel-Dental-Dam-Latex-ACCESS.png\",\"datePublished\":\"2024-09-10T15:34:35+00:00\",\"dateModified\":\"2024-09-10T15:34:36+00:00\",\"breadcrumb\":{\"@id\":\"https:\/\/www.endo-access.com\/es\/producto\/diques-de-goma-de-latex\/#breadcrumb\"},\"inLanguage\":\"es\",\"potentialAction\":[{\"@type\":\"ReadAction\",\"target\":[\"https:\/\/www.endo-access.com\/es\/producto\/diques-de-goma-de-latex\/\"]}]},{\"@type\":\"ImageObject\",\"inLanguage\":\"es\",\"@id\":\"https:\/\/www.endo-access.com\/es\/producto\/diques-de-goma-de-latex\/#primaryimage\",\"url\":\"https:\/\/www.endo-access.com\/wp-content\/uploads\/Visuel-Dental-Dam-Latex-ACCESS.png\",\"contentUrl\":\"https:\/\/www.endo-access.com\/wp-content\/uploads\/Visuel-Dental-Dam-Latex-ACCESS.png\",\"width\":2560,\"height\":1610},{\"@type\":\"BreadcrumbList\",\"@id\":\"https:\/\/www.endo-access.com\/es\/producto\/diques-de-goma-de-latex\/#breadcrumb\",\"itemListElement\":[{\"@type\":\"ListItem\",\"position\":1,\"name\":\"Accueil\",\"item\":\"https:\/\/www.endo-access.com\/es\/\"},{\"@type\":\"ListItem\",\"position\":2,\"name\":\"Productos\",\"item\":\"https:\/\/www.endo-access.com\/es\/productos\/\"},{\"@type\":\"ListItem\",\"position\":3,\"name\":\"DIQUES DE GOMA DE LATEX\"}]},{\"@type\":\"WebSite\",\"@id\":\"https:\/\/www.endo-access.com\/es\/#website\",\"url\":\"https:\/\/www.endo-access.com\/es\/\",\"name\":\"access\",\"description\":\"Efficacit\u00e9, Simplicit\u00e9, Rentabilit\u00e9.\",\"publisher\":{\"@id\":\"https:\/\/www.endo-access.com\/es\/#organization\"},\"potentialAction\":[{\"@type\":\"SearchAction\",\"target\":{\"@type\":\"EntryPoint\",\"urlTemplate\":\"https:\/\/www.endo-access.com\/es\/?s={search_term_string}\"},\"query-input\":{\"@type\":\"PropertyValueSpecification\",\"valueRequired\":true,\"valueName\":\"search_term_string\"}}],\"inLanguage\":\"es\"},{\"@type\":\"Organization\",\"@id\":\"https:\/\/www.endo-access.com\/es\/#organization\",\"name\":\"Access\",\"url\":\"https:\/\/www.endo-access.com\/es\/\",\"logo\":{\"@type\":\"ImageObject\",\"inLanguage\":\"es\",\"@id\":\"https:\/\/www.endo-access.com\/es\/#\/schema\/logo\/image\/\",\"url\":\"https:\/\/www.endo-access.com\/wp-content\/uploads\/logo.png\",\"contentUrl\":\"https:\/\/www.endo-access.com\/wp-content\/uploads\/logo.png\",\"width\":915,\"height\":915,\"caption\":\"Access\"},\"image\":{\"@id\":\"https:\/\/www.endo-access.com\/es\/#\/schema\/logo\/image\/\"},\"sameAs\":[\"https:\/\/www.facebook.com\/endoaccess\/\",\"https:\/\/www.linkedin.com\/company\/endo-access\/\",\"https:\/\/www.instagram.com\/endoaccess\/\"]}]}<\/script>\n<!-- \/ Yoast SEO plugin. -->","yoast_head_json":{"title":"DIQUES DE GOMA DE LATEX - access","robots":{"index":"index","follow":"follow","max-snippet":"max-snippet:-1","max-image-preview":"max-image-preview:large","max-video-preview":"max-video-preview:-1"},"canonical":"https:\/\/www.endo-access.com\/es\/producto\/diques-de-goma-de-latex\/","og_locale":"es_ES","og_type":"article","og_title":"DIQUES DE GOMA DE LATEX - access","og_description":"Diques de goma precortados para el aislamiento absoluto del campo operatorio.","og_url":"https:\/\/www.endo-access.com\/es\/producto\/diques-de-goma-de-latex\/","og_site_name":"access","article_publisher":"https:\/\/www.facebook.com\/endoaccess\/","article_modified_time":"2024-09-10T15:34:36+00:00","og_image":[{"width":2560,"height":1610,"url":"https:\/\/www.endo-access.com\/wp-content\/uploads\/Visuel-Dental-Dam-Latex-ACCESS.png","type":"image\/png"}],"twitter_card":"summary_large_image","twitter_misc":{"Tiempo de lectura":"1 minuto"},"schema":{"@context":"https:\/\/schema.org","@graph":[{"@type":"WebPage","@id":"https:\/\/www.endo-access.com\/es\/producto\/diques-de-goma-de-latex\/","url":"https:\/\/www.endo-access.com\/es\/producto\/diques-de-goma-de-latex\/","name":"DIQUES DE GOMA DE LATEX - access","isPartOf":{"@id":"https:\/\/www.endo-access.com\/es\/#website"},"primaryImageOfPage":{"@id":"https:\/\/www.endo-access.com\/es\/producto\/diques-de-goma-de-latex\/#primaryimage"},"image":{"@id":"https:\/\/www.endo-access.com\/es\/producto\/diques-de-goma-de-latex\/#primaryimage"},"thumbnailUrl":"https:\/\/www.endo-access.com\/wp-content\/uploads\/Visuel-Dental-Dam-Latex-ACCESS.png","datePublished":"2024-09-10T15:34:35+00:00","dateModified":"2024-09-10T15:34:36+00:00","breadcrumb":{"@id":"https:\/\/www.endo-access.com\/es\/producto\/diques-de-goma-de-latex\/#breadcrumb"},"inLanguage":"es","potentialAction":[{"@type":"ReadAction","target":["https:\/\/www.endo-access.com\/es\/producto\/diques-de-goma-de-latex\/"]}]},{"@type":"ImageObject","inLanguage":"es","@id":"https:\/\/www.endo-access.com\/es\/producto\/diques-de-goma-de-latex\/#primaryimage","url":"https:\/\/www.endo-access.com\/wp-content\/uploads\/Visuel-Dental-Dam-Latex-ACCESS.png","contentUrl":"https:\/\/www.endo-access.com\/wp-content\/uploads\/Visuel-Dental-Dam-Latex-ACCESS.png","width":2560,"height":1610},{"@type":"BreadcrumbList","@id":"https:\/\/www.endo-access.com\/es\/producto\/diques-de-goma-de-latex\/#breadcrumb","itemListElement":[{"@type":"ListItem","position":1,"name":"Accueil","item":"https:\/\/www.endo-access.com\/es\/"},{"@type":"ListItem","position":2,"name":"Productos","item":"https:\/\/www.endo-access.com\/es\/productos\/"},{"@type":"ListItem","position":3,"name":"DIQUES DE GOMA DE LATEX"}]},{"@type":"WebSite","@id":"https:\/\/www.endo-access.com\/es\/#website","url":"https:\/\/www.endo-access.com\/es\/","name":"access","description":"Efficacit\u00e9, Simplicit\u00e9, Rentabilit\u00e9.","publisher":{"@id":"https:\/\/www.endo-access.com\/es\/#organization"},"potentialAction":[{"@type":"SearchAction","target":{"@type":"EntryPoint","urlTemplate":"https:\/\/www.endo-access.com\/es\/?s={search_term_string}"},"query-input":{"@type":"PropertyValueSpecification","valueRequired":true,"valueName":"search_term_string"}}],"inLanguage":"es"},{"@type":"Organization","@id":"https:\/\/www.endo-access.com\/es\/#organization","name":"Access","url":"https:\/\/www.endo-access.com\/es\/","logo":{"@type":"ImageObject","inLanguage":"es","@id":"https:\/\/www.endo-access.com\/es\/#\/schema\/logo\/image\/","url":"https:\/\/www.endo-access.com\/wp-content\/uploads\/logo.png","contentUrl":"https:\/\/www.endo-access.com\/wp-content\/uploads\/logo.png","width":915,"height":915,"caption":"Access"},"image":{"@id":"https:\/\/www.endo-access.com\/es\/#\/schema\/logo\/image\/"},"sameAs":["https:\/\/www.facebook.com\/endoaccess\/","https:\/\/www.linkedin.com\/company\/endo-access\/","https:\/\/www.instagram.com\/endoaccess\/"]}]}},"_links":{"self":[{"href":"https:\/\/www.endo-access.com\/es\/wp-json\/wp\/v2\/product\/7786","targetHints":{"allow":["GET"]}}],"collection":[{"href":"https:\/\/www.endo-access.com\/es\/wp-json\/wp\/v2\/product"}],"about":[{"href":"https:\/\/www.endo-access.com\/es\/wp-json\/wp\/v2\/types\/product"}],"wp:featuredmedia":[{"embeddable":true,"href":"https:\/\/www.endo-access.com\/es\/wp-json\/wp\/v2\/media\/7784"}],"wp:attachment":[{"href":"https:\/\/www.endo-access.com\/es\/wp-json\/wp\/v2\/media?parent=7786"}],"wp:term":[{"taxonomy":"product_brand","embeddable":true,"href":"https:\/\/www.endo-access.com\/es\/wp-json\/wp\/v2\/product_brand?post=7786"},{"taxonomy":"product_cat","embeddable":true,"href":"https:\/\/www.endo-access.com\/es\/wp-json\/wp\/v2\/product_cat?post=7786"},{"taxonomy":"product_tag","embeddable":true,"href":"https:\/\/www.endo-access.com\/es\/wp-json\/wp\/v2\/product_tag?post=7786"}],"curies":[{"name":"wp","href":"https:\/\/api.w.org\/{rel}","templated":true}]}}