{"id":9409,"date":"2026-02-19T10:28:48","date_gmt":"2026-02-19T09:28:48","guid":{"rendered":"https:\/\/www.endo-access.com\/?post_type=product&#038;p=9409"},"modified":"2026-02-19T10:28:24","modified_gmt":"2026-02-19T09:28:24","slug":"gutta-percha-condensers","status":"publish","type":"product","link":"https:\/\/www.endo-access.com\/es\/producto\/gutta-percha-condensers\/","title":{"rendered":"GUTTA-PERCHA CONDENSERS"},"content":{"rendered":"<p><strong>Instrumento para condensar de forma mec\u00e1nica la gutapercha<\/strong> en el conducto radicular, despu\u00e9s de haber finalizado la instrumentaci\u00f3n, limpieza y desinfecci\u00f3n.<\/p>\n<p>El <strong>termocompactador<\/strong> permite empujar la gutapercha, su rotaci\u00f3n la plastifica con el calor de la fricci\u00f3n, la fluidifica y la condensa.<\/p>\n","protected":false},"excerpt":{"rendered":"<p>Instrumento para condensar de forma mec\u00e1nica la gutapercha en el conducto radicular, despu\u00e9s de haber finalizado la instrumentaci\u00f3n, limpieza y desinfecci\u00f3n. El termocompactador permite empujar la gutapercha, su rotaci\u00f3n la plastifica con el calor de la fricci\u00f3n, la fluidifica y la condensa.<\/p>\n","protected":false},"featured_media":9398,"template":"","meta":{"_acf_changed":false},"product_brand":[],"product_cat":[159],"product_tag":[],"class_list":{"0":"post-9409","1":"product","2":"type-product","3":"status-publish","4":"has-post-thumbnail","6":"product_cat-sistema-de-obturacion-es","8":"first","9":"instock","10":"shipping-taxable","11":"product-type-simple"},"acf":[],"yoast_head":"<!-- This site is optimized with the Yoast SEO plugin v27.0 - https:\/\/yoast.com\/product\/yoast-seo-wordpress\/ -->\n<title>GUTTA-PERCHA CONDENSERS - access<\/title>\n<meta name=\"robots\" content=\"index, follow, max-snippet:-1, max-image-preview:large, max-video-preview:-1\" \/>\n<link rel=\"canonical\" href=\"https:\/\/www.endo-access.com\/es\/producto\/gutta-percha-condensers\/\" \/>\n<meta property=\"og:locale\" content=\"es_ES\" \/>\n<meta property=\"og:type\" content=\"article\" \/>\n<meta property=\"og:title\" content=\"GUTTA-PERCHA CONDENSERS - access\" \/>\n<meta property=\"og:description\" content=\"Instrumento para condensar de forma mec\u00e1nica la gutapercha en el conducto radicular, despu\u00e9s de haber finalizado la instrumentaci\u00f3n, limpieza y desinfecci\u00f3n. El termocompactador permite empujar la gutapercha, su rotaci\u00f3n la plastifica con el calor de la fricci\u00f3n, la fluidifica y la condensa.\" \/>\n<meta property=\"og:url\" content=\"https:\/\/www.endo-access.com\/es\/producto\/gutta-percha-condensers\/\" \/>\n<meta property=\"og:site_name\" content=\"access\" \/>\n<meta property=\"article:publisher\" content=\"https:\/\/www.facebook.com\/endoaccess\/\" \/>\n<meta property=\"og:image\" content=\"https:\/\/www.endo-access.com\/wp-content\/uploads\/Gutta-percha_condensers_ACCESS-png.png\" \/>\n\t<meta property=\"og:image:width\" content=\"310\" \/>\n\t<meta property=\"og:image:height\" content=\"212\" \/>\n\t<meta property=\"og:image:type\" content=\"image\/png\" \/>\n<meta name=\"twitter:card\" content=\"summary_large_image\" \/>\n<meta name=\"twitter:label1\" content=\"Tiempo de lectura\" \/>\n\t<meta name=\"twitter:data1\" content=\"1 minuto\" \/>\n<script type=\"application\/ld+json\" class=\"yoast-schema-graph\">{\"@context\":\"https:\/\/schema.org\",\"@graph\":[{\"@type\":\"WebPage\",\"@id\":\"https:\/\/www.endo-access.com\/es\/producto\/gutta-percha-condensers\/\",\"url\":\"https:\/\/www.endo-access.com\/es\/producto\/gutta-percha-condensers\/\",\"name\":\"GUTTA-PERCHA CONDENSERS - access\",\"isPartOf\":{\"@id\":\"https:\/\/www.endo-access.com\/es\/#website\"},\"primaryImageOfPage\":{\"@id\":\"https:\/\/www.endo-access.com\/es\/producto\/gutta-percha-condensers\/#primaryimage\"},\"image\":{\"@id\":\"https:\/\/www.endo-access.com\/es\/producto\/gutta-percha-condensers\/#primaryimage\"},\"thumbnailUrl\":\"https:\/\/www.endo-access.com\/wp-content\/uploads\/Gutta-percha_condensers_ACCESS-png.png\",\"datePublished\":\"2026-02-19T09:28:48+00:00\",\"breadcrumb\":{\"@id\":\"https:\/\/www.endo-access.com\/es\/producto\/gutta-percha-condensers\/#breadcrumb\"},\"inLanguage\":\"es\",\"potentialAction\":[{\"@type\":\"ReadAction\",\"target\":[\"https:\/\/www.endo-access.com\/es\/producto\/gutta-percha-condensers\/\"]}]},{\"@type\":\"ImageObject\",\"inLanguage\":\"es\",\"@id\":\"https:\/\/www.endo-access.com\/es\/producto\/gutta-percha-condensers\/#primaryimage\",\"url\":\"https:\/\/www.endo-access.com\/wp-content\/uploads\/Gutta-percha_condensers_ACCESS-png.png\",\"contentUrl\":\"https:\/\/www.endo-access.com\/wp-content\/uploads\/Gutta-percha_condensers_ACCESS-png.png\",\"width\":310,\"height\":212},{\"@type\":\"BreadcrumbList\",\"@id\":\"https:\/\/www.endo-access.com\/es\/producto\/gutta-percha-condensers\/#breadcrumb\",\"itemListElement\":[{\"@type\":\"ListItem\",\"position\":1,\"name\":\"Accueil\",\"item\":\"https:\/\/www.endo-access.com\/es\/\"},{\"@type\":\"ListItem\",\"position\":2,\"name\":\"Productos\",\"item\":\"https:\/\/www.endo-access.com\/es\/productos\/\"},{\"@type\":\"ListItem\",\"position\":3,\"name\":\"GUTTA-PERCHA CONDENSERS\"}]},{\"@type\":\"WebSite\",\"@id\":\"https:\/\/www.endo-access.com\/es\/#website\",\"url\":\"https:\/\/www.endo-access.com\/es\/\",\"name\":\"access\",\"description\":\"Efficacit\u00e9, Simplicit\u00e9, Rentabilit\u00e9.\",\"publisher\":{\"@id\":\"https:\/\/www.endo-access.com\/es\/#organization\"},\"potentialAction\":[{\"@type\":\"SearchAction\",\"target\":{\"@type\":\"EntryPoint\",\"urlTemplate\":\"https:\/\/www.endo-access.com\/es\/?s={search_term_string}\"},\"query-input\":{\"@type\":\"PropertyValueSpecification\",\"valueRequired\":true,\"valueName\":\"search_term_string\"}}],\"inLanguage\":\"es\"},{\"@type\":\"Organization\",\"@id\":\"https:\/\/www.endo-access.com\/es\/#organization\",\"name\":\"Access\",\"url\":\"https:\/\/www.endo-access.com\/es\/\",\"logo\":{\"@type\":\"ImageObject\",\"inLanguage\":\"es\",\"@id\":\"https:\/\/www.endo-access.com\/es\/#\/schema\/logo\/image\/\",\"url\":\"https:\/\/www.endo-access.com\/wp-content\/uploads\/logo.png\",\"contentUrl\":\"https:\/\/www.endo-access.com\/wp-content\/uploads\/logo.png\",\"width\":915,\"height\":915,\"caption\":\"Access\"},\"image\":{\"@id\":\"https:\/\/www.endo-access.com\/es\/#\/schema\/logo\/image\/\"},\"sameAs\":[\"https:\/\/www.facebook.com\/endoaccess\/\",\"https:\/\/www.linkedin.com\/company\/endo-access\/\",\"https:\/\/www.instagram.com\/endoaccess\/\"]}]}<\/script>\n<!-- \/ Yoast SEO plugin. -->","yoast_head_json":{"title":"GUTTA-PERCHA CONDENSERS - access","robots":{"index":"index","follow":"follow","max-snippet":"max-snippet:-1","max-image-preview":"max-image-preview:large","max-video-preview":"max-video-preview:-1"},"canonical":"https:\/\/www.endo-access.com\/es\/producto\/gutta-percha-condensers\/","og_locale":"es_ES","og_type":"article","og_title":"GUTTA-PERCHA CONDENSERS - access","og_description":"Instrumento para condensar de forma mec\u00e1nica la gutapercha en el conducto radicular, despu\u00e9s de haber finalizado la instrumentaci\u00f3n, limpieza y desinfecci\u00f3n. El termocompactador permite empujar la gutapercha, su rotaci\u00f3n la plastifica con el calor de la fricci\u00f3n, la fluidifica y la condensa.","og_url":"https:\/\/www.endo-access.com\/es\/producto\/gutta-percha-condensers\/","og_site_name":"access","article_publisher":"https:\/\/www.facebook.com\/endoaccess\/","og_image":[{"width":310,"height":212,"url":"https:\/\/www.endo-access.com\/wp-content\/uploads\/Gutta-percha_condensers_ACCESS-png.png","type":"image\/png"}],"twitter_card":"summary_large_image","twitter_misc":{"Tiempo de lectura":"1 minuto"},"schema":{"@context":"https:\/\/schema.org","@graph":[{"@type":"WebPage","@id":"https:\/\/www.endo-access.com\/es\/producto\/gutta-percha-condensers\/","url":"https:\/\/www.endo-access.com\/es\/producto\/gutta-percha-condensers\/","name":"GUTTA-PERCHA CONDENSERS - access","isPartOf":{"@id":"https:\/\/www.endo-access.com\/es\/#website"},"primaryImageOfPage":{"@id":"https:\/\/www.endo-access.com\/es\/producto\/gutta-percha-condensers\/#primaryimage"},"image":{"@id":"https:\/\/www.endo-access.com\/es\/producto\/gutta-percha-condensers\/#primaryimage"},"thumbnailUrl":"https:\/\/www.endo-access.com\/wp-content\/uploads\/Gutta-percha_condensers_ACCESS-png.png","datePublished":"2026-02-19T09:28:48+00:00","breadcrumb":{"@id":"https:\/\/www.endo-access.com\/es\/producto\/gutta-percha-condensers\/#breadcrumb"},"inLanguage":"es","potentialAction":[{"@type":"ReadAction","target":["https:\/\/www.endo-access.com\/es\/producto\/gutta-percha-condensers\/"]}]},{"@type":"ImageObject","inLanguage":"es","@id":"https:\/\/www.endo-access.com\/es\/producto\/gutta-percha-condensers\/#primaryimage","url":"https:\/\/www.endo-access.com\/wp-content\/uploads\/Gutta-percha_condensers_ACCESS-png.png","contentUrl":"https:\/\/www.endo-access.com\/wp-content\/uploads\/Gutta-percha_condensers_ACCESS-png.png","width":310,"height":212},{"@type":"BreadcrumbList","@id":"https:\/\/www.endo-access.com\/es\/producto\/gutta-percha-condensers\/#breadcrumb","itemListElement":[{"@type":"ListItem","position":1,"name":"Accueil","item":"https:\/\/www.endo-access.com\/es\/"},{"@type":"ListItem","position":2,"name":"Productos","item":"https:\/\/www.endo-access.com\/es\/productos\/"},{"@type":"ListItem","position":3,"name":"GUTTA-PERCHA CONDENSERS"}]},{"@type":"WebSite","@id":"https:\/\/www.endo-access.com\/es\/#website","url":"https:\/\/www.endo-access.com\/es\/","name":"access","description":"Efficacit\u00e9, Simplicit\u00e9, Rentabilit\u00e9.","publisher":{"@id":"https:\/\/www.endo-access.com\/es\/#organization"},"potentialAction":[{"@type":"SearchAction","target":{"@type":"EntryPoint","urlTemplate":"https:\/\/www.endo-access.com\/es\/?s={search_term_string}"},"query-input":{"@type":"PropertyValueSpecification","valueRequired":true,"valueName":"search_term_string"}}],"inLanguage":"es"},{"@type":"Organization","@id":"https:\/\/www.endo-access.com\/es\/#organization","name":"Access","url":"https:\/\/www.endo-access.com\/es\/","logo":{"@type":"ImageObject","inLanguage":"es","@id":"https:\/\/www.endo-access.com\/es\/#\/schema\/logo\/image\/","url":"https:\/\/www.endo-access.com\/wp-content\/uploads\/logo.png","contentUrl":"https:\/\/www.endo-access.com\/wp-content\/uploads\/logo.png","width":915,"height":915,"caption":"Access"},"image":{"@id":"https:\/\/www.endo-access.com\/es\/#\/schema\/logo\/image\/"},"sameAs":["https:\/\/www.facebook.com\/endoaccess\/","https:\/\/www.linkedin.com\/company\/endo-access\/","https:\/\/www.instagram.com\/endoaccess\/"]}]}},"_links":{"self":[{"href":"https:\/\/www.endo-access.com\/es\/wp-json\/wp\/v2\/product\/9409","targetHints":{"allow":["GET"]}}],"collection":[{"href":"https:\/\/www.endo-access.com\/es\/wp-json\/wp\/v2\/product"}],"about":[{"href":"https:\/\/www.endo-access.com\/es\/wp-json\/wp\/v2\/types\/product"}],"wp:featuredmedia":[{"embeddable":true,"href":"https:\/\/www.endo-access.com\/es\/wp-json\/wp\/v2\/media\/9398"}],"wp:attachment":[{"href":"https:\/\/www.endo-access.com\/es\/wp-json\/wp\/v2\/media?parent=9409"}],"wp:term":[{"taxonomy":"product_brand","embeddable":true,"href":"https:\/\/www.endo-access.com\/es\/wp-json\/wp\/v2\/product_brand?post=9409"},{"taxonomy":"product_cat","embeddable":true,"href":"https:\/\/www.endo-access.com\/es\/wp-json\/wp\/v2\/product_cat?post=9409"},{"taxonomy":"product_tag","embeddable":true,"href":"https:\/\/www.endo-access.com\/es\/wp-json\/wp\/v2\/product_tag?post=9409"}],"curies":[{"name":"wp","href":"https:\/\/api.w.org\/{rel}","templated":true}]}}