{"id":2370,"date":"2020-10-20T11:51:06","date_gmt":"2020-10-20T09:51:06","guid":{"rendered":"https:\/\/www.endo-access.com\/?page_id=2370"},"modified":"2020-10-20T11:51:07","modified_gmt":"2020-10-20T09:51:07","slug":"contatti","status":"publish","type":"page","link":"https:\/\/www.endo-access.com\/it\/contatti\/","title":{"rendered":"Contatti"},"content":{"rendered":"\n<div class=\"wpcf7 no-js\" id=\"wpcf7-f2372-o1\" lang=\"it-IT\" dir=\"ltr\" data-wpcf7-id=\"2372\">\n<div class=\"screen-reader-response\"><p role=\"status\" aria-live=\"polite\" aria-atomic=\"true\"><\/p> <ul><\/ul><\/div>\n<form action=\"\/it\/wp-json\/wp\/v2\/pages\/2370#wpcf7-f2372-o1\" method=\"post\" class=\"wpcf7-form init\" aria-label=\"Modulo di contatto\" novalidate=\"novalidate\" data-status=\"init\">\n<fieldset class=\"hidden-fields-container\"><input type=\"hidden\" name=\"_wpcf7\" value=\"2372\" \/><input type=\"hidden\" name=\"_wpcf7_version\" value=\"6.1.5\" \/><input type=\"hidden\" name=\"_wpcf7_locale\" value=\"it_IT\" \/><input type=\"hidden\" name=\"_wpcf7_unit_tag\" value=\"wpcf7-f2372-o1\" \/><input type=\"hidden\" name=\"_wpcf7_container_post\" value=\"0\" \/><input type=\"hidden\" name=\"_wpcf7_posted_data_hash\" value=\"\" \/>\n<\/fieldset>\n<div class=\"row contact-box\">\n\t<div class=\"w-12\">\n\t\t<p><span class=\"wpcf7-form-control-wrap\" data-name=\"your-recipient\"><select class=\"wpcf7-form-control wpcf7-select wpcf7-validates-as-required\" aria-required=\"true\" aria-invalid=\"false\" name=\"your-recipient\"><option value=\"Sei un distributore o un importatore e desideri ottenere informazioni sui nostri prodotti o i nostri prezzi\">Sei un distributore o un importatore e desideri ottenere informazioni sui nostri prodotti o i nostri prezzi<\/option><option value=\"Desiderate ottenere informazioni tecniche\">Desiderate ottenere informazioni tecniche<\/option><\/select><\/span>\n\t\t<\/p>\n\t\t<p><span class=\"wpcf7-form-control-wrap\" data-name=\"your-name1\"><input size=\"40\" maxlength=\"400\" class=\"wpcf7-form-control wpcf7-text wpcf7-validates-as-required\" id=\"namefield\" aria-required=\"true\" aria-invalid=\"false\" placeholder=\"Il nome\" value=\"\" type=\"text\" name=\"your-name1\" \/><\/span>\n\t\t<\/p>\n\t\t<p><span class=\"wpcf7-form-control-wrap\" data-name=\"your-first-name1\"><input size=\"40\" maxlength=\"400\" class=\"wpcf7-form-control wpcf7-text wpcf7-validates-as-required\" aria-required=\"true\" aria-invalid=\"false\" placeholder=\"Cognome\" value=\"\" type=\"text\" name=\"your-first-name1\" \/><\/span>\n\t\t<\/p>\n\t\t<p><span class=\"wpcf7-form-control-wrap\" data-name=\"your-email1\"><input size=\"40\" maxlength=\"400\" class=\"wpcf7-form-control wpcf7-email wpcf7-validates-as-required wpcf7-text wpcf7-validates-as-email\" aria-required=\"true\" aria-invalid=\"false\" placeholder=\"E-mail\" value=\"\" type=\"email\" name=\"your-email1\" \/><\/span>\n\t\t<\/p>\n\t\t<p><span class=\"wpcf7-form-control-wrap\" data-name=\"your-message\"><textarea cols=\"40\" rows=\"10\" maxlength=\"2000\" class=\"wpcf7-form-control wpcf7-textarea\" aria-invalid=\"false\" placeholder=\"Messaggio\" name=\"your-message\"><\/textarea><\/span>\n\t\t<\/p>\n\t\t<p>[acceptance]I have read and accept the privacy policy of this site[\/acceptance]\n\t\t<\/p>\n\t\t<div class=\"obligatoire\">\n\t\t\t<p>* Tutti i campi sono obbligatori\n\t\t\t<\/p>\n\t\t<\/div>\n\t\t<p class=\"obligatoire\">I vostri dati personali sono utilizzati al solo fine di gestire le richieste relative a un prodotto, commenti sul sito web, eventi o semplici contatti. Le informazioni richieste sono necessarie a tale trattamento. Avete il diritto di accedere, rettificare o cancellare, di limitare il trattamento dei vostri dati, di opporvi alla loro trasmissione e di definire le linee guida relative all\u2019utilizzo dei vostri dati post mortem. Potete anche ritirare il vostro consenso in qualunque momento e presentare un reclamo all'autorit\u00e0 competente. <a href=\"https:\/\/www.endo-access.com\/it\/informativa-sulla-privacy\/\">Cliccate qui per saperne di pi\u00f9.<\/a>.\n\t\t<\/p>\n\t\t<p><input class=\"wpcf7-form-control wpcf7-submit has-spinner\" type=\"submit\" value=\"Invia\" \/>\n\t\t<\/p>\n\t<\/div>\n<\/div><div class=\"wpcf7-response-output\" aria-hidden=\"true\"><\/div>\n<\/form>\n<\/div>\n\n","protected":false},"excerpt":{"rendered":"","protected":false},"author":1,"featured_media":0,"parent":0,"menu_order":24,"comment_status":"closed","ping_status":"closed","template":"templates\/template-full-width.php","meta":{"_acf_changed":false,"footnotes":""},"class_list":["post-2370","page","type-page","status-publish","hentry"],"acf":[],"yoast_head":"<!-- This site is optimized with the Yoast SEO plugin v27.0 - https:\/\/yoast.com\/product\/yoast-seo-wordpress\/ -->\n<title>Contatti - access<\/title>\n<meta name=\"robots\" content=\"index, follow, max-snippet:-1, max-image-preview:large, max-video-preview:-1\" \/>\n<link rel=\"canonical\" href=\"https:\/\/www.endo-access.com\/it\/contatti\/\" \/>\n<meta property=\"og:locale\" content=\"it_IT\" \/>\n<meta property=\"og:type\" content=\"article\" \/>\n<meta property=\"og:title\" content=\"Contatti - access\" \/>\n<meta property=\"og:url\" content=\"https:\/\/www.endo-access.com\/it\/contatti\/\" \/>\n<meta property=\"og:site_name\" content=\"access\" \/>\n<meta property=\"article:publisher\" content=\"https:\/\/www.facebook.com\/endoaccess\/\" \/>\n<meta property=\"article:modified_time\" content=\"2020-10-20T09:51:07+00:00\" \/>\n<meta property=\"og:image\" content=\"https:\/\/www.endo-access.com\/wp-content\/uploads\/logo.png\" \/>\n\t<meta property=\"og:image:width\" content=\"915\" \/>\n\t<meta property=\"og:image:height\" content=\"915\" \/>\n\t<meta property=\"og:image:type\" content=\"image\/png\" \/>\n<meta name=\"twitter:card\" content=\"summary_large_image\" \/>\n<script type=\"application\/ld+json\" class=\"yoast-schema-graph\">{\"@context\":\"https:\/\/schema.org\",\"@graph\":[{\"@type\":\"WebPage\",\"@id\":\"https:\/\/www.endo-access.com\/it\/contatti\/\",\"url\":\"https:\/\/www.endo-access.com\/it\/contatti\/\",\"name\":\"Contatti - access\",\"isPartOf\":{\"@id\":\"https:\/\/www.endo-access.com\/it\/#website\"},\"datePublished\":\"2020-10-20T09:51:06+00:00\",\"dateModified\":\"2020-10-20T09:51:07+00:00\",\"breadcrumb\":{\"@id\":\"https:\/\/www.endo-access.com\/it\/contatti\/#breadcrumb\"},\"inLanguage\":\"it-IT\",\"potentialAction\":[{\"@type\":\"ReadAction\",\"target\":[\"https:\/\/www.endo-access.com\/it\/contatti\/\"]}]},{\"@type\":\"BreadcrumbList\",\"@id\":\"https:\/\/www.endo-access.com\/it\/contatti\/#breadcrumb\",\"itemListElement\":[{\"@type\":\"ListItem\",\"position\":1,\"name\":\"Accueil\",\"item\":\"https:\/\/www.endo-access.com\/it\/\"},{\"@type\":\"ListItem\",\"position\":2,\"name\":\"Contatti\"}]},{\"@type\":\"WebSite\",\"@id\":\"https:\/\/www.endo-access.com\/it\/#website\",\"url\":\"https:\/\/www.endo-access.com\/it\/\",\"name\":\"access\",\"description\":\"Efficacit\u00e9, Simplicit\u00e9, Rentabilit\u00e9.\",\"publisher\":{\"@id\":\"https:\/\/www.endo-access.com\/it\/#organization\"},\"potentialAction\":[{\"@type\":\"SearchAction\",\"target\":{\"@type\":\"EntryPoint\",\"urlTemplate\":\"https:\/\/www.endo-access.com\/it\/?s={search_term_string}\"},\"query-input\":{\"@type\":\"PropertyValueSpecification\",\"valueRequired\":true,\"valueName\":\"search_term_string\"}}],\"inLanguage\":\"it-IT\"},{\"@type\":\"Organization\",\"@id\":\"https:\/\/www.endo-access.com\/it\/#organization\",\"name\":\"Access\",\"url\":\"https:\/\/www.endo-access.com\/it\/\",\"logo\":{\"@type\":\"ImageObject\",\"inLanguage\":\"it-IT\",\"@id\":\"https:\/\/www.endo-access.com\/it\/#\/schema\/logo\/image\/\",\"url\":\"https:\/\/www.endo-access.com\/wp-content\/uploads\/logo.png\",\"contentUrl\":\"https:\/\/www.endo-access.com\/wp-content\/uploads\/logo.png\",\"width\":915,\"height\":915,\"caption\":\"Access\"},\"image\":{\"@id\":\"https:\/\/www.endo-access.com\/it\/#\/schema\/logo\/image\/\"},\"sameAs\":[\"https:\/\/www.facebook.com\/endoaccess\/\",\"https:\/\/www.linkedin.com\/company\/endo-access\/\",\"https:\/\/www.instagram.com\/endoaccess\/\"]}]}<\/script>\n<!-- \/ Yoast SEO plugin. -->","yoast_head_json":{"title":"Contatti - access","robots":{"index":"index","follow":"follow","max-snippet":"max-snippet:-1","max-image-preview":"max-image-preview:large","max-video-preview":"max-video-preview:-1"},"canonical":"https:\/\/www.endo-access.com\/it\/contatti\/","og_locale":"it_IT","og_type":"article","og_title":"Contatti - access","og_url":"https:\/\/www.endo-access.com\/it\/contatti\/","og_site_name":"access","article_publisher":"https:\/\/www.facebook.com\/endoaccess\/","article_modified_time":"2020-10-20T09:51:07+00:00","og_image":[{"width":915,"height":915,"url":"https:\/\/www.endo-access.com\/wp-content\/uploads\/logo.png","type":"image\/png"}],"twitter_card":"summary_large_image","schema":{"@context":"https:\/\/schema.org","@graph":[{"@type":"WebPage","@id":"https:\/\/www.endo-access.com\/it\/contatti\/","url":"https:\/\/www.endo-access.com\/it\/contatti\/","name":"Contatti - access","isPartOf":{"@id":"https:\/\/www.endo-access.com\/it\/#website"},"datePublished":"2020-10-20T09:51:06+00:00","dateModified":"2020-10-20T09:51:07+00:00","breadcrumb":{"@id":"https:\/\/www.endo-access.com\/it\/contatti\/#breadcrumb"},"inLanguage":"it-IT","potentialAction":[{"@type":"ReadAction","target":["https:\/\/www.endo-access.com\/it\/contatti\/"]}]},{"@type":"BreadcrumbList","@id":"https:\/\/www.endo-access.com\/it\/contatti\/#breadcrumb","itemListElement":[{"@type":"ListItem","position":1,"name":"Accueil","item":"https:\/\/www.endo-access.com\/it\/"},{"@type":"ListItem","position":2,"name":"Contatti"}]},{"@type":"WebSite","@id":"https:\/\/www.endo-access.com\/it\/#website","url":"https:\/\/www.endo-access.com\/it\/","name":"access","description":"Efficacit\u00e9, Simplicit\u00e9, Rentabilit\u00e9.","publisher":{"@id":"https:\/\/www.endo-access.com\/it\/#organization"},"potentialAction":[{"@type":"SearchAction","target":{"@type":"EntryPoint","urlTemplate":"https:\/\/www.endo-access.com\/it\/?s={search_term_string}"},"query-input":{"@type":"PropertyValueSpecification","valueRequired":true,"valueName":"search_term_string"}}],"inLanguage":"it-IT"},{"@type":"Organization","@id":"https:\/\/www.endo-access.com\/it\/#organization","name":"Access","url":"https:\/\/www.endo-access.com\/it\/","logo":{"@type":"ImageObject","inLanguage":"it-IT","@id":"https:\/\/www.endo-access.com\/it\/#\/schema\/logo\/image\/","url":"https:\/\/www.endo-access.com\/wp-content\/uploads\/logo.png","contentUrl":"https:\/\/www.endo-access.com\/wp-content\/uploads\/logo.png","width":915,"height":915,"caption":"Access"},"image":{"@id":"https:\/\/www.endo-access.com\/it\/#\/schema\/logo\/image\/"},"sameAs":["https:\/\/www.facebook.com\/endoaccess\/","https:\/\/www.linkedin.com\/company\/endo-access\/","https:\/\/www.instagram.com\/endoaccess\/"]}]}},"_links":{"self":[{"href":"https:\/\/www.endo-access.com\/it\/wp-json\/wp\/v2\/pages\/2370","targetHints":{"allow":["GET"]}}],"collection":[{"href":"https:\/\/www.endo-access.com\/it\/wp-json\/wp\/v2\/pages"}],"about":[{"href":"https:\/\/www.endo-access.com\/it\/wp-json\/wp\/v2\/types\/page"}],"author":[{"embeddable":true,"href":"https:\/\/www.endo-access.com\/it\/wp-json\/wp\/v2\/users\/1"}],"replies":[{"embeddable":true,"href":"https:\/\/www.endo-access.com\/it\/wp-json\/wp\/v2\/comments?post=2370"}],"version-history":[{"count":1,"href":"https:\/\/www.endo-access.com\/it\/wp-json\/wp\/v2\/pages\/2370\/revisions"}],"predecessor-version":[{"id":2371,"href":"https:\/\/www.endo-access.com\/it\/wp-json\/wp\/v2\/pages\/2370\/revisions\/2371"}],"wp:attachment":[{"href":"https:\/\/www.endo-access.com\/it\/wp-json\/wp\/v2\/media?parent=2370"}],"curies":[{"name":"wp","href":"https:\/\/api.w.org\/{rel}","templated":true}]}}