{"id":2376,"date":"2020-10-20T11:58:07","date_gmt":"2020-10-20T09:58:07","guid":{"rendered":"https:\/\/www.endo-access.com\/?page_id=2376"},"modified":"2026-02-25T18:05:11","modified_gmt":"2026-02-25T17:05:11","slug":"distributori","status":"publish","type":"page","link":"https:\/\/www.endo-access.com\/it\/distributori\/","title":{"rendered":"Distributori"},"content":{"rendered":"\n<p>Elenco dei distributori dei prodotti Access:<\/p>\n\n\n\n<h2 class=\"wp-block-heading\">Francia<\/h2>\n\n\n\n<div class=\"wp-block-columns is-layout-flex wp-container-core-columns-is-layout-9d6595d7 wp-block-columns-is-layout-flex\">\n<div class=\"wp-block-column is-layout-flow wp-block-column-is-layout-flow\">\n<p><strong>GACD<\/strong><br>25, rue Bleue<br>75009 Paris<br>+ 33 1 42 46 87 87<br><a rel=\"noreferrer noopener\" href=\"http:\/\/www.gacd.fr\/\" target=\"_blank\">www.gacd.fr<\/a><\/p>\n\n\n\n<p><strong>PROMODENTAIRE<\/strong><br>2 bis Chemin du Loup<br>93290 Tremblay-en-France<br>+ 33 1 49 63 35 35<br><a rel=\"noreferrer noopener\" href=\"http:\/\/www.promodentaire.com\/\" target=\"_blank\">www.promodentaire.com<\/a><\/p>\n<\/div>\n\n\n\n<div class=\"wp-block-column is-layout-flow wp-block-column-is-layout-flow\">\n<p><strong>CAP<\/strong><br>2 bis Chemin du Loup<br>93290 Tremblay-en-France<br>+33 1 49 63 12 12<br><a rel=\"noreferrer noopener\" href=\"http:\/\/www.capdentaire.com\/\" target=\"_blank\">www.capdentaire.com<\/a><\/p>\n<\/div>\n<\/div>\n\n\n\n<div class=\"wp-block-columns is-layout-flex wp-container-core-columns-is-layout-9d6595d7 wp-block-columns-is-layout-flex\">\n<div class=\"wp-block-column is-layout-flow wp-block-column-is-layout-flow\">\n<h2 class=\"wp-block-heading\">Spagna<\/h2>\n\n\n\n<p><strong>DVD<\/strong><br>Pol.industrial Can Calder\u00f3n. c\/Murcia, 35 A-B<br>Sant Boi de Llobregat 08830 BARCELONA<br>+34 900 300 475<br><a rel=\"noreferrer noopener\" href=\"http:\/\/www.dvd-dental.com\/\" target=\"_blank\">www.dvd-dental.com<\/a><\/p>\n<\/div>\n\n\n\n<div class=\"wp-block-column is-layout-flow wp-block-column-is-layout-flow\">\n<h2 class=\"wp-block-heading\">Portogallo<\/h2>\n\n\n\n<p><strong>DENTALEADER<\/strong><br><\/p>\n\n\n\n<p>Campo Grande, 28\u00aa<br>1700-093 Lisboa<br>+351 217816490<br><a href=\"http:\/\/www.dentaleader.com\/\" target=\"_blank\" rel=\"noreferrer noopener\">www.dentaleader.com<\/a><\/p>\n<\/div>\n<\/div>\n\n\n\n<div class=\"wp-block-columns is-layout-flex wp-container-core-columns-is-layout-9d6595d7 wp-block-columns-is-layout-flex\">\n<div class=\"wp-block-column is-layout-flow wp-block-column-is-layout-flow\">\n<h2 class=\"wp-block-heading\">Gran bretagna<\/h2>\n\n\n\n<p><strong>DENTAL SKY<br><\/strong>Unit A Foster Road<br>Ashford Business Park \u2013 Ashford Kent TN 24 0SH<br>0800 294 4700<br><a rel=\"noreferrer noopener\" href=\"http:\/\/www.dentalsky.com\/\" target=\"_blank\">www.dentalsky.com<\/a><\/p>\n<\/div>\n\n\n\n<div class=\"wp-block-column is-layout-flow wp-block-column-is-layout-flow\">\n<h2 class=\"wp-block-heading\">Italia<\/h2>\n\n\n\n<p><strong>DENTAL LEADER<br><\/strong>Viale Monza 265<br>20126 Milano<br>+ 39 02 27 00 04 12<br><a rel=\"noreferrer noopener\" href=\"http:\/\/www.dental-leader.it\/\" target=\"_blank\">www.dental-leader.it<\/a><\/p>\n<\/div>\n<\/div>\n\n\n\n<h2 class=\"wp-block-heading\">Belgio<\/h2>\n\n\n\n<p><strong>DENTAL ADDICT SPRL<br><\/strong>STATIONSSTRAAT, 190 \/ 1<br>1640 SINT-GENESIUS-RODE- BELGIE<br>+32 2 851 11 58<br><a rel=\"noreferrer noopener\" href=\"http:\/\/www.dental-addict.be\" target=\"_blank\">www.dental-addict.be<\/a><\/p>\n\n\n\n<h2 class=\"wp-block-heading\">Svizzera<\/h2>\n\n\n\n<p><strong>DENTAL ADDICT <br><\/strong>Schanzenstrasse 4a,<br>3008 Bern,<br>Svizzera<br>+41 31 528 22 21<br><a href=\"http:\/\/www.dental-addict.be\" target=\"_blank\" rel=\"noreferrer noopener\">www.dental-addict.ch<\/a><\/p>\n","protected":false},"excerpt":{"rendered":"<p>Elenco dei distributori dei prodotti Access: Francia GACD25, rue Bleue75009 Paris+ 33 1 42 46 87 87www.gacd.fr PROMODENTAIRE2 bis Chemin du Loup93290 Tremblay-en-France+ 33 1 49 63 35 35www.promodentaire.com CAP2 bis Chemin du Loup93290 Tremblay-en-France+33 1 49 63 12 12www.capdentaire.com Spagna DVDPol.industrial Can Calder\u00f3n. c\/Murcia, 35 A-BSant Boi de Llobregat 08830 BARCELONA+34 900 300 475www.dvd-dental.com [&hellip;]<\/p>\n","protected":false},"author":1,"featured_media":2154,"parent":0,"menu_order":19,"comment_status":"closed","ping_status":"closed","template":"templates\/template-cover.php","meta":{"_acf_changed":false,"footnotes":""},"class_list":["post-2376","page","type-page","status-publish","has-post-thumbnail","hentry"],"acf":[],"yoast_head":"<!-- This site is optimized with the Yoast SEO plugin v27.0 - https:\/\/yoast.com\/product\/yoast-seo-wordpress\/ -->\n<title>Distributori - access<\/title>\n<meta name=\"robots\" content=\"index, follow, max-snippet:-1, max-image-preview:large, max-video-preview:-1\" \/>\n<link rel=\"canonical\" href=\"https:\/\/www.endo-access.com\/it\/distributori\/\" \/>\n<meta property=\"og:locale\" content=\"it_IT\" \/>\n<meta property=\"og:type\" content=\"article\" \/>\n<meta property=\"og:title\" content=\"Distributori - access\" \/>\n<meta property=\"og:description\" content=\"Elenco dei distributori dei prodotti Access: Francia GACD25, rue Bleue75009 Paris+ 33 1 42 46 87 87www.gacd.fr PROMODENTAIRE2 bis Chemin du Loup93290 Tremblay-en-France+ 33 1 49 63 35 35www.promodentaire.com CAP2 bis Chemin du Loup93290 Tremblay-en-France+33 1 49 63 12 12www.capdentaire.com Spagna DVDPol.industrial Can Calder\u00f3n. c\/Murcia, 35 A-BSant Boi de Llobregat 08830 BARCELONA+34 900 300 475www.dvd-dental.com [&hellip;]\" \/>\n<meta property=\"og:url\" content=\"https:\/\/www.endo-access.com\/it\/distributori\/\" \/>\n<meta property=\"og:site_name\" content=\"access\" \/>\n<meta property=\"article:publisher\" content=\"https:\/\/www.facebook.com\/endoaccess\/\" \/>\n<meta property=\"article:modified_time\" content=\"2026-02-25T17:05:11+00:00\" \/>\n<meta property=\"og:image\" content=\"https:\/\/www.endo-access.com\/wp-content\/uploads\/distributeurs-2.png\" \/>\n\t<meta property=\"og:image:width\" content=\"6250\" \/>\n\t<meta property=\"og:image:height\" content=\"1593\" \/>\n\t<meta property=\"og:image:type\" content=\"image\/png\" \/>\n<meta name=\"twitter:card\" content=\"summary_large_image\" \/>\n<meta name=\"twitter:label1\" content=\"Tempo di lettura stimato\" \/>\n\t<meta name=\"twitter:data1\" content=\"1 minuto\" \/>\n<script type=\"application\/ld+json\" class=\"yoast-schema-graph\">{\"@context\":\"https:\/\/schema.org\",\"@graph\":[{\"@type\":\"WebPage\",\"@id\":\"https:\/\/www.endo-access.com\/it\/distributori\/\",\"url\":\"https:\/\/www.endo-access.com\/it\/distributori\/\",\"name\":\"Distributori - access\",\"isPartOf\":{\"@id\":\"https:\/\/www.endo-access.com\/it\/#website\"},\"primaryImageOfPage\":{\"@id\":\"https:\/\/www.endo-access.com\/it\/distributori\/#primaryimage\"},\"image\":{\"@id\":\"https:\/\/www.endo-access.com\/it\/distributori\/#primaryimage\"},\"thumbnailUrl\":\"https:\/\/www.endo-access.com\/wp-content\/uploads\/distributeurs-2.png\",\"datePublished\":\"2020-10-20T09:58:07+00:00\",\"dateModified\":\"2026-02-25T17:05:11+00:00\",\"breadcrumb\":{\"@id\":\"https:\/\/www.endo-access.com\/it\/distributori\/#breadcrumb\"},\"inLanguage\":\"it-IT\",\"potentialAction\":[{\"@type\":\"ReadAction\",\"target\":[\"https:\/\/www.endo-access.com\/it\/distributori\/\"]}]},{\"@type\":\"ImageObject\",\"inLanguage\":\"it-IT\",\"@id\":\"https:\/\/www.endo-access.com\/it\/distributori\/#primaryimage\",\"url\":\"https:\/\/www.endo-access.com\/wp-content\/uploads\/distributeurs-2.png\",\"contentUrl\":\"https:\/\/www.endo-access.com\/wp-content\/uploads\/distributeurs-2.png\",\"width\":6250,\"height\":1593},{\"@type\":\"BreadcrumbList\",\"@id\":\"https:\/\/www.endo-access.com\/it\/distributori\/#breadcrumb\",\"itemListElement\":[{\"@type\":\"ListItem\",\"position\":1,\"name\":\"Accueil\",\"item\":\"https:\/\/www.endo-access.com\/it\/\"},{\"@type\":\"ListItem\",\"position\":2,\"name\":\"Distributori\"}]},{\"@type\":\"WebSite\",\"@id\":\"https:\/\/www.endo-access.com\/it\/#website\",\"url\":\"https:\/\/www.endo-access.com\/it\/\",\"name\":\"access\",\"description\":\"Efficacit\u00e9, Simplicit\u00e9, Rentabilit\u00e9.\",\"publisher\":{\"@id\":\"https:\/\/www.endo-access.com\/it\/#organization\"},\"potentialAction\":[{\"@type\":\"SearchAction\",\"target\":{\"@type\":\"EntryPoint\",\"urlTemplate\":\"https:\/\/www.endo-access.com\/it\/?s={search_term_string}\"},\"query-input\":{\"@type\":\"PropertyValueSpecification\",\"valueRequired\":true,\"valueName\":\"search_term_string\"}}],\"inLanguage\":\"it-IT\"},{\"@type\":\"Organization\",\"@id\":\"https:\/\/www.endo-access.com\/it\/#organization\",\"name\":\"Access\",\"url\":\"https:\/\/www.endo-access.com\/it\/\",\"logo\":{\"@type\":\"ImageObject\",\"inLanguage\":\"it-IT\",\"@id\":\"https:\/\/www.endo-access.com\/it\/#\/schema\/logo\/image\/\",\"url\":\"https:\/\/www.endo-access.com\/wp-content\/uploads\/logo.png\",\"contentUrl\":\"https:\/\/www.endo-access.com\/wp-content\/uploads\/logo.png\",\"width\":915,\"height\":915,\"caption\":\"Access\"},\"image\":{\"@id\":\"https:\/\/www.endo-access.com\/it\/#\/schema\/logo\/image\/\"},\"sameAs\":[\"https:\/\/www.facebook.com\/endoaccess\/\",\"https:\/\/www.linkedin.com\/company\/endo-access\/\",\"https:\/\/www.instagram.com\/endoaccess\/\"]}]}<\/script>\n<!-- \/ Yoast SEO plugin. -->","yoast_head_json":{"title":"Distributori - access","robots":{"index":"index","follow":"follow","max-snippet":"max-snippet:-1","max-image-preview":"max-image-preview:large","max-video-preview":"max-video-preview:-1"},"canonical":"https:\/\/www.endo-access.com\/it\/distributori\/","og_locale":"it_IT","og_type":"article","og_title":"Distributori - access","og_description":"Elenco dei distributori dei prodotti Access: Francia GACD25, rue Bleue75009 Paris+ 33 1 42 46 87 87www.gacd.fr PROMODENTAIRE2 bis Chemin du Loup93290 Tremblay-en-France+ 33 1 49 63 35 35www.promodentaire.com CAP2 bis Chemin du Loup93290 Tremblay-en-France+33 1 49 63 12 12www.capdentaire.com Spagna DVDPol.industrial Can Calder\u00f3n. c\/Murcia, 35 A-BSant Boi de Llobregat 08830 BARCELONA+34 900 300 475www.dvd-dental.com [&hellip;]","og_url":"https:\/\/www.endo-access.com\/it\/distributori\/","og_site_name":"access","article_publisher":"https:\/\/www.facebook.com\/endoaccess\/","article_modified_time":"2026-02-25T17:05:11+00:00","og_image":[{"width":6250,"height":1593,"url":"https:\/\/www.endo-access.com\/wp-content\/uploads\/distributeurs-2.png","type":"image\/png"}],"twitter_card":"summary_large_image","twitter_misc":{"Tempo di lettura stimato":"1 minuto"},"schema":{"@context":"https:\/\/schema.org","@graph":[{"@type":"WebPage","@id":"https:\/\/www.endo-access.com\/it\/distributori\/","url":"https:\/\/www.endo-access.com\/it\/distributori\/","name":"Distributori - access","isPartOf":{"@id":"https:\/\/www.endo-access.com\/it\/#website"},"primaryImageOfPage":{"@id":"https:\/\/www.endo-access.com\/it\/distributori\/#primaryimage"},"image":{"@id":"https:\/\/www.endo-access.com\/it\/distributori\/#primaryimage"},"thumbnailUrl":"https:\/\/www.endo-access.com\/wp-content\/uploads\/distributeurs-2.png","datePublished":"2020-10-20T09:58:07+00:00","dateModified":"2026-02-25T17:05:11+00:00","breadcrumb":{"@id":"https:\/\/www.endo-access.com\/it\/distributori\/#breadcrumb"},"inLanguage":"it-IT","potentialAction":[{"@type":"ReadAction","target":["https:\/\/www.endo-access.com\/it\/distributori\/"]}]},{"@type":"ImageObject","inLanguage":"it-IT","@id":"https:\/\/www.endo-access.com\/it\/distributori\/#primaryimage","url":"https:\/\/www.endo-access.com\/wp-content\/uploads\/distributeurs-2.png","contentUrl":"https:\/\/www.endo-access.com\/wp-content\/uploads\/distributeurs-2.png","width":6250,"height":1593},{"@type":"BreadcrumbList","@id":"https:\/\/www.endo-access.com\/it\/distributori\/#breadcrumb","itemListElement":[{"@type":"ListItem","position":1,"name":"Accueil","item":"https:\/\/www.endo-access.com\/it\/"},{"@type":"ListItem","position":2,"name":"Distributori"}]},{"@type":"WebSite","@id":"https:\/\/www.endo-access.com\/it\/#website","url":"https:\/\/www.endo-access.com\/it\/","name":"access","description":"Efficacit\u00e9, Simplicit\u00e9, Rentabilit\u00e9.","publisher":{"@id":"https:\/\/www.endo-access.com\/it\/#organization"},"potentialAction":[{"@type":"SearchAction","target":{"@type":"EntryPoint","urlTemplate":"https:\/\/www.endo-access.com\/it\/?s={search_term_string}"},"query-input":{"@type":"PropertyValueSpecification","valueRequired":true,"valueName":"search_term_string"}}],"inLanguage":"it-IT"},{"@type":"Organization","@id":"https:\/\/www.endo-access.com\/it\/#organization","name":"Access","url":"https:\/\/www.endo-access.com\/it\/","logo":{"@type":"ImageObject","inLanguage":"it-IT","@id":"https:\/\/www.endo-access.com\/it\/#\/schema\/logo\/image\/","url":"https:\/\/www.endo-access.com\/wp-content\/uploads\/logo.png","contentUrl":"https:\/\/www.endo-access.com\/wp-content\/uploads\/logo.png","width":915,"height":915,"caption":"Access"},"image":{"@id":"https:\/\/www.endo-access.com\/it\/#\/schema\/logo\/image\/"},"sameAs":["https:\/\/www.facebook.com\/endoaccess\/","https:\/\/www.linkedin.com\/company\/endo-access\/","https:\/\/www.instagram.com\/endoaccess\/"]}]}},"_links":{"self":[{"href":"https:\/\/www.endo-access.com\/it\/wp-json\/wp\/v2\/pages\/2376","targetHints":{"allow":["GET"]}}],"collection":[{"href":"https:\/\/www.endo-access.com\/it\/wp-json\/wp\/v2\/pages"}],"about":[{"href":"https:\/\/www.endo-access.com\/it\/wp-json\/wp\/v2\/types\/page"}],"author":[{"embeddable":true,"href":"https:\/\/www.endo-access.com\/it\/wp-json\/wp\/v2\/users\/1"}],"replies":[{"embeddable":true,"href":"https:\/\/www.endo-access.com\/it\/wp-json\/wp\/v2\/comments?post=2376"}],"version-history":[{"count":7,"href":"https:\/\/www.endo-access.com\/it\/wp-json\/wp\/v2\/pages\/2376\/revisions"}],"predecessor-version":[{"id":9560,"href":"https:\/\/www.endo-access.com\/it\/wp-json\/wp\/v2\/pages\/2376\/revisions\/9560"}],"wp:featuredmedia":[{"embeddable":true,"href":"https:\/\/www.endo-access.com\/it\/wp-json\/wp\/v2\/media\/2154"}],"wp:attachment":[{"href":"https:\/\/www.endo-access.com\/it\/wp-json\/wp\/v2\/media?parent=2376"}],"curies":[{"name":"wp","href":"https:\/\/api.w.org\/{rel}","templated":true}]}}