{"id":2378,"date":"2020-10-20T12:00:18","date_gmt":"2020-10-20T10:00:18","guid":{"rendered":"https:\/\/www.endo-access.com\/?page_id=2378"},"modified":"2020-12-22T16:34:04","modified_gmt":"2020-12-22T15:34:04","slug":"informazioni-legali","status":"publish","type":"page","link":"https:\/\/www.endo-access.com\/it\/informazioni-legali\/","title":{"rendered":"Informazioni legali"},"content":{"rendered":"\n<p>Sito internet:\u00a0<a href=\"https:\/\/www.endo-access.com\/\">https:\/\/www.endo-access.com\/<\/a><\/p>\n\n\n\n<p>Leggere i foglietti illustrativi.<br>Foto non contrattuali.<br>L\u2019utente che accede a questo sito si impegna ad agire conformemente alle presenti condizioni di utilizzo.<\/p>\n\n\n\n<h2 class=\"wp-block-heading\">1. Informazioni sull\u2019editore<\/h2>\n\n\n\n<p>Questo sito \u00e8 realizzato da:<\/p>\n\n\n\n<p>MEDICAL TELEMARKETING<br>25 rue Bleue<br>75009 Paris<br>FRANCE<br>Siret : 47751590200013<\/p>\n\n\n\n<h2 class=\"wp-block-heading\">2. Informazioni sull\u2019 hosting<\/h2>\n\n\n\n<p>Questo sito \u00e8 ospitato dall\u2019hosting \u00ab GANDI \u00bb.<\/p>\n\n\n\n<h2 class=\"wp-block-heading\">3. Diritti d\u2019autore \/ Copyright<\/h2>\n\n\n\n<p>I marchi e i logo che compaiono su questo sito sono stati depositati dai loro rispettivi proprietari.<br>La loro menzione non fornisce in alcun modo la licenza o il diritto di utilizzare uno qualunque di questi marchi senza il consenso precedente e scritto del proprietario del marchio stesso sotto accusa di contraffazione.<br>Tutte le informazioni presenti su questo sito possono essere scaricate, riprodotte e stampate a patto di :<br>\u2022 utilizzare queste informazioni solamente a scopo personale e non a scopo commerciale ;<br>\u2022 non modificare queste informazioni.<\/p>\n\n\n\n<p><strong>Copyright :<\/strong>&nbsp;\u00a9ACCESS<\/p>\n\n\n\n<p>Ultimo aggiornamento : Febbraio 2019<\/p>\n","protected":false},"excerpt":{"rendered":"<p>Sito internet:\u00a0https:\/\/www.endo-access.com\/ Leggere i foglietti illustrativi.Foto non contrattuali.L\u2019utente che accede a questo sito si impegna ad agire conformemente alle presenti condizioni di utilizzo. 1. Informazioni sull\u2019editore Questo sito \u00e8 realizzato da: MEDICAL TELEMARKETING25 rue Bleue75009 ParisFRANCESiret : 47751590200013 2. Informazioni sull\u2019 hosting Questo sito \u00e8 ospitato dall\u2019hosting \u00ab GANDI \u00bb. 3. Diritti d\u2019autore \/ Copyright [&hellip;]<\/p>\n","protected":false},"author":1,"featured_media":0,"parent":0,"menu_order":20,"comment_status":"closed","ping_status":"closed","template":"","meta":{"_acf_changed":false,"footnotes":""},"class_list":["post-2378","page","type-page","status-publish","hentry"],"acf":[],"yoast_head":"<!-- This site is optimized with the Yoast SEO plugin v27.0 - https:\/\/yoast.com\/product\/yoast-seo-wordpress\/ -->\n<title>Informazioni legali - access<\/title>\n<meta name=\"robots\" content=\"index, follow, max-snippet:-1, max-image-preview:large, max-video-preview:-1\" \/>\n<link rel=\"canonical\" href=\"https:\/\/www.endo-access.com\/it\/informazioni-legali\/\" \/>\n<meta property=\"og:locale\" content=\"it_IT\" \/>\n<meta property=\"og:type\" content=\"article\" \/>\n<meta property=\"og:title\" content=\"Informazioni legali - access\" \/>\n<meta property=\"og:description\" content=\"Sito internet:\u00a0https:\/\/www.endo-access.com\/ Leggere i foglietti illustrativi.Foto non contrattuali.L\u2019utente che accede a questo sito si impegna ad agire conformemente alle presenti condizioni di utilizzo. 1. Informazioni sull\u2019editore Questo sito \u00e8 realizzato da: MEDICAL TELEMARKETING25 rue Bleue75009 ParisFRANCESiret : 47751590200013 2. Informazioni sull\u2019 hosting Questo sito \u00e8 ospitato dall\u2019hosting \u00ab GANDI \u00bb. 3. Diritti d\u2019autore \/ Copyright [&hellip;]\" \/>\n<meta property=\"og:url\" content=\"https:\/\/www.endo-access.com\/it\/informazioni-legali\/\" \/>\n<meta property=\"og:site_name\" content=\"access\" \/>\n<meta property=\"article:publisher\" content=\"https:\/\/www.facebook.com\/endoaccess\/\" \/>\n<meta property=\"article:modified_time\" content=\"2020-12-22T15:34:04+00:00\" \/>\n<meta property=\"og:image\" content=\"https:\/\/www.endo-access.com\/wp-content\/uploads\/logo.png\" \/>\n\t<meta property=\"og:image:width\" content=\"915\" \/>\n\t<meta property=\"og:image:height\" content=\"915\" \/>\n\t<meta property=\"og:image:type\" content=\"image\/png\" \/>\n<meta name=\"twitter:card\" content=\"summary_large_image\" \/>\n<meta name=\"twitter:label1\" content=\"Tempo di lettura stimato\" \/>\n\t<meta name=\"twitter:data1\" content=\"1 minuto\" \/>\n<script type=\"application\/ld+json\" class=\"yoast-schema-graph\">{\"@context\":\"https:\/\/schema.org\",\"@graph\":[{\"@type\":\"WebPage\",\"@id\":\"https:\/\/www.endo-access.com\/it\/informazioni-legali\/\",\"url\":\"https:\/\/www.endo-access.com\/it\/informazioni-legali\/\",\"name\":\"Informazioni legali - access\",\"isPartOf\":{\"@id\":\"https:\/\/www.endo-access.com\/it\/#website\"},\"datePublished\":\"2020-10-20T10:00:18+00:00\",\"dateModified\":\"2020-12-22T15:34:04+00:00\",\"breadcrumb\":{\"@id\":\"https:\/\/www.endo-access.com\/it\/informazioni-legali\/#breadcrumb\"},\"inLanguage\":\"it-IT\",\"potentialAction\":[{\"@type\":\"ReadAction\",\"target\":[\"https:\/\/www.endo-access.com\/it\/informazioni-legali\/\"]}]},{\"@type\":\"BreadcrumbList\",\"@id\":\"https:\/\/www.endo-access.com\/it\/informazioni-legali\/#breadcrumb\",\"itemListElement\":[{\"@type\":\"ListItem\",\"position\":1,\"name\":\"Accueil\",\"item\":\"https:\/\/www.endo-access.com\/it\/\"},{\"@type\":\"ListItem\",\"position\":2,\"name\":\"Informazioni legali\"}]},{\"@type\":\"WebSite\",\"@id\":\"https:\/\/www.endo-access.com\/it\/#website\",\"url\":\"https:\/\/www.endo-access.com\/it\/\",\"name\":\"access\",\"description\":\"Efficacit\u00e9, Simplicit\u00e9, Rentabilit\u00e9.\",\"publisher\":{\"@id\":\"https:\/\/www.endo-access.com\/it\/#organization\"},\"potentialAction\":[{\"@type\":\"SearchAction\",\"target\":{\"@type\":\"EntryPoint\",\"urlTemplate\":\"https:\/\/www.endo-access.com\/it\/?s={search_term_string}\"},\"query-input\":{\"@type\":\"PropertyValueSpecification\",\"valueRequired\":true,\"valueName\":\"search_term_string\"}}],\"inLanguage\":\"it-IT\"},{\"@type\":\"Organization\",\"@id\":\"https:\/\/www.endo-access.com\/it\/#organization\",\"name\":\"Access\",\"url\":\"https:\/\/www.endo-access.com\/it\/\",\"logo\":{\"@type\":\"ImageObject\",\"inLanguage\":\"it-IT\",\"@id\":\"https:\/\/www.endo-access.com\/it\/#\/schema\/logo\/image\/\",\"url\":\"https:\/\/www.endo-access.com\/wp-content\/uploads\/logo.png\",\"contentUrl\":\"https:\/\/www.endo-access.com\/wp-content\/uploads\/logo.png\",\"width\":915,\"height\":915,\"caption\":\"Access\"},\"image\":{\"@id\":\"https:\/\/www.endo-access.com\/it\/#\/schema\/logo\/image\/\"},\"sameAs\":[\"https:\/\/www.facebook.com\/endoaccess\/\",\"https:\/\/www.linkedin.com\/company\/endo-access\/\",\"https:\/\/www.instagram.com\/endoaccess\/\"]}]}<\/script>\n<!-- \/ Yoast SEO plugin. -->","yoast_head_json":{"title":"Informazioni legali - access","robots":{"index":"index","follow":"follow","max-snippet":"max-snippet:-1","max-image-preview":"max-image-preview:large","max-video-preview":"max-video-preview:-1"},"canonical":"https:\/\/www.endo-access.com\/it\/informazioni-legali\/","og_locale":"it_IT","og_type":"article","og_title":"Informazioni legali - access","og_description":"Sito internet:\u00a0https:\/\/www.endo-access.com\/ Leggere i foglietti illustrativi.Foto non contrattuali.L\u2019utente che accede a questo sito si impegna ad agire conformemente alle presenti condizioni di utilizzo. 1. Informazioni sull\u2019editore Questo sito \u00e8 realizzato da: MEDICAL TELEMARKETING25 rue Bleue75009 ParisFRANCESiret : 47751590200013 2. Informazioni sull\u2019 hosting Questo sito \u00e8 ospitato dall\u2019hosting \u00ab GANDI \u00bb. 3. Diritti d\u2019autore \/ Copyright [&hellip;]","og_url":"https:\/\/www.endo-access.com\/it\/informazioni-legali\/","og_site_name":"access","article_publisher":"https:\/\/www.facebook.com\/endoaccess\/","article_modified_time":"2020-12-22T15:34:04+00:00","og_image":[{"width":915,"height":915,"url":"https:\/\/www.endo-access.com\/wp-content\/uploads\/logo.png","type":"image\/png"}],"twitter_card":"summary_large_image","twitter_misc":{"Tempo di lettura stimato":"1 minuto"},"schema":{"@context":"https:\/\/schema.org","@graph":[{"@type":"WebPage","@id":"https:\/\/www.endo-access.com\/it\/informazioni-legali\/","url":"https:\/\/www.endo-access.com\/it\/informazioni-legali\/","name":"Informazioni legali - access","isPartOf":{"@id":"https:\/\/www.endo-access.com\/it\/#website"},"datePublished":"2020-10-20T10:00:18+00:00","dateModified":"2020-12-22T15:34:04+00:00","breadcrumb":{"@id":"https:\/\/www.endo-access.com\/it\/informazioni-legali\/#breadcrumb"},"inLanguage":"it-IT","potentialAction":[{"@type":"ReadAction","target":["https:\/\/www.endo-access.com\/it\/informazioni-legali\/"]}]},{"@type":"BreadcrumbList","@id":"https:\/\/www.endo-access.com\/it\/informazioni-legali\/#breadcrumb","itemListElement":[{"@type":"ListItem","position":1,"name":"Accueil","item":"https:\/\/www.endo-access.com\/it\/"},{"@type":"ListItem","position":2,"name":"Informazioni legali"}]},{"@type":"WebSite","@id":"https:\/\/www.endo-access.com\/it\/#website","url":"https:\/\/www.endo-access.com\/it\/","name":"access","description":"Efficacit\u00e9, Simplicit\u00e9, Rentabilit\u00e9.","publisher":{"@id":"https:\/\/www.endo-access.com\/it\/#organization"},"potentialAction":[{"@type":"SearchAction","target":{"@type":"EntryPoint","urlTemplate":"https:\/\/www.endo-access.com\/it\/?s={search_term_string}"},"query-input":{"@type":"PropertyValueSpecification","valueRequired":true,"valueName":"search_term_string"}}],"inLanguage":"it-IT"},{"@type":"Organization","@id":"https:\/\/www.endo-access.com\/it\/#organization","name":"Access","url":"https:\/\/www.endo-access.com\/it\/","logo":{"@type":"ImageObject","inLanguage":"it-IT","@id":"https:\/\/www.endo-access.com\/it\/#\/schema\/logo\/image\/","url":"https:\/\/www.endo-access.com\/wp-content\/uploads\/logo.png","contentUrl":"https:\/\/www.endo-access.com\/wp-content\/uploads\/logo.png","width":915,"height":915,"caption":"Access"},"image":{"@id":"https:\/\/www.endo-access.com\/it\/#\/schema\/logo\/image\/"},"sameAs":["https:\/\/www.facebook.com\/endoaccess\/","https:\/\/www.linkedin.com\/company\/endo-access\/","https:\/\/www.instagram.com\/endoaccess\/"]}]}},"_links":{"self":[{"href":"https:\/\/www.endo-access.com\/it\/wp-json\/wp\/v2\/pages\/2378","targetHints":{"allow":["GET"]}}],"collection":[{"href":"https:\/\/www.endo-access.com\/it\/wp-json\/wp\/v2\/pages"}],"about":[{"href":"https:\/\/www.endo-access.com\/it\/wp-json\/wp\/v2\/types\/page"}],"author":[{"embeddable":true,"href":"https:\/\/www.endo-access.com\/it\/wp-json\/wp\/v2\/users\/1"}],"replies":[{"embeddable":true,"href":"https:\/\/www.endo-access.com\/it\/wp-json\/wp\/v2\/comments?post=2378"}],"version-history":[{"count":2,"href":"https:\/\/www.endo-access.com\/it\/wp-json\/wp\/v2\/pages\/2378\/revisions"}],"predecessor-version":[{"id":3628,"href":"https:\/\/www.endo-access.com\/it\/wp-json\/wp\/v2\/pages\/2378\/revisions\/3628"}],"wp:attachment":[{"href":"https:\/\/www.endo-access.com\/it\/wp-json\/wp\/v2\/media?parent=2378"}],"curies":[{"name":"wp","href":"https:\/\/api.w.org\/{rel}","templated":true}]}}