{"id":2384,"date":"2020-10-20T12:07:53","date_gmt":"2020-10-20T10:07:53","guid":{"rendered":"https:\/\/www.endo-access.com\/?page_id=2384"},"modified":"2020-12-22T16:31:04","modified_gmt":"2020-12-22T15:31:04","slug":"testimonianze","status":"publish","type":"page","link":"https:\/\/www.endo-access.com\/it\/testimonianze\/","title":{"rendered":"Testimonianze"},"content":{"rendered":"\n<p>Conferenza di Endodonzia di alto livello ad un prezzo scontato, organizzata dall&#8217;AFOS<\/p>\n\n\n\n<div class=\"wp-block-columns is-layout-flex wp-container-core-columns-is-layout-9d6595d7 wp-block-columns-is-layout-flex\">\n<div class=\"wp-block-column is-layout-flow wp-block-column-is-layout-flow\">\n<figure class=\"wp-block-pullquote has-background is-style-solid-color\" style=\"background-color:#f2f2f2\"><blockquote class=\"has-text-color has-primary-color\"><p>Relatore molto interessante!<\/p><p>Si imparano sempre trucchi e astuzie per migliorare la pratica quotidiana. Eccellente giornata.\u00a0<\/p><cite><strong>Dottor B.<\/strong> 17\/10\/2019.&nbsp;<\/cite><\/blockquote><\/figure>\n<\/div>\n\n\n\n<div class=\"wp-block-column is-layout-flow wp-block-column-is-layout-flow\">\n<figure class=\"wp-block-pullquote has-background is-style-solid-color\" style=\"background-color:#f2f2f2\"><blockquote class=\"has-text-color has-primary-color\"><p>Splendida formazione pratica, molto accattivante e serrata<\/p><p>Bellissima giornata con il Dottor SETBON.<\/p><p>Pedagogia interessante e molti trucchi e astuzie.&nbsp;<\/p><cite><strong>Dottor L<\/strong>.&nbsp;30\/01\/2020.<\/cite><\/blockquote><\/figure>\n<\/div>\n<\/div>\n\n\n\n<div class=\"wp-block-columns is-layout-flex wp-container-core-columns-is-layout-9d6595d7 wp-block-columns-is-layout-flex\">\n<div class=\"wp-block-column is-layout-flow wp-block-column-is-layout-flow\">\n<figure class=\"wp-block-pullquote has-background is-style-solid-color\" style=\"background-color:#f2f2f2\"><blockquote><p>Un relatore di alto livello&nbsp;:<\/p><p>Una voglia pazzesca di migliorare la mia Endodonzia. Bravo<\/p><cite><strong>Dottor R<\/strong>. 30\/01\/2020.<\/cite><\/blockquote><\/figure>\n<\/div>\n\n\n\n<div class=\"wp-block-column is-layout-flow wp-block-column-is-layout-flow\">\n<figure class=\"wp-block-pullquote has-background is-style-solid-color\" style=\"background-color:#f2f2f2\"><blockquote><p>Conferenza molto didattica.<\/p><p>Eccellente.<\/p><p>Conferenza accessibile.&nbsp;<\/p><cite><strong>Dottor B<\/strong>. 17\/10\/2019.<\/cite><\/blockquote><\/figure>\n<\/div>\n<\/div>\n","protected":false},"excerpt":{"rendered":"<p>Conferenza di Endodonzia di alto livello ad un prezzo scontato, organizzata dall&#8217;AFOS Relatore molto interessante! Si imparano sempre trucchi e astuzie per migliorare la pratica quotidiana. Eccellente giornata.\u00a0 Dottor B. 17\/10\/2019.&nbsp; Splendida formazione pratica, molto accattivante e serrata Bellissima giornata con il Dottor SETBON. Pedagogia interessante e molti trucchi e astuzie.&nbsp; Dottor L.&nbsp;30\/01\/2020. Un relatore [&hellip;]<\/p>\n","protected":false},"author":1,"featured_media":2290,"parent":0,"menu_order":17,"comment_status":"closed","ping_status":"closed","template":"templates\/template-cover.php","meta":{"_acf_changed":false,"footnotes":""},"class_list":["post-2384","page","type-page","status-publish","has-post-thumbnail","hentry"],"acf":[],"yoast_head":"<!-- This site is optimized with the Yoast SEO plugin v27.0 - https:\/\/yoast.com\/product\/yoast-seo-wordpress\/ -->\n<title>Testimonianze - access<\/title>\n<meta name=\"robots\" content=\"index, follow, max-snippet:-1, max-image-preview:large, max-video-preview:-1\" \/>\n<link rel=\"canonical\" href=\"https:\/\/www.endo-access.com\/it\/testimonianze\/\" \/>\n<meta property=\"og:locale\" content=\"it_IT\" \/>\n<meta property=\"og:type\" content=\"article\" \/>\n<meta property=\"og:title\" content=\"Testimonianze - access\" \/>\n<meta property=\"og:description\" content=\"Conferenza di Endodonzia di alto livello ad un prezzo scontato, organizzata dall&#8217;AFOS Relatore molto interessante! Si imparano sempre trucchi e astuzie per migliorare la pratica quotidiana. Eccellente giornata.\u00a0 Dottor B. 17\/10\/2019.&nbsp; Splendida formazione pratica, molto accattivante e serrata Bellissima giornata con il Dottor SETBON. Pedagogia interessante e molti trucchi e astuzie.&nbsp; Dottor L.&nbsp;30\/01\/2020. Un relatore [&hellip;]\" \/>\n<meta property=\"og:url\" content=\"https:\/\/www.endo-access.com\/it\/testimonianze\/\" \/>\n<meta property=\"og:site_name\" content=\"access\" \/>\n<meta property=\"article:publisher\" content=\"https:\/\/www.facebook.com\/endoaccess\/\" \/>\n<meta property=\"article:modified_time\" content=\"2020-12-22T15:31:04+00:00\" \/>\n<meta property=\"og:image\" content=\"https:\/\/www.endo-access.com\/wp-content\/uploads\/temoignages-2.png\" \/>\n\t<meta property=\"og:image:width\" content=\"6250\" \/>\n\t<meta property=\"og:image:height\" content=\"1593\" \/>\n\t<meta property=\"og:image:type\" content=\"image\/png\" \/>\n<meta name=\"twitter:card\" content=\"summary_large_image\" \/>\n<script type=\"application\/ld+json\" class=\"yoast-schema-graph\">{\"@context\":\"https:\/\/schema.org\",\"@graph\":[{\"@type\":\"WebPage\",\"@id\":\"https:\/\/www.endo-access.com\/it\/testimonianze\/\",\"url\":\"https:\/\/www.endo-access.com\/it\/testimonianze\/\",\"name\":\"Testimonianze - access\",\"isPartOf\":{\"@id\":\"https:\/\/www.endo-access.com\/it\/#website\"},\"primaryImageOfPage\":{\"@id\":\"https:\/\/www.endo-access.com\/it\/testimonianze\/#primaryimage\"},\"image\":{\"@id\":\"https:\/\/www.endo-access.com\/it\/testimonianze\/#primaryimage\"},\"thumbnailUrl\":\"https:\/\/www.endo-access.com\/wp-content\/uploads\/temoignages-2.png\",\"datePublished\":\"2020-10-20T10:07:53+00:00\",\"dateModified\":\"2020-12-22T15:31:04+00:00\",\"breadcrumb\":{\"@id\":\"https:\/\/www.endo-access.com\/it\/testimonianze\/#breadcrumb\"},\"inLanguage\":\"it-IT\",\"potentialAction\":[{\"@type\":\"ReadAction\",\"target\":[\"https:\/\/www.endo-access.com\/it\/testimonianze\/\"]}]},{\"@type\":\"ImageObject\",\"inLanguage\":\"it-IT\",\"@id\":\"https:\/\/www.endo-access.com\/it\/testimonianze\/#primaryimage\",\"url\":\"https:\/\/www.endo-access.com\/wp-content\/uploads\/temoignages-2.png\",\"contentUrl\":\"https:\/\/www.endo-access.com\/wp-content\/uploads\/temoignages-2.png\",\"width\":6250,\"height\":1593},{\"@type\":\"BreadcrumbList\",\"@id\":\"https:\/\/www.endo-access.com\/it\/testimonianze\/#breadcrumb\",\"itemListElement\":[{\"@type\":\"ListItem\",\"position\":1,\"name\":\"Accueil\",\"item\":\"https:\/\/www.endo-access.com\/it\/\"},{\"@type\":\"ListItem\",\"position\":2,\"name\":\"Testimonianze\"}]},{\"@type\":\"WebSite\",\"@id\":\"https:\/\/www.endo-access.com\/it\/#website\",\"url\":\"https:\/\/www.endo-access.com\/it\/\",\"name\":\"access\",\"description\":\"Efficacit\u00e9, Simplicit\u00e9, Rentabilit\u00e9.\",\"publisher\":{\"@id\":\"https:\/\/www.endo-access.com\/it\/#organization\"},\"potentialAction\":[{\"@type\":\"SearchAction\",\"target\":{\"@type\":\"EntryPoint\",\"urlTemplate\":\"https:\/\/www.endo-access.com\/it\/?s={search_term_string}\"},\"query-input\":{\"@type\":\"PropertyValueSpecification\",\"valueRequired\":true,\"valueName\":\"search_term_string\"}}],\"inLanguage\":\"it-IT\"},{\"@type\":\"Organization\",\"@id\":\"https:\/\/www.endo-access.com\/it\/#organization\",\"name\":\"Access\",\"url\":\"https:\/\/www.endo-access.com\/it\/\",\"logo\":{\"@type\":\"ImageObject\",\"inLanguage\":\"it-IT\",\"@id\":\"https:\/\/www.endo-access.com\/it\/#\/schema\/logo\/image\/\",\"url\":\"https:\/\/www.endo-access.com\/wp-content\/uploads\/logo.png\",\"contentUrl\":\"https:\/\/www.endo-access.com\/wp-content\/uploads\/logo.png\",\"width\":915,\"height\":915,\"caption\":\"Access\"},\"image\":{\"@id\":\"https:\/\/www.endo-access.com\/it\/#\/schema\/logo\/image\/\"},\"sameAs\":[\"https:\/\/www.facebook.com\/endoaccess\/\",\"https:\/\/www.linkedin.com\/company\/endo-access\/\",\"https:\/\/www.instagram.com\/endoaccess\/\"]}]}<\/script>\n<!-- \/ Yoast SEO plugin. -->","yoast_head_json":{"title":"Testimonianze - access","robots":{"index":"index","follow":"follow","max-snippet":"max-snippet:-1","max-image-preview":"max-image-preview:large","max-video-preview":"max-video-preview:-1"},"canonical":"https:\/\/www.endo-access.com\/it\/testimonianze\/","og_locale":"it_IT","og_type":"article","og_title":"Testimonianze - access","og_description":"Conferenza di Endodonzia di alto livello ad un prezzo scontato, organizzata dall&#8217;AFOS Relatore molto interessante! Si imparano sempre trucchi e astuzie per migliorare la pratica quotidiana. Eccellente giornata.\u00a0 Dottor B. 17\/10\/2019.&nbsp; Splendida formazione pratica, molto accattivante e serrata Bellissima giornata con il Dottor SETBON. Pedagogia interessante e molti trucchi e astuzie.&nbsp; Dottor L.&nbsp;30\/01\/2020. Un relatore [&hellip;]","og_url":"https:\/\/www.endo-access.com\/it\/testimonianze\/","og_site_name":"access","article_publisher":"https:\/\/www.facebook.com\/endoaccess\/","article_modified_time":"2020-12-22T15:31:04+00:00","og_image":[{"width":6250,"height":1593,"url":"https:\/\/www.endo-access.com\/wp-content\/uploads\/temoignages-2.png","type":"image\/png"}],"twitter_card":"summary_large_image","schema":{"@context":"https:\/\/schema.org","@graph":[{"@type":"WebPage","@id":"https:\/\/www.endo-access.com\/it\/testimonianze\/","url":"https:\/\/www.endo-access.com\/it\/testimonianze\/","name":"Testimonianze - access","isPartOf":{"@id":"https:\/\/www.endo-access.com\/it\/#website"},"primaryImageOfPage":{"@id":"https:\/\/www.endo-access.com\/it\/testimonianze\/#primaryimage"},"image":{"@id":"https:\/\/www.endo-access.com\/it\/testimonianze\/#primaryimage"},"thumbnailUrl":"https:\/\/www.endo-access.com\/wp-content\/uploads\/temoignages-2.png","datePublished":"2020-10-20T10:07:53+00:00","dateModified":"2020-12-22T15:31:04+00:00","breadcrumb":{"@id":"https:\/\/www.endo-access.com\/it\/testimonianze\/#breadcrumb"},"inLanguage":"it-IT","potentialAction":[{"@type":"ReadAction","target":["https:\/\/www.endo-access.com\/it\/testimonianze\/"]}]},{"@type":"ImageObject","inLanguage":"it-IT","@id":"https:\/\/www.endo-access.com\/it\/testimonianze\/#primaryimage","url":"https:\/\/www.endo-access.com\/wp-content\/uploads\/temoignages-2.png","contentUrl":"https:\/\/www.endo-access.com\/wp-content\/uploads\/temoignages-2.png","width":6250,"height":1593},{"@type":"BreadcrumbList","@id":"https:\/\/www.endo-access.com\/it\/testimonianze\/#breadcrumb","itemListElement":[{"@type":"ListItem","position":1,"name":"Accueil","item":"https:\/\/www.endo-access.com\/it\/"},{"@type":"ListItem","position":2,"name":"Testimonianze"}]},{"@type":"WebSite","@id":"https:\/\/www.endo-access.com\/it\/#website","url":"https:\/\/www.endo-access.com\/it\/","name":"access","description":"Efficacit\u00e9, Simplicit\u00e9, Rentabilit\u00e9.","publisher":{"@id":"https:\/\/www.endo-access.com\/it\/#organization"},"potentialAction":[{"@type":"SearchAction","target":{"@type":"EntryPoint","urlTemplate":"https:\/\/www.endo-access.com\/it\/?s={search_term_string}"},"query-input":{"@type":"PropertyValueSpecification","valueRequired":true,"valueName":"search_term_string"}}],"inLanguage":"it-IT"},{"@type":"Organization","@id":"https:\/\/www.endo-access.com\/it\/#organization","name":"Access","url":"https:\/\/www.endo-access.com\/it\/","logo":{"@type":"ImageObject","inLanguage":"it-IT","@id":"https:\/\/www.endo-access.com\/it\/#\/schema\/logo\/image\/","url":"https:\/\/www.endo-access.com\/wp-content\/uploads\/logo.png","contentUrl":"https:\/\/www.endo-access.com\/wp-content\/uploads\/logo.png","width":915,"height":915,"caption":"Access"},"image":{"@id":"https:\/\/www.endo-access.com\/it\/#\/schema\/logo\/image\/"},"sameAs":["https:\/\/www.facebook.com\/endoaccess\/","https:\/\/www.linkedin.com\/company\/endo-access\/","https:\/\/www.instagram.com\/endoaccess\/"]}]}},"_links":{"self":[{"href":"https:\/\/www.endo-access.com\/it\/wp-json\/wp\/v2\/pages\/2384","targetHints":{"allow":["GET"]}}],"collection":[{"href":"https:\/\/www.endo-access.com\/it\/wp-json\/wp\/v2\/pages"}],"about":[{"href":"https:\/\/www.endo-access.com\/it\/wp-json\/wp\/v2\/types\/page"}],"author":[{"embeddable":true,"href":"https:\/\/www.endo-access.com\/it\/wp-json\/wp\/v2\/users\/1"}],"replies":[{"embeddable":true,"href":"https:\/\/www.endo-access.com\/it\/wp-json\/wp\/v2\/comments?post=2384"}],"version-history":[{"count":7,"href":"https:\/\/www.endo-access.com\/it\/wp-json\/wp\/v2\/pages\/2384\/revisions"}],"predecessor-version":[{"id":3625,"href":"https:\/\/www.endo-access.com\/it\/wp-json\/wp\/v2\/pages\/2384\/revisions\/3625"}],"wp:featuredmedia":[{"embeddable":true,"href":"https:\/\/www.endo-access.com\/it\/wp-json\/wp\/v2\/media\/2290"}],"wp:attachment":[{"href":"https:\/\/www.endo-access.com\/it\/wp-json\/wp\/v2\/media?parent=2384"}],"curies":[{"name":"wp","href":"https:\/\/api.w.org\/{rel}","templated":true}]}}