{"id":2418,"date":"2020-10-20T12:40:58","date_gmt":"2020-10-20T10:40:58","guid":{"rendered":"https:\/\/www.endo-access.com\/?page_id=2418"},"modified":"2024-01-19T10:49:09","modified_gmt":"2024-01-19T09:49:09","slug":"casi-clinici","status":"publish","type":"page","link":"https:\/\/www.endo-access.com\/it\/casi-clinici\/","title":{"rendered":"Casi clinici"},"content":{"rendered":"\n<div class=\"wp-block-columns is-layout-flex wp-container-core-columns-is-layout-9d6595d7 wp-block-columns-is-layout-flex\">\n<div class=\"wp-block-column is-layout-flow wp-block-column-is-layout-flow\">\n<div class=\"wp-block-cover radius\"><span aria-hidden=\"true\" class=\"wp-block-cover__background has-primary-background-color has-background-dim\"><\/span><img loading=\"lazy\" decoding=\"async\" width=\"2160\" height=\"1664\" class=\"wp-block-cover__image-background wp-image-2210\" alt=\"\" src=\"https:\/\/www.endo-access.com\/wp-content\/uploads\/cas1-1.png\" style=\"object-position:51% 28%\" data-object-fit=\"cover\" data-object-position=\"51% 28%\"\/><div class=\"wp-block-cover__inner-container is-layout-flow wp-block-cover-is-layout-flow\">\n<p class=\"has-text-align-left element has-background-color has-text-color\"><strong>EASY-FILE FLEX<\/strong><br><strong>DENTE 47<\/strong><br><strong><strong>TRATTAMENTO<\/strong><\/strong><\/p>\n\n\n\n<div style=\"height:100px\" aria-hidden=\"true\" class=\"wp-block-spacer\"><\/div>\n\n\n\t<a class=\"paoc-popup-click paoc-popup-cust-3526 paoc-popup-button paoc-popup-btn \" href=\"javascript:void(0);\">Vedi il caso clinico<\/a>\r\n\n<\/div><\/div>\n<\/div>\n\n\n\n<div class=\"wp-block-column is-layout-flow wp-block-column-is-layout-flow\">\n<div class=\"wp-block-cover is-light radius\"><span aria-hidden=\"true\" class=\"wp-block-cover__background has-primary-background-color has-background-dim\"><\/span><img loading=\"lazy\" decoding=\"async\" width=\"1520\" height=\"1966\" class=\"wp-block-cover__image-background wp-image-2212\" alt=\"\" src=\"https:\/\/www.endo-access.com\/wp-content\/uploads\/cas4-1.png\" style=\"object-position:NaN% NaN%\" data-object-fit=\"cover\" data-object-position=\"NaN% NaN%\"\/><div class=\"wp-block-cover__inner-container is-layout-flow wp-block-cover-is-layout-flow\">\n<p class=\"has-text-align-left has-background-color has-text-color\"><strong>REVERSO SILVER<\/strong><br><strong>DENTE 27<\/strong><br><strong><strong><strong>RITRATTAMENTO<\/strong><\/strong><\/strong><\/p>\n\n\n\n<div style=\"height:100px\" aria-hidden=\"true\" class=\"wp-block-spacer\"><\/div>\n\n\n\t<a class=\"paoc-popup-click paoc-popup-cust-3524 paoc-popup-button paoc-popup-btn \" href=\"javascript:void(0);\">Vedi il caso clinico<\/a>\r\n\n<\/div><\/div>\n<\/div>\n<\/div>\n\n\n\n<div class=\"wp-block-columns is-layout-flex wp-container-core-columns-is-layout-9d6595d7 wp-block-columns-is-layout-flex\">\n<div class=\"wp-block-column is-layout-flow wp-block-column-is-layout-flow\">\n<div class=\"wp-block-cover is-light radius\"><span aria-hidden=\"true\" class=\"wp-block-cover__background has-background-dim\"><\/span><img loading=\"lazy\" decoding=\"async\" width=\"1268\" height=\"1894\" class=\"wp-block-cover__image-background wp-image-2214\" alt=\"\" src=\"https:\/\/www.endo-access.com\/wp-content\/uploads\/cas8-1.png\" style=\"object-position:NaN% NaN%\" data-object-fit=\"cover\" data-object-position=\"NaN% NaN%\"\/><div class=\"wp-block-cover__inner-container is-layout-flow wp-block-cover-is-layout-flow\">\n<p class=\"has-text-align-left has-background-color has-text-color\"><strong>GO-TAPER<\/strong><br><strong>DENTE 16<\/strong><br><strong><strong>TRATTAMENTO<\/strong><\/strong><\/p>\n\n\n\n<div style=\"height:100px\" aria-hidden=\"true\" class=\"wp-block-spacer\"><\/div>\n\n\n\t<a class=\"paoc-popup-click paoc-popup-cust-3522 paoc-popup-button paoc-popup-btn \" href=\"javascript:void(0);\">Vedi il caso clinico<\/a>\r\n\n<\/div><\/div>\n<\/div>\n\n\n\n<div class=\"wp-block-column is-layout-flow wp-block-column-is-layout-flow\">\n<div class=\"wp-block-cover is-light radius\"><span aria-hidden=\"true\" class=\"wp-block-cover__background has-background-dim\"><\/span><img loading=\"lazy\" decoding=\"async\" width=\"1228\" height=\"1834\" class=\"wp-block-cover__image-background wp-image-2216\" alt=\"\" src=\"https:\/\/www.endo-access.com\/wp-content\/uploads\/cas10-1.png\" style=\"object-position:18% 75%\" data-object-fit=\"cover\" data-object-position=\"18% 75%\"\/><div class=\"wp-block-cover__inner-container is-layout-flow wp-block-cover-is-layout-flow\">\n<p class=\"has-text-align-left has-background-color has-text-color\"><strong>GO-TAPER FLEX<\/strong><br><strong>DENTE 27<\/strong><br><strong><strong>TRATTAMENTO<\/strong><\/strong><\/p>\n\n\n\n<div style=\"height:100px\" aria-hidden=\"true\" class=\"wp-block-spacer\"><\/div>\n\n\n\t<a class=\"paoc-popup-click paoc-popup-cust-3520 paoc-popup-button paoc-popup-btn \" href=\"javascript:void(0);\">Vedi il caso clinico<\/a>\r\n\n<\/div><\/div>\n<\/div>\n<\/div>\n\n\n\n<div class=\"wp-block-columns is-layout-flex wp-container-core-columns-is-layout-9d6595d7 wp-block-columns-is-layout-flex\">\n<div class=\"wp-block-column is-layout-flow wp-block-column-is-layout-flow\">\n<div class=\"wp-block-cover radius\"><span aria-hidden=\"true\" class=\"wp-block-cover__background has-background-dim\"><\/span><img loading=\"lazy\" decoding=\"async\" width=\"1444\" height=\"1994\" class=\"wp-block-cover__image-background wp-image-2221\" alt=\"\" src=\"https:\/\/www.endo-access.com\/wp-content\/uploads\/cas12-1.png\" style=\"object-position:25% 45%\" data-object-fit=\"cover\" data-object-position=\"25% 45%\"\/><div class=\"wp-block-cover__inner-container is-layout-flow wp-block-cover-is-layout-flow\">\n<p class=\"has-text-align-left\"><strong>GO-TAPER&nbsp;RETREATMENT<\/strong><br><strong>DENTE 46<\/strong><br><strong><strong><strong>RITRATTAMENTO<\/strong><\/strong><\/strong><\/p>\n\n\n\n<div style=\"height:100px\" aria-hidden=\"true\" class=\"wp-block-spacer\"><\/div>\n\n\n\t<a class=\"paoc-popup-click paoc-popup-cust-3518 paoc-popup-button paoc-popup-btn \" href=\"javascript:void(0);\">Vedi il caso clinico<\/a>\r\n\n<\/div><\/div>\n<\/div>\n\n\n\n<div class=\"wp-block-column is-layout-flow wp-block-column-is-layout-flow\">\n<div class=\"wp-block-cover is-light radius\"><span aria-hidden=\"true\" class=\"wp-block-cover__background has-background-dim\"><\/span><img loading=\"lazy\" decoding=\"async\" width=\"1440\" height=\"1992\" class=\"wp-block-cover__image-background wp-image-2226\" alt=\"\" src=\"https:\/\/www.endo-access.com\/wp-content\/uploads\/cas15-1.png\" data-object-fit=\"cover\"\/><div class=\"wp-block-cover__inner-container is-layout-flow wp-block-cover-is-layout-flow\">\n<p class=\"has-text-align-left has-background-color has-text-color\"><strong>REVERSO BLUE<\/strong><br><strong>DENTE 46<\/strong><br><strong>TRATTAMENTO<\/strong><\/p>\n\n\n\n<div style=\"height:100px\" aria-hidden=\"true\" class=\"wp-block-spacer\"><\/div>\n\n\n\t<a class=\"paoc-popup-click paoc-popup-cust-3514 paoc-popup-button paoc-popup-btn \" href=\"javascript:void(0);\">Vedi il caso clinico<\/a>\r\n\n<\/div><\/div>\n<\/div>\n<\/div>\n\n\n\n<div class=\"wp-block-columns is-layout-flex wp-container-core-columns-is-layout-9d6595d7 wp-block-columns-is-layout-flex\">\n<div class=\"wp-block-column is-layout-flow wp-block-column-is-layout-flow\">\n<div class=\"wp-block-cover is-light\"><span aria-hidden=\"true\" class=\"wp-block-cover__background has-background-dim\"><\/span><img loading=\"lazy\" decoding=\"async\" width=\"1168\" height=\"1562\" class=\"wp-block-cover__image-background wp-image-5838\" alt=\"\" src=\"https:\/\/www.endo-access.com\/wp-content\/uploads\/GO-TAPER-BLUE-VISUEL-1.jpg\" data-object-fit=\"cover\"\/><div class=\"wp-block-cover__inner-container is-layout-flow wp-block-cover-is-layout-flow\">\n<p class=\"has-background-color has-text-color has-normal-font-size\"><strong>GO-TAPER BLUE<\/strong><\/p>\n\n\n\n<div style=\"height:100px\" aria-hidden=\"true\" class=\"wp-block-spacer\"><\/div>\n\n\n\t<a class=\"paoc-popup-click paoc-popup-cust-5903 paoc-popup-button paoc-popup-btn \" href=\"javascript:void(0);\">Vedi il caso clinico<\/a>\r\n\n<\/div><\/div>\n<\/div>\n\n\n\n<div class=\"wp-block-column is-layout-flow wp-block-column-is-layout-flow\">\n<div class=\"wp-block-cover is-light radius\"><span aria-hidden=\"true\" class=\"wp-block-cover__background has-background-dim\"><\/span><img loading=\"lazy\" decoding=\"async\" width=\"1440\" height=\"1992\" class=\"wp-block-cover__image-background wp-image-2226\" alt=\"\" src=\"https:\/\/www.endo-access.com\/wp-content\/uploads\/cas15-1.png\" data-object-fit=\"cover\"\/><div class=\"wp-block-cover__inner-container is-layout-flow wp-block-cover-is-layout-flow\">\n<p class=\"has-text-align-left has-background-color has-text-color\"><strong>EASY-FILE FLEX GLIDER E EASY-FILE FLEX<\/strong> <strong>TRATTAMENTO<\/strong><\/p>\n\n\n\n<div style=\"height:100px\" aria-hidden=\"true\" class=\"wp-block-spacer\"><\/div>\n\n\n\t<a class=\"paoc-popup-click paoc-popup-cust-5115 paoc-popup-button paoc-popup-btn \" href=\"javascript:void(0);\">Vedi il caso clinico<\/a>\r\n\n<\/div><\/div>\n<\/div>\n<\/div>\n\n\n\n<div class=\"wp-block-columns is-layout-flex wp-container-core-columns-is-layout-9d6595d7 wp-block-columns-is-layout-flex\">\n<div class=\"wp-block-column is-layout-flow wp-block-column-is-layout-flow\">\n<div class=\"wp-block-cover is-light\"><span aria-hidden=\"true\" class=\"wp-block-cover__background has-background-dim\"><\/span><img loading=\"lazy\" decoding=\"async\" width=\"1168\" height=\"1562\" class=\"wp-block-cover__image-background wp-image-5859\" alt=\"\" src=\"https:\/\/www.endo-access.com\/wp-content\/uploads\/GO-TAPER-X-CAS-2-VISUEL-1.jpg\" data-object-fit=\"cover\"\/><div class=\"wp-block-cover__inner-container is-layout-flow wp-block-cover-is-layout-flow\">\n<p class=\"has-text-align-left has-background-color has-text-color has-normal-font-size\"><strong>GO-TAPER X<\/strong><\/p>\n\n\n\n<div style=\"height:100px\" aria-hidden=\"true\" class=\"wp-block-spacer\"><\/div>\n\n\n\t<a class=\"paoc-popup-click paoc-popup-cust-5906 paoc-popup-button paoc-popup-btn \" href=\"javascript:void(0);\">Vedi il caso clinico<\/a>\r\n\n<\/div><\/div>\n<\/div>\n\n\n\n<div class=\"wp-block-column is-layout-flow wp-block-column-is-layout-flow\">\n<div class=\"wp-block-cover\"><span aria-hidden=\"true\" class=\"wp-block-cover__background has-background-dim\"><\/span><img loading=\"lazy\" decoding=\"async\" width=\"1168\" height=\"1562\" class=\"wp-block-cover__image-background wp-image-5865\" alt=\"\" src=\"https:\/\/www.endo-access.com\/wp-content\/uploads\/GO-TAPER-X-CAS-3-VISUEL-1.jpg\" data-object-fit=\"cover\"\/><div class=\"wp-block-cover__inner-container is-layout-flow wp-block-cover-is-layout-flow\">\n<p class=\"has-text-align-left has-background-color has-text-color has-normal-font-size\"><strong>GO-TAPER X 2<\/strong><\/p>\n\n\n\n<div style=\"height:100px\" aria-hidden=\"true\" class=\"wp-block-spacer\"><\/div>\n\n\n\t<a class=\"paoc-popup-click paoc-popup-cust-5910 paoc-popup-button paoc-popup-btn \" href=\"javascript:void(0);\">Vedi il caso clinico<\/a>\r\n\n<\/div><\/div>\n<\/div>\n<\/div>\n\n\n\n<div class=\"wp-block-columns is-layout-flex wp-container-core-columns-is-layout-9d6595d7 wp-block-columns-is-layout-flex\">\n<div class=\"wp-block-column is-layout-flow wp-block-column-is-layout-flow\">\n<figure class=\"wp-block-embed is-type-video is-provider-youtube wp-block-embed-youtube wp-embed-aspect-16-9 wp-has-aspect-ratio\"><div class=\"wp-block-embed__wrapper\">\n<iframe loading=\"lazy\" title=\"Cercare e preparare un MV2 con Endo Explorer   + prefile per MV2\" width=\"580\" height=\"326\" src=\"https:\/\/www.youtube.com\/embed\/ilWP6QPZgow?list=PLkvM_FydqaVgLbtvHM-4wISlvFeWTm3xw\" frameborder=\"0\" allow=\"accelerometer; autoplay; clipboard-write; encrypted-media; gyroscope; picture-in-picture; web-share\" referrerpolicy=\"strict-origin-when-cross-origin\" allowfullscreen><\/iframe>\n<\/div><\/figure>\n<\/div>\n\n\n\n<div class=\"wp-block-column is-layout-flow wp-block-column-is-layout-flow\">\n<figure class=\"wp-block-embed is-type-video is-provider-youtube wp-block-embed-youtube wp-embed-aspect-16-9 wp-has-aspect-ratio\"><div class=\"wp-block-embed__wrapper\">\n<iframe loading=\"lazy\" title=\"Trattamento endodontico del dente 26 con lima easy flex\" width=\"580\" height=\"326\" src=\"https:\/\/www.youtube.com\/embed\/4igyVgH6l2E?list=PLkvM_FydqaVgLbtvHM-4wISlvFeWTm3xw\" frameborder=\"0\" allow=\"accelerometer; autoplay; clipboard-write; encrypted-media; gyroscope; picture-in-picture; web-share\" referrerpolicy=\"strict-origin-when-cross-origin\" allowfullscreen><\/iframe>\n<\/div><\/figure>\n<\/div>\n<\/div>\n\n\n\n<div class=\"wp-block-columns is-layout-flex wp-container-core-columns-is-layout-9d6595d7 wp-block-columns-is-layout-flex\">\n<div class=\"wp-block-column is-layout-flow wp-block-column-is-layout-flow\">\n<figure class=\"wp-block-embed is-type-video is-provider-youtube wp-block-embed-youtube wp-embed-aspect-16-9 wp-has-aspect-ratio\"><div class=\"wp-block-embed__wrapper\">\n<iframe loading=\"lazy\" title=\"Trattamento endodontico del dente 36 easy file flex\" width=\"580\" height=\"326\" src=\"https:\/\/www.youtube.com\/embed\/H1HH8vTciJw?list=PLkvM_FydqaVgLbtvHM-4wISlvFeWTm3xw\" frameborder=\"0\" allow=\"accelerometer; autoplay; clipboard-write; encrypted-media; gyroscope; picture-in-picture; web-share\" referrerpolicy=\"strict-origin-when-cross-origin\" allowfullscreen><\/iframe>\n<\/div><\/figure>\n<\/div>\n\n\n\n<div class=\"wp-block-column is-layout-flow wp-block-column-is-layout-flow\">\n<figure class=\"wp-block-embed is-type-video is-provider-youtube wp-block-embed-youtube wp-embed-aspect-16-9 wp-has-aspect-ratio\"><div class=\"wp-block-embed__wrapper\">\n<iframe loading=\"lazy\" title=\"Rimozione di un pulpstone con l&#039;inserto US ED18\" width=\"580\" height=\"326\" src=\"https:\/\/www.youtube.com\/embed\/PXB4Ycbtlwo?list=PLkvM_FydqaVgLbtvHM-4wISlvFeWTm3xw\" frameborder=\"0\" allow=\"accelerometer; autoplay; clipboard-write; encrypted-media; gyroscope; picture-in-picture; web-share\" referrerpolicy=\"strict-origin-when-cross-origin\" allowfullscreen><\/iframe>\n<\/div><\/figure>\n<\/div>\n<\/div>\n\n\n\n<div class=\"wp-block-columns is-layout-flex wp-container-core-columns-is-layout-9d6595d7 wp-block-columns-is-layout-flex\">\n<div class=\"wp-block-column is-layout-flow wp-block-column-is-layout-flow\">\n<figure class=\"wp-block-embed is-type-video is-provider-youtube wp-block-embed-youtube wp-embed-aspect-16-9 wp-has-aspect-ratio\"><div class=\"wp-block-embed__wrapper\">\n<iframe loading=\"lazy\" title=\"Trattamento endodontico del dente 16\" width=\"580\" height=\"326\" src=\"https:\/\/www.youtube.com\/embed\/_8LlTGKGuSY?list=PLkvM_FydqaVgLbtvHM-4wISlvFeWTm3xw\" frameborder=\"0\" allow=\"accelerometer; autoplay; clipboard-write; encrypted-media; gyroscope; picture-in-picture; web-share\" referrerpolicy=\"strict-origin-when-cross-origin\" allowfullscreen><\/iframe>\n<\/div><\/figure>\n<\/div>\n\n\n\n<div class=\"wp-block-column is-layout-flow wp-block-column-is-layout-flow\">\n<figure class=\"wp-block-embed is-type-video is-provider-youtube wp-block-embed-youtube wp-embed-aspect-16-9 wp-has-aspect-ratio\"><div class=\"wp-block-embed__wrapper\">\n<iframe loading=\"lazy\" title=\"Come si permeabilizza un MV2 endo explorer + prefile + Go glider?\" width=\"580\" height=\"326\" src=\"https:\/\/www.youtube.com\/embed\/iOFSRooysBE?list=PLkvM_FydqaVgLbtvHM-4wISlvFeWTm3xw\" frameborder=\"0\" allow=\"accelerometer; autoplay; clipboard-write; encrypted-media; gyroscope; picture-in-picture; web-share\" referrerpolicy=\"strict-origin-when-cross-origin\" allowfullscreen><\/iframe>\n<\/div><\/figure>\n<\/div>\n<\/div>\n\n\n\n<div class=\"wp-block-columns is-layout-flex wp-container-core-columns-is-layout-9d6595d7 wp-block-columns-is-layout-flex\">\n<div class=\"wp-block-column is-layout-flow wp-block-column-is-layout-flow\">\n<figure class=\"wp-block-embed is-type-video is-provider-youtube wp-block-embed-youtube wp-embed-aspect-16-9 wp-has-aspect-ratio\"><div class=\"wp-block-embed__wrapper\">\n<iframe loading=\"lazy\" title=\"Aghi di irrigazione a doppio flusso DTO\" width=\"580\" height=\"326\" src=\"https:\/\/www.youtube.com\/embed\/pDrysZCp3BQ?list=PLkvM_FydqaVgLbtvHM-4wISlvFeWTm3xw\" frameborder=\"0\" allow=\"accelerometer; autoplay; clipboard-write; encrypted-media; gyroscope; picture-in-picture; web-share\" referrerpolicy=\"strict-origin-when-cross-origin\" allowfullscreen><\/iframe>\n<\/div><\/figure>\n<\/div>\n\n\n\n<div class=\"wp-block-column is-layout-flow wp-block-column-is-layout-flow\">\n<figure class=\"wp-block-embed is-type-video is-provider-youtube wp-block-embed-youtube wp-embed-aspect-16-9 wp-has-aspect-ratio\"><div class=\"wp-block-embed__wrapper\">\n<iframe loading=\"lazy\" title=\"Trattamento endodontico completamente meccanizzato go glider + easyfile flex + DTO\" width=\"580\" height=\"326\" src=\"https:\/\/www.youtube.com\/embed\/rPw82g6JdLs?list=PLkvM_FydqaVgLbtvHM-4wISlvFeWTm3xw\" frameborder=\"0\" allow=\"accelerometer; autoplay; clipboard-write; encrypted-media; gyroscope; picture-in-picture; web-share\" referrerpolicy=\"strict-origin-when-cross-origin\" allowfullscreen><\/iframe>\n<\/div><\/figure>\n<\/div>\n<\/div>\n\n\n\n<div class=\"wp-block-columns is-layout-flex wp-container-core-columns-is-layout-9d6595d7 wp-block-columns-is-layout-flex\">\n<div class=\"wp-block-column is-layout-flow wp-block-column-is-layout-flow\">\n<figure class=\"wp-block-embed is-type-video is-provider-youtube wp-block-embed-youtube wp-embed-aspect-16-9 wp-has-aspect-ratio\"><div class=\"wp-block-embed__wrapper\">\n<iframe loading=\"lazy\" title=\"Trattamento endodontico del dente 34 argento reverso\" width=\"580\" height=\"326\" src=\"https:\/\/www.youtube.com\/embed\/vH3LAAccGsQ?list=PLkvM_FydqaVgLbtvHM-4wISlvFeWTm3xw\" frameborder=\"0\" allow=\"accelerometer; autoplay; clipboard-write; encrypted-media; gyroscope; picture-in-picture; web-share\" referrerpolicy=\"strict-origin-when-cross-origin\" allowfullscreen><\/iframe>\n<\/div><\/figure>\n<\/div>\n\n\n\n<div class=\"wp-block-column is-layout-flow wp-block-column-is-layout-flow\"><\/div>\n<\/div>\n","protected":false},"excerpt":{"rendered":"","protected":false},"author":1,"featured_media":2127,"parent":0,"menu_order":11,"comment_status":"closed","ping_status":"closed","template":"templates\/template-cover.php","meta":{"_acf_changed":false,"footnotes":""},"class_list":["post-2418","page","type-page","status-publish","has-post-thumbnail","hentry"],"acf":[],"yoast_head":"<!-- This site is optimized with the Yoast SEO plugin v27.0 - https:\/\/yoast.com\/product\/yoast-seo-wordpress\/ -->\n<title>Casi clinici - access<\/title>\n<meta name=\"robots\" content=\"index, follow, max-snippet:-1, max-image-preview:large, max-video-preview:-1\" \/>\n<link rel=\"canonical\" href=\"https:\/\/www.endo-access.com\/it\/casi-clinici\/\" \/>\n<meta property=\"og:locale\" content=\"it_IT\" \/>\n<meta property=\"og:type\" content=\"article\" \/>\n<meta property=\"og:title\" content=\"Casi clinici - access\" \/>\n<meta property=\"og:url\" content=\"https:\/\/www.endo-access.com\/it\/casi-clinici\/\" \/>\n<meta property=\"og:site_name\" content=\"access\" \/>\n<meta property=\"article:publisher\" content=\"https:\/\/www.facebook.com\/endoaccess\/\" \/>\n<meta property=\"article:modified_time\" content=\"2024-01-19T09:49:09+00:00\" \/>\n<meta property=\"og:image\" content=\"https:\/\/www.endo-access.com\/wp-content\/uploads\/cas-cliniques-1-1024x261.png\" \/>\n\t<meta property=\"og:image:width\" content=\"1024\" \/>\n\t<meta property=\"og:image:height\" content=\"261\" \/>\n\t<meta property=\"og:image:type\" content=\"image\/png\" \/>\n<meta name=\"twitter:card\" content=\"summary_large_image\" \/>\n<meta name=\"twitter:label1\" content=\"Tempo di lettura stimato\" \/>\n\t<meta name=\"twitter:data1\" content=\"3 minuti\" \/>\n<script type=\"application\/ld+json\" class=\"yoast-schema-graph\">{\"@context\":\"https:\/\/schema.org\",\"@graph\":[{\"@type\":\"WebPage\",\"@id\":\"https:\/\/www.endo-access.com\/it\/casi-clinici\/\",\"url\":\"https:\/\/www.endo-access.com\/it\/casi-clinici\/\",\"name\":\"Casi clinici - access\",\"isPartOf\":{\"@id\":\"https:\/\/www.endo-access.com\/it\/#website\"},\"primaryImageOfPage\":{\"@id\":\"https:\/\/www.endo-access.com\/it\/casi-clinici\/#primaryimage\"},\"image\":{\"@id\":\"https:\/\/www.endo-access.com\/it\/casi-clinici\/#primaryimage\"},\"thumbnailUrl\":\"https:\/\/www.endo-access.com\/wp-content\/uploads\/cas-cliniques-1.png\",\"datePublished\":\"2020-10-20T10:40:58+00:00\",\"dateModified\":\"2024-01-19T09:49:09+00:00\",\"breadcrumb\":{\"@id\":\"https:\/\/www.endo-access.com\/it\/casi-clinici\/#breadcrumb\"},\"inLanguage\":\"it-IT\",\"potentialAction\":[{\"@type\":\"ReadAction\",\"target\":[\"https:\/\/www.endo-access.com\/it\/casi-clinici\/\"]}]},{\"@type\":\"ImageObject\",\"inLanguage\":\"it-IT\",\"@id\":\"https:\/\/www.endo-access.com\/it\/casi-clinici\/#primaryimage\",\"url\":\"https:\/\/www.endo-access.com\/wp-content\/uploads\/cas-cliniques-1.png\",\"contentUrl\":\"https:\/\/www.endo-access.com\/wp-content\/uploads\/cas-cliniques-1.png\",\"width\":6246,\"height\":6246},{\"@type\":\"BreadcrumbList\",\"@id\":\"https:\/\/www.endo-access.com\/it\/casi-clinici\/#breadcrumb\",\"itemListElement\":[{\"@type\":\"ListItem\",\"position\":1,\"name\":\"Accueil\",\"item\":\"https:\/\/www.endo-access.com\/it\/\"},{\"@type\":\"ListItem\",\"position\":2,\"name\":\"Casi clinici\"}]},{\"@type\":\"WebSite\",\"@id\":\"https:\/\/www.endo-access.com\/it\/#website\",\"url\":\"https:\/\/www.endo-access.com\/it\/\",\"name\":\"access\",\"description\":\"Efficacit\u00e9, Simplicit\u00e9, Rentabilit\u00e9.\",\"publisher\":{\"@id\":\"https:\/\/www.endo-access.com\/it\/#organization\"},\"potentialAction\":[{\"@type\":\"SearchAction\",\"target\":{\"@type\":\"EntryPoint\",\"urlTemplate\":\"https:\/\/www.endo-access.com\/it\/?s={search_term_string}\"},\"query-input\":{\"@type\":\"PropertyValueSpecification\",\"valueRequired\":true,\"valueName\":\"search_term_string\"}}],\"inLanguage\":\"it-IT\"},{\"@type\":\"Organization\",\"@id\":\"https:\/\/www.endo-access.com\/it\/#organization\",\"name\":\"Access\",\"url\":\"https:\/\/www.endo-access.com\/it\/\",\"logo\":{\"@type\":\"ImageObject\",\"inLanguage\":\"it-IT\",\"@id\":\"https:\/\/www.endo-access.com\/it\/#\/schema\/logo\/image\/\",\"url\":\"https:\/\/www.endo-access.com\/wp-content\/uploads\/logo.png\",\"contentUrl\":\"https:\/\/www.endo-access.com\/wp-content\/uploads\/logo.png\",\"width\":915,\"height\":915,\"caption\":\"Access\"},\"image\":{\"@id\":\"https:\/\/www.endo-access.com\/it\/#\/schema\/logo\/image\/\"},\"sameAs\":[\"https:\/\/www.facebook.com\/endoaccess\/\",\"https:\/\/www.linkedin.com\/company\/endo-access\/\",\"https:\/\/www.instagram.com\/endoaccess\/\"]}]}<\/script>\n<!-- \/ Yoast SEO plugin. -->","yoast_head_json":{"title":"Casi clinici - access","robots":{"index":"index","follow":"follow","max-snippet":"max-snippet:-1","max-image-preview":"max-image-preview:large","max-video-preview":"max-video-preview:-1"},"canonical":"https:\/\/www.endo-access.com\/it\/casi-clinici\/","og_locale":"it_IT","og_type":"article","og_title":"Casi clinici - access","og_url":"https:\/\/www.endo-access.com\/it\/casi-clinici\/","og_site_name":"access","article_publisher":"https:\/\/www.facebook.com\/endoaccess\/","article_modified_time":"2024-01-19T09:49:09+00:00","og_image":[{"width":1024,"height":261,"url":"https:\/\/www.endo-access.com\/wp-content\/uploads\/cas-cliniques-1-1024x261.png","type":"image\/png"}],"twitter_card":"summary_large_image","twitter_misc":{"Tempo di lettura stimato":"3 minuti"},"schema":{"@context":"https:\/\/schema.org","@graph":[{"@type":"WebPage","@id":"https:\/\/www.endo-access.com\/it\/casi-clinici\/","url":"https:\/\/www.endo-access.com\/it\/casi-clinici\/","name":"Casi clinici - access","isPartOf":{"@id":"https:\/\/www.endo-access.com\/it\/#website"},"primaryImageOfPage":{"@id":"https:\/\/www.endo-access.com\/it\/casi-clinici\/#primaryimage"},"image":{"@id":"https:\/\/www.endo-access.com\/it\/casi-clinici\/#primaryimage"},"thumbnailUrl":"https:\/\/www.endo-access.com\/wp-content\/uploads\/cas-cliniques-1.png","datePublished":"2020-10-20T10:40:58+00:00","dateModified":"2024-01-19T09:49:09+00:00","breadcrumb":{"@id":"https:\/\/www.endo-access.com\/it\/casi-clinici\/#breadcrumb"},"inLanguage":"it-IT","potentialAction":[{"@type":"ReadAction","target":["https:\/\/www.endo-access.com\/it\/casi-clinici\/"]}]},{"@type":"ImageObject","inLanguage":"it-IT","@id":"https:\/\/www.endo-access.com\/it\/casi-clinici\/#primaryimage","url":"https:\/\/www.endo-access.com\/wp-content\/uploads\/cas-cliniques-1.png","contentUrl":"https:\/\/www.endo-access.com\/wp-content\/uploads\/cas-cliniques-1.png","width":6246,"height":6246},{"@type":"BreadcrumbList","@id":"https:\/\/www.endo-access.com\/it\/casi-clinici\/#breadcrumb","itemListElement":[{"@type":"ListItem","position":1,"name":"Accueil","item":"https:\/\/www.endo-access.com\/it\/"},{"@type":"ListItem","position":2,"name":"Casi clinici"}]},{"@type":"WebSite","@id":"https:\/\/www.endo-access.com\/it\/#website","url":"https:\/\/www.endo-access.com\/it\/","name":"access","description":"Efficacit\u00e9, Simplicit\u00e9, Rentabilit\u00e9.","publisher":{"@id":"https:\/\/www.endo-access.com\/it\/#organization"},"potentialAction":[{"@type":"SearchAction","target":{"@type":"EntryPoint","urlTemplate":"https:\/\/www.endo-access.com\/it\/?s={search_term_string}"},"query-input":{"@type":"PropertyValueSpecification","valueRequired":true,"valueName":"search_term_string"}}],"inLanguage":"it-IT"},{"@type":"Organization","@id":"https:\/\/www.endo-access.com\/it\/#organization","name":"Access","url":"https:\/\/www.endo-access.com\/it\/","logo":{"@type":"ImageObject","inLanguage":"it-IT","@id":"https:\/\/www.endo-access.com\/it\/#\/schema\/logo\/image\/","url":"https:\/\/www.endo-access.com\/wp-content\/uploads\/logo.png","contentUrl":"https:\/\/www.endo-access.com\/wp-content\/uploads\/logo.png","width":915,"height":915,"caption":"Access"},"image":{"@id":"https:\/\/www.endo-access.com\/it\/#\/schema\/logo\/image\/"},"sameAs":["https:\/\/www.facebook.com\/endoaccess\/","https:\/\/www.linkedin.com\/company\/endo-access\/","https:\/\/www.instagram.com\/endoaccess\/"]}]}},"_links":{"self":[{"href":"https:\/\/www.endo-access.com\/it\/wp-json\/wp\/v2\/pages\/2418","targetHints":{"allow":["GET"]}}],"collection":[{"href":"https:\/\/www.endo-access.com\/it\/wp-json\/wp\/v2\/pages"}],"about":[{"href":"https:\/\/www.endo-access.com\/it\/wp-json\/wp\/v2\/types\/page"}],"author":[{"embeddable":true,"href":"https:\/\/www.endo-access.com\/it\/wp-json\/wp\/v2\/users\/1"}],"replies":[{"embeddable":true,"href":"https:\/\/www.endo-access.com\/it\/wp-json\/wp\/v2\/comments?post=2418"}],"version-history":[{"count":17,"href":"https:\/\/www.endo-access.com\/it\/wp-json\/wp\/v2\/pages\/2418\/revisions"}],"predecessor-version":[{"id":7509,"href":"https:\/\/www.endo-access.com\/it\/wp-json\/wp\/v2\/pages\/2418\/revisions\/7509"}],"wp:featuredmedia":[{"embeddable":true,"href":"https:\/\/www.endo-access.com\/it\/wp-json\/wp\/v2\/media\/2127"}],"wp:attachment":[{"href":"https:\/\/www.endo-access.com\/it\/wp-json\/wp\/v2\/media?parent=2418"}],"curies":[{"name":"wp","href":"https:\/\/api.w.org\/{rel}","templated":true}]}}