{"id":2423,"date":"2020-10-20T12:41:44","date_gmt":"2020-10-20T10:41:44","guid":{"rendered":"https:\/\/www.endo-access.com\/?page_id=2423"},"modified":"2020-10-20T15:20:17","modified_gmt":"2020-10-20T13:20:17","slug":"mappa-del-sito","status":"publish","type":"page","link":"https:\/\/www.endo-access.com\/it\/mappa-del-sito\/","title":{"rendered":"Mappa"},"content":{"rendered":"<div id=\"wp-realtime-sitemap-pages\"><h3>Pagine<\/h3><ul><li class=\"page_item page-item-8281\"><a href=\"https:\/\/www.endo-access.com\/it\/notice-endo-clean\/\">Notice Endo clean<\/a><\/li>\n<li class=\"page_item page-item-8286\"><a href=\"https:\/\/www.endo-access.com\/it\/notice-sequencer\/\">Notice Sequencer<\/a><\/li>\n<li class=\"page_item page-item-7894\"><a href=\"https:\/\/www.endo-access.com\/it\/angoli-e-coppie-di-endo-motor\/\">Angoli e coppie di Endo Motor<\/a><\/li>\n<li class=\"page_item page-item-7911\"><a href=\"https:\/\/www.endo-access.com\/it\/endo-motor-in-immagini\/\">Come utilizzare l\u2019Endo Motor<\/a><\/li>\n<li class=\"page_item page-item-2366\"><a href=\"https:\/\/www.endo-access.com\/it\/\">Home<\/a><\/li>\n<li class=\"page_item page-item-2380\"><a href=\"https:\/\/www.endo-access.com\/it\/chi-siamo\/\">Chi siamo?<\/a><\/li>\n<li class=\"page_item page-item-2413\"><a href=\"https:\/\/www.endo-access.com\/it\/prodotti\/\">Prodotti<\/a><\/li>\n<li class=\"page_item page-item-2418\"><a href=\"https:\/\/www.endo-access.com\/it\/casi-clinici\/\">Casi clinici<\/a><\/li>\n<li class=\"page_item page-item-2416 current_page_parent\"><a href=\"https:\/\/www.endo-access.com\/it\/notizie-ed-eventi\/\">Notizie ed eventi<\/a><\/li>\n<li class=\"page_item page-item-2384\"><a href=\"https:\/\/www.endo-access.com\/it\/testimonianze\/\">Testimonianze<\/a><\/li>\n<li class=\"page_item page-item-2390\"><a href=\"https:\/\/www.endo-access.com\/it\/faq\/\">Domande frequenti<\/a><\/li>\n<li class=\"page_item page-item-2376\"><a href=\"https:\/\/www.endo-access.com\/it\/distributori\/\">Distributori<\/a><\/li>\n<li class=\"page_item page-item-2378\"><a href=\"https:\/\/www.endo-access.com\/it\/informazioni-legali\/\">Informazioni legali<\/a><\/li>\n<li class=\"page_item page-item-2425\"><a href=\"https:\/\/www.endo-access.com\/it\/informativa-sulla-privacy\/\">Tutela della privacy<\/a><\/li>\n<li class=\"page_item page-item-2423\"><a href=\"https:\/\/www.endo-access.com\/it\/mappa-del-sito\/\">Mappa<\/a><\/li>\n<li class=\"page_item page-item-2370\"><a href=\"https:\/\/www.endo-access.com\/it\/contatti\/\">Contatti<\/a><\/li>\n<\/ul><\/div><div id=\"wp-realtime-sitemap-posts\"><h3>Notizie<\/h3><ul><li><a href=\"https:\/\/www.endo-access.com\/it\/hands-on-training-session-1\/\" title=\"Permalink to Hands-on training &#8211; Sessione 1\" rel=\"bookmark\">Hands-on training &#8211; Sessione 1<\/a><\/li><li><a href=\"https:\/\/www.endo-access.com\/it\/lancio-del-sito-internet\/\" title=\"Permalink to Lancio del sito internet\" rel=\"bookmark\">Lancio del sito internet<\/a><\/li><li><a href=\"https:\/\/www.endo-access.com\/it\/formazione-endo-academie-sulleasy-file-flex\/\" title=\"Permalink to Formazione Endo Acad\u00e9mie sull\u2019EASY-FILE FLEX\" rel=\"bookmark\">Formazione Endo Acad\u00e9mie sull\u2019EASY-FILE FLEX<\/a><\/li><li><a href=\"https:\/\/www.endo-access.com\/it\/hands-on-training-session-2\/\" title=\"Permalink to Hands-on training &#8211; Sessione 2\" rel=\"bookmark\">Hands-on training &#8211; Sessione 2<\/a><\/li><li><a href=\"https:\/\/www.endo-access.com\/it\/hands-on-training-rotazione-continua\/\" title=\"Permalink to Hands-on training &#8211; Rotazione Continua\" rel=\"bookmark\">Hands-on training &#8211; Rotazione Continua<\/a><\/li><li><a href=\"https:\/\/www.endo-access.com\/it\/hands-on-training-movimento-alternato\/\" title=\"Permalink to Hands-on training &#8211; Movimento alternato\" rel=\"bookmark\">Hands-on training &#8211; Movimento alternato<\/a><\/li><li><a href=\"https:\/\/www.endo-access.com\/it\/hands-on-training-caso-di-paziente-endo-dal-vivo\/\" title=\"Permalink to Hands-on training &#8211; CASO DI PAZIENTE ENDO DAL VIVO!\" rel=\"bookmark\">Hands-on training &#8211; CASO DI PAZIENTE ENDO DAL VIVO!<\/a><\/li><li><a href=\"https:\/\/www.endo-access.com\/it\/hands-on-training-movimento-alternato-2\/\" title=\"Permalink to Hands-on training \u2013 Movimento alternato\" rel=\"bookmark\">Hands-on training \u2013 Movimento alternato<\/a><\/li><li><a href=\"https:\/\/www.endo-access.com\/it\/endodonzia-di-lusso-a-prezzi-scontati\/\" title=\"Permalink to Endodonzia di lusso a prezzi scontati\" rel=\"bookmark\">Endodonzia di lusso a prezzi scontati<\/a><\/li><li><a href=\"https:\/\/www.endo-access.com\/it\/hands-on-training-movimento-alternato-3\/\" title=\"Permalink to Hands-on training \u2013 Movimento alternato\" rel=\"bookmark\">Hands-on training \u2013 Movimento alternato<\/a><\/li><li><a href=\"https:\/\/www.endo-access.com\/it\/adf-2022-conoscere-i-segreti-di-unendoterapia-facile-e-redditizia\/\" title=\"Permalink to ADF 2022 &#8211; Conoscere i segreti di un&#8217;endoterapia facile e redditizia\" rel=\"bookmark\">ADF 2022 &#8211; Conoscere i segreti di un&#8217;endoterapia facile e redditizia<\/a><\/li><li><a href=\"https:\/\/www.endo-access.com\/it\/adf-2023-dimostrazioni-suggerimenti-e-consigli-sullendodonzia\/\" title=\"Permalink to ADF 2023 &#8211; Dimostrazioni, suggerimenti e consigli sull&#8217;endodonzia\" rel=\"bookmark\">ADF 2023 &#8211; Dimostrazioni, suggerimenti e consigli sull&#8217;endodonzia<\/a><\/li><\/ul><\/div><div id=\"wp-realtime-sitemap-product\"><h3>Prodotti<\/h3><ul><li><a href=\"https:\/\/www.endo-access.com\/it\/prodotto\/easy-file-flex\/\" title=\"Permalink to EASY-FILE FLEX\" rel=\"bookmark\">EASY-FILE FLEX<\/a><\/li><li><a href=\"https:\/\/www.endo-access.com\/it\/prodotto\/go-taper-flex\/\" title=\"Permalink to GO-TAPER FLEX\" rel=\"bookmark\">GO-TAPER FLEX<\/a><\/li><li><a href=\"https:\/\/www.endo-access.com\/it\/prodotto\/go-taper-universal\/\" title=\"Permalink to GO-TAPER UNIVERSAL\" rel=\"bookmark\">GO-TAPER UNIVERSAL<\/a><\/li><li><a href=\"https:\/\/www.endo-access.com\/it\/prodotto\/go-taper-retreatment\/\" title=\"Permalink to GO-TAPER RETREATMENT\" rel=\"bookmark\">GO-TAPER RETREATMENT<\/a><\/li><li><a href=\"https:\/\/www.endo-access.com\/it\/prodotto\/reverso-silver\/\" title=\"Permalink to REVERSO SILVER\" rel=\"bookmark\">REVERSO SILVER<\/a><\/li><li><a href=\"https:\/\/www.endo-access.com\/it\/prodotto\/reverso-blue\/\" title=\"Permalink to REVERSO BLUE\" rel=\"bookmark\">REVERSO BLUE<\/a><\/li><li><a href=\"https:\/\/www.endo-access.com\/it\/prodotto\/coni-di-carta-reverso\/\" title=\"Permalink to CONI DI CARTA REVERSO\" rel=\"bookmark\">CONI DI CARTA REVERSO<\/a><\/li><li><a href=\"https:\/\/www.endo-access.com\/it\/prodotto\/coni-di-guttaperca-reverso\/\" title=\"Permalink to CONI DI GUTTAPERCA REVERSO\" rel=\"bookmark\">CONI DI GUTTAPERCA REVERSO<\/a><\/li><li><a href=\"https:\/\/www.endo-access.com\/it\/prodotto\/coni-di-carta-go-taper\/\" title=\"Permalink to CONI DI CARTA GO-TAPER\" rel=\"bookmark\">CONI DI CARTA GO-TAPER<\/a><\/li><li><a href=\"https:\/\/www.endo-access.com\/it\/prodotto\/coni-di-guttaperca-go-taper\/\" title=\"Permalink to CONI DI GUTTAPERCA GO-TAPER\" rel=\"bookmark\">CONI DI GUTTAPERCA GO-TAPER<\/a><\/li><li><a href=\"https:\/\/www.endo-access.com\/it\/prodotto\/endo-stop-flower\/\" title=\"Permalink to ENDO STOP FLOWER\" rel=\"bookmark\">ENDO STOP FLOWER<\/a><\/li><li><a href=\"https:\/\/www.endo-access.com\/it\/prodotto\/endo-stop-standard\/\" title=\"Permalink to ENDO STOP STANDARD\" rel=\"bookmark\">ENDO STOP STANDARD<\/a><\/li><li><a href=\"https:\/\/www.endo-access.com\/it\/prodotto\/go-two-2\/\" title=\"Permalink to GO-TWO\" rel=\"bookmark\">GO-TWO<\/a><\/li><li><a href=\"https:\/\/www.endo-access.com\/it\/prodotto\/go-glider-2\/\" title=\"Permalink to GO-GLIDER\" rel=\"bookmark\">GO-GLIDER<\/a><\/li><li><a href=\"https:\/\/www.endo-access.com\/it\/prodotto\/prefile-2\/\" title=\"Permalink to PREFILE\" rel=\"bookmark\">PREFILE<\/a><\/li><li><a href=\"https:\/\/www.endo-access.com\/it\/prodotto\/easy-file-flex-glider-2\/\" title=\"Permalink to EASY-FILE FLEX GLIDER\" rel=\"bookmark\">EASY-FILE FLEX GLIDER<\/a><\/li><li><a href=\"https:\/\/www.endo-access.com\/it\/prodotto\/go-taper-blue\/\" title=\"Permalink to GO-TAPER BLUE\" rel=\"bookmark\">GO-TAPER BLUE<\/a><\/li><li><a href=\"https:\/\/www.endo-access.com\/it\/prodotto\/go-taper-x-2\/\" title=\"Permalink to GO-TAPER X\" rel=\"bookmark\">GO-TAPER X<\/a><\/li><li><a href=\"https:\/\/www.endo-access.com\/it\/prodotto\/agozzini-di-irrigazione-sterili\/\" title=\"Permalink to AGOZZINI DI IRRIGAZIONE STERILI\" rel=\"bookmark\">AGOZZINI DI IRRIGAZIONE STERILI<\/a><\/li><li><a href=\"https:\/\/www.endo-access.com\/it\/prodotto\/aghi-di-irrigazione-endocanalare\/\" title=\"Permalink to AGHI DI IRRIGAZIONE ENDOCANALARE\" rel=\"bookmark\">AGHI DI IRRIGAZIONE ENDOCANALARE<\/a><\/li><li><a href=\"https:\/\/www.endo-access.com\/it\/prodotto\/k-file\/\" title=\"Permalink to K-FILE\" rel=\"bookmark\">K-FILE<\/a><\/li><li><a href=\"https:\/\/www.endo-access.com\/it\/prodotto\/h-file\/\" title=\"Permalink to H-FILE\" rel=\"bookmark\">H-FILE<\/a><\/li><li><a href=\"https:\/\/www.endo-access.com\/it\/prodotto\/allargacanali\/\" title=\"Permalink to ALLARGACANALI\" rel=\"bookmark\">ALLARGACANALI<\/a><\/li><li><a href=\"https:\/\/www.endo-access.com\/it\/prodotto\/inserti-endo\/\" title=\"Permalink to INSTERTI ENDO\" rel=\"bookmark\">INSTERTI ENDO<\/a><\/li><li><a href=\"https:\/\/www.endo-access.com\/it\/prodotto\/attivatore-di-irrigazione\/\" title=\"Permalink to ATTIVATORE DI IRRIGAZIONE\" rel=\"bookmark\">ATTIVATORE DI IRRIGAZIONE<\/a><\/li><li><a href=\"https:\/\/www.endo-access.com\/it\/prodotto\/endo-burs-explorer\/\" title=\"Permalink to ENDO BURS EXPLORER\" rel=\"bookmark\">ENDO BURS EXPLORER<\/a><\/li><li><a href=\"https:\/\/www.endo-access.com\/it\/prodotto\/plugger\/\" title=\"Permalink to PLUGGER\" rel=\"bookmark\">PLUGGER<\/a><\/li><li><a href=\"https:\/\/www.endo-access.com\/it\/prodotto\/easy-pack\/\" title=\"Permalink to EASY PACK\" rel=\"bookmark\">EASY PACK<\/a><\/li><li><a href=\"https:\/\/www.endo-access.com\/it\/prodotto\/easy-fill\/\" title=\"Permalink to EASY FILL\" rel=\"bookmark\">EASY FILL<\/a><\/li><li><a href=\"https:\/\/www.endo-access.com\/it\/prodotto\/sequencer\/\" title=\"Permalink to SEQUENCER\" rel=\"bookmark\">SEQUENCER<\/a><\/li><li><a href=\"https:\/\/www.endo-access.com\/it\/prodotto\/endo-clean\/\" title=\"Permalink to ENDO-CLEAN\" rel=\"bookmark\">ENDO-CLEAN<\/a><\/li><li><a href=\"https:\/\/www.endo-access.com\/it\/prodotto\/sodium-hypochlorite-25\/\" title=\"Permalink to SODIUM HYPOCHLORITE 2,5%\" rel=\"bookmark\">SODIUM HYPOCHLORITE 2,5%<\/a><\/li><li><a href=\"https:\/\/www.endo-access.com\/it\/prodotto\/easy-fill-gutta-pellets\/\" title=\"Permalink to EASY FILL GUTTA PELLETS\" rel=\"bookmark\">EASY FILL GUTTA PELLETS<\/a><\/li><li><a href=\"https:\/\/www.endo-access.com\/it\/prodotto\/8003\/\" title=\"Permalink to ENDO MOTOR\" rel=\"bookmark\">ENDO MOTOR<\/a><\/li><li><a href=\"https:\/\/www.endo-access.com\/it\/prodotto\/dighe-dentali-in-lattice\/\" title=\"Permalink to DIGHE DENTALI IN LATTICE\" rel=\"bookmark\">DIGHE DENTALI IN LATTICE<\/a><\/li><li><a href=\"https:\/\/www.endo-access.com\/it\/prodotto\/lentulo\/\" title=\"Permalink to LENTULOS\" rel=\"bookmark\">LENTULOS<\/a><\/li><li><a href=\"https:\/\/www.endo-access.com\/it\/prodotto\/easy-fill-tips\/\" title=\"Permalink to EASY FILL TIPS\" rel=\"bookmark\">EASY FILL TIPS<\/a><\/li><li><a href=\"https:\/\/www.endo-access.com\/it\/prodotto\/easy-pack-tips\/\" title=\"Permalink to EASY PACK TIPS\" rel=\"bookmark\">EASY PACK TIPS<\/a><\/li><li><a href=\"https:\/\/www.endo-access.com\/it\/prodotto\/gutta-percha-condensers\/\" title=\"Permalink to GUTTA-PERCHA CONDENSERS\" rel=\"bookmark\">GUTTA-PERCHA CONDENSERS<\/a><\/li><li><a href=\"https:\/\/www.endo-access.com\/it\/prodotto\/endo-bloc-mini\/\" title=\"Permalink to ENDO BLOC MINI\" rel=\"bookmark\">ENDO BLOC MINI<\/a><\/li><li><a href=\"https:\/\/www.endo-access.com\/it\/prodotto\/digues-non-latex\/\" title=\"Permalink to DIGUES NON LATEX\" rel=\"bookmark\">DIGUES NON LATEX<\/a><\/li><\/ul><\/div>\n","protected":false},"excerpt":{"rendered":"","protected":false},"author":1,"featured_media":0,"parent":0,"menu_order":22,"comment_status":"closed","ping_status":"closed","template":"","meta":{"_acf_changed":false,"footnotes":""},"class_list":["post-2423","page","type-page","status-publish","hentry"],"acf":[],"yoast_head":"<!-- This site is optimized with the Yoast SEO plugin v27.0 - https:\/\/yoast.com\/product\/yoast-seo-wordpress\/ -->\n<title>Mappa - access<\/title>\n<meta name=\"robots\" content=\"index, follow, max-snippet:-1, max-image-preview:large, max-video-preview:-1\" \/>\n<link rel=\"canonical\" href=\"https:\/\/www.endo-access.com\/it\/mappa-del-sito\/\" \/>\n<meta property=\"og:locale\" content=\"it_IT\" \/>\n<meta property=\"og:type\" content=\"article\" \/>\n<meta property=\"og:title\" content=\"Mappa - access\" \/>\n<meta property=\"og:url\" content=\"https:\/\/www.endo-access.com\/it\/mappa-del-sito\/\" \/>\n<meta property=\"og:site_name\" content=\"access\" \/>\n<meta property=\"article:publisher\" content=\"https:\/\/www.facebook.com\/endoaccess\/\" \/>\n<meta property=\"article:modified_time\" content=\"2020-10-20T13:20:17+00:00\" \/>\n<meta property=\"og:image\" content=\"https:\/\/www.endo-access.com\/wp-content\/uploads\/logo.png\" \/>\n\t<meta property=\"og:image:width\" content=\"915\" \/>\n\t<meta property=\"og:image:height\" content=\"915\" \/>\n\t<meta property=\"og:image:type\" content=\"image\/png\" \/>\n<meta name=\"twitter:card\" content=\"summary_large_image\" \/>\n<script type=\"application\/ld+json\" class=\"yoast-schema-graph\">{\"@context\":\"https:\/\/schema.org\",\"@graph\":[{\"@type\":\"WebPage\",\"@id\":\"https:\/\/www.endo-access.com\/it\/mappa-del-sito\/\",\"url\":\"https:\/\/www.endo-access.com\/it\/mappa-del-sito\/\",\"name\":\"Mappa - access\",\"isPartOf\":{\"@id\":\"https:\/\/www.endo-access.com\/it\/#website\"},\"datePublished\":\"2020-10-20T10:41:44+00:00\",\"dateModified\":\"2020-10-20T13:20:17+00:00\",\"breadcrumb\":{\"@id\":\"https:\/\/www.endo-access.com\/it\/mappa-del-sito\/#breadcrumb\"},\"inLanguage\":\"it-IT\",\"potentialAction\":[{\"@type\":\"ReadAction\",\"target\":[\"https:\/\/www.endo-access.com\/it\/mappa-del-sito\/\"]}]},{\"@type\":\"BreadcrumbList\",\"@id\":\"https:\/\/www.endo-access.com\/it\/mappa-del-sito\/#breadcrumb\",\"itemListElement\":[{\"@type\":\"ListItem\",\"position\":1,\"name\":\"Accueil\",\"item\":\"https:\/\/www.endo-access.com\/it\/\"},{\"@type\":\"ListItem\",\"position\":2,\"name\":\"Mappa\"}]},{\"@type\":\"WebSite\",\"@id\":\"https:\/\/www.endo-access.com\/it\/#website\",\"url\":\"https:\/\/www.endo-access.com\/it\/\",\"name\":\"access\",\"description\":\"Efficacit\u00e9, Simplicit\u00e9, Rentabilit\u00e9.\",\"publisher\":{\"@id\":\"https:\/\/www.endo-access.com\/it\/#organization\"},\"potentialAction\":[{\"@type\":\"SearchAction\",\"target\":{\"@type\":\"EntryPoint\",\"urlTemplate\":\"https:\/\/www.endo-access.com\/it\/?s={search_term_string}\"},\"query-input\":{\"@type\":\"PropertyValueSpecification\",\"valueRequired\":true,\"valueName\":\"search_term_string\"}}],\"inLanguage\":\"it-IT\"},{\"@type\":\"Organization\",\"@id\":\"https:\/\/www.endo-access.com\/it\/#organization\",\"name\":\"Access\",\"url\":\"https:\/\/www.endo-access.com\/it\/\",\"logo\":{\"@type\":\"ImageObject\",\"inLanguage\":\"it-IT\",\"@id\":\"https:\/\/www.endo-access.com\/it\/#\/schema\/logo\/image\/\",\"url\":\"https:\/\/www.endo-access.com\/wp-content\/uploads\/logo.png\",\"contentUrl\":\"https:\/\/www.endo-access.com\/wp-content\/uploads\/logo.png\",\"width\":915,\"height\":915,\"caption\":\"Access\"},\"image\":{\"@id\":\"https:\/\/www.endo-access.com\/it\/#\/schema\/logo\/image\/\"},\"sameAs\":[\"https:\/\/www.facebook.com\/endoaccess\/\",\"https:\/\/www.linkedin.com\/company\/endo-access\/\",\"https:\/\/www.instagram.com\/endoaccess\/\"]}]}<\/script>\n<!-- \/ Yoast SEO plugin. -->","yoast_head_json":{"title":"Mappa - access","robots":{"index":"index","follow":"follow","max-snippet":"max-snippet:-1","max-image-preview":"max-image-preview:large","max-video-preview":"max-video-preview:-1"},"canonical":"https:\/\/www.endo-access.com\/it\/mappa-del-sito\/","og_locale":"it_IT","og_type":"article","og_title":"Mappa - access","og_url":"https:\/\/www.endo-access.com\/it\/mappa-del-sito\/","og_site_name":"access","article_publisher":"https:\/\/www.facebook.com\/endoaccess\/","article_modified_time":"2020-10-20T13:20:17+00:00","og_image":[{"width":915,"height":915,"url":"https:\/\/www.endo-access.com\/wp-content\/uploads\/logo.png","type":"image\/png"}],"twitter_card":"summary_large_image","schema":{"@context":"https:\/\/schema.org","@graph":[{"@type":"WebPage","@id":"https:\/\/www.endo-access.com\/it\/mappa-del-sito\/","url":"https:\/\/www.endo-access.com\/it\/mappa-del-sito\/","name":"Mappa - access","isPartOf":{"@id":"https:\/\/www.endo-access.com\/it\/#website"},"datePublished":"2020-10-20T10:41:44+00:00","dateModified":"2020-10-20T13:20:17+00:00","breadcrumb":{"@id":"https:\/\/www.endo-access.com\/it\/mappa-del-sito\/#breadcrumb"},"inLanguage":"it-IT","potentialAction":[{"@type":"ReadAction","target":["https:\/\/www.endo-access.com\/it\/mappa-del-sito\/"]}]},{"@type":"BreadcrumbList","@id":"https:\/\/www.endo-access.com\/it\/mappa-del-sito\/#breadcrumb","itemListElement":[{"@type":"ListItem","position":1,"name":"Accueil","item":"https:\/\/www.endo-access.com\/it\/"},{"@type":"ListItem","position":2,"name":"Mappa"}]},{"@type":"WebSite","@id":"https:\/\/www.endo-access.com\/it\/#website","url":"https:\/\/www.endo-access.com\/it\/","name":"access","description":"Efficacit\u00e9, Simplicit\u00e9, Rentabilit\u00e9.","publisher":{"@id":"https:\/\/www.endo-access.com\/it\/#organization"},"potentialAction":[{"@type":"SearchAction","target":{"@type":"EntryPoint","urlTemplate":"https:\/\/www.endo-access.com\/it\/?s={search_term_string}"},"query-input":{"@type":"PropertyValueSpecification","valueRequired":true,"valueName":"search_term_string"}}],"inLanguage":"it-IT"},{"@type":"Organization","@id":"https:\/\/www.endo-access.com\/it\/#organization","name":"Access","url":"https:\/\/www.endo-access.com\/it\/","logo":{"@type":"ImageObject","inLanguage":"it-IT","@id":"https:\/\/www.endo-access.com\/it\/#\/schema\/logo\/image\/","url":"https:\/\/www.endo-access.com\/wp-content\/uploads\/logo.png","contentUrl":"https:\/\/www.endo-access.com\/wp-content\/uploads\/logo.png","width":915,"height":915,"caption":"Access"},"image":{"@id":"https:\/\/www.endo-access.com\/it\/#\/schema\/logo\/image\/"},"sameAs":["https:\/\/www.facebook.com\/endoaccess\/","https:\/\/www.linkedin.com\/company\/endo-access\/","https:\/\/www.instagram.com\/endoaccess\/"]}]}},"_links":{"self":[{"href":"https:\/\/www.endo-access.com\/it\/wp-json\/wp\/v2\/pages\/2423","targetHints":{"allow":["GET"]}}],"collection":[{"href":"https:\/\/www.endo-access.com\/it\/wp-json\/wp\/v2\/pages"}],"about":[{"href":"https:\/\/www.endo-access.com\/it\/wp-json\/wp\/v2\/types\/page"}],"author":[{"embeddable":true,"href":"https:\/\/www.endo-access.com\/it\/wp-json\/wp\/v2\/users\/1"}],"replies":[{"embeddable":true,"href":"https:\/\/www.endo-access.com\/it\/wp-json\/wp\/v2\/comments?post=2423"}],"version-history":[{"count":2,"href":"https:\/\/www.endo-access.com\/it\/wp-json\/wp\/v2\/pages\/2423\/revisions"}],"predecessor-version":[{"id":2459,"href":"https:\/\/www.endo-access.com\/it\/wp-json\/wp\/v2\/pages\/2423\/revisions\/2459"}],"wp:attachment":[{"href":"https:\/\/www.endo-access.com\/it\/wp-json\/wp\/v2\/media?parent=2423"}],"curies":[{"name":"wp","href":"https:\/\/api.w.org\/{rel}","templated":true}]}}