{"id":2425,"date":"2020-10-20T12:43:50","date_gmt":"2020-10-20T10:43:50","guid":{"rendered":"https:\/\/www.endo-access.com\/?page_id=2425"},"modified":"2020-10-20T12:59:01","modified_gmt":"2020-10-20T10:59:01","slug":"informativa-sulla-privacy","status":"publish","type":"page","link":"https:\/\/www.endo-access.com\/it\/informativa-sulla-privacy\/","title":{"rendered":"Tutela della privacy"},"content":{"rendered":"\n<h2 class=\"wp-block-heading\">Chi siamo?<\/h2>\n\n\n\n<p>L\u2019indirizzo del nostro sito internet \u00e8 : https:\/\/www.endo-access.com<\/p>\n\n\n\n<h2 class=\"wp-block-heading\">Utilizzo dei dati personali raccolti<\/h2>\n\n\n\n<h3 class=\"wp-block-heading\">Questionario<\/h3>\n\n\n\n<p>Le informazioni raccolte attraverso il questionario servono solamente a rispondere in maniera pi\u00f9 esaustiva alle vostre domande. Queste informazioni sono trasmesse unicamente via e-mail alla societ\u00e0 e non sono conservate in un data-base.<\/p>\n\n\n\n<h3 class=\"wp-block-heading\">Cookies<\/h3>\n\n\n\n<p>Raccogliamo informazioni sulle visite per valutare la nostra audience. Per questa funzione utilizziamo i servizi di Google analytics.<\/p>\n\n\n\n<p>Inoltre, per evitare di dovervi dichiarare professionisti del campo medico ad ogni pagina, salviamo un cookie specifico per questo scopo.<\/p>\n\n\n\n<h2 class=\"wp-block-heading\">Informazioni di contatto<\/h2>\n\n\n\n<p>Potete esercitare il diritto di recesso in qualunque momento contattandoci al seguente indirizzo :<\/p>\n\n\n\n<p>DPO<br>MEDICAL TELEMARKETING<br>25 rue Bleue 75009 PARIS<\/p>\n\n\n\n<p><a href=\"mailto:dpo@endo-access.com\">dpo@endo-access.com<\/a><\/p>\n","protected":false},"excerpt":{"rendered":"<p>Chi siamo? L\u2019indirizzo del nostro sito internet \u00e8 : https:\/\/www.endo-access.com Utilizzo dei dati personali raccolti Questionario Le informazioni raccolte attraverso il questionario servono solamente a rispondere in maniera pi\u00f9 esaustiva alle vostre domande. Queste informazioni sono trasmesse unicamente via e-mail alla societ\u00e0 e non sono conservate in un data-base. Cookies Raccogliamo informazioni sulle visite per [&hellip;]<\/p>\n","protected":false},"author":1,"featured_media":0,"parent":0,"menu_order":21,"comment_status":"closed","ping_status":"closed","template":"templates\/template-full-width.php","meta":{"_acf_changed":false,"footnotes":""},"class_list":["post-2425","page","type-page","status-publish","hentry"],"acf":[],"yoast_head":"<!-- This site is optimized with the Yoast SEO plugin v27.0 - https:\/\/yoast.com\/product\/yoast-seo-wordpress\/ -->\n<title>Tutela della privacy - access<\/title>\n<meta name=\"robots\" content=\"index, follow, max-snippet:-1, max-image-preview:large, max-video-preview:-1\" \/>\n<link rel=\"canonical\" href=\"https:\/\/www.endo-access.com\/it\/informativa-sulla-privacy\/\" \/>\n<meta property=\"og:locale\" content=\"it_IT\" \/>\n<meta property=\"og:type\" content=\"article\" \/>\n<meta property=\"og:title\" content=\"Tutela della privacy - access\" \/>\n<meta property=\"og:description\" content=\"Chi siamo? L\u2019indirizzo del nostro sito internet \u00e8 : https:\/\/www.endo-access.com Utilizzo dei dati personali raccolti Questionario Le informazioni raccolte attraverso il questionario servono solamente a rispondere in maniera pi\u00f9 esaustiva alle vostre domande. Queste informazioni sono trasmesse unicamente via e-mail alla societ\u00e0 e non sono conservate in un data-base. Cookies Raccogliamo informazioni sulle visite per [&hellip;]\" \/>\n<meta property=\"og:url\" content=\"https:\/\/www.endo-access.com\/it\/informativa-sulla-privacy\/\" \/>\n<meta property=\"og:site_name\" content=\"access\" \/>\n<meta property=\"article:publisher\" content=\"https:\/\/www.facebook.com\/endoaccess\/\" \/>\n<meta property=\"article:modified_time\" content=\"2020-10-20T10:59:01+00:00\" \/>\n<meta property=\"og:image\" content=\"https:\/\/www.endo-access.com\/wp-content\/uploads\/logo.png\" \/>\n\t<meta property=\"og:image:width\" content=\"915\" \/>\n\t<meta property=\"og:image:height\" content=\"915\" \/>\n\t<meta property=\"og:image:type\" content=\"image\/png\" \/>\n<meta name=\"twitter:card\" content=\"summary_large_image\" \/>\n<meta name=\"twitter:label1\" content=\"Tempo di lettura stimato\" \/>\n\t<meta name=\"twitter:data1\" content=\"1 minuto\" \/>\n<script type=\"application\/ld+json\" class=\"yoast-schema-graph\">{\"@context\":\"https:\/\/schema.org\",\"@graph\":[{\"@type\":\"WebPage\",\"@id\":\"https:\/\/www.endo-access.com\/it\/informativa-sulla-privacy\/\",\"url\":\"https:\/\/www.endo-access.com\/it\/informativa-sulla-privacy\/\",\"name\":\"Tutela della privacy - access\",\"isPartOf\":{\"@id\":\"https:\/\/www.endo-access.com\/it\/#website\"},\"datePublished\":\"2020-10-20T10:43:50+00:00\",\"dateModified\":\"2020-10-20T10:59:01+00:00\",\"breadcrumb\":{\"@id\":\"https:\/\/www.endo-access.com\/it\/informativa-sulla-privacy\/#breadcrumb\"},\"inLanguage\":\"it-IT\",\"potentialAction\":[{\"@type\":\"ReadAction\",\"target\":[\"https:\/\/www.endo-access.com\/it\/informativa-sulla-privacy\/\"]}]},{\"@type\":\"BreadcrumbList\",\"@id\":\"https:\/\/www.endo-access.com\/it\/informativa-sulla-privacy\/#breadcrumb\",\"itemListElement\":[{\"@type\":\"ListItem\",\"position\":1,\"name\":\"Accueil\",\"item\":\"https:\/\/www.endo-access.com\/it\/\"},{\"@type\":\"ListItem\",\"position\":2,\"name\":\"Tutela della privacy\"}]},{\"@type\":\"WebSite\",\"@id\":\"https:\/\/www.endo-access.com\/it\/#website\",\"url\":\"https:\/\/www.endo-access.com\/it\/\",\"name\":\"access\",\"description\":\"Efficacit\u00e9, Simplicit\u00e9, Rentabilit\u00e9.\",\"publisher\":{\"@id\":\"https:\/\/www.endo-access.com\/it\/#organization\"},\"potentialAction\":[{\"@type\":\"SearchAction\",\"target\":{\"@type\":\"EntryPoint\",\"urlTemplate\":\"https:\/\/www.endo-access.com\/it\/?s={search_term_string}\"},\"query-input\":{\"@type\":\"PropertyValueSpecification\",\"valueRequired\":true,\"valueName\":\"search_term_string\"}}],\"inLanguage\":\"it-IT\"},{\"@type\":\"Organization\",\"@id\":\"https:\/\/www.endo-access.com\/it\/#organization\",\"name\":\"Access\",\"url\":\"https:\/\/www.endo-access.com\/it\/\",\"logo\":{\"@type\":\"ImageObject\",\"inLanguage\":\"it-IT\",\"@id\":\"https:\/\/www.endo-access.com\/it\/#\/schema\/logo\/image\/\",\"url\":\"https:\/\/www.endo-access.com\/wp-content\/uploads\/logo.png\",\"contentUrl\":\"https:\/\/www.endo-access.com\/wp-content\/uploads\/logo.png\",\"width\":915,\"height\":915,\"caption\":\"Access\"},\"image\":{\"@id\":\"https:\/\/www.endo-access.com\/it\/#\/schema\/logo\/image\/\"},\"sameAs\":[\"https:\/\/www.facebook.com\/endoaccess\/\",\"https:\/\/www.linkedin.com\/company\/endo-access\/\",\"https:\/\/www.instagram.com\/endoaccess\/\"]}]}<\/script>\n<!-- \/ Yoast SEO plugin. -->","yoast_head_json":{"title":"Tutela della privacy - access","robots":{"index":"index","follow":"follow","max-snippet":"max-snippet:-1","max-image-preview":"max-image-preview:large","max-video-preview":"max-video-preview:-1"},"canonical":"https:\/\/www.endo-access.com\/it\/informativa-sulla-privacy\/","og_locale":"it_IT","og_type":"article","og_title":"Tutela della privacy - access","og_description":"Chi siamo? L\u2019indirizzo del nostro sito internet \u00e8 : https:\/\/www.endo-access.com Utilizzo dei dati personali raccolti Questionario Le informazioni raccolte attraverso il questionario servono solamente a rispondere in maniera pi\u00f9 esaustiva alle vostre domande. Queste informazioni sono trasmesse unicamente via e-mail alla societ\u00e0 e non sono conservate in un data-base. Cookies Raccogliamo informazioni sulle visite per [&hellip;]","og_url":"https:\/\/www.endo-access.com\/it\/informativa-sulla-privacy\/","og_site_name":"access","article_publisher":"https:\/\/www.facebook.com\/endoaccess\/","article_modified_time":"2020-10-20T10:59:01+00:00","og_image":[{"width":915,"height":915,"url":"https:\/\/www.endo-access.com\/wp-content\/uploads\/logo.png","type":"image\/png"}],"twitter_card":"summary_large_image","twitter_misc":{"Tempo di lettura stimato":"1 minuto"},"schema":{"@context":"https:\/\/schema.org","@graph":[{"@type":"WebPage","@id":"https:\/\/www.endo-access.com\/it\/informativa-sulla-privacy\/","url":"https:\/\/www.endo-access.com\/it\/informativa-sulla-privacy\/","name":"Tutela della privacy - access","isPartOf":{"@id":"https:\/\/www.endo-access.com\/it\/#website"},"datePublished":"2020-10-20T10:43:50+00:00","dateModified":"2020-10-20T10:59:01+00:00","breadcrumb":{"@id":"https:\/\/www.endo-access.com\/it\/informativa-sulla-privacy\/#breadcrumb"},"inLanguage":"it-IT","potentialAction":[{"@type":"ReadAction","target":["https:\/\/www.endo-access.com\/it\/informativa-sulla-privacy\/"]}]},{"@type":"BreadcrumbList","@id":"https:\/\/www.endo-access.com\/it\/informativa-sulla-privacy\/#breadcrumb","itemListElement":[{"@type":"ListItem","position":1,"name":"Accueil","item":"https:\/\/www.endo-access.com\/it\/"},{"@type":"ListItem","position":2,"name":"Tutela della privacy"}]},{"@type":"WebSite","@id":"https:\/\/www.endo-access.com\/it\/#website","url":"https:\/\/www.endo-access.com\/it\/","name":"access","description":"Efficacit\u00e9, Simplicit\u00e9, Rentabilit\u00e9.","publisher":{"@id":"https:\/\/www.endo-access.com\/it\/#organization"},"potentialAction":[{"@type":"SearchAction","target":{"@type":"EntryPoint","urlTemplate":"https:\/\/www.endo-access.com\/it\/?s={search_term_string}"},"query-input":{"@type":"PropertyValueSpecification","valueRequired":true,"valueName":"search_term_string"}}],"inLanguage":"it-IT"},{"@type":"Organization","@id":"https:\/\/www.endo-access.com\/it\/#organization","name":"Access","url":"https:\/\/www.endo-access.com\/it\/","logo":{"@type":"ImageObject","inLanguage":"it-IT","@id":"https:\/\/www.endo-access.com\/it\/#\/schema\/logo\/image\/","url":"https:\/\/www.endo-access.com\/wp-content\/uploads\/logo.png","contentUrl":"https:\/\/www.endo-access.com\/wp-content\/uploads\/logo.png","width":915,"height":915,"caption":"Access"},"image":{"@id":"https:\/\/www.endo-access.com\/it\/#\/schema\/logo\/image\/"},"sameAs":["https:\/\/www.facebook.com\/endoaccess\/","https:\/\/www.linkedin.com\/company\/endo-access\/","https:\/\/www.instagram.com\/endoaccess\/"]}]}},"_links":{"self":[{"href":"https:\/\/www.endo-access.com\/it\/wp-json\/wp\/v2\/pages\/2425","targetHints":{"allow":["GET"]}}],"collection":[{"href":"https:\/\/www.endo-access.com\/it\/wp-json\/wp\/v2\/pages"}],"about":[{"href":"https:\/\/www.endo-access.com\/it\/wp-json\/wp\/v2\/types\/page"}],"author":[{"embeddable":true,"href":"https:\/\/www.endo-access.com\/it\/wp-json\/wp\/v2\/users\/1"}],"replies":[{"embeddable":true,"href":"https:\/\/www.endo-access.com\/it\/wp-json\/wp\/v2\/comments?post=2425"}],"version-history":[{"count":3,"href":"https:\/\/www.endo-access.com\/it\/wp-json\/wp\/v2\/pages\/2425\/revisions"}],"predecessor-version":[{"id":2441,"href":"https:\/\/www.endo-access.com\/it\/wp-json\/wp\/v2\/pages\/2425\/revisions\/2441"}],"wp:attachment":[{"href":"https:\/\/www.endo-access.com\/it\/wp-json\/wp\/v2\/media?parent=2425"}],"curies":[{"name":"wp","href":"https:\/\/api.w.org\/{rel}","templated":true}]}}