{"id":6550,"date":"2023-09-25T16:08:58","date_gmt":"2023-09-27T14:04:58","guid":{"rendered":"https:\/\/www.endo-access.com\/?post_type=product&#038;p=6550"},"modified":"2025-04-30T10:53:17","modified_gmt":"2025-04-30T08:53:17","slug":"k-file","status":"publish","type":"product","link":"https:\/\/www.endo-access.com\/it\/prodotto\/k-file\/","title":{"rendered":"K-FILE"},"content":{"rendered":"<p>Lima endodontica manuale sterile utilizzata per localizzare e preparare il canale radicolare.<br \/>\nVengono utilizzate con una rotazione di un quarto di giro e un movimento verticale avanti e indietro.<\/p>\n","protected":false},"excerpt":{"rendered":"<p>Lima endodontica manuale sterile utilizzata per localizzare e preparare il canale radicolare. Vengono utilizzate con una rotazione di un quarto di giro e un movimento verticale avanti e indietro.<\/p>\n","protected":false},"featured_media":7472,"template":"","meta":{"_acf_changed":false},"product_brand":[],"product_cat":[141],"product_tag":[],"class_list":{"0":"post-6550","1":"product","2":"type-product","3":"status-publish","4":"has-post-thumbnail","6":"product_cat-lime-manuali","8":"first","9":"instock","10":"shipping-taxable","11":"product-type-simple"},"acf":[],"yoast_head":"<!-- This site is optimized with the Yoast SEO plugin v27.0 - https:\/\/yoast.com\/product\/yoast-seo-wordpress\/ -->\n<title>K-FILE - access<\/title>\n<meta name=\"robots\" content=\"index, follow, max-snippet:-1, max-image-preview:large, max-video-preview:-1\" \/>\n<link rel=\"canonical\" href=\"https:\/\/www.endo-access.com\/it\/prodotto\/k-file\/\" \/>\n<meta property=\"og:locale\" content=\"it_IT\" \/>\n<meta property=\"og:type\" content=\"article\" \/>\n<meta property=\"og:title\" content=\"K-FILE - access\" \/>\n<meta property=\"og:description\" content=\"Lima endodontica manuale sterile utilizzata per localizzare e preparare il canale radicolare. Vengono utilizzate con una rotazione di un quarto di giro e un movimento verticale avanti e indietro.\" \/>\n<meta property=\"og:url\" content=\"https:\/\/www.endo-access.com\/it\/prodotto\/k-file\/\" \/>\n<meta property=\"og:site_name\" content=\"access\" \/>\n<meta property=\"article:publisher\" content=\"https:\/\/www.facebook.com\/endoaccess\/\" \/>\n<meta property=\"article:modified_time\" content=\"2025-04-30T08:53:17+00:00\" \/>\n<meta property=\"og:image\" content=\"https:\/\/www.endo-access.com\/wp-content\/uploads\/LIME-K-FOND-BLANC-.png\" \/>\n\t<meta property=\"og:image:width\" content=\"1080\" \/>\n\t<meta property=\"og:image:height\" content=\"1080\" \/>\n\t<meta property=\"og:image:type\" content=\"image\/png\" \/>\n<meta name=\"twitter:card\" content=\"summary_large_image\" \/>\n<meta name=\"twitter:label1\" content=\"Tempo di lettura stimato\" \/>\n\t<meta name=\"twitter:data1\" content=\"1 minuto\" \/>\n<script type=\"application\/ld+json\" class=\"yoast-schema-graph\">{\"@context\":\"https:\/\/schema.org\",\"@graph\":[{\"@type\":\"WebPage\",\"@id\":\"https:\/\/www.endo-access.com\/it\/prodotto\/k-file\/\",\"url\":\"https:\/\/www.endo-access.com\/it\/prodotto\/k-file\/\",\"name\":\"K-FILE - access\",\"isPartOf\":{\"@id\":\"https:\/\/www.endo-access.com\/it\/#website\"},\"primaryImageOfPage\":{\"@id\":\"https:\/\/www.endo-access.com\/it\/prodotto\/k-file\/#primaryimage\"},\"image\":{\"@id\":\"https:\/\/www.endo-access.com\/it\/prodotto\/k-file\/#primaryimage\"},\"thumbnailUrl\":\"https:\/\/www.endo-access.com\/wp-content\/uploads\/LIME-K-FOND-BLANC-.png\",\"datePublished\":\"2023-09-27T14:04:58+00:00\",\"dateModified\":\"2025-04-30T08:53:17+00:00\",\"breadcrumb\":{\"@id\":\"https:\/\/www.endo-access.com\/it\/prodotto\/k-file\/#breadcrumb\"},\"inLanguage\":\"it-IT\",\"potentialAction\":[{\"@type\":\"ReadAction\",\"target\":[\"https:\/\/www.endo-access.com\/it\/prodotto\/k-file\/\"]}]},{\"@type\":\"ImageObject\",\"inLanguage\":\"it-IT\",\"@id\":\"https:\/\/www.endo-access.com\/it\/prodotto\/k-file\/#primaryimage\",\"url\":\"https:\/\/www.endo-access.com\/wp-content\/uploads\/LIME-K-FOND-BLANC-.png\",\"contentUrl\":\"https:\/\/www.endo-access.com\/wp-content\/uploads\/LIME-K-FOND-BLANC-.png\",\"width\":1080,\"height\":1080},{\"@type\":\"BreadcrumbList\",\"@id\":\"https:\/\/www.endo-access.com\/it\/prodotto\/k-file\/#breadcrumb\",\"itemListElement\":[{\"@type\":\"ListItem\",\"position\":1,\"name\":\"Accueil\",\"item\":\"https:\/\/www.endo-access.com\/it\/\"},{\"@type\":\"ListItem\",\"position\":2,\"name\":\"Prodotti\",\"item\":\"https:\/\/www.endo-access.com\/it\/prodotti\/\"},{\"@type\":\"ListItem\",\"position\":3,\"name\":\"K-FILE\"}]},{\"@type\":\"WebSite\",\"@id\":\"https:\/\/www.endo-access.com\/it\/#website\",\"url\":\"https:\/\/www.endo-access.com\/it\/\",\"name\":\"access\",\"description\":\"Efficacit\u00e9, Simplicit\u00e9, Rentabilit\u00e9.\",\"publisher\":{\"@id\":\"https:\/\/www.endo-access.com\/it\/#organization\"},\"potentialAction\":[{\"@type\":\"SearchAction\",\"target\":{\"@type\":\"EntryPoint\",\"urlTemplate\":\"https:\/\/www.endo-access.com\/it\/?s={search_term_string}\"},\"query-input\":{\"@type\":\"PropertyValueSpecification\",\"valueRequired\":true,\"valueName\":\"search_term_string\"}}],\"inLanguage\":\"it-IT\"},{\"@type\":\"Organization\",\"@id\":\"https:\/\/www.endo-access.com\/it\/#organization\",\"name\":\"Access\",\"url\":\"https:\/\/www.endo-access.com\/it\/\",\"logo\":{\"@type\":\"ImageObject\",\"inLanguage\":\"it-IT\",\"@id\":\"https:\/\/www.endo-access.com\/it\/#\/schema\/logo\/image\/\",\"url\":\"https:\/\/www.endo-access.com\/wp-content\/uploads\/logo.png\",\"contentUrl\":\"https:\/\/www.endo-access.com\/wp-content\/uploads\/logo.png\",\"width\":915,\"height\":915,\"caption\":\"Access\"},\"image\":{\"@id\":\"https:\/\/www.endo-access.com\/it\/#\/schema\/logo\/image\/\"},\"sameAs\":[\"https:\/\/www.facebook.com\/endoaccess\/\",\"https:\/\/www.linkedin.com\/company\/endo-access\/\",\"https:\/\/www.instagram.com\/endoaccess\/\"]}]}<\/script>\n<!-- \/ Yoast SEO plugin. -->","yoast_head_json":{"title":"K-FILE - access","robots":{"index":"index","follow":"follow","max-snippet":"max-snippet:-1","max-image-preview":"max-image-preview:large","max-video-preview":"max-video-preview:-1"},"canonical":"https:\/\/www.endo-access.com\/it\/prodotto\/k-file\/","og_locale":"it_IT","og_type":"article","og_title":"K-FILE - access","og_description":"Lima endodontica manuale sterile utilizzata per localizzare e preparare il canale radicolare. Vengono utilizzate con una rotazione di un quarto di giro e un movimento verticale avanti e indietro.","og_url":"https:\/\/www.endo-access.com\/it\/prodotto\/k-file\/","og_site_name":"access","article_publisher":"https:\/\/www.facebook.com\/endoaccess\/","article_modified_time":"2025-04-30T08:53:17+00:00","og_image":[{"width":1080,"height":1080,"url":"https:\/\/www.endo-access.com\/wp-content\/uploads\/LIME-K-FOND-BLANC-.png","type":"image\/png"}],"twitter_card":"summary_large_image","twitter_misc":{"Tempo di lettura stimato":"1 minuto"},"schema":{"@context":"https:\/\/schema.org","@graph":[{"@type":"WebPage","@id":"https:\/\/www.endo-access.com\/it\/prodotto\/k-file\/","url":"https:\/\/www.endo-access.com\/it\/prodotto\/k-file\/","name":"K-FILE - access","isPartOf":{"@id":"https:\/\/www.endo-access.com\/it\/#website"},"primaryImageOfPage":{"@id":"https:\/\/www.endo-access.com\/it\/prodotto\/k-file\/#primaryimage"},"image":{"@id":"https:\/\/www.endo-access.com\/it\/prodotto\/k-file\/#primaryimage"},"thumbnailUrl":"https:\/\/www.endo-access.com\/wp-content\/uploads\/LIME-K-FOND-BLANC-.png","datePublished":"2023-09-27T14:04:58+00:00","dateModified":"2025-04-30T08:53:17+00:00","breadcrumb":{"@id":"https:\/\/www.endo-access.com\/it\/prodotto\/k-file\/#breadcrumb"},"inLanguage":"it-IT","potentialAction":[{"@type":"ReadAction","target":["https:\/\/www.endo-access.com\/it\/prodotto\/k-file\/"]}]},{"@type":"ImageObject","inLanguage":"it-IT","@id":"https:\/\/www.endo-access.com\/it\/prodotto\/k-file\/#primaryimage","url":"https:\/\/www.endo-access.com\/wp-content\/uploads\/LIME-K-FOND-BLANC-.png","contentUrl":"https:\/\/www.endo-access.com\/wp-content\/uploads\/LIME-K-FOND-BLANC-.png","width":1080,"height":1080},{"@type":"BreadcrumbList","@id":"https:\/\/www.endo-access.com\/it\/prodotto\/k-file\/#breadcrumb","itemListElement":[{"@type":"ListItem","position":1,"name":"Accueil","item":"https:\/\/www.endo-access.com\/it\/"},{"@type":"ListItem","position":2,"name":"Prodotti","item":"https:\/\/www.endo-access.com\/it\/prodotti\/"},{"@type":"ListItem","position":3,"name":"K-FILE"}]},{"@type":"WebSite","@id":"https:\/\/www.endo-access.com\/it\/#website","url":"https:\/\/www.endo-access.com\/it\/","name":"access","description":"Efficacit\u00e9, Simplicit\u00e9, Rentabilit\u00e9.","publisher":{"@id":"https:\/\/www.endo-access.com\/it\/#organization"},"potentialAction":[{"@type":"SearchAction","target":{"@type":"EntryPoint","urlTemplate":"https:\/\/www.endo-access.com\/it\/?s={search_term_string}"},"query-input":{"@type":"PropertyValueSpecification","valueRequired":true,"valueName":"search_term_string"}}],"inLanguage":"it-IT"},{"@type":"Organization","@id":"https:\/\/www.endo-access.com\/it\/#organization","name":"Access","url":"https:\/\/www.endo-access.com\/it\/","logo":{"@type":"ImageObject","inLanguage":"it-IT","@id":"https:\/\/www.endo-access.com\/it\/#\/schema\/logo\/image\/","url":"https:\/\/www.endo-access.com\/wp-content\/uploads\/logo.png","contentUrl":"https:\/\/www.endo-access.com\/wp-content\/uploads\/logo.png","width":915,"height":915,"caption":"Access"},"image":{"@id":"https:\/\/www.endo-access.com\/it\/#\/schema\/logo\/image\/"},"sameAs":["https:\/\/www.facebook.com\/endoaccess\/","https:\/\/www.linkedin.com\/company\/endo-access\/","https:\/\/www.instagram.com\/endoaccess\/"]}]}},"_links":{"self":[{"href":"https:\/\/www.endo-access.com\/it\/wp-json\/wp\/v2\/product\/6550","targetHints":{"allow":["GET"]}}],"collection":[{"href":"https:\/\/www.endo-access.com\/it\/wp-json\/wp\/v2\/product"}],"about":[{"href":"https:\/\/www.endo-access.com\/it\/wp-json\/wp\/v2\/types\/product"}],"wp:featuredmedia":[{"embeddable":true,"href":"https:\/\/www.endo-access.com\/it\/wp-json\/wp\/v2\/media\/7472"}],"wp:attachment":[{"href":"https:\/\/www.endo-access.com\/it\/wp-json\/wp\/v2\/media?parent=6550"}],"wp:term":[{"taxonomy":"product_brand","embeddable":true,"href":"https:\/\/www.endo-access.com\/it\/wp-json\/wp\/v2\/product_brand?post=6550"},{"taxonomy":"product_cat","embeddable":true,"href":"https:\/\/www.endo-access.com\/it\/wp-json\/wp\/v2\/product_cat?post=6550"},{"taxonomy":"product_tag","embeddable":true,"href":"https:\/\/www.endo-access.com\/it\/wp-json\/wp\/v2\/product_tag?post=6550"}],"curies":[{"name":"wp","href":"https:\/\/api.w.org\/{rel}","templated":true}]}}