{"id":6904,"date":"2023-10-04T15:16:13","date_gmt":"2023-10-04T13:28:00","guid":{"rendered":"https:\/\/www.endo-access.com\/?post_type=product&#038;p=6904"},"modified":"2023-11-23T10:33:58","modified_gmt":"2023-11-23T09:33:58","slug":"attivatore-di-irrigazione","status":"publish","type":"product","link":"https:\/\/www.endo-access.com\/it\/prodotto\/attivatore-di-irrigazione\/","title":{"rendered":"ATTIVATORE DI IRRIGAZIONE"},"content":{"rendered":"<p>Per la pulizia e l&#8217;attivazione degli irrigatori canalari, utilizzare con E70 \/ ED70.<\/p>\n","protected":false},"excerpt":{"rendered":"<p>Per la pulizia e l&#8217;attivazione degli irrigatori canalari, utilizzare con E70 \/ ED70.<\/p>\n","protected":false},"featured_media":7484,"template":"","meta":{"_acf_changed":false},"product_brand":[],"product_cat":[136],"product_tag":[],"class_list":{"0":"post-6904","1":"product","2":"type-product","3":"status-publish","4":"has-post-thumbnail","6":"product_cat-inserti-endo","8":"first","9":"instock","10":"shipping-taxable","11":"product-type-simple"},"acf":[],"yoast_head":"<!-- This site is optimized with the Yoast SEO plugin v27.0 - https:\/\/yoast.com\/product\/yoast-seo-wordpress\/ -->\n<title>ATTIVATORE DI IRRIGAZIONE - access<\/title>\n<meta name=\"robots\" content=\"index, follow, max-snippet:-1, max-image-preview:large, max-video-preview:-1\" \/>\n<link rel=\"canonical\" href=\"https:\/\/www.endo-access.com\/it\/prodotto\/attivatore-di-irrigazione\/\" \/>\n<meta property=\"og:locale\" content=\"it_IT\" \/>\n<meta property=\"og:type\" content=\"article\" \/>\n<meta property=\"og:title\" content=\"ATTIVATORE DI IRRIGAZIONE - access\" \/>\n<meta property=\"og:description\" content=\"Per la pulizia e l&#8217;attivazione degli irrigatori canalari, utilizzare con E70 \/ ED70.\" \/>\n<meta property=\"og:url\" content=\"https:\/\/www.endo-access.com\/it\/prodotto\/attivatore-di-irrigazione\/\" \/>\n<meta property=\"og:site_name\" content=\"access\" \/>\n<meta property=\"article:publisher\" content=\"https:\/\/www.facebook.com\/endoaccess\/\" \/>\n<meta property=\"article:modified_time\" content=\"2023-11-23T09:33:58+00:00\" \/>\n<meta property=\"og:image\" content=\"https:\/\/www.endo-access.com\/wp-content\/uploads\/ED70-et-activateur-600x600-1.png\" \/>\n\t<meta property=\"og:image:width\" content=\"398\" \/>\n\t<meta property=\"og:image:height\" content=\"428\" \/>\n\t<meta property=\"og:image:type\" content=\"image\/png\" \/>\n<meta name=\"twitter:card\" content=\"summary_large_image\" \/>\n<meta name=\"twitter:label1\" content=\"Tempo di lettura stimato\" \/>\n\t<meta name=\"twitter:data1\" content=\"1 minuto\" \/>\n<script type=\"application\/ld+json\" class=\"yoast-schema-graph\">{\"@context\":\"https:\/\/schema.org\",\"@graph\":[{\"@type\":\"WebPage\",\"@id\":\"https:\/\/www.endo-access.com\/it\/prodotto\/attivatore-di-irrigazione\/\",\"url\":\"https:\/\/www.endo-access.com\/it\/prodotto\/attivatore-di-irrigazione\/\",\"name\":\"ATTIVATORE DI IRRIGAZIONE - access\",\"isPartOf\":{\"@id\":\"https:\/\/www.endo-access.com\/it\/#website\"},\"primaryImageOfPage\":{\"@id\":\"https:\/\/www.endo-access.com\/it\/prodotto\/attivatore-di-irrigazione\/#primaryimage\"},\"image\":{\"@id\":\"https:\/\/www.endo-access.com\/it\/prodotto\/attivatore-di-irrigazione\/#primaryimage\"},\"thumbnailUrl\":\"https:\/\/www.endo-access.com\/wp-content\/uploads\/ACTIVATEUR-DIRRIGATION-FOND-BLANC-e1703694503890.png\",\"datePublished\":\"2023-10-04T13:28:00+00:00\",\"dateModified\":\"2023-11-23T09:33:58+00:00\",\"breadcrumb\":{\"@id\":\"https:\/\/www.endo-access.com\/it\/prodotto\/attivatore-di-irrigazione\/#breadcrumb\"},\"inLanguage\":\"it-IT\",\"potentialAction\":[{\"@type\":\"ReadAction\",\"target\":[\"https:\/\/www.endo-access.com\/it\/prodotto\/attivatore-di-irrigazione\/\"]}]},{\"@type\":\"ImageObject\",\"inLanguage\":\"it-IT\",\"@id\":\"https:\/\/www.endo-access.com\/it\/prodotto\/attivatore-di-irrigazione\/#primaryimage\",\"url\":\"https:\/\/www.endo-access.com\/wp-content\/uploads\/ACTIVATEUR-DIRRIGATION-FOND-BLANC-e1703694503890.png\",\"contentUrl\":\"https:\/\/www.endo-access.com\/wp-content\/uploads\/ACTIVATEUR-DIRRIGATION-FOND-BLANC-e1703694503890.png\",\"width\":1080,\"height\":1080},{\"@type\":\"BreadcrumbList\",\"@id\":\"https:\/\/www.endo-access.com\/it\/prodotto\/attivatore-di-irrigazione\/#breadcrumb\",\"itemListElement\":[{\"@type\":\"ListItem\",\"position\":1,\"name\":\"Accueil\",\"item\":\"https:\/\/www.endo-access.com\/it\/\"},{\"@type\":\"ListItem\",\"position\":2,\"name\":\"Prodotti\",\"item\":\"https:\/\/www.endo-access.com\/it\/prodotti\/\"},{\"@type\":\"ListItem\",\"position\":3,\"name\":\"ATTIVATORE DI IRRIGAZIONE\"}]},{\"@type\":\"WebSite\",\"@id\":\"https:\/\/www.endo-access.com\/it\/#website\",\"url\":\"https:\/\/www.endo-access.com\/it\/\",\"name\":\"access\",\"description\":\"Efficacit\u00e9, Simplicit\u00e9, Rentabilit\u00e9.\",\"publisher\":{\"@id\":\"https:\/\/www.endo-access.com\/it\/#organization\"},\"potentialAction\":[{\"@type\":\"SearchAction\",\"target\":{\"@type\":\"EntryPoint\",\"urlTemplate\":\"https:\/\/www.endo-access.com\/it\/?s={search_term_string}\"},\"query-input\":{\"@type\":\"PropertyValueSpecification\",\"valueRequired\":true,\"valueName\":\"search_term_string\"}}],\"inLanguage\":\"it-IT\"},{\"@type\":\"Organization\",\"@id\":\"https:\/\/www.endo-access.com\/it\/#organization\",\"name\":\"Access\",\"url\":\"https:\/\/www.endo-access.com\/it\/\",\"logo\":{\"@type\":\"ImageObject\",\"inLanguage\":\"it-IT\",\"@id\":\"https:\/\/www.endo-access.com\/it\/#\/schema\/logo\/image\/\",\"url\":\"https:\/\/www.endo-access.com\/wp-content\/uploads\/logo.png\",\"contentUrl\":\"https:\/\/www.endo-access.com\/wp-content\/uploads\/logo.png\",\"width\":915,\"height\":915,\"caption\":\"Access\"},\"image\":{\"@id\":\"https:\/\/www.endo-access.com\/it\/#\/schema\/logo\/image\/\"},\"sameAs\":[\"https:\/\/www.facebook.com\/endoaccess\/\",\"https:\/\/www.linkedin.com\/company\/endo-access\/\",\"https:\/\/www.instagram.com\/endoaccess\/\"]}]}<\/script>\n<!-- \/ Yoast SEO plugin. -->","yoast_head_json":{"title":"ATTIVATORE DI IRRIGAZIONE - access","robots":{"index":"index","follow":"follow","max-snippet":"max-snippet:-1","max-image-preview":"max-image-preview:large","max-video-preview":"max-video-preview:-1"},"canonical":"https:\/\/www.endo-access.com\/it\/prodotto\/attivatore-di-irrigazione\/","og_locale":"it_IT","og_type":"article","og_title":"ATTIVATORE DI IRRIGAZIONE - access","og_description":"Per la pulizia e l&#8217;attivazione degli irrigatori canalari, utilizzare con E70 \/ ED70.","og_url":"https:\/\/www.endo-access.com\/it\/prodotto\/attivatore-di-irrigazione\/","og_site_name":"access","article_publisher":"https:\/\/www.facebook.com\/endoaccess\/","article_modified_time":"2023-11-23T09:33:58+00:00","og_image":[{"width":398,"height":428,"url":"https:\/\/www.endo-access.com\/wp-content\/uploads\/ED70-et-activateur-600x600-1.png","type":"image\/png"}],"twitter_card":"summary_large_image","twitter_misc":{"Tempo di lettura stimato":"1 minuto"},"schema":{"@context":"https:\/\/schema.org","@graph":[{"@type":"WebPage","@id":"https:\/\/www.endo-access.com\/it\/prodotto\/attivatore-di-irrigazione\/","url":"https:\/\/www.endo-access.com\/it\/prodotto\/attivatore-di-irrigazione\/","name":"ATTIVATORE DI IRRIGAZIONE - access","isPartOf":{"@id":"https:\/\/www.endo-access.com\/it\/#website"},"primaryImageOfPage":{"@id":"https:\/\/www.endo-access.com\/it\/prodotto\/attivatore-di-irrigazione\/#primaryimage"},"image":{"@id":"https:\/\/www.endo-access.com\/it\/prodotto\/attivatore-di-irrigazione\/#primaryimage"},"thumbnailUrl":"https:\/\/www.endo-access.com\/wp-content\/uploads\/ACTIVATEUR-DIRRIGATION-FOND-BLANC-e1703694503890.png","datePublished":"2023-10-04T13:28:00+00:00","dateModified":"2023-11-23T09:33:58+00:00","breadcrumb":{"@id":"https:\/\/www.endo-access.com\/it\/prodotto\/attivatore-di-irrigazione\/#breadcrumb"},"inLanguage":"it-IT","potentialAction":[{"@type":"ReadAction","target":["https:\/\/www.endo-access.com\/it\/prodotto\/attivatore-di-irrigazione\/"]}]},{"@type":"ImageObject","inLanguage":"it-IT","@id":"https:\/\/www.endo-access.com\/it\/prodotto\/attivatore-di-irrigazione\/#primaryimage","url":"https:\/\/www.endo-access.com\/wp-content\/uploads\/ACTIVATEUR-DIRRIGATION-FOND-BLANC-e1703694503890.png","contentUrl":"https:\/\/www.endo-access.com\/wp-content\/uploads\/ACTIVATEUR-DIRRIGATION-FOND-BLANC-e1703694503890.png","width":1080,"height":1080},{"@type":"BreadcrumbList","@id":"https:\/\/www.endo-access.com\/it\/prodotto\/attivatore-di-irrigazione\/#breadcrumb","itemListElement":[{"@type":"ListItem","position":1,"name":"Accueil","item":"https:\/\/www.endo-access.com\/it\/"},{"@type":"ListItem","position":2,"name":"Prodotti","item":"https:\/\/www.endo-access.com\/it\/prodotti\/"},{"@type":"ListItem","position":3,"name":"ATTIVATORE DI IRRIGAZIONE"}]},{"@type":"WebSite","@id":"https:\/\/www.endo-access.com\/it\/#website","url":"https:\/\/www.endo-access.com\/it\/","name":"access","description":"Efficacit\u00e9, Simplicit\u00e9, Rentabilit\u00e9.","publisher":{"@id":"https:\/\/www.endo-access.com\/it\/#organization"},"potentialAction":[{"@type":"SearchAction","target":{"@type":"EntryPoint","urlTemplate":"https:\/\/www.endo-access.com\/it\/?s={search_term_string}"},"query-input":{"@type":"PropertyValueSpecification","valueRequired":true,"valueName":"search_term_string"}}],"inLanguage":"it-IT"},{"@type":"Organization","@id":"https:\/\/www.endo-access.com\/it\/#organization","name":"Access","url":"https:\/\/www.endo-access.com\/it\/","logo":{"@type":"ImageObject","inLanguage":"it-IT","@id":"https:\/\/www.endo-access.com\/it\/#\/schema\/logo\/image\/","url":"https:\/\/www.endo-access.com\/wp-content\/uploads\/logo.png","contentUrl":"https:\/\/www.endo-access.com\/wp-content\/uploads\/logo.png","width":915,"height":915,"caption":"Access"},"image":{"@id":"https:\/\/www.endo-access.com\/it\/#\/schema\/logo\/image\/"},"sameAs":["https:\/\/www.facebook.com\/endoaccess\/","https:\/\/www.linkedin.com\/company\/endo-access\/","https:\/\/www.instagram.com\/endoaccess\/"]}]}},"_links":{"self":[{"href":"https:\/\/www.endo-access.com\/it\/wp-json\/wp\/v2\/product\/6904","targetHints":{"allow":["GET"]}}],"collection":[{"href":"https:\/\/www.endo-access.com\/it\/wp-json\/wp\/v2\/product"}],"about":[{"href":"https:\/\/www.endo-access.com\/it\/wp-json\/wp\/v2\/types\/product"}],"wp:featuredmedia":[{"embeddable":true,"href":"https:\/\/www.endo-access.com\/it\/wp-json\/wp\/v2\/media\/7484"}],"wp:attachment":[{"href":"https:\/\/www.endo-access.com\/it\/wp-json\/wp\/v2\/media?parent=6904"}],"wp:term":[{"taxonomy":"product_brand","embeddable":true,"href":"https:\/\/www.endo-access.com\/it\/wp-json\/wp\/v2\/product_brand?post=6904"},{"taxonomy":"product_cat","embeddable":true,"href":"https:\/\/www.endo-access.com\/it\/wp-json\/wp\/v2\/product_cat?post=6904"},{"taxonomy":"product_tag","embeddable":true,"href":"https:\/\/www.endo-access.com\/it\/wp-json\/wp\/v2\/product_tag?post=6904"}],"curies":[{"name":"wp","href":"https:\/\/api.w.org\/{rel}","templated":true}]}}