{"id":9469,"date":"2026-02-25T16:51:20","date_gmt":"2026-02-25T15:51:20","guid":{"rendered":"https:\/\/www.endo-access.com\/product\/endo-bloc-mini\/"},"modified":"2026-02-25T17:04:09","modified_gmt":"2026-02-25T16:04:09","slug":"endo-bloc-mini","status":"publish","type":"product","link":"https:\/\/www.endo-access.com\/it\/prodotto\/endo-bloc-mini\/","title":{"rendered":"ENDO BLOC MINI"},"content":{"rendered":"<p><strong>Accessorio di misurazione<\/strong> che consente di verificare la lunghezza degli strumenti durante il trattamento endodontico.<\/p>\n","protected":false},"excerpt":{"rendered":"<p>Accessorio di misurazione che consente di verificare la lunghezza degli strumenti durante il trattamento endodontico.<\/p>\n","protected":false},"featured_media":9445,"template":"","meta":{"_acf_changed":false},"product_brand":[],"product_cat":[72],"product_tag":[],"class_list":{"0":"post-9469","1":"product","2":"type-product","3":"status-publish","4":"has-post-thumbnail","6":"product_cat-accessori","8":"first","9":"instock","10":"shipping-taxable","11":"product-type-simple"},"acf":[],"yoast_head":"<!-- This site is optimized with the Yoast SEO plugin v27.0 - https:\/\/yoast.com\/product\/yoast-seo-wordpress\/ -->\n<title>ENDO BLOC MINI - access<\/title>\n<meta name=\"robots\" content=\"index, follow, max-snippet:-1, max-image-preview:large, max-video-preview:-1\" \/>\n<link rel=\"canonical\" href=\"https:\/\/www.endo-access.com\/it\/prodotto\/endo-bloc-mini\/\" \/>\n<meta property=\"og:locale\" content=\"it_IT\" \/>\n<meta property=\"og:type\" content=\"article\" \/>\n<meta property=\"og:title\" content=\"ENDO BLOC MINI - access\" \/>\n<meta property=\"og:description\" content=\"Accessorio di misurazione che consente di verificare la lunghezza degli strumenti durante il trattamento endodontico.\" \/>\n<meta property=\"og:url\" content=\"https:\/\/www.endo-access.com\/it\/prodotto\/endo-bloc-mini\/\" \/>\n<meta property=\"og:site_name\" content=\"access\" \/>\n<meta property=\"article:publisher\" content=\"https:\/\/www.facebook.com\/endoaccess\/\" \/>\n<meta property=\"article:modified_time\" content=\"2026-02-25T16:04:09+00:00\" \/>\n<meta property=\"og:image\" content=\"https:\/\/www.endo-access.com\/wp-content\/uploads\/endo-bloc-principal-e1772034789614.png\" \/>\n\t<meta property=\"og:image:width\" content=\"1078\" \/>\n\t<meta property=\"og:image:height\" content=\"607\" \/>\n\t<meta property=\"og:image:type\" content=\"image\/png\" \/>\n<meta name=\"twitter:card\" content=\"summary_large_image\" \/>\n<meta name=\"twitter:label1\" content=\"Tempo di lettura stimato\" \/>\n\t<meta name=\"twitter:data1\" content=\"1 minuto\" \/>\n<script type=\"application\/ld+json\" class=\"yoast-schema-graph\">{\"@context\":\"https:\/\/schema.org\",\"@graph\":[{\"@type\":\"WebPage\",\"@id\":\"https:\/\/www.endo-access.com\/it\/prodotto\/endo-bloc-mini\/\",\"url\":\"https:\/\/www.endo-access.com\/it\/prodotto\/endo-bloc-mini\/\",\"name\":\"ENDO BLOC MINI - access\",\"isPartOf\":{\"@id\":\"https:\/\/www.endo-access.com\/it\/#website\"},\"primaryImageOfPage\":{\"@id\":\"https:\/\/www.endo-access.com\/it\/prodotto\/endo-bloc-mini\/#primaryimage\"},\"image\":{\"@id\":\"https:\/\/www.endo-access.com\/it\/prodotto\/endo-bloc-mini\/#primaryimage\"},\"thumbnailUrl\":\"https:\/\/www.endo-access.com\/wp-content\/uploads\/endo-bloc-principal-e1772034789614.png\",\"datePublished\":\"2026-02-25T15:51:20+00:00\",\"dateModified\":\"2026-02-25T16:04:09+00:00\",\"breadcrumb\":{\"@id\":\"https:\/\/www.endo-access.com\/it\/prodotto\/endo-bloc-mini\/#breadcrumb\"},\"inLanguage\":\"it-IT\",\"potentialAction\":[{\"@type\":\"ReadAction\",\"target\":[\"https:\/\/www.endo-access.com\/it\/prodotto\/endo-bloc-mini\/\"]}]},{\"@type\":\"ImageObject\",\"inLanguage\":\"it-IT\",\"@id\":\"https:\/\/www.endo-access.com\/it\/prodotto\/endo-bloc-mini\/#primaryimage\",\"url\":\"https:\/\/www.endo-access.com\/wp-content\/uploads\/endo-bloc-principal-e1772034789614.png\",\"contentUrl\":\"https:\/\/www.endo-access.com\/wp-content\/uploads\/endo-bloc-principal-e1772034789614.png\",\"width\":1078,\"height\":607},{\"@type\":\"BreadcrumbList\",\"@id\":\"https:\/\/www.endo-access.com\/it\/prodotto\/endo-bloc-mini\/#breadcrumb\",\"itemListElement\":[{\"@type\":\"ListItem\",\"position\":1,\"name\":\"Accueil\",\"item\":\"https:\/\/www.endo-access.com\/it\/\"},{\"@type\":\"ListItem\",\"position\":2,\"name\":\"Prodotti\",\"item\":\"https:\/\/www.endo-access.com\/it\/prodotti\/\"},{\"@type\":\"ListItem\",\"position\":3,\"name\":\"ENDO BLOC MINI\"}]},{\"@type\":\"WebSite\",\"@id\":\"https:\/\/www.endo-access.com\/it\/#website\",\"url\":\"https:\/\/www.endo-access.com\/it\/\",\"name\":\"access\",\"description\":\"Efficacit\u00e9, Simplicit\u00e9, Rentabilit\u00e9.\",\"publisher\":{\"@id\":\"https:\/\/www.endo-access.com\/it\/#organization\"},\"potentialAction\":[{\"@type\":\"SearchAction\",\"target\":{\"@type\":\"EntryPoint\",\"urlTemplate\":\"https:\/\/www.endo-access.com\/it\/?s={search_term_string}\"},\"query-input\":{\"@type\":\"PropertyValueSpecification\",\"valueRequired\":true,\"valueName\":\"search_term_string\"}}],\"inLanguage\":\"it-IT\"},{\"@type\":\"Organization\",\"@id\":\"https:\/\/www.endo-access.com\/it\/#organization\",\"name\":\"Access\",\"url\":\"https:\/\/www.endo-access.com\/it\/\",\"logo\":{\"@type\":\"ImageObject\",\"inLanguage\":\"it-IT\",\"@id\":\"https:\/\/www.endo-access.com\/it\/#\/schema\/logo\/image\/\",\"url\":\"https:\/\/www.endo-access.com\/wp-content\/uploads\/logo.png\",\"contentUrl\":\"https:\/\/www.endo-access.com\/wp-content\/uploads\/logo.png\",\"width\":915,\"height\":915,\"caption\":\"Access\"},\"image\":{\"@id\":\"https:\/\/www.endo-access.com\/it\/#\/schema\/logo\/image\/\"},\"sameAs\":[\"https:\/\/www.facebook.com\/endoaccess\/\",\"https:\/\/www.linkedin.com\/company\/endo-access\/\",\"https:\/\/www.instagram.com\/endoaccess\/\"]}]}<\/script>\n<!-- \/ Yoast SEO plugin. -->","yoast_head_json":{"title":"ENDO BLOC MINI - access","robots":{"index":"index","follow":"follow","max-snippet":"max-snippet:-1","max-image-preview":"max-image-preview:large","max-video-preview":"max-video-preview:-1"},"canonical":"https:\/\/www.endo-access.com\/it\/prodotto\/endo-bloc-mini\/","og_locale":"it_IT","og_type":"article","og_title":"ENDO BLOC MINI - access","og_description":"Accessorio di misurazione che consente di verificare la lunghezza degli strumenti durante il trattamento endodontico.","og_url":"https:\/\/www.endo-access.com\/it\/prodotto\/endo-bloc-mini\/","og_site_name":"access","article_publisher":"https:\/\/www.facebook.com\/endoaccess\/","article_modified_time":"2026-02-25T16:04:09+00:00","og_image":[{"width":1078,"height":607,"url":"https:\/\/www.endo-access.com\/wp-content\/uploads\/endo-bloc-principal-e1772034789614.png","type":"image\/png"}],"twitter_card":"summary_large_image","twitter_misc":{"Tempo di lettura stimato":"1 minuto"},"schema":{"@context":"https:\/\/schema.org","@graph":[{"@type":"WebPage","@id":"https:\/\/www.endo-access.com\/it\/prodotto\/endo-bloc-mini\/","url":"https:\/\/www.endo-access.com\/it\/prodotto\/endo-bloc-mini\/","name":"ENDO BLOC MINI - access","isPartOf":{"@id":"https:\/\/www.endo-access.com\/it\/#website"},"primaryImageOfPage":{"@id":"https:\/\/www.endo-access.com\/it\/prodotto\/endo-bloc-mini\/#primaryimage"},"image":{"@id":"https:\/\/www.endo-access.com\/it\/prodotto\/endo-bloc-mini\/#primaryimage"},"thumbnailUrl":"https:\/\/www.endo-access.com\/wp-content\/uploads\/endo-bloc-principal-e1772034789614.png","datePublished":"2026-02-25T15:51:20+00:00","dateModified":"2026-02-25T16:04:09+00:00","breadcrumb":{"@id":"https:\/\/www.endo-access.com\/it\/prodotto\/endo-bloc-mini\/#breadcrumb"},"inLanguage":"it-IT","potentialAction":[{"@type":"ReadAction","target":["https:\/\/www.endo-access.com\/it\/prodotto\/endo-bloc-mini\/"]}]},{"@type":"ImageObject","inLanguage":"it-IT","@id":"https:\/\/www.endo-access.com\/it\/prodotto\/endo-bloc-mini\/#primaryimage","url":"https:\/\/www.endo-access.com\/wp-content\/uploads\/endo-bloc-principal-e1772034789614.png","contentUrl":"https:\/\/www.endo-access.com\/wp-content\/uploads\/endo-bloc-principal-e1772034789614.png","width":1078,"height":607},{"@type":"BreadcrumbList","@id":"https:\/\/www.endo-access.com\/it\/prodotto\/endo-bloc-mini\/#breadcrumb","itemListElement":[{"@type":"ListItem","position":1,"name":"Accueil","item":"https:\/\/www.endo-access.com\/it\/"},{"@type":"ListItem","position":2,"name":"Prodotti","item":"https:\/\/www.endo-access.com\/it\/prodotti\/"},{"@type":"ListItem","position":3,"name":"ENDO BLOC MINI"}]},{"@type":"WebSite","@id":"https:\/\/www.endo-access.com\/it\/#website","url":"https:\/\/www.endo-access.com\/it\/","name":"access","description":"Efficacit\u00e9, Simplicit\u00e9, Rentabilit\u00e9.","publisher":{"@id":"https:\/\/www.endo-access.com\/it\/#organization"},"potentialAction":[{"@type":"SearchAction","target":{"@type":"EntryPoint","urlTemplate":"https:\/\/www.endo-access.com\/it\/?s={search_term_string}"},"query-input":{"@type":"PropertyValueSpecification","valueRequired":true,"valueName":"search_term_string"}}],"inLanguage":"it-IT"},{"@type":"Organization","@id":"https:\/\/www.endo-access.com\/it\/#organization","name":"Access","url":"https:\/\/www.endo-access.com\/it\/","logo":{"@type":"ImageObject","inLanguage":"it-IT","@id":"https:\/\/www.endo-access.com\/it\/#\/schema\/logo\/image\/","url":"https:\/\/www.endo-access.com\/wp-content\/uploads\/logo.png","contentUrl":"https:\/\/www.endo-access.com\/wp-content\/uploads\/logo.png","width":915,"height":915,"caption":"Access"},"image":{"@id":"https:\/\/www.endo-access.com\/it\/#\/schema\/logo\/image\/"},"sameAs":["https:\/\/www.facebook.com\/endoaccess\/","https:\/\/www.linkedin.com\/company\/endo-access\/","https:\/\/www.instagram.com\/endoaccess\/"]}]}},"_links":{"self":[{"href":"https:\/\/www.endo-access.com\/it\/wp-json\/wp\/v2\/product\/9469","targetHints":{"allow":["GET"]}}],"collection":[{"href":"https:\/\/www.endo-access.com\/it\/wp-json\/wp\/v2\/product"}],"about":[{"href":"https:\/\/www.endo-access.com\/it\/wp-json\/wp\/v2\/types\/product"}],"wp:featuredmedia":[{"embeddable":true,"href":"https:\/\/www.endo-access.com\/it\/wp-json\/wp\/v2\/media\/9445"}],"wp:attachment":[{"href":"https:\/\/www.endo-access.com\/it\/wp-json\/wp\/v2\/media?parent=9469"}],"wp:term":[{"taxonomy":"product_brand","embeddable":true,"href":"https:\/\/www.endo-access.com\/it\/wp-json\/wp\/v2\/product_brand?post=9469"},{"taxonomy":"product_cat","embeddable":true,"href":"https:\/\/www.endo-access.com\/it\/wp-json\/wp\/v2\/product_cat?post=9469"},{"taxonomy":"product_tag","embeddable":true,"href":"https:\/\/www.endo-access.com\/it\/wp-json\/wp\/v2\/product_tag?post=9469"}],"curies":[{"name":"wp","href":"https:\/\/api.w.org\/{rel}","templated":true}]}}