{"id":9527,"date":"2026-02-25T17:16:28","date_gmt":"2026-02-25T16:16:28","guid":{"rendered":"https:\/\/www.endo-access.com\/product\/digues-non-latex\/"},"modified":"2026-02-25T17:16:28","modified_gmt":"2026-02-25T16:16:28","slug":"digues-non-latex","status":"publish","type":"product","link":"https:\/\/www.endo-access.com\/it\/prodotto\/digues-non-latex\/","title":{"rendered":"DIGUES NON LATEX"},"content":{"rendered":"<p>Digues pr\u00e9d\u00e9coup\u00e9es pour l\u2019isolation \u00e9tanche du champ op\u00e9ratoire.<\/p>\n<p><strong>Sans latex<\/strong> pour \u00e9viter tout risque d&#8217;allergie.<\/p>\n","protected":false},"excerpt":{"rendered":"<p>Digues pr\u00e9d\u00e9coup\u00e9es pour l\u2019isolation \u00e9tanche du champ op\u00e9ratoire. Sans latex pour \u00e9viter tout risque d&#8217;allergie.<\/p>\n","protected":false},"featured_media":9515,"template":"","meta":{"_acf_changed":false},"product_brand":[],"product_cat":[72],"product_tag":[],"class_list":{"0":"post-9527","1":"product","2":"type-product","3":"status-publish","4":"has-post-thumbnail","6":"product_cat-accessori","8":"first","9":"instock","10":"shipping-taxable","11":"product-type-simple"},"acf":[],"yoast_head":"<!-- This site is optimized with the Yoast SEO plugin v27.0 - https:\/\/yoast.com\/product\/yoast-seo-wordpress\/ -->\n<title>DIGUES NON LATEX - access<\/title>\n<meta name=\"robots\" content=\"index, follow, max-snippet:-1, max-image-preview:large, max-video-preview:-1\" \/>\n<link rel=\"canonical\" href=\"https:\/\/www.endo-access.com\/it\/prodotto\/digues-non-latex\/\" \/>\n<meta property=\"og:locale\" content=\"it_IT\" \/>\n<meta property=\"og:type\" content=\"article\" \/>\n<meta property=\"og:title\" content=\"DIGUES NON LATEX - access\" \/>\n<meta property=\"og:description\" content=\"Digues pr\u00e9d\u00e9coup\u00e9es pour l\u2019isolation \u00e9tanche du champ op\u00e9ratoire. Sans latex pour \u00e9viter tout risque d&#8217;allergie.\" \/>\n<meta property=\"og:url\" content=\"https:\/\/www.endo-access.com\/it\/prodotto\/digues-non-latex\/\" \/>\n<meta property=\"og:site_name\" content=\"access\" \/>\n<meta property=\"article:publisher\" content=\"https:\/\/www.facebook.com\/endoaccess\/\" \/>\n<meta property=\"og:image\" content=\"https:\/\/www.endo-access.com\/wp-content\/uploads\/logo.png\" \/>\n\t<meta property=\"og:image:width\" content=\"915\" \/>\n\t<meta property=\"og:image:height\" content=\"915\" \/>\n\t<meta property=\"og:image:type\" content=\"image\/png\" \/>\n<meta name=\"twitter:card\" content=\"summary_large_image\" \/>\n<script type=\"application\/ld+json\" class=\"yoast-schema-graph\">{\"@context\":\"https:\/\/schema.org\",\"@graph\":[{\"@type\":\"WebPage\",\"@id\":\"https:\/\/www.endo-access.com\/it\/prodotto\/digues-non-latex\/\",\"url\":\"https:\/\/www.endo-access.com\/it\/prodotto\/digues-non-latex\/\",\"name\":\"DIGUES NON LATEX - access\",\"isPartOf\":{\"@id\":\"https:\/\/www.endo-access.com\/it\/#website\"},\"primaryImageOfPage\":{\"@id\":\"https:\/\/www.endo-access.com\/it\/prodotto\/digues-non-latex\/#primaryimage\"},\"image\":{\"@id\":\"https:\/\/www.endo-access.com\/it\/prodotto\/digues-non-latex\/#primaryimage\"},\"thumbnailUrl\":\"https:\/\/www.endo-access.com\/wp-content\/uploads\/ACCESS-DentalDam-nonlatex-scaled.png\",\"datePublished\":\"2026-02-25T16:16:28+00:00\",\"breadcrumb\":{\"@id\":\"https:\/\/www.endo-access.com\/it\/prodotto\/digues-non-latex\/#breadcrumb\"},\"inLanguage\":\"it-IT\",\"potentialAction\":[{\"@type\":\"ReadAction\",\"target\":[\"https:\/\/www.endo-access.com\/it\/prodotto\/digues-non-latex\/\"]}]},{\"@type\":\"ImageObject\",\"inLanguage\":\"it-IT\",\"@id\":\"https:\/\/www.endo-access.com\/it\/prodotto\/digues-non-latex\/#primaryimage\",\"url\":\"https:\/\/www.endo-access.com\/wp-content\/uploads\/ACCESS-DentalDam-nonlatex-scaled.png\",\"contentUrl\":\"https:\/\/www.endo-access.com\/wp-content\/uploads\/ACCESS-DentalDam-nonlatex-scaled.png\",\"width\":2560,\"height\":1710},{\"@type\":\"BreadcrumbList\",\"@id\":\"https:\/\/www.endo-access.com\/it\/prodotto\/digues-non-latex\/#breadcrumb\",\"itemListElement\":[{\"@type\":\"ListItem\",\"position\":1,\"name\":\"Accueil\",\"item\":\"https:\/\/www.endo-access.com\/it\/\"},{\"@type\":\"ListItem\",\"position\":2,\"name\":\"Prodotti\",\"item\":\"https:\/\/www.endo-access.com\/it\/prodotti\/\"},{\"@type\":\"ListItem\",\"position\":3,\"name\":\"DIGUES NON LATEX\"}]},{\"@type\":\"WebSite\",\"@id\":\"https:\/\/www.endo-access.com\/it\/#website\",\"url\":\"https:\/\/www.endo-access.com\/it\/\",\"name\":\"access\",\"description\":\"Efficacit\u00e9, Simplicit\u00e9, Rentabilit\u00e9.\",\"publisher\":{\"@id\":\"https:\/\/www.endo-access.com\/it\/#organization\"},\"potentialAction\":[{\"@type\":\"SearchAction\",\"target\":{\"@type\":\"EntryPoint\",\"urlTemplate\":\"https:\/\/www.endo-access.com\/it\/?s={search_term_string}\"},\"query-input\":{\"@type\":\"PropertyValueSpecification\",\"valueRequired\":true,\"valueName\":\"search_term_string\"}}],\"inLanguage\":\"it-IT\"},{\"@type\":\"Organization\",\"@id\":\"https:\/\/www.endo-access.com\/it\/#organization\",\"name\":\"Access\",\"url\":\"https:\/\/www.endo-access.com\/it\/\",\"logo\":{\"@type\":\"ImageObject\",\"inLanguage\":\"it-IT\",\"@id\":\"https:\/\/www.endo-access.com\/it\/#\/schema\/logo\/image\/\",\"url\":\"https:\/\/www.endo-access.com\/wp-content\/uploads\/logo.png\",\"contentUrl\":\"https:\/\/www.endo-access.com\/wp-content\/uploads\/logo.png\",\"width\":915,\"height\":915,\"caption\":\"Access\"},\"image\":{\"@id\":\"https:\/\/www.endo-access.com\/it\/#\/schema\/logo\/image\/\"},\"sameAs\":[\"https:\/\/www.facebook.com\/endoaccess\/\",\"https:\/\/www.linkedin.com\/company\/endo-access\/\",\"https:\/\/www.instagram.com\/endoaccess\/\"]}]}<\/script>\n<!-- \/ Yoast SEO plugin. -->","yoast_head_json":{"title":"DIGUES NON LATEX - access","robots":{"index":"index","follow":"follow","max-snippet":"max-snippet:-1","max-image-preview":"max-image-preview:large","max-video-preview":"max-video-preview:-1"},"canonical":"https:\/\/www.endo-access.com\/it\/prodotto\/digues-non-latex\/","og_locale":"it_IT","og_type":"article","og_title":"DIGUES NON LATEX - access","og_description":"Digues pr\u00e9d\u00e9coup\u00e9es pour l\u2019isolation \u00e9tanche du champ op\u00e9ratoire. Sans latex pour \u00e9viter tout risque d&#8217;allergie.","og_url":"https:\/\/www.endo-access.com\/it\/prodotto\/digues-non-latex\/","og_site_name":"access","article_publisher":"https:\/\/www.facebook.com\/endoaccess\/","og_image":[{"width":915,"height":915,"url":"https:\/\/www.endo-access.com\/wp-content\/uploads\/logo.png","type":"image\/png"}],"twitter_card":"summary_large_image","schema":{"@context":"https:\/\/schema.org","@graph":[{"@type":"WebPage","@id":"https:\/\/www.endo-access.com\/it\/prodotto\/digues-non-latex\/","url":"https:\/\/www.endo-access.com\/it\/prodotto\/digues-non-latex\/","name":"DIGUES NON LATEX - access","isPartOf":{"@id":"https:\/\/www.endo-access.com\/it\/#website"},"primaryImageOfPage":{"@id":"https:\/\/www.endo-access.com\/it\/prodotto\/digues-non-latex\/#primaryimage"},"image":{"@id":"https:\/\/www.endo-access.com\/it\/prodotto\/digues-non-latex\/#primaryimage"},"thumbnailUrl":"https:\/\/www.endo-access.com\/wp-content\/uploads\/ACCESS-DentalDam-nonlatex-scaled.png","datePublished":"2026-02-25T16:16:28+00:00","breadcrumb":{"@id":"https:\/\/www.endo-access.com\/it\/prodotto\/digues-non-latex\/#breadcrumb"},"inLanguage":"it-IT","potentialAction":[{"@type":"ReadAction","target":["https:\/\/www.endo-access.com\/it\/prodotto\/digues-non-latex\/"]}]},{"@type":"ImageObject","inLanguage":"it-IT","@id":"https:\/\/www.endo-access.com\/it\/prodotto\/digues-non-latex\/#primaryimage","url":"https:\/\/www.endo-access.com\/wp-content\/uploads\/ACCESS-DentalDam-nonlatex-scaled.png","contentUrl":"https:\/\/www.endo-access.com\/wp-content\/uploads\/ACCESS-DentalDam-nonlatex-scaled.png","width":2560,"height":1710},{"@type":"BreadcrumbList","@id":"https:\/\/www.endo-access.com\/it\/prodotto\/digues-non-latex\/#breadcrumb","itemListElement":[{"@type":"ListItem","position":1,"name":"Accueil","item":"https:\/\/www.endo-access.com\/it\/"},{"@type":"ListItem","position":2,"name":"Prodotti","item":"https:\/\/www.endo-access.com\/it\/prodotti\/"},{"@type":"ListItem","position":3,"name":"DIGUES NON LATEX"}]},{"@type":"WebSite","@id":"https:\/\/www.endo-access.com\/it\/#website","url":"https:\/\/www.endo-access.com\/it\/","name":"access","description":"Efficacit\u00e9, Simplicit\u00e9, Rentabilit\u00e9.","publisher":{"@id":"https:\/\/www.endo-access.com\/it\/#organization"},"potentialAction":[{"@type":"SearchAction","target":{"@type":"EntryPoint","urlTemplate":"https:\/\/www.endo-access.com\/it\/?s={search_term_string}"},"query-input":{"@type":"PropertyValueSpecification","valueRequired":true,"valueName":"search_term_string"}}],"inLanguage":"it-IT"},{"@type":"Organization","@id":"https:\/\/www.endo-access.com\/it\/#organization","name":"Access","url":"https:\/\/www.endo-access.com\/it\/","logo":{"@type":"ImageObject","inLanguage":"it-IT","@id":"https:\/\/www.endo-access.com\/it\/#\/schema\/logo\/image\/","url":"https:\/\/www.endo-access.com\/wp-content\/uploads\/logo.png","contentUrl":"https:\/\/www.endo-access.com\/wp-content\/uploads\/logo.png","width":915,"height":915,"caption":"Access"},"image":{"@id":"https:\/\/www.endo-access.com\/it\/#\/schema\/logo\/image\/"},"sameAs":["https:\/\/www.facebook.com\/endoaccess\/","https:\/\/www.linkedin.com\/company\/endo-access\/","https:\/\/www.instagram.com\/endoaccess\/"]}]}},"_links":{"self":[{"href":"https:\/\/www.endo-access.com\/it\/wp-json\/wp\/v2\/product\/9527","targetHints":{"allow":["GET"]}}],"collection":[{"href":"https:\/\/www.endo-access.com\/it\/wp-json\/wp\/v2\/product"}],"about":[{"href":"https:\/\/www.endo-access.com\/it\/wp-json\/wp\/v2\/types\/product"}],"wp:featuredmedia":[{"embeddable":true,"href":"https:\/\/www.endo-access.com\/it\/wp-json\/wp\/v2\/media\/9515"}],"wp:attachment":[{"href":"https:\/\/www.endo-access.com\/it\/wp-json\/wp\/v2\/media?parent=9527"}],"wp:term":[{"taxonomy":"product_brand","embeddable":true,"href":"https:\/\/www.endo-access.com\/it\/wp-json\/wp\/v2\/product_brand?post=9527"},{"taxonomy":"product_cat","embeddable":true,"href":"https:\/\/www.endo-access.com\/it\/wp-json\/wp\/v2\/product_cat?post=9527"},{"taxonomy":"product_tag","embeddable":true,"href":"https:\/\/www.endo-access.com\/it\/wp-json\/wp\/v2\/product_tag?post=9527"}],"curies":[{"name":"wp","href":"https:\/\/api.w.org\/{rel}","templated":true}]}}