{"id":2584,"date":"2020-10-21T13:02:59","date_gmt":"2020-10-21T11:02:59","guid":{"rendered":"https:\/\/www.endo-access.com\/?page_id=2584"},"modified":"2020-11-19T11:43:33","modified_gmt":"2020-11-19T10:43:33","slug":"wie-zijn-wij","status":"publish","type":"page","link":"https:\/\/www.endo-access.com\/nl\/wie-zijn-wij\/","title":{"rendered":"Wie zijn wij?"},"content":{"rendered":"\n<p><strong>ACCESS <\/strong>is een endodontisch merk met een toegankelijk aanbod van producten voor hoogwaardige en kosteneffectieve wortelkanaalbehandelingen.\u00a0Dit productassortiment is bedoeld voor tandartsen die hun kosten willen optimaliseren met producten van goede kwaliteit, conform de tandartspraktijk en tegen de beste prijs.<\/p>\n\n\n\n<p><strong>ACCESS<\/strong>-producten zijn vooral:<\/p>\n\n\n\n<p><strong><strong>Eenvoudig en praktisch<\/strong><\/strong>:&nbsp;met standaard kleurcodes.&nbsp;<\/p>\n\n\n\n<p><strong>Keuze<\/strong>: een aangepast instrument voor elk geval.&nbsp;<\/p>\n\n\n\n<p><strong>Endodontische expertise:<\/strong>&nbsp;producten uitsluitend geselecteerd door endodontisten.&nbsp;<\/p>\n\n\n\n<p><strong>Taps toelopende instrumenten:<\/strong>&nbsp;meer doeltreffende voorbereiding.<\/p>\n","protected":false},"excerpt":{"rendered":"<p>ACCESS is een endodontisch merk met een toegankelijk aanbod van producten voor hoogwaardige en kosteneffectieve wortelkanaalbehandelingen.\u00a0Dit productassortiment is bedoeld voor tandartsen die hun kosten willen optimaliseren met producten van goede kwaliteit, conform de tandartspraktijk en tegen de beste prijs. ACCESS-producten zijn vooral: Eenvoudig en praktisch:&nbsp;met standaard kleurcodes.&nbsp; Keuze: een aangepast instrument voor elk geval.&nbsp; Endodontische [&hellip;]<\/p>\n","protected":false},"author":1,"featured_media":2587,"parent":0,"menu_order":10,"comment_status":"closed","ping_status":"closed","template":"templates\/template-cover.php","meta":{"_acf_changed":false,"footnotes":""},"class_list":["post-2584","page","type-page","status-publish","has-post-thumbnail","hentry"],"acf":[],"yoast_head":"<!-- This site is optimized with the Yoast SEO plugin v27.0 - https:\/\/yoast.com\/product\/yoast-seo-wordpress\/ -->\n<title>Wie zijn wij? - access<\/title>\n<meta name=\"robots\" content=\"index, follow, max-snippet:-1, max-image-preview:large, max-video-preview:-1\" \/>\n<link rel=\"canonical\" href=\"https:\/\/www.endo-access.com\/nl\/wie-zijn-wij\/\" \/>\n<meta property=\"og:locale\" content=\"nl_NL\" \/>\n<meta property=\"og:type\" content=\"article\" \/>\n<meta property=\"og:title\" content=\"Wie zijn wij? - access\" \/>\n<meta property=\"og:description\" content=\"ACCESS is een endodontisch merk met een toegankelijk aanbod van producten voor hoogwaardige en kosteneffectieve wortelkanaalbehandelingen.\u00a0Dit productassortiment is bedoeld voor tandartsen die hun kosten willen optimaliseren met producten van goede kwaliteit, conform de tandartspraktijk en tegen de beste prijs. ACCESS-producten zijn vooral: Eenvoudig en praktisch:&nbsp;met standaard kleurcodes.&nbsp; Keuze: een aangepast instrument voor elk geval.&nbsp; Endodontische [&hellip;]\" \/>\n<meta property=\"og:url\" content=\"https:\/\/www.endo-access.com\/nl\/wie-zijn-wij\/\" \/>\n<meta property=\"og:site_name\" content=\"access\" \/>\n<meta property=\"article:publisher\" content=\"https:\/\/www.facebook.com\/endoaccess\/\" \/>\n<meta property=\"article:modified_time\" content=\"2020-11-19T10:43:33+00:00\" \/>\n<meta property=\"og:image\" content=\"https:\/\/www.endo-access.com\/wp-content\/uploads\/qui-sommes-nous-1-1024x261.png\" \/>\n\t<meta property=\"og:image:width\" content=\"1024\" \/>\n\t<meta property=\"og:image:height\" content=\"261\" \/>\n\t<meta property=\"og:image:type\" content=\"image\/png\" \/>\n<meta name=\"twitter:card\" content=\"summary_large_image\" \/>\n<script type=\"application\/ld+json\" class=\"yoast-schema-graph\">{\"@context\":\"https:\/\/schema.org\",\"@graph\":[{\"@type\":\"WebPage\",\"@id\":\"https:\/\/www.endo-access.com\/nl\/wie-zijn-wij\/\",\"url\":\"https:\/\/www.endo-access.com\/nl\/wie-zijn-wij\/\",\"name\":\"Wie zijn wij? - access\",\"isPartOf\":{\"@id\":\"https:\/\/www.endo-access.com\/nl\/#website\"},\"primaryImageOfPage\":{\"@id\":\"https:\/\/www.endo-access.com\/nl\/wie-zijn-wij\/#primaryimage\"},\"image\":{\"@id\":\"https:\/\/www.endo-access.com\/nl\/wie-zijn-wij\/#primaryimage\"},\"thumbnailUrl\":\"https:\/\/www.endo-access.com\/wp-content\/uploads\/qui-sommes-nous-1.png\",\"datePublished\":\"2020-10-21T11:02:59+00:00\",\"dateModified\":\"2020-11-19T10:43:33+00:00\",\"breadcrumb\":{\"@id\":\"https:\/\/www.endo-access.com\/nl\/wie-zijn-wij\/#breadcrumb\"},\"inLanguage\":\"nl-NL\",\"potentialAction\":[{\"@type\":\"ReadAction\",\"target\":[\"https:\/\/www.endo-access.com\/nl\/wie-zijn-wij\/\"]}]},{\"@type\":\"ImageObject\",\"inLanguage\":\"nl-NL\",\"@id\":\"https:\/\/www.endo-access.com\/nl\/wie-zijn-wij\/#primaryimage\",\"url\":\"https:\/\/www.endo-access.com\/wp-content\/uploads\/qui-sommes-nous-1.png\",\"contentUrl\":\"https:\/\/www.endo-access.com\/wp-content\/uploads\/qui-sommes-nous-1.png\",\"width\":6250,\"height\":6250},{\"@type\":\"BreadcrumbList\",\"@id\":\"https:\/\/www.endo-access.com\/nl\/wie-zijn-wij\/#breadcrumb\",\"itemListElement\":[{\"@type\":\"ListItem\",\"position\":1,\"name\":\"Accueil\",\"item\":\"https:\/\/www.endo-access.com\/nl\/\"},{\"@type\":\"ListItem\",\"position\":2,\"name\":\"Wie zijn wij?\"}]},{\"@type\":\"WebSite\",\"@id\":\"https:\/\/www.endo-access.com\/nl\/#website\",\"url\":\"https:\/\/www.endo-access.com\/nl\/\",\"name\":\"access\",\"description\":\"Efficacit\u00e9, Simplicit\u00e9, Rentabilit\u00e9.\",\"publisher\":{\"@id\":\"https:\/\/www.endo-access.com\/nl\/#organization\"},\"potentialAction\":[{\"@type\":\"SearchAction\",\"target\":{\"@type\":\"EntryPoint\",\"urlTemplate\":\"https:\/\/www.endo-access.com\/nl\/?s={search_term_string}\"},\"query-input\":{\"@type\":\"PropertyValueSpecification\",\"valueRequired\":true,\"valueName\":\"search_term_string\"}}],\"inLanguage\":\"nl-NL\"},{\"@type\":\"Organization\",\"@id\":\"https:\/\/www.endo-access.com\/nl\/#organization\",\"name\":\"Access\",\"url\":\"https:\/\/www.endo-access.com\/nl\/\",\"logo\":{\"@type\":\"ImageObject\",\"inLanguage\":\"nl-NL\",\"@id\":\"https:\/\/www.endo-access.com\/nl\/#\/schema\/logo\/image\/\",\"url\":\"https:\/\/www.endo-access.com\/wp-content\/uploads\/logo.png\",\"contentUrl\":\"https:\/\/www.endo-access.com\/wp-content\/uploads\/logo.png\",\"width\":915,\"height\":915,\"caption\":\"Access\"},\"image\":{\"@id\":\"https:\/\/www.endo-access.com\/nl\/#\/schema\/logo\/image\/\"},\"sameAs\":[\"https:\/\/www.facebook.com\/endoaccess\/\",\"https:\/\/www.linkedin.com\/company\/endo-access\/\",\"https:\/\/www.instagram.com\/endoaccess\/\"]}]}<\/script>\n<!-- \/ Yoast SEO plugin. -->","yoast_head_json":{"title":"Wie zijn wij? - access","robots":{"index":"index","follow":"follow","max-snippet":"max-snippet:-1","max-image-preview":"max-image-preview:large","max-video-preview":"max-video-preview:-1"},"canonical":"https:\/\/www.endo-access.com\/nl\/wie-zijn-wij\/","og_locale":"nl_NL","og_type":"article","og_title":"Wie zijn wij? - access","og_description":"ACCESS is een endodontisch merk met een toegankelijk aanbod van producten voor hoogwaardige en kosteneffectieve wortelkanaalbehandelingen.\u00a0Dit productassortiment is bedoeld voor tandartsen die hun kosten willen optimaliseren met producten van goede kwaliteit, conform de tandartspraktijk en tegen de beste prijs. ACCESS-producten zijn vooral: Eenvoudig en praktisch:&nbsp;met standaard kleurcodes.&nbsp; Keuze: een aangepast instrument voor elk geval.&nbsp; Endodontische [&hellip;]","og_url":"https:\/\/www.endo-access.com\/nl\/wie-zijn-wij\/","og_site_name":"access","article_publisher":"https:\/\/www.facebook.com\/endoaccess\/","article_modified_time":"2020-11-19T10:43:33+00:00","og_image":[{"width":1024,"height":261,"url":"https:\/\/www.endo-access.com\/wp-content\/uploads\/qui-sommes-nous-1-1024x261.png","type":"image\/png"}],"twitter_card":"summary_large_image","schema":{"@context":"https:\/\/schema.org","@graph":[{"@type":"WebPage","@id":"https:\/\/www.endo-access.com\/nl\/wie-zijn-wij\/","url":"https:\/\/www.endo-access.com\/nl\/wie-zijn-wij\/","name":"Wie zijn wij? - access","isPartOf":{"@id":"https:\/\/www.endo-access.com\/nl\/#website"},"primaryImageOfPage":{"@id":"https:\/\/www.endo-access.com\/nl\/wie-zijn-wij\/#primaryimage"},"image":{"@id":"https:\/\/www.endo-access.com\/nl\/wie-zijn-wij\/#primaryimage"},"thumbnailUrl":"https:\/\/www.endo-access.com\/wp-content\/uploads\/qui-sommes-nous-1.png","datePublished":"2020-10-21T11:02:59+00:00","dateModified":"2020-11-19T10:43:33+00:00","breadcrumb":{"@id":"https:\/\/www.endo-access.com\/nl\/wie-zijn-wij\/#breadcrumb"},"inLanguage":"nl-NL","potentialAction":[{"@type":"ReadAction","target":["https:\/\/www.endo-access.com\/nl\/wie-zijn-wij\/"]}]},{"@type":"ImageObject","inLanguage":"nl-NL","@id":"https:\/\/www.endo-access.com\/nl\/wie-zijn-wij\/#primaryimage","url":"https:\/\/www.endo-access.com\/wp-content\/uploads\/qui-sommes-nous-1.png","contentUrl":"https:\/\/www.endo-access.com\/wp-content\/uploads\/qui-sommes-nous-1.png","width":6250,"height":6250},{"@type":"BreadcrumbList","@id":"https:\/\/www.endo-access.com\/nl\/wie-zijn-wij\/#breadcrumb","itemListElement":[{"@type":"ListItem","position":1,"name":"Accueil","item":"https:\/\/www.endo-access.com\/nl\/"},{"@type":"ListItem","position":2,"name":"Wie zijn wij?"}]},{"@type":"WebSite","@id":"https:\/\/www.endo-access.com\/nl\/#website","url":"https:\/\/www.endo-access.com\/nl\/","name":"access","description":"Efficacit\u00e9, Simplicit\u00e9, Rentabilit\u00e9.","publisher":{"@id":"https:\/\/www.endo-access.com\/nl\/#organization"},"potentialAction":[{"@type":"SearchAction","target":{"@type":"EntryPoint","urlTemplate":"https:\/\/www.endo-access.com\/nl\/?s={search_term_string}"},"query-input":{"@type":"PropertyValueSpecification","valueRequired":true,"valueName":"search_term_string"}}],"inLanguage":"nl-NL"},{"@type":"Organization","@id":"https:\/\/www.endo-access.com\/nl\/#organization","name":"Access","url":"https:\/\/www.endo-access.com\/nl\/","logo":{"@type":"ImageObject","inLanguage":"nl-NL","@id":"https:\/\/www.endo-access.com\/nl\/#\/schema\/logo\/image\/","url":"https:\/\/www.endo-access.com\/wp-content\/uploads\/logo.png","contentUrl":"https:\/\/www.endo-access.com\/wp-content\/uploads\/logo.png","width":915,"height":915,"caption":"Access"},"image":{"@id":"https:\/\/www.endo-access.com\/nl\/#\/schema\/logo\/image\/"},"sameAs":["https:\/\/www.facebook.com\/endoaccess\/","https:\/\/www.linkedin.com\/company\/endo-access\/","https:\/\/www.instagram.com\/endoaccess\/"]}]}},"_links":{"self":[{"href":"https:\/\/www.endo-access.com\/nl\/wp-json\/wp\/v2\/pages\/2584","targetHints":{"allow":["GET"]}}],"collection":[{"href":"https:\/\/www.endo-access.com\/nl\/wp-json\/wp\/v2\/pages"}],"about":[{"href":"https:\/\/www.endo-access.com\/nl\/wp-json\/wp\/v2\/types\/page"}],"author":[{"embeddable":true,"href":"https:\/\/www.endo-access.com\/nl\/wp-json\/wp\/v2\/users\/1"}],"replies":[{"embeddable":true,"href":"https:\/\/www.endo-access.com\/nl\/wp-json\/wp\/v2\/comments?post=2584"}],"version-history":[{"count":2,"href":"https:\/\/www.endo-access.com\/nl\/wp-json\/wp\/v2\/pages\/2584\/revisions"}],"predecessor-version":[{"id":3541,"href":"https:\/\/www.endo-access.com\/nl\/wp-json\/wp\/v2\/pages\/2584\/revisions\/3541"}],"wp:featuredmedia":[{"embeddable":true,"href":"https:\/\/www.endo-access.com\/nl\/wp-json\/wp\/v2\/media\/2587"}],"wp:attachment":[{"href":"https:\/\/www.endo-access.com\/nl\/wp-json\/wp\/v2\/media?parent=2584"}],"curies":[{"name":"wp","href":"https:\/\/api.w.org\/{rel}","templated":true}]}}