{"id":2589,"date":"2020-10-21T13:33:58","date_gmt":"2020-10-21T11:33:58","guid":{"rendered":"https:\/\/www.endo-access.com\/?page_id=2589"},"modified":"2026-02-26T09:42:25","modified_gmt":"2026-02-26T08:42:25","slug":"distributeurs","status":"publish","type":"page","link":"https:\/\/www.endo-access.com\/nl\/distributeurs\/","title":{"rendered":"Distributeurs"},"content":{"rendered":"\n<p>Lijst van distributeurs van Access-producten :<\/p>\n\n\n\n<h2 class=\"wp-block-heading\">Frankrijk<\/h2>\n\n\n\n<div class=\"wp-block-columns is-layout-flex wp-container-core-columns-is-layout-9d6595d7 wp-block-columns-is-layout-flex\">\n<div class=\"wp-block-column is-layout-flow wp-block-column-is-layout-flow\">\n<p><strong>GACD<\/strong><br>25, rue Bleue<br>75009 Paris<br>+ 33 1 42 46 87 87<br><a rel=\"noreferrer noopener\" href=\"http:\/\/www.gacd.fr\/\" target=\"_blank\">www.gacd.fr<\/a><\/p>\n\n\n\n<p><strong>PROMODENTAIRE<\/strong><br>2 bis Chemin du Loup<br>93290 Tremblay-en-France<br>+ 33 1 49 63 35 35<br><a rel=\"noreferrer noopener\" href=\"http:\/\/www.promodentaire.com\/\" target=\"_blank\">www.promodentaire.com<\/a><\/p>\n<\/div>\n\n\n\n<div class=\"wp-block-column is-layout-flow wp-block-column-is-layout-flow\">\n<p><strong>CAP<\/strong><br>2 bis Chemin du Loup<br>93290 Tremblay-en-France<br>+33 1 49 63 12 12<br><a rel=\"noreferrer noopener\" href=\"http:\/\/www.capdentaire.com\/\" target=\"_blank\">www.capdentaire.com<\/a><\/p>\n<\/div>\n<\/div>\n\n\n\n<div class=\"wp-block-columns is-layout-flex wp-container-core-columns-is-layout-9d6595d7 wp-block-columns-is-layout-flex\">\n<div class=\"wp-block-column is-layout-flow wp-block-column-is-layout-flow\">\n<h2 class=\"wp-block-heading\">Spanje<\/h2>\n\n\n\n<p><strong>DVD<\/strong><br>Pol.industrial Can Calder\u00f3n. c\/Murcia, 35 A-B<br>Sant Boi de Llobregat 08830 BARCELONA<br>+34 900 300 475<br><a rel=\"noreferrer noopener\" href=\"http:\/\/www.dvd-dental.com\/\" target=\"_blank\">www.dvd-dental.com<\/a><\/p>\n<\/div>\n\n\n\n<div class=\"wp-block-column is-layout-flow wp-block-column-is-layout-flow\">\n<h2 class=\"wp-block-heading\">Portugaal<\/h2>\n\n\n\n<p><strong>DENTALEADER<\/strong><br><\/p>\n\n\n\n<p>Campo Grande, 28\u00aa<br>1700-093 Lisboa<br>+351 217816490<br><a href=\"http:\/\/www.dentaleader.com\/\" target=\"_blank\" rel=\"noreferrer noopener\">www.dentaleader.com<\/a><\/p>\n<\/div>\n<\/div>\n\n\n\n<div class=\"wp-block-columns is-layout-flex wp-container-core-columns-is-layout-9d6595d7 wp-block-columns-is-layout-flex\">\n<div class=\"wp-block-column is-layout-flow wp-block-column-is-layout-flow\">\n<h2 class=\"wp-block-heading\">Groot-Brittanni\u00eb<\/h2>\n\n\n\n<p><strong>DENTAL SKY<br><\/strong>Unit A Foster Road<br>Ashford Business Park \u2013 Ashford Kent TN 24 0SH<br>0800 294 4700<br><a rel=\"noreferrer noopener\" href=\"http:\/\/www.dentalsky.com\/\" target=\"_blank\">www.dentalsky.com<\/a><\/p>\n<\/div>\n\n\n\n<div class=\"wp-block-column is-layout-flow wp-block-column-is-layout-flow\">\n<h2 class=\"wp-block-heading\">Itali\u00eb<\/h2>\n\n\n\n<p><strong>DENTAL LEADER<br><\/strong>259 Viale Monza<br>20126 Milano<br>+ 39 02 27 00 04 12<br><a rel=\"noreferrer noopener\" href=\"http:\/\/www.dental-leader.it\/\" target=\"_blank\">www.dental-leader.it<\/a><\/p>\n<\/div>\n<\/div>\n\n\n\n<h2 class=\"wp-block-heading\">Belgi\u00eb<\/h2>\n\n\n\n<p><strong>DENTAL ADDICT SPRL<br><\/strong>STATIONSSTRAAT, 190 \/ 1<br>1640 SINT-GENESIUS-RODE- BELGIE<br>+32 2 851 11 58<br><a rel=\"noreferrer noopener\" href=\"http:\/\/www.dental-addict.be\" target=\"_blank\">www.dental-addict.be<\/a><\/p>\n\n\n\n<h2 class=\"wp-block-heading\">Zwitserland<\/h2>\n\n\n\n<p><strong>DENTAL ADDICT <br><\/strong>Schanzenstrasse 4a,<br>3008 Bern,<br>Zwitserland<br>+41 31 528 22 21<br><a href=\"http:\/\/www.dental-addict.be\" target=\"_blank\" rel=\"noreferrer noopener\">www.dental-addict.ch<\/a><\/p>\n","protected":false},"excerpt":{"rendered":"<p>Lijst van distributeurs van Access-producten : Frankrijk GACD25, rue Bleue75009 Paris+ 33 1 42 46 87 87www.gacd.fr PROMODENTAIRE2 bis Chemin du Loup93290 Tremblay-en-France+ 33 1 49 63 35 35www.promodentaire.com CAP2 bis Chemin du Loup93290 Tremblay-en-France+33 1 49 63 12 12www.capdentaire.com Spanje DVDPol.industrial Can Calder\u00f3n. c\/Murcia, 35 A-BSant Boi de Llobregat 08830 BARCELONA+34 900 300 475www.dvd-dental.com [&hellip;]<\/p>\n","protected":false},"author":1,"featured_media":2592,"parent":0,"menu_order":19,"comment_status":"closed","ping_status":"closed","template":"templates\/template-cover.php","meta":{"_acf_changed":false,"footnotes":""},"class_list":["post-2589","page","type-page","status-publish","has-post-thumbnail","hentry"],"acf":[],"yoast_head":"<!-- This site is optimized with the Yoast SEO plugin v27.0 - https:\/\/yoast.com\/product\/yoast-seo-wordpress\/ -->\n<title>Distributeurs - access<\/title>\n<meta name=\"robots\" content=\"index, follow, max-snippet:-1, max-image-preview:large, max-video-preview:-1\" \/>\n<link rel=\"canonical\" href=\"https:\/\/www.endo-access.com\/nl\/distributeurs\/\" \/>\n<meta property=\"og:locale\" content=\"nl_NL\" \/>\n<meta property=\"og:type\" content=\"article\" \/>\n<meta property=\"og:title\" content=\"Distributeurs - access\" \/>\n<meta property=\"og:description\" content=\"Lijst van distributeurs van Access-producten : Frankrijk GACD25, rue Bleue75009 Paris+ 33 1 42 46 87 87www.gacd.fr PROMODENTAIRE2 bis Chemin du Loup93290 Tremblay-en-France+ 33 1 49 63 35 35www.promodentaire.com CAP2 bis Chemin du Loup93290 Tremblay-en-France+33 1 49 63 12 12www.capdentaire.com Spanje DVDPol.industrial Can Calder\u00f3n. c\/Murcia, 35 A-BSant Boi de Llobregat 08830 BARCELONA+34 900 300 475www.dvd-dental.com [&hellip;]\" \/>\n<meta property=\"og:url\" content=\"https:\/\/www.endo-access.com\/nl\/distributeurs\/\" \/>\n<meta property=\"og:site_name\" content=\"access\" \/>\n<meta property=\"article:publisher\" content=\"https:\/\/www.facebook.com\/endoaccess\/\" \/>\n<meta property=\"article:modified_time\" content=\"2026-02-26T08:42:25+00:00\" \/>\n<meta property=\"og:image\" content=\"https:\/\/www.endo-access.com\/wp-content\/uploads\/distributeurs-2.png\" \/>\n\t<meta property=\"og:image:width\" content=\"6250\" \/>\n\t<meta property=\"og:image:height\" content=\"1593\" \/>\n\t<meta property=\"og:image:type\" content=\"image\/png\" \/>\n<meta name=\"twitter:card\" content=\"summary_large_image\" \/>\n<meta name=\"twitter:label1\" content=\"Geschatte leestijd\" \/>\n\t<meta name=\"twitter:data1\" content=\"1 minuut\" \/>\n<script type=\"application\/ld+json\" class=\"yoast-schema-graph\">{\"@context\":\"https:\/\/schema.org\",\"@graph\":[{\"@type\":\"WebPage\",\"@id\":\"https:\/\/www.endo-access.com\/nl\/distributeurs\/\",\"url\":\"https:\/\/www.endo-access.com\/nl\/distributeurs\/\",\"name\":\"Distributeurs - access\",\"isPartOf\":{\"@id\":\"https:\/\/www.endo-access.com\/nl\/#website\"},\"primaryImageOfPage\":{\"@id\":\"https:\/\/www.endo-access.com\/nl\/distributeurs\/#primaryimage\"},\"image\":{\"@id\":\"https:\/\/www.endo-access.com\/nl\/distributeurs\/#primaryimage\"},\"thumbnailUrl\":\"https:\/\/www.endo-access.com\/wp-content\/uploads\/distributeurs-2.png\",\"datePublished\":\"2020-10-21T11:33:58+00:00\",\"dateModified\":\"2026-02-26T08:42:25+00:00\",\"breadcrumb\":{\"@id\":\"https:\/\/www.endo-access.com\/nl\/distributeurs\/#breadcrumb\"},\"inLanguage\":\"nl-NL\",\"potentialAction\":[{\"@type\":\"ReadAction\",\"target\":[\"https:\/\/www.endo-access.com\/nl\/distributeurs\/\"]}]},{\"@type\":\"ImageObject\",\"inLanguage\":\"nl-NL\",\"@id\":\"https:\/\/www.endo-access.com\/nl\/distributeurs\/#primaryimage\",\"url\":\"https:\/\/www.endo-access.com\/wp-content\/uploads\/distributeurs-2.png\",\"contentUrl\":\"https:\/\/www.endo-access.com\/wp-content\/uploads\/distributeurs-2.png\",\"width\":6250,\"height\":1593},{\"@type\":\"BreadcrumbList\",\"@id\":\"https:\/\/www.endo-access.com\/nl\/distributeurs\/#breadcrumb\",\"itemListElement\":[{\"@type\":\"ListItem\",\"position\":1,\"name\":\"Accueil\",\"item\":\"https:\/\/www.endo-access.com\/nl\/\"},{\"@type\":\"ListItem\",\"position\":2,\"name\":\"Distributeurs\"}]},{\"@type\":\"WebSite\",\"@id\":\"https:\/\/www.endo-access.com\/nl\/#website\",\"url\":\"https:\/\/www.endo-access.com\/nl\/\",\"name\":\"access\",\"description\":\"Efficacit\u00e9, Simplicit\u00e9, Rentabilit\u00e9.\",\"publisher\":{\"@id\":\"https:\/\/www.endo-access.com\/nl\/#organization\"},\"potentialAction\":[{\"@type\":\"SearchAction\",\"target\":{\"@type\":\"EntryPoint\",\"urlTemplate\":\"https:\/\/www.endo-access.com\/nl\/?s={search_term_string}\"},\"query-input\":{\"@type\":\"PropertyValueSpecification\",\"valueRequired\":true,\"valueName\":\"search_term_string\"}}],\"inLanguage\":\"nl-NL\"},{\"@type\":\"Organization\",\"@id\":\"https:\/\/www.endo-access.com\/nl\/#organization\",\"name\":\"Access\",\"url\":\"https:\/\/www.endo-access.com\/nl\/\",\"logo\":{\"@type\":\"ImageObject\",\"inLanguage\":\"nl-NL\",\"@id\":\"https:\/\/www.endo-access.com\/nl\/#\/schema\/logo\/image\/\",\"url\":\"https:\/\/www.endo-access.com\/wp-content\/uploads\/logo.png\",\"contentUrl\":\"https:\/\/www.endo-access.com\/wp-content\/uploads\/logo.png\",\"width\":915,\"height\":915,\"caption\":\"Access\"},\"image\":{\"@id\":\"https:\/\/www.endo-access.com\/nl\/#\/schema\/logo\/image\/\"},\"sameAs\":[\"https:\/\/www.facebook.com\/endoaccess\/\",\"https:\/\/www.linkedin.com\/company\/endo-access\/\",\"https:\/\/www.instagram.com\/endoaccess\/\"]}]}<\/script>\n<!-- \/ Yoast SEO plugin. -->","yoast_head_json":{"title":"Distributeurs - access","robots":{"index":"index","follow":"follow","max-snippet":"max-snippet:-1","max-image-preview":"max-image-preview:large","max-video-preview":"max-video-preview:-1"},"canonical":"https:\/\/www.endo-access.com\/nl\/distributeurs\/","og_locale":"nl_NL","og_type":"article","og_title":"Distributeurs - access","og_description":"Lijst van distributeurs van Access-producten : Frankrijk GACD25, rue Bleue75009 Paris+ 33 1 42 46 87 87www.gacd.fr PROMODENTAIRE2 bis Chemin du Loup93290 Tremblay-en-France+ 33 1 49 63 35 35www.promodentaire.com CAP2 bis Chemin du Loup93290 Tremblay-en-France+33 1 49 63 12 12www.capdentaire.com Spanje DVDPol.industrial Can Calder\u00f3n. c\/Murcia, 35 A-BSant Boi de Llobregat 08830 BARCELONA+34 900 300 475www.dvd-dental.com [&hellip;]","og_url":"https:\/\/www.endo-access.com\/nl\/distributeurs\/","og_site_name":"access","article_publisher":"https:\/\/www.facebook.com\/endoaccess\/","article_modified_time":"2026-02-26T08:42:25+00:00","og_image":[{"width":6250,"height":1593,"url":"https:\/\/www.endo-access.com\/wp-content\/uploads\/distributeurs-2.png","type":"image\/png"}],"twitter_card":"summary_large_image","twitter_misc":{"Geschatte leestijd":"1 minuut"},"schema":{"@context":"https:\/\/schema.org","@graph":[{"@type":"WebPage","@id":"https:\/\/www.endo-access.com\/nl\/distributeurs\/","url":"https:\/\/www.endo-access.com\/nl\/distributeurs\/","name":"Distributeurs - access","isPartOf":{"@id":"https:\/\/www.endo-access.com\/nl\/#website"},"primaryImageOfPage":{"@id":"https:\/\/www.endo-access.com\/nl\/distributeurs\/#primaryimage"},"image":{"@id":"https:\/\/www.endo-access.com\/nl\/distributeurs\/#primaryimage"},"thumbnailUrl":"https:\/\/www.endo-access.com\/wp-content\/uploads\/distributeurs-2.png","datePublished":"2020-10-21T11:33:58+00:00","dateModified":"2026-02-26T08:42:25+00:00","breadcrumb":{"@id":"https:\/\/www.endo-access.com\/nl\/distributeurs\/#breadcrumb"},"inLanguage":"nl-NL","potentialAction":[{"@type":"ReadAction","target":["https:\/\/www.endo-access.com\/nl\/distributeurs\/"]}]},{"@type":"ImageObject","inLanguage":"nl-NL","@id":"https:\/\/www.endo-access.com\/nl\/distributeurs\/#primaryimage","url":"https:\/\/www.endo-access.com\/wp-content\/uploads\/distributeurs-2.png","contentUrl":"https:\/\/www.endo-access.com\/wp-content\/uploads\/distributeurs-2.png","width":6250,"height":1593},{"@type":"BreadcrumbList","@id":"https:\/\/www.endo-access.com\/nl\/distributeurs\/#breadcrumb","itemListElement":[{"@type":"ListItem","position":1,"name":"Accueil","item":"https:\/\/www.endo-access.com\/nl\/"},{"@type":"ListItem","position":2,"name":"Distributeurs"}]},{"@type":"WebSite","@id":"https:\/\/www.endo-access.com\/nl\/#website","url":"https:\/\/www.endo-access.com\/nl\/","name":"access","description":"Efficacit\u00e9, Simplicit\u00e9, Rentabilit\u00e9.","publisher":{"@id":"https:\/\/www.endo-access.com\/nl\/#organization"},"potentialAction":[{"@type":"SearchAction","target":{"@type":"EntryPoint","urlTemplate":"https:\/\/www.endo-access.com\/nl\/?s={search_term_string}"},"query-input":{"@type":"PropertyValueSpecification","valueRequired":true,"valueName":"search_term_string"}}],"inLanguage":"nl-NL"},{"@type":"Organization","@id":"https:\/\/www.endo-access.com\/nl\/#organization","name":"Access","url":"https:\/\/www.endo-access.com\/nl\/","logo":{"@type":"ImageObject","inLanguage":"nl-NL","@id":"https:\/\/www.endo-access.com\/nl\/#\/schema\/logo\/image\/","url":"https:\/\/www.endo-access.com\/wp-content\/uploads\/logo.png","contentUrl":"https:\/\/www.endo-access.com\/wp-content\/uploads\/logo.png","width":915,"height":915,"caption":"Access"},"image":{"@id":"https:\/\/www.endo-access.com\/nl\/#\/schema\/logo\/image\/"},"sameAs":["https:\/\/www.facebook.com\/endoaccess\/","https:\/\/www.linkedin.com\/company\/endo-access\/","https:\/\/www.instagram.com\/endoaccess\/"]}]}},"_links":{"self":[{"href":"https:\/\/www.endo-access.com\/nl\/wp-json\/wp\/v2\/pages\/2589","targetHints":{"allow":["GET"]}}],"collection":[{"href":"https:\/\/www.endo-access.com\/nl\/wp-json\/wp\/v2\/pages"}],"about":[{"href":"https:\/\/www.endo-access.com\/nl\/wp-json\/wp\/v2\/types\/page"}],"author":[{"embeddable":true,"href":"https:\/\/www.endo-access.com\/nl\/wp-json\/wp\/v2\/users\/1"}],"replies":[{"embeddable":true,"href":"https:\/\/www.endo-access.com\/nl\/wp-json\/wp\/v2\/comments?post=2589"}],"version-history":[{"count":4,"href":"https:\/\/www.endo-access.com\/nl\/wp-json\/wp\/v2\/pages\/2589\/revisions"}],"predecessor-version":[{"id":9563,"href":"https:\/\/www.endo-access.com\/nl\/wp-json\/wp\/v2\/pages\/2589\/revisions\/9563"}],"wp:featuredmedia":[{"embeddable":true,"href":"https:\/\/www.endo-access.com\/nl\/wp-json\/wp\/v2\/media\/2592"}],"wp:attachment":[{"href":"https:\/\/www.endo-access.com\/nl\/wp-json\/wp\/v2\/media?parent=2589"}],"curies":[{"name":"wp","href":"https:\/\/api.w.org\/{rel}","templated":true}]}}