{"id":2593,"date":"2020-10-21T13:34:42","date_gmt":"2020-10-21T11:34:42","guid":{"rendered":"https:\/\/www.endo-access.com\/?page_id=2593"},"modified":"2024-01-19T11:11:49","modified_gmt":"2024-01-19T10:11:49","slug":"klinische-gevallen","status":"publish","type":"page","link":"https:\/\/www.endo-access.com\/nl\/klinische-gevallen\/","title":{"rendered":"Klinische gevallen"},"content":{"rendered":"\n<div class=\"wp-block-columns is-layout-flex wp-container-core-columns-is-layout-9d6595d7 wp-block-columns-is-layout-flex\">\n<div class=\"wp-block-column is-layout-flow wp-block-column-is-layout-flow\">\n<div class=\"wp-block-cover radius\"><span aria-hidden=\"true\" class=\"wp-block-cover__background has-primary-background-color has-background-dim\"><\/span><img loading=\"lazy\" decoding=\"async\" width=\"2160\" height=\"1664\" class=\"wp-block-cover__image-background wp-image-2210\" alt=\"\" src=\"https:\/\/www.endo-access.com\/wp-content\/uploads\/cas1-1.png\" style=\"object-position:51% 28%\" data-object-fit=\"cover\" data-object-position=\"51% 28%\"\/><div class=\"wp-block-cover__inner-container is-layout-flow wp-block-cover-is-layout-flow\">\n<p class=\"has-text-align-left element has-background-color has-text-color\"><strong>EASY-FILE FLEX<\/strong><br><strong>TAND 47<\/strong><br><strong>BEHANDELING<\/strong><\/p>\n\n\n\n<div style=\"height:100px\" aria-hidden=\"true\" class=\"wp-block-spacer\"><\/div>\n\n\n\t<a class=\"paoc-popup-click paoc-popup-cust-3508 paoc-popup-button paoc-popup-btn \" href=\"javascript:void(0);\">De klinische case bekijken<\/a>\r\n\n<\/div><\/div>\n<\/div>\n\n\n\n<div class=\"wp-block-column is-layout-flow wp-block-column-is-layout-flow\">\n<div class=\"wp-block-cover is-light radius\"><span aria-hidden=\"true\" class=\"wp-block-cover__background has-primary-background-color has-background-dim\"><\/span><img loading=\"lazy\" decoding=\"async\" width=\"1520\" height=\"1966\" class=\"wp-block-cover__image-background wp-image-2212\" alt=\"\" src=\"https:\/\/www.endo-access.com\/wp-content\/uploads\/cas4-1.png\" style=\"object-position:NaN% NaN%\" data-object-fit=\"cover\" data-object-position=\"NaN% NaN%\"\/><div class=\"wp-block-cover__inner-container is-layout-flow wp-block-cover-is-layout-flow\">\n<p class=\"has-text-align-left has-background-color has-text-color\"><strong>REVERSO SILVER<\/strong><br><strong>TAND 27<\/strong><br><strong>HER<strong><strong>BEHANDELING<\/strong><\/strong><\/strong><\/p>\n\n\n\n<div style=\"height:100px\" aria-hidden=\"true\" class=\"wp-block-spacer\"><\/div>\n\n\n\t<a class=\"paoc-popup-click paoc-popup-cust-3506 paoc-popup-button paoc-popup-btn \" href=\"javascript:void(0);\">De klinische case bekijken<\/a>\r\n\n<\/div><\/div>\n<\/div>\n<\/div>\n\n\n\n<div class=\"wp-block-columns is-layout-flex wp-container-core-columns-is-layout-9d6595d7 wp-block-columns-is-layout-flex\">\n<div class=\"wp-block-column is-layout-flow wp-block-column-is-layout-flow\">\n<div class=\"wp-block-cover is-light radius\"><span aria-hidden=\"true\" class=\"wp-block-cover__background has-background-dim\"><\/span><img loading=\"lazy\" decoding=\"async\" width=\"1268\" height=\"1894\" class=\"wp-block-cover__image-background wp-image-2214\" alt=\"\" src=\"https:\/\/www.endo-access.com\/wp-content\/uploads\/cas8-1.png\" style=\"object-position:NaN% NaN%\" data-object-fit=\"cover\" data-object-position=\"NaN% NaN%\"\/><div class=\"wp-block-cover__inner-container is-layout-flow wp-block-cover-is-layout-flow\">\n<p class=\"has-text-align-left has-background-color has-text-color\"><strong>GO-TAPER<\/strong><br><strong>TAND 16<\/strong><br><strong><strong>BEHANDELING<\/strong><\/strong><\/p>\n\n\n\n<div style=\"height:100px\" aria-hidden=\"true\" class=\"wp-block-spacer\"><\/div>\n\n\n\t<a class=\"paoc-popup-click paoc-popup-cust-3504 paoc-popup-button paoc-popup-btn \" href=\"javascript:void(0);\">De klinische case bekijken<\/a>\r\n\n<\/div><\/div>\n<\/div>\n\n\n\n<div class=\"wp-block-column is-layout-flow wp-block-column-is-layout-flow\">\n<div class=\"wp-block-cover is-light radius\"><span aria-hidden=\"true\" class=\"wp-block-cover__background has-background-dim\"><\/span><img loading=\"lazy\" decoding=\"async\" width=\"1228\" height=\"1834\" class=\"wp-block-cover__image-background wp-image-2216\" alt=\"\" src=\"https:\/\/www.endo-access.com\/wp-content\/uploads\/cas10-1.png\" style=\"object-position:18% 75%\" data-object-fit=\"cover\" data-object-position=\"18% 75%\"\/><div class=\"wp-block-cover__inner-container is-layout-flow wp-block-cover-is-layout-flow\">\n<p class=\"has-text-align-left has-background-color has-text-color\"><strong>GO-TAPER FLEX<\/strong><br><strong>TAND 27<\/strong><br><strong><strong>BEHANDELING<\/strong><\/strong><\/p>\n\n\n\n<div style=\"height:100px\" aria-hidden=\"true\" class=\"wp-block-spacer\"><\/div>\n\n\n\t<a class=\"paoc-popup-click paoc-popup-cust-3502 paoc-popup-button paoc-popup-btn \" href=\"javascript:void(0);\">De klinische case bekijken<\/a>\r\n\n<\/div><\/div>\n<\/div>\n<\/div>\n\n\n\n<div class=\"wp-block-columns is-layout-flex wp-container-core-columns-is-layout-9d6595d7 wp-block-columns-is-layout-flex\">\n<div class=\"wp-block-column is-layout-flow wp-block-column-is-layout-flow\">\n<div class=\"wp-block-cover radius\"><span aria-hidden=\"true\" class=\"wp-block-cover__background has-background-dim\"><\/span><img loading=\"lazy\" decoding=\"async\" width=\"1444\" height=\"1994\" class=\"wp-block-cover__image-background wp-image-2221\" alt=\"\" src=\"https:\/\/www.endo-access.com\/wp-content\/uploads\/cas12-1.png\" style=\"object-position:25% 45%\" data-object-fit=\"cover\" data-object-position=\"25% 45%\"\/><div class=\"wp-block-cover__inner-container is-layout-flow wp-block-cover-is-layout-flow\">\n<p class=\"has-text-align-left\"><strong>GO-TAPER&nbsp;RETREATMENT<\/strong><br><strong>TAND 46<\/strong><br><strong><strong>HERBEHANDELING<\/strong><\/strong><\/p>\n\n\n\n<div style=\"height:100px\" aria-hidden=\"true\" class=\"wp-block-spacer\"><\/div>\n\n\n\t<a class=\"paoc-popup-click paoc-popup-cust-3500 paoc-popup-button paoc-popup-btn \" href=\"javascript:void(0);\">De klinische case bekijken<\/a>\r\n\n<\/div><\/div>\n<\/div>\n\n\n\n<div class=\"wp-block-column is-layout-flow wp-block-column-is-layout-flow\">\n<div class=\"wp-block-cover is-light radius\"><span aria-hidden=\"true\" class=\"wp-block-cover__background has-background-dim\"><\/span><img loading=\"lazy\" decoding=\"async\" width=\"1440\" height=\"1992\" class=\"wp-block-cover__image-background wp-image-2226\" alt=\"\" src=\"https:\/\/www.endo-access.com\/wp-content\/uploads\/cas15-1.png\" data-object-fit=\"cover\"\/><div class=\"wp-block-cover__inner-container is-layout-flow wp-block-cover-is-layout-flow\">\n<p class=\"has-text-align-left has-background-color has-text-color\"><strong>REVERSO BLUE<\/strong><br><strong>TAND 46<\/strong><br><strong><strong>BEHANDELING<\/strong><\/strong><\/p>\n\n\n\n<div style=\"height:100px\" aria-hidden=\"true\" class=\"wp-block-spacer\"><\/div>\n\n\n\t<a class=\"paoc-popup-click paoc-popup-cust-3498 paoc-popup-button paoc-popup-btn \" href=\"javascript:void(0);\">De klinische case bekijken<\/a>\r\n\n<\/div><\/div>\n<\/div>\n<\/div>\n\n\n\n<div class=\"wp-block-columns is-layout-flex wp-container-core-columns-is-layout-9d6595d7 wp-block-columns-is-layout-flex\">\n<div class=\"wp-block-column is-layout-flow wp-block-column-is-layout-flow\">\n<div class=\"wp-block-cover is-light radius\"><span aria-hidden=\"true\" class=\"wp-block-cover__background has-background-dim\"><\/span><img loading=\"lazy\" decoding=\"async\" width=\"1440\" height=\"1992\" class=\"wp-block-cover__image-background wp-image-2226\" alt=\"\" src=\"https:\/\/www.endo-access.com\/wp-content\/uploads\/cas15-1.png\" data-object-fit=\"cover\"\/><div class=\"wp-block-cover__inner-container is-layout-flow wp-block-cover-is-layout-flow\">\n<p class=\"has-text-align-left has-background-color has-text-color\"><strong>EASY-FILE FLEX GLIDER AND EASY FILE FLEX BEHANDELING<\/strong><\/p>\n\n\n\n<div style=\"height:100px\" aria-hidden=\"true\" class=\"wp-block-spacer\"><\/div>\n\n\n\t<a class=\"paoc-popup-click paoc-popup-cust-5110 paoc-popup-button paoc-popup-btn \" href=\"javascript:void(0);\">De klinische case bekijken<\/a>\r\n\n<\/div><\/div>\n<\/div>\n\n\n\n<div class=\"wp-block-column is-layout-flow wp-block-column-is-layout-flow\">\n<div class=\"wp-block-cover is-light\"><span aria-hidden=\"true\" class=\"wp-block-cover__background has-background-dim\"><\/span><img loading=\"lazy\" decoding=\"async\" width=\"1168\" height=\"1562\" class=\"wp-block-cover__image-background wp-image-5836\" alt=\"\" src=\"https:\/\/www.endo-access.com\/wp-content\/uploads\/GO-TAPER-BLUE-VISUEL-1.jpg\" data-object-fit=\"cover\"\/><div class=\"wp-block-cover__inner-container is-layout-flow wp-block-cover-is-layout-flow\">\n<p class=\"has-text-align-left has-background-color has-text-color has-normal-font-size\"><strong>GO-TAPER BLUE<\/strong><\/p>\n\n\n\n<div style=\"height:100px\" aria-hidden=\"true\" class=\"wp-block-spacer\"><\/div>\n\n\n\t<a class=\"paoc-popup-click paoc-popup-cust-5928 paoc-popup-button paoc-popup-btn \" href=\"javascript:void(0);\">De klinische case bekijken<\/a>\r\n\n<\/div><\/div>\n<\/div>\n<\/div>\n\n\n\n<div class=\"wp-block-columns is-layout-flex wp-container-core-columns-is-layout-9d6595d7 wp-block-columns-is-layout-flex\">\n<div class=\"wp-block-column is-layout-flow wp-block-column-is-layout-flow\">\n<div class=\"wp-block-cover is-light\"><span aria-hidden=\"true\" class=\"wp-block-cover__background has-background-dim\"><\/span><img loading=\"lazy\" decoding=\"async\" width=\"1168\" height=\"1562\" class=\"wp-block-cover__image-background wp-image-5857\" alt=\"\" src=\"https:\/\/www.endo-access.com\/wp-content\/uploads\/GO-TAPER-X-CAS-2-VISUEL-1.jpg\" data-object-fit=\"cover\"\/><div class=\"wp-block-cover__inner-container is-layout-flow wp-block-cover-is-layout-flow\">\n<p class=\"has-text-align-left has-background-color has-text-color has-normal-font-size\"><strong>GO-TAPER X<\/strong><\/p>\n\n\n\n<div style=\"height:100px\" aria-hidden=\"true\" class=\"wp-block-spacer\"><\/div>\n\n\n\t<a class=\"paoc-popup-click paoc-popup-cust-5931 paoc-popup-button paoc-popup-btn \" href=\"javascript:void(0);\">De klinische case bekijken<\/a>\r\n\n<\/div><\/div>\n<\/div>\n\n\n\n<div class=\"wp-block-column is-layout-flow wp-block-column-is-layout-flow\">\n<div class=\"wp-block-cover\"><span aria-hidden=\"true\" class=\"wp-block-cover__background has-background-dim\"><\/span><img loading=\"lazy\" decoding=\"async\" width=\"1168\" height=\"1562\" class=\"wp-block-cover__image-background wp-image-5863\" alt=\"\" src=\"https:\/\/www.endo-access.com\/wp-content\/uploads\/GO-TAPER-X-CAS-3-VISUEL-1.jpg\" data-object-fit=\"cover\"\/><div class=\"wp-block-cover__inner-container is-layout-flow wp-block-cover-is-layout-flow\">\n<p class=\"has-text-align-left has-background-color has-text-color has-normal-font-size\"><strong>GO-TAPER X 2<\/strong><\/p>\n\n\n\n<div style=\"height:100px\" aria-hidden=\"true\" class=\"wp-block-spacer\"><\/div>\n\n\n\t<a class=\"paoc-popup-click paoc-popup-cust-5932 paoc-popup-button paoc-popup-btn \" href=\"javascript:void(0);\">De klinische case bekijken<\/a>\r\n\n<\/div><\/div>\n<\/div>\n<\/div>\n\n\n\n<div class=\"wp-block-columns is-layout-flex wp-container-core-columns-is-layout-9d6595d7 wp-block-columns-is-layout-flex\">\n<div class=\"wp-block-column is-layout-flow wp-block-column-is-layout-flow\">\n<figure class=\"wp-block-embed is-type-video is-provider-youtube wp-block-embed-youtube wp-embed-aspect-16-9 wp-has-aspect-ratio\"><div class=\"wp-block-embed__wrapper\">\n<iframe loading=\"lazy\" title=\"Zoek en prepareer een MV2 endo-verkenner + prefile voor MV2\" width=\"580\" height=\"326\" src=\"https:\/\/www.youtube.com\/embed\/Zyw8JYSi7gw?list=PLkvM_FydqaViRkeqS6voSbj3LTeU6ma6z\" frameborder=\"0\" allow=\"accelerometer; autoplay; clipboard-write; encrypted-media; gyroscope; picture-in-picture; web-share\" referrerpolicy=\"strict-origin-when-cross-origin\" allowfullscreen><\/iframe>\n<\/div><\/figure>\n<\/div>\n\n\n\n<div class=\"wp-block-column is-layout-flow wp-block-column-is-layout-flow\">\n<figure class=\"wp-block-embed is-type-video is-provider-youtube wp-block-embed-youtube wp-embed-aspect-16-9 wp-has-aspect-ratio\"><div class=\"wp-block-embed__wrapper\">\n<iframe loading=\"lazy\" title=\"Hoe een MV2 endo explorer + prefile + Go glider doorboren\" width=\"580\" height=\"326\" src=\"https:\/\/www.youtube.com\/embed\/-lGkvuQ5SU4?list=PLkvM_FydqaViRkeqS6voSbj3LTeU6ma6z\" frameborder=\"0\" allow=\"accelerometer; autoplay; clipboard-write; encrypted-media; gyroscope; picture-in-picture; web-share\" referrerpolicy=\"strict-origin-when-cross-origin\" allowfullscreen><\/iframe>\n<\/div><\/figure>\n<\/div>\n<\/div>\n\n\n\n<div class=\"wp-block-columns is-layout-flex wp-container-core-columns-is-layout-9d6595d7 wp-block-columns-is-layout-flex\">\n<div class=\"wp-block-column is-layout-flow wp-block-column-is-layout-flow\">\n<figure class=\"wp-block-embed is-type-video is-provider-youtube wp-block-embed-youtube wp-embed-aspect-16-9 wp-has-aspect-ratio\"><div class=\"wp-block-embed__wrapper\">\n<iframe loading=\"lazy\" title=\"Besproeiingsnaalden met dubbele stroom DTO\" width=\"580\" height=\"326\" src=\"https:\/\/www.youtube.com\/embed\/8UiiIaNTRrg?list=PLkvM_FydqaViRkeqS6voSbj3LTeU6ma6z\" frameborder=\"0\" allow=\"accelerometer; autoplay; clipboard-write; encrypted-media; gyroscope; picture-in-picture; web-share\" referrerpolicy=\"strict-origin-when-cross-origin\" allowfullscreen><\/iframe>\n<\/div><\/figure>\n<\/div>\n\n\n\n<div class=\"wp-block-column is-layout-flow wp-block-column-is-layout-flow\">\n<figure class=\"wp-block-embed is-type-video is-provider-youtube wp-block-embed-youtube wp-embed-aspect-16-9 wp-has-aspect-ratio\"><div class=\"wp-block-embed__wrapper\">\n<iframe loading=\"lazy\" title=\"Verwijderen van een pulpsteen met het US ED18 inzetstuk\" width=\"580\" height=\"326\" src=\"https:\/\/www.youtube.com\/embed\/4ssW4D_kvnE?list=PLkvM_FydqaViRkeqS6voSbj3LTeU6ma6z\" frameborder=\"0\" allow=\"accelerometer; autoplay; clipboard-write; encrypted-media; gyroscope; picture-in-picture; web-share\" referrerpolicy=\"strict-origin-when-cross-origin\" allowfullscreen><\/iframe>\n<\/div><\/figure>\n<\/div>\n<\/div>\n\n\n\n<div class=\"wp-block-columns is-layout-flex wp-container-core-columns-is-layout-9d6595d7 wp-block-columns-is-layout-flex\">\n<div class=\"wp-block-column is-layout-flow wp-block-column-is-layout-flow\">\n<figure class=\"wp-block-embed is-type-video is-provider-youtube wp-block-embed-youtube wp-embed-aspect-16-9 wp-has-aspect-ratio\"><div class=\"wp-block-embed__wrapper\">\n<iframe loading=\"lazy\" title=\"Endodontische behandeling van tand 16\" width=\"580\" height=\"326\" src=\"https:\/\/www.youtube.com\/embed\/bKBIsv3e5O4?list=PLkvM_FydqaViRkeqS6voSbj3LTeU6ma6z\" frameborder=\"0\" allow=\"accelerometer; autoplay; clipboard-write; encrypted-media; gyroscope; picture-in-picture; web-share\" referrerpolicy=\"strict-origin-when-cross-origin\" allowfullscreen><\/iframe>\n<\/div><\/figure>\n<\/div>\n\n\n\n<div class=\"wp-block-column is-layout-flow wp-block-column-is-layout-flow\">\n<figure class=\"wp-block-embed is-type-video is-provider-youtube wp-block-embed-youtube wp-embed-aspect-16-9 wp-has-aspect-ratio\"><div class=\"wp-block-embed__wrapper\">\n<iframe loading=\"lazy\" title=\"Endodontische behandeling van tand 34 reverso silver\" width=\"580\" height=\"326\" src=\"https:\/\/www.youtube.com\/embed\/4YVCxyJIXo4?list=PLkvM_FydqaViRkeqS6voSbj3LTeU6ma6z\" frameborder=\"0\" allow=\"accelerometer; autoplay; clipboard-write; encrypted-media; gyroscope; picture-in-picture; web-share\" referrerpolicy=\"strict-origin-when-cross-origin\" allowfullscreen><\/iframe>\n<\/div><\/figure>\n<\/div>\n<\/div>\n\n\n\n<div class=\"wp-block-columns is-layout-flex wp-container-core-columns-is-layout-9d6595d7 wp-block-columns-is-layout-flex\">\n<div class=\"wp-block-column is-layout-flow wp-block-column-is-layout-flow\">\n<figure class=\"wp-block-embed is-type-video is-provider-youtube wp-block-embed-youtube wp-embed-aspect-16-9 wp-has-aspect-ratio\"><div class=\"wp-block-embed__wrapper\">\n<iframe loading=\"lazy\" title=\"Endodontische behandeling van tand 26 easy file flex\" width=\"580\" height=\"326\" src=\"https:\/\/www.youtube.com\/embed\/P0zD7caNHHA?list=PLkvM_FydqaViRkeqS6voSbj3LTeU6ma6z\" frameborder=\"0\" allow=\"accelerometer; autoplay; clipboard-write; encrypted-media; gyroscope; picture-in-picture; web-share\" referrerpolicy=\"strict-origin-when-cross-origin\" allowfullscreen><\/iframe>\n<\/div><\/figure>\n<\/div>\n\n\n\n<div class=\"wp-block-column is-layout-flow wp-block-column-is-layout-flow\">\n<figure class=\"wp-block-embed is-type-video is-provider-youtube wp-block-embed-youtube wp-embed-aspect-16-9 wp-has-aspect-ratio\"><div class=\"wp-block-embed__wrapper\">\n<iframe loading=\"lazy\" title=\"Endodontische behandeling van tand 26 easy file flex\" width=\"580\" height=\"326\" src=\"https:\/\/www.youtube.com\/embed\/P0zD7caNHHA?list=PLkvM_FydqaViRkeqS6voSbj3LTeU6ma6z\" frameborder=\"0\" allow=\"accelerometer; autoplay; clipboard-write; encrypted-media; gyroscope; picture-in-picture; web-share\" referrerpolicy=\"strict-origin-when-cross-origin\" allowfullscreen><\/iframe>\n<\/div><\/figure>\n<\/div>\n<\/div>\n\n\n\n<div class=\"wp-block-columns is-layout-flex wp-container-core-columns-is-layout-9d6595d7 wp-block-columns-is-layout-flex\">\n<div class=\"wp-block-column is-layout-flow wp-block-column-is-layout-flow\">\n<figure class=\"wp-block-embed is-type-video is-provider-youtube wp-block-embed-youtube wp-embed-aspect-16-9 wp-has-aspect-ratio\"><div class=\"wp-block-embed__wrapper\">\n<iframe loading=\"lazy\" title=\"Volledig gemechaniseerde endodontische behandeling go glider + easyfile flex + DTO\" width=\"580\" height=\"326\" src=\"https:\/\/www.youtube.com\/embed\/HV62IO1zCzk?list=PLkvM_FydqaViRkeqS6voSbj3LTeU6ma6z\" frameborder=\"0\" allow=\"accelerometer; autoplay; clipboard-write; encrypted-media; gyroscope; picture-in-picture; web-share\" referrerpolicy=\"strict-origin-when-cross-origin\" allowfullscreen><\/iframe>\n<\/div><\/figure>\n<\/div>\n\n\n\n<div class=\"wp-block-column is-layout-flow wp-block-column-is-layout-flow\"><\/div>\n<\/div>\n","protected":false},"excerpt":{"rendered":"","protected":false},"author":1,"featured_media":2600,"parent":0,"menu_order":11,"comment_status":"closed","ping_status":"closed","template":"templates\/template-cover.php","meta":{"_acf_changed":false,"footnotes":""},"class_list":["post-2593","page","type-page","status-publish","has-post-thumbnail","hentry"],"acf":[],"yoast_head":"<!-- This site is optimized with the Yoast SEO plugin v27.0 - https:\/\/yoast.com\/product\/yoast-seo-wordpress\/ -->\n<title>Klinische gevallen - access<\/title>\n<meta name=\"robots\" content=\"index, follow, max-snippet:-1, max-image-preview:large, max-video-preview:-1\" \/>\n<link rel=\"canonical\" href=\"https:\/\/www.endo-access.com\/nl\/klinische-gevallen\/\" \/>\n<meta property=\"og:locale\" content=\"nl_NL\" \/>\n<meta property=\"og:type\" content=\"article\" \/>\n<meta property=\"og:title\" content=\"Klinische gevallen - access\" \/>\n<meta property=\"og:url\" content=\"https:\/\/www.endo-access.com\/nl\/klinische-gevallen\/\" \/>\n<meta property=\"og:site_name\" content=\"access\" \/>\n<meta property=\"article:publisher\" content=\"https:\/\/www.facebook.com\/endoaccess\/\" \/>\n<meta property=\"article:modified_time\" content=\"2024-01-19T10:11:49+00:00\" \/>\n<meta property=\"og:image\" content=\"https:\/\/www.endo-access.com\/wp-content\/uploads\/cas-cliniques-1-1024x261.png\" \/>\n\t<meta property=\"og:image:width\" content=\"1024\" \/>\n\t<meta property=\"og:image:height\" content=\"261\" \/>\n\t<meta property=\"og:image:type\" content=\"image\/png\" \/>\n<meta name=\"twitter:card\" content=\"summary_large_image\" \/>\n<meta name=\"twitter:label1\" content=\"Geschatte leestijd\" \/>\n\t<meta name=\"twitter:data1\" content=\"3 minuten\" \/>\n<script type=\"application\/ld+json\" class=\"yoast-schema-graph\">{\"@context\":\"https:\/\/schema.org\",\"@graph\":[{\"@type\":\"WebPage\",\"@id\":\"https:\/\/www.endo-access.com\/nl\/klinische-gevallen\/\",\"url\":\"https:\/\/www.endo-access.com\/nl\/klinische-gevallen\/\",\"name\":\"Klinische gevallen - access\",\"isPartOf\":{\"@id\":\"https:\/\/www.endo-access.com\/nl\/#website\"},\"primaryImageOfPage\":{\"@id\":\"https:\/\/www.endo-access.com\/nl\/klinische-gevallen\/#primaryimage\"},\"image\":{\"@id\":\"https:\/\/www.endo-access.com\/nl\/klinische-gevallen\/#primaryimage\"},\"thumbnailUrl\":\"https:\/\/www.endo-access.com\/wp-content\/uploads\/cas-cliniques-1.png\",\"datePublished\":\"2020-10-21T11:34:42+00:00\",\"dateModified\":\"2024-01-19T10:11:49+00:00\",\"breadcrumb\":{\"@id\":\"https:\/\/www.endo-access.com\/nl\/klinische-gevallen\/#breadcrumb\"},\"inLanguage\":\"nl-NL\",\"potentialAction\":[{\"@type\":\"ReadAction\",\"target\":[\"https:\/\/www.endo-access.com\/nl\/klinische-gevallen\/\"]}]},{\"@type\":\"ImageObject\",\"inLanguage\":\"nl-NL\",\"@id\":\"https:\/\/www.endo-access.com\/nl\/klinische-gevallen\/#primaryimage\",\"url\":\"https:\/\/www.endo-access.com\/wp-content\/uploads\/cas-cliniques-1.png\",\"contentUrl\":\"https:\/\/www.endo-access.com\/wp-content\/uploads\/cas-cliniques-1.png\",\"width\":6246,\"height\":6246},{\"@type\":\"BreadcrumbList\",\"@id\":\"https:\/\/www.endo-access.com\/nl\/klinische-gevallen\/#breadcrumb\",\"itemListElement\":[{\"@type\":\"ListItem\",\"position\":1,\"name\":\"Accueil\",\"item\":\"https:\/\/www.endo-access.com\/nl\/\"},{\"@type\":\"ListItem\",\"position\":2,\"name\":\"Klinische gevallen\"}]},{\"@type\":\"WebSite\",\"@id\":\"https:\/\/www.endo-access.com\/nl\/#website\",\"url\":\"https:\/\/www.endo-access.com\/nl\/\",\"name\":\"access\",\"description\":\"Efficacit\u00e9, Simplicit\u00e9, Rentabilit\u00e9.\",\"publisher\":{\"@id\":\"https:\/\/www.endo-access.com\/nl\/#organization\"},\"potentialAction\":[{\"@type\":\"SearchAction\",\"target\":{\"@type\":\"EntryPoint\",\"urlTemplate\":\"https:\/\/www.endo-access.com\/nl\/?s={search_term_string}\"},\"query-input\":{\"@type\":\"PropertyValueSpecification\",\"valueRequired\":true,\"valueName\":\"search_term_string\"}}],\"inLanguage\":\"nl-NL\"},{\"@type\":\"Organization\",\"@id\":\"https:\/\/www.endo-access.com\/nl\/#organization\",\"name\":\"Access\",\"url\":\"https:\/\/www.endo-access.com\/nl\/\",\"logo\":{\"@type\":\"ImageObject\",\"inLanguage\":\"nl-NL\",\"@id\":\"https:\/\/www.endo-access.com\/nl\/#\/schema\/logo\/image\/\",\"url\":\"https:\/\/www.endo-access.com\/wp-content\/uploads\/logo.png\",\"contentUrl\":\"https:\/\/www.endo-access.com\/wp-content\/uploads\/logo.png\",\"width\":915,\"height\":915,\"caption\":\"Access\"},\"image\":{\"@id\":\"https:\/\/www.endo-access.com\/nl\/#\/schema\/logo\/image\/\"},\"sameAs\":[\"https:\/\/www.facebook.com\/endoaccess\/\",\"https:\/\/www.linkedin.com\/company\/endo-access\/\",\"https:\/\/www.instagram.com\/endoaccess\/\"]}]}<\/script>\n<!-- \/ Yoast SEO plugin. -->","yoast_head_json":{"title":"Klinische gevallen - access","robots":{"index":"index","follow":"follow","max-snippet":"max-snippet:-1","max-image-preview":"max-image-preview:large","max-video-preview":"max-video-preview:-1"},"canonical":"https:\/\/www.endo-access.com\/nl\/klinische-gevallen\/","og_locale":"nl_NL","og_type":"article","og_title":"Klinische gevallen - access","og_url":"https:\/\/www.endo-access.com\/nl\/klinische-gevallen\/","og_site_name":"access","article_publisher":"https:\/\/www.facebook.com\/endoaccess\/","article_modified_time":"2024-01-19T10:11:49+00:00","og_image":[{"width":1024,"height":261,"url":"https:\/\/www.endo-access.com\/wp-content\/uploads\/cas-cliniques-1-1024x261.png","type":"image\/png"}],"twitter_card":"summary_large_image","twitter_misc":{"Geschatte leestijd":"3 minuten"},"schema":{"@context":"https:\/\/schema.org","@graph":[{"@type":"WebPage","@id":"https:\/\/www.endo-access.com\/nl\/klinische-gevallen\/","url":"https:\/\/www.endo-access.com\/nl\/klinische-gevallen\/","name":"Klinische gevallen - access","isPartOf":{"@id":"https:\/\/www.endo-access.com\/nl\/#website"},"primaryImageOfPage":{"@id":"https:\/\/www.endo-access.com\/nl\/klinische-gevallen\/#primaryimage"},"image":{"@id":"https:\/\/www.endo-access.com\/nl\/klinische-gevallen\/#primaryimage"},"thumbnailUrl":"https:\/\/www.endo-access.com\/wp-content\/uploads\/cas-cliniques-1.png","datePublished":"2020-10-21T11:34:42+00:00","dateModified":"2024-01-19T10:11:49+00:00","breadcrumb":{"@id":"https:\/\/www.endo-access.com\/nl\/klinische-gevallen\/#breadcrumb"},"inLanguage":"nl-NL","potentialAction":[{"@type":"ReadAction","target":["https:\/\/www.endo-access.com\/nl\/klinische-gevallen\/"]}]},{"@type":"ImageObject","inLanguage":"nl-NL","@id":"https:\/\/www.endo-access.com\/nl\/klinische-gevallen\/#primaryimage","url":"https:\/\/www.endo-access.com\/wp-content\/uploads\/cas-cliniques-1.png","contentUrl":"https:\/\/www.endo-access.com\/wp-content\/uploads\/cas-cliniques-1.png","width":6246,"height":6246},{"@type":"BreadcrumbList","@id":"https:\/\/www.endo-access.com\/nl\/klinische-gevallen\/#breadcrumb","itemListElement":[{"@type":"ListItem","position":1,"name":"Accueil","item":"https:\/\/www.endo-access.com\/nl\/"},{"@type":"ListItem","position":2,"name":"Klinische gevallen"}]},{"@type":"WebSite","@id":"https:\/\/www.endo-access.com\/nl\/#website","url":"https:\/\/www.endo-access.com\/nl\/","name":"access","description":"Efficacit\u00e9, Simplicit\u00e9, Rentabilit\u00e9.","publisher":{"@id":"https:\/\/www.endo-access.com\/nl\/#organization"},"potentialAction":[{"@type":"SearchAction","target":{"@type":"EntryPoint","urlTemplate":"https:\/\/www.endo-access.com\/nl\/?s={search_term_string}"},"query-input":{"@type":"PropertyValueSpecification","valueRequired":true,"valueName":"search_term_string"}}],"inLanguage":"nl-NL"},{"@type":"Organization","@id":"https:\/\/www.endo-access.com\/nl\/#organization","name":"Access","url":"https:\/\/www.endo-access.com\/nl\/","logo":{"@type":"ImageObject","inLanguage":"nl-NL","@id":"https:\/\/www.endo-access.com\/nl\/#\/schema\/logo\/image\/","url":"https:\/\/www.endo-access.com\/wp-content\/uploads\/logo.png","contentUrl":"https:\/\/www.endo-access.com\/wp-content\/uploads\/logo.png","width":915,"height":915,"caption":"Access"},"image":{"@id":"https:\/\/www.endo-access.com\/nl\/#\/schema\/logo\/image\/"},"sameAs":["https:\/\/www.facebook.com\/endoaccess\/","https:\/\/www.linkedin.com\/company\/endo-access\/","https:\/\/www.instagram.com\/endoaccess\/"]}]}},"_links":{"self":[{"href":"https:\/\/www.endo-access.com\/nl\/wp-json\/wp\/v2\/pages\/2593","targetHints":{"allow":["GET"]}}],"collection":[{"href":"https:\/\/www.endo-access.com\/nl\/wp-json\/wp\/v2\/pages"}],"about":[{"href":"https:\/\/www.endo-access.com\/nl\/wp-json\/wp\/v2\/types\/page"}],"author":[{"embeddable":true,"href":"https:\/\/www.endo-access.com\/nl\/wp-json\/wp\/v2\/users\/1"}],"replies":[{"embeddable":true,"href":"https:\/\/www.endo-access.com\/nl\/wp-json\/wp\/v2\/comments?post=2593"}],"version-history":[{"count":15,"href":"https:\/\/www.endo-access.com\/nl\/wp-json\/wp\/v2\/pages\/2593\/revisions"}],"predecessor-version":[{"id":7513,"href":"https:\/\/www.endo-access.com\/nl\/wp-json\/wp\/v2\/pages\/2593\/revisions\/7513"}],"wp:featuredmedia":[{"embeddable":true,"href":"https:\/\/www.endo-access.com\/nl\/wp-json\/wp\/v2\/media\/2600"}],"wp:attachment":[{"href":"https:\/\/www.endo-access.com\/nl\/wp-json\/wp\/v2\/media?parent=2593"}],"curies":[{"name":"wp","href":"https:\/\/api.w.org\/{rel}","templated":true}]}}