{"id":2609,"date":"2020-10-21T13:37:00","date_gmt":"2020-10-21T11:37:00","guid":{"rendered":"https:\/\/www.endo-access.com\/?page_id=2609"},"modified":"2020-10-21T13:37:02","modified_gmt":"2020-10-21T11:37:02","slug":"juridische-informatie","status":"publish","type":"page","link":"https:\/\/www.endo-access.com\/nl\/juridische-informatie\/","title":{"rendered":"Juridische informatie"},"content":{"rendered":"\n<p>Website:\u00a0\u00a0<a href=\"https:\/\/www.endo-access.com\/\">https:\/\/www.endo-access.com\/<\/a><\/p>\n\n\n\n<p>Lees de berichten.<br>Niet-contractuele foto\u2019s.<br>Door deze website te bezoeken, gaat de gebruiker akkoord met deze gebruiksvoorwaarden.<\/p>\n\n\n\n<h2 class=\"wp-block-heading\">1. Informatie editor<\/h2>\n\n\n\n<p>De redactie van deze website gebeurt door:<\/p>\n\n\n\n<p>MEDICAL TELEMARKETING<br>25 rue Bleue<br>75009 Paris<br>FRANCE<br>Siret : 47751590200013<\/p>\n\n\n\n<h2 class=\"wp-block-heading\">2. Informatie host<\/h2>\n\n\n\n<p>Deze site wordt gehost door de serviceprovider &#8220;GANDI&#8221;.<\/p>\n\n\n\n<h2 class=\"wp-block-heading\">3. Auteursrecht\/Copyright<\/h2>\n\n\n\n<p>De handelsmerken en logo&#8217;s op deze site zijn geregistreerde handelsmerken van hun respectievelijke eigenaars.<br>Hun vermelding verleent op geen enkele manier een licentie of enig recht van gebruik van deze merken, die niet kunnen worden gebruikt zonder de voorafgaande schriftelijke toestemming van de eigenaar van het merk op straffe van inbreuk.<br>Alle informatie op deze site kan worden gedownload, gereproduceerd, afgedrukt op voorwaarde dat:<br>&#8211; deze informatie uitsluitend wordt gebruikt voor persoonlijke doeleinden en op geen enkele wijze voor commerci\u00eble doeleinden;<br>&#8211; dat deze informatie niet wordt gewijzigd.<\/p>\n\n\n\n<p><strong>Copyright :<\/strong>&nbsp;\u00a9ACCESS<\/p>\n\n\n\n<p>Laatste update: Februari 2019<\/p>\n","protected":false},"excerpt":{"rendered":"<p>Website:\u00a0\u00a0https:\/\/www.endo-access.com\/ Lees de berichten.Niet-contractuele foto\u2019s.Door deze website te bezoeken, gaat de gebruiker akkoord met deze gebruiksvoorwaarden. 1. Informatie editor De redactie van deze website gebeurt door: MEDICAL TELEMARKETING25 rue Bleue75009 ParisFRANCESiret : 47751590200013 2. Informatie host Deze site wordt gehost door de serviceprovider &#8220;GANDI&#8221;. 3. Auteursrecht\/Copyright De handelsmerken en logo&#8217;s op deze site zijn geregistreerde [&hellip;]<\/p>\n","protected":false},"author":1,"featured_media":0,"parent":0,"menu_order":20,"comment_status":"closed","ping_status":"closed","template":"","meta":{"_acf_changed":false,"footnotes":""},"class_list":["post-2609","page","type-page","status-publish","hentry"],"acf":[],"yoast_head":"<!-- This site is optimized with the Yoast SEO plugin v27.0 - https:\/\/yoast.com\/product\/yoast-seo-wordpress\/ -->\n<title>Juridische informatie - access<\/title>\n<meta name=\"robots\" content=\"index, follow, max-snippet:-1, max-image-preview:large, max-video-preview:-1\" \/>\n<link rel=\"canonical\" href=\"https:\/\/www.endo-access.com\/nl\/juridische-informatie\/\" \/>\n<meta property=\"og:locale\" content=\"nl_NL\" \/>\n<meta property=\"og:type\" content=\"article\" \/>\n<meta property=\"og:title\" content=\"Juridische informatie - access\" \/>\n<meta property=\"og:description\" content=\"Website:\u00a0\u00a0https:\/\/www.endo-access.com\/ Lees de berichten.Niet-contractuele foto\u2019s.Door deze website te bezoeken, gaat de gebruiker akkoord met deze gebruiksvoorwaarden. 1. Informatie editor De redactie van deze website gebeurt door: MEDICAL TELEMARKETING25 rue Bleue75009 ParisFRANCESiret : 47751590200013 2. Informatie host Deze site wordt gehost door de serviceprovider &#8220;GANDI&#8221;. 3. Auteursrecht\/Copyright De handelsmerken en logo&#8217;s op deze site zijn geregistreerde [&hellip;]\" \/>\n<meta property=\"og:url\" content=\"https:\/\/www.endo-access.com\/nl\/juridische-informatie\/\" \/>\n<meta property=\"og:site_name\" content=\"access\" \/>\n<meta property=\"article:publisher\" content=\"https:\/\/www.facebook.com\/endoaccess\/\" \/>\n<meta property=\"article:modified_time\" content=\"2020-10-21T11:37:02+00:00\" \/>\n<meta property=\"og:image\" content=\"https:\/\/www.endo-access.com\/wp-content\/uploads\/logo.png\" \/>\n\t<meta property=\"og:image:width\" content=\"915\" \/>\n\t<meta property=\"og:image:height\" content=\"915\" \/>\n\t<meta property=\"og:image:type\" content=\"image\/png\" \/>\n<meta name=\"twitter:card\" content=\"summary_large_image\" \/>\n<meta name=\"twitter:label1\" content=\"Geschatte leestijd\" \/>\n\t<meta name=\"twitter:data1\" content=\"1 minuut\" \/>\n<script type=\"application\/ld+json\" class=\"yoast-schema-graph\">{\"@context\":\"https:\/\/schema.org\",\"@graph\":[{\"@type\":\"WebPage\",\"@id\":\"https:\/\/www.endo-access.com\/nl\/juridische-informatie\/\",\"url\":\"https:\/\/www.endo-access.com\/nl\/juridische-informatie\/\",\"name\":\"Juridische informatie - access\",\"isPartOf\":{\"@id\":\"https:\/\/www.endo-access.com\/nl\/#website\"},\"datePublished\":\"2020-10-21T11:37:00+00:00\",\"dateModified\":\"2020-10-21T11:37:02+00:00\",\"breadcrumb\":{\"@id\":\"https:\/\/www.endo-access.com\/nl\/juridische-informatie\/#breadcrumb\"},\"inLanguage\":\"nl-NL\",\"potentialAction\":[{\"@type\":\"ReadAction\",\"target\":[\"https:\/\/www.endo-access.com\/nl\/juridische-informatie\/\"]}]},{\"@type\":\"BreadcrumbList\",\"@id\":\"https:\/\/www.endo-access.com\/nl\/juridische-informatie\/#breadcrumb\",\"itemListElement\":[{\"@type\":\"ListItem\",\"position\":1,\"name\":\"Accueil\",\"item\":\"https:\/\/www.endo-access.com\/nl\/\"},{\"@type\":\"ListItem\",\"position\":2,\"name\":\"Juridische informatie\"}]},{\"@type\":\"WebSite\",\"@id\":\"https:\/\/www.endo-access.com\/nl\/#website\",\"url\":\"https:\/\/www.endo-access.com\/nl\/\",\"name\":\"access\",\"description\":\"Efficacit\u00e9, Simplicit\u00e9, Rentabilit\u00e9.\",\"publisher\":{\"@id\":\"https:\/\/www.endo-access.com\/nl\/#organization\"},\"potentialAction\":[{\"@type\":\"SearchAction\",\"target\":{\"@type\":\"EntryPoint\",\"urlTemplate\":\"https:\/\/www.endo-access.com\/nl\/?s={search_term_string}\"},\"query-input\":{\"@type\":\"PropertyValueSpecification\",\"valueRequired\":true,\"valueName\":\"search_term_string\"}}],\"inLanguage\":\"nl-NL\"},{\"@type\":\"Organization\",\"@id\":\"https:\/\/www.endo-access.com\/nl\/#organization\",\"name\":\"Access\",\"url\":\"https:\/\/www.endo-access.com\/nl\/\",\"logo\":{\"@type\":\"ImageObject\",\"inLanguage\":\"nl-NL\",\"@id\":\"https:\/\/www.endo-access.com\/nl\/#\/schema\/logo\/image\/\",\"url\":\"https:\/\/www.endo-access.com\/wp-content\/uploads\/logo.png\",\"contentUrl\":\"https:\/\/www.endo-access.com\/wp-content\/uploads\/logo.png\",\"width\":915,\"height\":915,\"caption\":\"Access\"},\"image\":{\"@id\":\"https:\/\/www.endo-access.com\/nl\/#\/schema\/logo\/image\/\"},\"sameAs\":[\"https:\/\/www.facebook.com\/endoaccess\/\",\"https:\/\/www.linkedin.com\/company\/endo-access\/\",\"https:\/\/www.instagram.com\/endoaccess\/\"]}]}<\/script>\n<!-- \/ Yoast SEO plugin. -->","yoast_head_json":{"title":"Juridische informatie - access","robots":{"index":"index","follow":"follow","max-snippet":"max-snippet:-1","max-image-preview":"max-image-preview:large","max-video-preview":"max-video-preview:-1"},"canonical":"https:\/\/www.endo-access.com\/nl\/juridische-informatie\/","og_locale":"nl_NL","og_type":"article","og_title":"Juridische informatie - access","og_description":"Website:\u00a0\u00a0https:\/\/www.endo-access.com\/ Lees de berichten.Niet-contractuele foto\u2019s.Door deze website te bezoeken, gaat de gebruiker akkoord met deze gebruiksvoorwaarden. 1. Informatie editor De redactie van deze website gebeurt door: MEDICAL TELEMARKETING25 rue Bleue75009 ParisFRANCESiret : 47751590200013 2. Informatie host Deze site wordt gehost door de serviceprovider &#8220;GANDI&#8221;. 3. Auteursrecht\/Copyright De handelsmerken en logo&#8217;s op deze site zijn geregistreerde [&hellip;]","og_url":"https:\/\/www.endo-access.com\/nl\/juridische-informatie\/","og_site_name":"access","article_publisher":"https:\/\/www.facebook.com\/endoaccess\/","article_modified_time":"2020-10-21T11:37:02+00:00","og_image":[{"width":915,"height":915,"url":"https:\/\/www.endo-access.com\/wp-content\/uploads\/logo.png","type":"image\/png"}],"twitter_card":"summary_large_image","twitter_misc":{"Geschatte leestijd":"1 minuut"},"schema":{"@context":"https:\/\/schema.org","@graph":[{"@type":"WebPage","@id":"https:\/\/www.endo-access.com\/nl\/juridische-informatie\/","url":"https:\/\/www.endo-access.com\/nl\/juridische-informatie\/","name":"Juridische informatie - access","isPartOf":{"@id":"https:\/\/www.endo-access.com\/nl\/#website"},"datePublished":"2020-10-21T11:37:00+00:00","dateModified":"2020-10-21T11:37:02+00:00","breadcrumb":{"@id":"https:\/\/www.endo-access.com\/nl\/juridische-informatie\/#breadcrumb"},"inLanguage":"nl-NL","potentialAction":[{"@type":"ReadAction","target":["https:\/\/www.endo-access.com\/nl\/juridische-informatie\/"]}]},{"@type":"BreadcrumbList","@id":"https:\/\/www.endo-access.com\/nl\/juridische-informatie\/#breadcrumb","itemListElement":[{"@type":"ListItem","position":1,"name":"Accueil","item":"https:\/\/www.endo-access.com\/nl\/"},{"@type":"ListItem","position":2,"name":"Juridische informatie"}]},{"@type":"WebSite","@id":"https:\/\/www.endo-access.com\/nl\/#website","url":"https:\/\/www.endo-access.com\/nl\/","name":"access","description":"Efficacit\u00e9, Simplicit\u00e9, Rentabilit\u00e9.","publisher":{"@id":"https:\/\/www.endo-access.com\/nl\/#organization"},"potentialAction":[{"@type":"SearchAction","target":{"@type":"EntryPoint","urlTemplate":"https:\/\/www.endo-access.com\/nl\/?s={search_term_string}"},"query-input":{"@type":"PropertyValueSpecification","valueRequired":true,"valueName":"search_term_string"}}],"inLanguage":"nl-NL"},{"@type":"Organization","@id":"https:\/\/www.endo-access.com\/nl\/#organization","name":"Access","url":"https:\/\/www.endo-access.com\/nl\/","logo":{"@type":"ImageObject","inLanguage":"nl-NL","@id":"https:\/\/www.endo-access.com\/nl\/#\/schema\/logo\/image\/","url":"https:\/\/www.endo-access.com\/wp-content\/uploads\/logo.png","contentUrl":"https:\/\/www.endo-access.com\/wp-content\/uploads\/logo.png","width":915,"height":915,"caption":"Access"},"image":{"@id":"https:\/\/www.endo-access.com\/nl\/#\/schema\/logo\/image\/"},"sameAs":["https:\/\/www.facebook.com\/endoaccess\/","https:\/\/www.linkedin.com\/company\/endo-access\/","https:\/\/www.instagram.com\/endoaccess\/"]}]}},"_links":{"self":[{"href":"https:\/\/www.endo-access.com\/nl\/wp-json\/wp\/v2\/pages\/2609","targetHints":{"allow":["GET"]}}],"collection":[{"href":"https:\/\/www.endo-access.com\/nl\/wp-json\/wp\/v2\/pages"}],"about":[{"href":"https:\/\/www.endo-access.com\/nl\/wp-json\/wp\/v2\/types\/page"}],"author":[{"embeddable":true,"href":"https:\/\/www.endo-access.com\/nl\/wp-json\/wp\/v2\/users\/1"}],"replies":[{"embeddable":true,"href":"https:\/\/www.endo-access.com\/nl\/wp-json\/wp\/v2\/comments?post=2609"}],"version-history":[{"count":1,"href":"https:\/\/www.endo-access.com\/nl\/wp-json\/wp\/v2\/pages\/2609\/revisions"}],"predecessor-version":[{"id":2610,"href":"https:\/\/www.endo-access.com\/nl\/wp-json\/wp\/v2\/pages\/2609\/revisions\/2610"}],"wp:attachment":[{"href":"https:\/\/www.endo-access.com\/nl\/wp-json\/wp\/v2\/media?parent=2609"}],"curies":[{"name":"wp","href":"https:\/\/api.w.org\/{rel}","templated":true}]}}