{"id":2611,"date":"2020-10-21T13:37:44","date_gmt":"2020-10-21T11:37:44","guid":{"rendered":"https:\/\/www.endo-access.com\/?page_id=2611"},"modified":"2020-10-21T13:37:45","modified_gmt":"2020-10-21T11:37:45","slug":"sitemap","status":"publish","type":"page","link":"https:\/\/www.endo-access.com\/nl\/sitemap\/","title":{"rendered":"Sitemap"},"content":{"rendered":"<div id=\"wp-realtime-sitemap-pages\"><h3>Pagina&#039;s<\/h3><ul><li class=\"page_item page-item-8279\"><a href=\"https:\/\/www.endo-access.com\/nl\/notice-endo-clean\/\">Notice Endo clean<\/a><\/li>\n<li class=\"page_item page-item-8284\"><a href=\"https:\/\/www.endo-access.com\/nl\/notice-sequencer\/\">Notice Sequencer<\/a><\/li>\n<li class=\"page_item page-item-7903\"><a href=\"https:\/\/www.endo-access.com\/nl\/hoeken-en-draaimomenten-endo-motor\/\">Hoeken en draaimomenten Endo Motor<\/a><\/li>\n<li class=\"page_item page-item-7906\"><a href=\"https:\/\/www.endo-access.com\/nl\/endo-motor-in-beeld\/\">Aan de slag met de Endo Motor<\/a><\/li>\n<li class=\"page_item page-item-2560\"><a href=\"https:\/\/www.endo-access.com\/nl\/\">Home<\/a><\/li>\n<li class=\"page_item page-item-2582\"><a href=\"https:\/\/www.endo-access.com\/nl\/producten\/\">Producten<\/a><\/li>\n<li class=\"page_item page-item-2584\"><a href=\"https:\/\/www.endo-access.com\/nl\/wie-zijn-wij\/\">Wie zijn wij?<\/a><\/li>\n<li class=\"page_item page-item-2593\"><a href=\"https:\/\/www.endo-access.com\/nl\/klinische-gevallen\/\">Klinische gevallen<\/a><\/li>\n<li class=\"page_item page-item-2607 current_page_parent\"><a href=\"https:\/\/www.endo-access.com\/nl\/actualiteiten-en-evenementen\/\">Actualiteiten en evenementen<\/a><\/li>\n<li class=\"page_item page-item-2618\"><a href=\"https:\/\/www.endo-access.com\/nl\/getuigenissen\/\">Getuigenissen<\/a><\/li>\n<li class=\"page_item page-item-2630\"><a href=\"https:\/\/www.endo-access.com\/nl\/veelgestelde-vragen\/\">FAQ<\/a><\/li>\n<li class=\"page_item page-item-2589\"><a href=\"https:\/\/www.endo-access.com\/nl\/distributeurs\/\">Distributeurs<\/a><\/li>\n<li class=\"page_item page-item-2609\"><a href=\"https:\/\/www.endo-access.com\/nl\/juridische-informatie\/\">Juridische informatie<\/a><\/li>\n<li class=\"page_item page-item-2613\"><a href=\"https:\/\/www.endo-access.com\/nl\/privacybeleid\/\">Privacybeleid<\/a><\/li>\n<li class=\"page_item page-item-2611\"><a href=\"https:\/\/www.endo-access.com\/nl\/sitemap\/\">Sitemap<\/a><\/li>\n<li class=\"page_item page-item-2615\"><a href=\"https:\/\/www.endo-access.com\/nl\/contactgegevens\/\">Contactgegevens<\/a><\/li>\n<\/ul><\/div><div id=\"wp-realtime-sitemap-posts\"><h3>Actualiteiten<\/h3><ul><li><a href=\"https:\/\/www.endo-access.com\/nl\/hands-on-training-session-1\/\" title=\"Permalink naar Hands-on training \u2013 Sessie 1\" rel=\"bookmark\">Hands-on training \u2013 Sessie 1<\/a><\/li><li><a href=\"https:\/\/www.endo-access.com\/nl\/lancering-van-de-website\/\" title=\"Permalink naar Lancering van de website\" rel=\"bookmark\">Lancering van de website<\/a><\/li><li><a href=\"https:\/\/www.endo-access.com\/nl\/endo-academy-training-over-easy-file-flex\/\" title=\"Permalink naar Endo Academy training over EASY-FILE FLEX\" rel=\"bookmark\">Endo Academy training over EASY-FILE FLEX<\/a><\/li><li><a href=\"https:\/\/www.endo-access.com\/nl\/hands-on-training-session-2\/\" title=\"Permalink naar Hands-on training \u2013 Sessie 2\" rel=\"bookmark\">Hands-on training \u2013 Sessie 2<\/a><\/li><li><a href=\"https:\/\/www.endo-access.com\/nl\/hands-on-training-constante-rotatie\/\" title=\"Permalink naar Hands-on training &#8211; Constante Rotatie\" rel=\"bookmark\">Hands-on training &#8211; Constante Rotatie<\/a><\/li><li><a href=\"https:\/\/www.endo-access.com\/nl\/hands-on-training-afwisselende-beweging\/\" title=\"Permalink naar Hands-on training &#8211; Afwisselende beweging\" rel=\"bookmark\">Hands-on training &#8211; Afwisselende beweging<\/a><\/li><li><a href=\"https:\/\/www.endo-access.com\/nl\/hands-on-training-live-endo-patienten-zaak\/\" title=\"Permalink naar Hands-on training &#8211; LIVE ENDO PATI\u00cbNTEN ZAAK!\" rel=\"bookmark\">Hands-on training &#8211; LIVE ENDO PATI\u00cbNTEN ZAAK!<\/a><\/li><li><a href=\"https:\/\/www.endo-access.com\/nl\/hands-on-training-afwisselende-beweging-2\/\" title=\"Permalink naar Hands-on training \u2013 Afwisselende beweging\" rel=\"bookmark\">Hands-on training \u2013 Afwisselende beweging<\/a><\/li><li><a href=\"https:\/\/www.endo-access.com\/nl\/luxe-endodontie-tegen-discount-prijzen\/\" title=\"Permalink naar Luxe endodontie tegen discount prijzen\" rel=\"bookmark\">Luxe endodontie tegen discount prijzen<\/a><\/li><li><a href=\"https:\/\/www.endo-access.com\/nl\/hands-on-training-afwisselende-beweging-3\/\" title=\"Permalink naar Hands-on training \u2013 Afwisselende beweging\" rel=\"bookmark\">Hands-on training \u2013 Afwisselende beweging<\/a><\/li><li><a href=\"https:\/\/www.endo-access.com\/nl\/adf-2023-demos-tips-en-advies-over-endodontie\/\" title=\"Permalink naar ADF 2023 &#8211; Demo&#8217;s, tips en advies over endodontie\" rel=\"bookmark\">ADF 2023 &#8211; Demo&#8217;s, tips en advies over endodontie<\/a><\/li><\/ul><\/div><div id=\"wp-realtime-sitemap-product\"><h3>Producten<\/h3><ul><li><a href=\"https:\/\/www.endo-access.com\/nl\/product\/easy-file-flex\/\" title=\"Permalink naar EASY-FILE FLEX\" rel=\"bookmark\">EASY-FILE FLEX<\/a><\/li><li><a href=\"https:\/\/www.endo-access.com\/nl\/product\/go-taper-flex\/\" title=\"Permalink naar GO-TAPER FLEX\" rel=\"bookmark\">GO-TAPER FLEX<\/a><\/li><li><a href=\"https:\/\/www.endo-access.com\/nl\/product\/go-taper-universal\/\" title=\"Permalink naar GO-TAPER UNIVERSAL\" rel=\"bookmark\">GO-TAPER UNIVERSAL<\/a><\/li><li><a href=\"https:\/\/www.endo-access.com\/nl\/product\/go-taper-retreatment\/\" title=\"Permalink naar GO-TAPER RETREATMENT\" rel=\"bookmark\">GO-TAPER RETREATMENT<\/a><\/li><li><a href=\"https:\/\/www.endo-access.com\/nl\/product\/reverso-silver\/\" title=\"Permalink naar REVERSO SILVER\" rel=\"bookmark\">REVERSO SILVER<\/a><\/li><li><a href=\"https:\/\/www.endo-access.com\/nl\/product\/reverso-blue\/\" title=\"Permalink naar REVERSO BLUE\" rel=\"bookmark\">REVERSO BLUE<\/a><\/li><li><a href=\"https:\/\/www.endo-access.com\/nl\/product\/reverso-papierpunten\/\" title=\"Permalink naar REVERSO PAPIERPUNTEN\" rel=\"bookmark\">REVERSO PAPIERPUNTEN<\/a><\/li><li><a href=\"https:\/\/www.endo-access.com\/nl\/product\/reverso-gutta-percha-punten\/\" title=\"Permalink naar REVERSO GUTTA PERCHA-PUNTEN\" rel=\"bookmark\">REVERSO GUTTA PERCHA-PUNTEN<\/a><\/li><li><a href=\"https:\/\/www.endo-access.com\/nl\/product\/go-taper-papierpunten\/\" title=\"Permalink naar GO-TAPER PAPIERPUNTEN\" rel=\"bookmark\">GO-TAPER PAPIERPUNTEN<\/a><\/li><li><a href=\"https:\/\/www.endo-access.com\/nl\/product\/go-taper-gutta-percha-punten\/\" title=\"Permalink naar GO-TAPER GUTTA PERCHA-PUNTEN\" rel=\"bookmark\">GO-TAPER GUTTA PERCHA-PUNTEN<\/a><\/li><li><a href=\"https:\/\/www.endo-access.com\/nl\/product\/endo-stop-flower\/\" title=\"Permalink naar ENDO STOP FLOWER\" rel=\"bookmark\">ENDO STOP FLOWER<\/a><\/li><li><a href=\"https:\/\/www.endo-access.com\/nl\/product\/endo-stop-standard\/\" title=\"Permalink naar ENDO STOP STANDARD\" rel=\"bookmark\">ENDO STOP STANDARD<\/a><\/li><li><a href=\"https:\/\/www.endo-access.com\/nl\/product\/go-two-2\/\" title=\"Permalink naar GO-TWO\" rel=\"bookmark\">GO-TWO<\/a><\/li><li><a href=\"https:\/\/www.endo-access.com\/nl\/product\/go-glider-2\/\" title=\"Permalink naar GO-GLIDER\" rel=\"bookmark\">GO-GLIDER<\/a><\/li><li><a href=\"https:\/\/www.endo-access.com\/nl\/product\/prefile-2\/\" title=\"Permalink naar PREFILE\" rel=\"bookmark\">PREFILE<\/a><\/li><li><a href=\"https:\/\/www.endo-access.com\/nl\/product\/easy-file-flex-glider-2\/\" title=\"Permalink naar EASY-FILE FLEX GLIDER\" rel=\"bookmark\">EASY-FILE FLEX GLIDER<\/a><\/li><li><a href=\"https:\/\/www.endo-access.com\/nl\/product\/go-taper-x\/\" title=\"Permalink naar GO-TAPER X\" rel=\"bookmark\">GO-TAPER X<\/a><\/li><li><a href=\"https:\/\/www.endo-access.com\/nl\/product\/steriele-irrigatie-naalden\/\" title=\"Permalink naar STERIELE IRRIGATIE NAALDEN\" rel=\"bookmark\">STERIELE IRRIGATIE NAALDEN<\/a><\/li><li><a href=\"https:\/\/www.endo-access.com\/nl\/product\/irrigatie-endokanalnaal-naalden\/\" title=\"Permalink naar IRRIGATIE ENDOKANALNAAL NAALDEN\" rel=\"bookmark\">IRRIGATIE ENDOKANALNAAL NAALDEN<\/a><\/li><li><a href=\"https:\/\/www.endo-access.com\/nl\/product\/bestanden-k\/\" title=\"Permalink naar K-FILE\" rel=\"bookmark\">K-FILE<\/a><\/li><li><a href=\"https:\/\/www.endo-access.com\/nl\/product\/h-bestanden\/\" title=\"Permalink naar H-FILE\" rel=\"bookmark\">H-FILE<\/a><\/li><li><a href=\"https:\/\/www.endo-access.com\/nl\/product\/k-bohrer\/\" title=\"Permalink naar K-FILE\" rel=\"bookmark\">K-FILE<\/a><\/li><li><a href=\"https:\/\/www.endo-access.com\/nl\/product\/endo-inzetstuk\/\" title=\"Permalink naar ENDO INSERTS\" rel=\"bookmark\">ENDO INSERTS<\/a><\/li><li><a href=\"https:\/\/www.endo-access.com\/nl\/product\/irrigatie-activator\/\" title=\"Permalink naar IRRIGATIE ACTIVATOR\" rel=\"bookmark\">IRRIGATIE ACTIVATOR<\/a><\/li><li><a href=\"https:\/\/www.endo-access.com\/nl\/product\/endo-burs-explorer\/\" title=\"Permalink naar ENDO BURS EXPLORER\" rel=\"bookmark\">ENDO BURS EXPLORER<\/a><\/li><li><a href=\"https:\/\/www.endo-access.com\/nl\/product\/plugger\/\" title=\"Permalink naar PLUGGER\" rel=\"bookmark\">PLUGGER<\/a><\/li><li><a href=\"https:\/\/www.endo-access.com\/nl\/product\/easy-pack\/\" title=\"Permalink naar EASY PACK\" rel=\"bookmark\">EASY PACK<\/a><\/li><li><a href=\"https:\/\/www.endo-access.com\/nl\/product\/easy-fill\/\" title=\"Permalink naar EASY FILL\" rel=\"bookmark\">EASY FILL<\/a><\/li><li><a href=\"https:\/\/www.endo-access.com\/nl\/product\/sequencer\/\" title=\"Permalink naar SEQUENCER\" rel=\"bookmark\">SEQUENCER<\/a><\/li><li><a href=\"https:\/\/www.endo-access.com\/nl\/product\/endo-clean\/\" title=\"Permalink naar ENDO-CLEAN\" rel=\"bookmark\">ENDO-CLEAN<\/a><\/li><li><a href=\"https:\/\/www.endo-access.com\/nl\/product\/sodium-hypochlorite-25\/\" title=\"Permalink naar SODIUM HYPOCHLORITE 2,5% &#038; 5,25%\" rel=\"bookmark\">SODIUM HYPOCHLORITE 2,5% &#038; 5,25%<\/a><\/li><li><a href=\"https:\/\/www.endo-access.com\/nl\/product\/easy-fill-gutta-pellets\/\" title=\"Permalink naar GUTTA PELLETS pour EASY FILL\" rel=\"bookmark\">GUTTA PELLETS pour EASY FILL<\/a><\/li><li><a href=\"https:\/\/www.endo-access.com\/nl\/product\/endo-motor\/\" title=\"Permalink naar ENDO MOTOR\" rel=\"bookmark\">ENDO MOTOR<\/a><\/li><li><a href=\"https:\/\/www.endo-access.com\/nl\/product\/latex-rubberdammen\/\" title=\"Permalink naar LATEX RUBBERDAMMEN\" rel=\"bookmark\">LATEX RUBBERDAMMEN<\/a><\/li><li><a href=\"https:\/\/www.endo-access.com\/nl\/product\/pasta-vulling\/\" title=\"Permalink naar PASTA VULLING\" rel=\"bookmark\">PASTA VULLING<\/a><\/li><li><a href=\"https:\/\/www.endo-access.com\/nl\/product\/easy-fill-tips\/\" title=\"Permalink naar EASY FILL TIPS\" rel=\"bookmark\">EASY FILL TIPS<\/a><\/li><li><a href=\"https:\/\/www.endo-access.com\/nl\/product\/easy-pack-tips\/\" title=\"Permalink naar EASY PACK TIPS\" rel=\"bookmark\">EASY PACK TIPS<\/a><\/li><li><a href=\"https:\/\/www.endo-access.com\/nl\/product\/go-taper-blue-copie\/\" title=\"Permalink naar GO-TAPER BLUE\" rel=\"bookmark\">GO-TAPER BLUE<\/a><\/li><li><a href=\"https:\/\/www.endo-access.com\/nl\/product\/gutta-percha-condensers\/\" title=\"Permalink naar GUTTA-PERCHA CONDENSERS\" rel=\"bookmark\">GUTTA-PERCHA CONDENSERS<\/a><\/li><li><a href=\"https:\/\/www.endo-access.com\/nl\/product\/endo-bloc-mini\/\" title=\"Permalink naar ENDO BLOC MINI\" rel=\"bookmark\">ENDO BLOC MINI<\/a><\/li><li><a href=\"https:\/\/www.endo-access.com\/nl\/product\/digues-non-latex\/\" title=\"Permalink naar DIGUES NON LATEX\" rel=\"bookmark\">DIGUES NON LATEX<\/a><\/li><\/ul><\/div>\n","protected":false},"excerpt":{"rendered":"","protected":false},"author":1,"featured_media":0,"parent":0,"menu_order":22,"comment_status":"closed","ping_status":"closed","template":"","meta":{"_acf_changed":false,"footnotes":""},"class_list":["post-2611","page","type-page","status-publish","hentry"],"acf":[],"yoast_head":"<!-- This site is optimized with the Yoast SEO plugin v27.0 - https:\/\/yoast.com\/product\/yoast-seo-wordpress\/ -->\n<title>Sitemap - access<\/title>\n<meta name=\"robots\" content=\"index, follow, max-snippet:-1, max-image-preview:large, max-video-preview:-1\" \/>\n<link rel=\"canonical\" href=\"https:\/\/www.endo-access.com\/nl\/sitemap\/\" \/>\n<meta property=\"og:locale\" content=\"nl_NL\" \/>\n<meta property=\"og:type\" content=\"article\" \/>\n<meta property=\"og:title\" content=\"Sitemap - access\" \/>\n<meta property=\"og:url\" content=\"https:\/\/www.endo-access.com\/nl\/sitemap\/\" \/>\n<meta property=\"og:site_name\" content=\"access\" \/>\n<meta property=\"article:publisher\" content=\"https:\/\/www.facebook.com\/endoaccess\/\" \/>\n<meta property=\"article:modified_time\" content=\"2020-10-21T11:37:45+00:00\" \/>\n<meta property=\"og:image\" content=\"https:\/\/www.endo-access.com\/wp-content\/uploads\/logo.png\" \/>\n\t<meta property=\"og:image:width\" content=\"915\" \/>\n\t<meta property=\"og:image:height\" content=\"915\" \/>\n\t<meta property=\"og:image:type\" content=\"image\/png\" \/>\n<meta name=\"twitter:card\" content=\"summary_large_image\" \/>\n<script type=\"application\/ld+json\" class=\"yoast-schema-graph\">{\"@context\":\"https:\/\/schema.org\",\"@graph\":[{\"@type\":\"WebPage\",\"@id\":\"https:\/\/www.endo-access.com\/nl\/sitemap\/\",\"url\":\"https:\/\/www.endo-access.com\/nl\/sitemap\/\",\"name\":\"Sitemap - access\",\"isPartOf\":{\"@id\":\"https:\/\/www.endo-access.com\/nl\/#website\"},\"datePublished\":\"2020-10-21T11:37:44+00:00\",\"dateModified\":\"2020-10-21T11:37:45+00:00\",\"breadcrumb\":{\"@id\":\"https:\/\/www.endo-access.com\/nl\/sitemap\/#breadcrumb\"},\"inLanguage\":\"nl-NL\",\"potentialAction\":[{\"@type\":\"ReadAction\",\"target\":[\"https:\/\/www.endo-access.com\/nl\/sitemap\/\"]}]},{\"@type\":\"BreadcrumbList\",\"@id\":\"https:\/\/www.endo-access.com\/nl\/sitemap\/#breadcrumb\",\"itemListElement\":[{\"@type\":\"ListItem\",\"position\":1,\"name\":\"Accueil\",\"item\":\"https:\/\/www.endo-access.com\/nl\/\"},{\"@type\":\"ListItem\",\"position\":2,\"name\":\"Sitemap\"}]},{\"@type\":\"WebSite\",\"@id\":\"https:\/\/www.endo-access.com\/nl\/#website\",\"url\":\"https:\/\/www.endo-access.com\/nl\/\",\"name\":\"access\",\"description\":\"Efficacit\u00e9, Simplicit\u00e9, Rentabilit\u00e9.\",\"publisher\":{\"@id\":\"https:\/\/www.endo-access.com\/nl\/#organization\"},\"potentialAction\":[{\"@type\":\"SearchAction\",\"target\":{\"@type\":\"EntryPoint\",\"urlTemplate\":\"https:\/\/www.endo-access.com\/nl\/?s={search_term_string}\"},\"query-input\":{\"@type\":\"PropertyValueSpecification\",\"valueRequired\":true,\"valueName\":\"search_term_string\"}}],\"inLanguage\":\"nl-NL\"},{\"@type\":\"Organization\",\"@id\":\"https:\/\/www.endo-access.com\/nl\/#organization\",\"name\":\"Access\",\"url\":\"https:\/\/www.endo-access.com\/nl\/\",\"logo\":{\"@type\":\"ImageObject\",\"inLanguage\":\"nl-NL\",\"@id\":\"https:\/\/www.endo-access.com\/nl\/#\/schema\/logo\/image\/\",\"url\":\"https:\/\/www.endo-access.com\/wp-content\/uploads\/logo.png\",\"contentUrl\":\"https:\/\/www.endo-access.com\/wp-content\/uploads\/logo.png\",\"width\":915,\"height\":915,\"caption\":\"Access\"},\"image\":{\"@id\":\"https:\/\/www.endo-access.com\/nl\/#\/schema\/logo\/image\/\"},\"sameAs\":[\"https:\/\/www.facebook.com\/endoaccess\/\",\"https:\/\/www.linkedin.com\/company\/endo-access\/\",\"https:\/\/www.instagram.com\/endoaccess\/\"]}]}<\/script>\n<!-- \/ Yoast SEO plugin. -->","yoast_head_json":{"title":"Sitemap - access","robots":{"index":"index","follow":"follow","max-snippet":"max-snippet:-1","max-image-preview":"max-image-preview:large","max-video-preview":"max-video-preview:-1"},"canonical":"https:\/\/www.endo-access.com\/nl\/sitemap\/","og_locale":"nl_NL","og_type":"article","og_title":"Sitemap - access","og_url":"https:\/\/www.endo-access.com\/nl\/sitemap\/","og_site_name":"access","article_publisher":"https:\/\/www.facebook.com\/endoaccess\/","article_modified_time":"2020-10-21T11:37:45+00:00","og_image":[{"width":915,"height":915,"url":"https:\/\/www.endo-access.com\/wp-content\/uploads\/logo.png","type":"image\/png"}],"twitter_card":"summary_large_image","schema":{"@context":"https:\/\/schema.org","@graph":[{"@type":"WebPage","@id":"https:\/\/www.endo-access.com\/nl\/sitemap\/","url":"https:\/\/www.endo-access.com\/nl\/sitemap\/","name":"Sitemap - access","isPartOf":{"@id":"https:\/\/www.endo-access.com\/nl\/#website"},"datePublished":"2020-10-21T11:37:44+00:00","dateModified":"2020-10-21T11:37:45+00:00","breadcrumb":{"@id":"https:\/\/www.endo-access.com\/nl\/sitemap\/#breadcrumb"},"inLanguage":"nl-NL","potentialAction":[{"@type":"ReadAction","target":["https:\/\/www.endo-access.com\/nl\/sitemap\/"]}]},{"@type":"BreadcrumbList","@id":"https:\/\/www.endo-access.com\/nl\/sitemap\/#breadcrumb","itemListElement":[{"@type":"ListItem","position":1,"name":"Accueil","item":"https:\/\/www.endo-access.com\/nl\/"},{"@type":"ListItem","position":2,"name":"Sitemap"}]},{"@type":"WebSite","@id":"https:\/\/www.endo-access.com\/nl\/#website","url":"https:\/\/www.endo-access.com\/nl\/","name":"access","description":"Efficacit\u00e9, Simplicit\u00e9, Rentabilit\u00e9.","publisher":{"@id":"https:\/\/www.endo-access.com\/nl\/#organization"},"potentialAction":[{"@type":"SearchAction","target":{"@type":"EntryPoint","urlTemplate":"https:\/\/www.endo-access.com\/nl\/?s={search_term_string}"},"query-input":{"@type":"PropertyValueSpecification","valueRequired":true,"valueName":"search_term_string"}}],"inLanguage":"nl-NL"},{"@type":"Organization","@id":"https:\/\/www.endo-access.com\/nl\/#organization","name":"Access","url":"https:\/\/www.endo-access.com\/nl\/","logo":{"@type":"ImageObject","inLanguage":"nl-NL","@id":"https:\/\/www.endo-access.com\/nl\/#\/schema\/logo\/image\/","url":"https:\/\/www.endo-access.com\/wp-content\/uploads\/logo.png","contentUrl":"https:\/\/www.endo-access.com\/wp-content\/uploads\/logo.png","width":915,"height":915,"caption":"Access"},"image":{"@id":"https:\/\/www.endo-access.com\/nl\/#\/schema\/logo\/image\/"},"sameAs":["https:\/\/www.facebook.com\/endoaccess\/","https:\/\/www.linkedin.com\/company\/endo-access\/","https:\/\/www.instagram.com\/endoaccess\/"]}]}},"_links":{"self":[{"href":"https:\/\/www.endo-access.com\/nl\/wp-json\/wp\/v2\/pages\/2611","targetHints":{"allow":["GET"]}}],"collection":[{"href":"https:\/\/www.endo-access.com\/nl\/wp-json\/wp\/v2\/pages"}],"about":[{"href":"https:\/\/www.endo-access.com\/nl\/wp-json\/wp\/v2\/types\/page"}],"author":[{"embeddable":true,"href":"https:\/\/www.endo-access.com\/nl\/wp-json\/wp\/v2\/users\/1"}],"replies":[{"embeddable":true,"href":"https:\/\/www.endo-access.com\/nl\/wp-json\/wp\/v2\/comments?post=2611"}],"version-history":[{"count":1,"href":"https:\/\/www.endo-access.com\/nl\/wp-json\/wp\/v2\/pages\/2611\/revisions"}],"predecessor-version":[{"id":2612,"href":"https:\/\/www.endo-access.com\/nl\/wp-json\/wp\/v2\/pages\/2611\/revisions\/2612"}],"wp:attachment":[{"href":"https:\/\/www.endo-access.com\/nl\/wp-json\/wp\/v2\/media?parent=2611"}],"curies":[{"name":"wp","href":"https:\/\/api.w.org\/{rel}","templated":true}]}}