{"id":2615,"date":"2020-10-21T13:38:48","date_gmt":"2020-10-21T11:38:48","guid":{"rendered":"https:\/\/www.endo-access.com\/?page_id=2615"},"modified":"2020-10-21T13:38:49","modified_gmt":"2020-10-21T11:38:49","slug":"contactgegevens","status":"publish","type":"page","link":"https:\/\/www.endo-access.com\/nl\/contactgegevens\/","title":{"rendered":"Contactgegevens"},"content":{"rendered":"\n<div class=\"wpcf7 no-js\" id=\"wpcf7-f2617-o1\" lang=\"nl-NL\" dir=\"ltr\" data-wpcf7-id=\"2617\">\n<div class=\"screen-reader-response\"><p role=\"status\" aria-live=\"polite\" aria-atomic=\"true\"><\/p> <ul><\/ul><\/div>\n<form action=\"\/nl\/wp-json\/wp\/v2\/pages\/2615#wpcf7-f2617-o1\" method=\"post\" class=\"wpcf7-form init\" aria-label=\"Contactformulier\" novalidate=\"novalidate\" data-status=\"init\">\n<fieldset class=\"hidden-fields-container\"><input type=\"hidden\" name=\"_wpcf7\" value=\"2617\" \/><input type=\"hidden\" name=\"_wpcf7_version\" value=\"6.1.5\" \/><input type=\"hidden\" name=\"_wpcf7_locale\" value=\"nl_NL\" \/><input type=\"hidden\" name=\"_wpcf7_unit_tag\" value=\"wpcf7-f2617-o1\" \/><input type=\"hidden\" name=\"_wpcf7_container_post\" value=\"0\" \/><input type=\"hidden\" name=\"_wpcf7_posted_data_hash\" value=\"\" \/>\n<\/fieldset>\n<div class=\"row contact-box\">\n\t<div class=\"w-12\">\n\t\t<p><span class=\"wpcf7-form-control-wrap\" data-name=\"your-recipient\"><select class=\"wpcf7-form-control wpcf7-select wpcf7-validates-as-required\" aria-required=\"true\" aria-invalid=\"false\" name=\"your-recipient\"><option value=\"U bent distributeur, importeur en u wilt informatie ontvangen over onze producten of onze prijzen\">U bent distributeur, importeur en u wilt informatie ontvangen over onze producten of onze prijzen<\/option><option value=\"U wil technische informatie krijgen\">U wil technische informatie krijgen<\/option><\/select><\/span>\n\t\t<\/p>\n\t\t<p><span class=\"wpcf7-form-control-wrap\" data-name=\"your-name1\"><input size=\"40\" maxlength=\"400\" class=\"wpcf7-form-control wpcf7-text wpcf7-validates-as-required\" id=\"namefield\" aria-required=\"true\" aria-invalid=\"false\" placeholder=\"Uw naam\" value=\"\" type=\"text\" name=\"your-name1\" \/><\/span>\n\t\t<\/p>\n\t\t<p><span class=\"wpcf7-form-control-wrap\" data-name=\"your-first-name1\"><input size=\"40\" maxlength=\"400\" class=\"wpcf7-form-control wpcf7-text wpcf7-validates-as-required\" aria-required=\"true\" aria-invalid=\"false\" placeholder=\"Uw voornaam\" value=\"\" type=\"text\" name=\"your-first-name1\" \/><\/span>\n\t\t<\/p>\n\t\t<p><span class=\"wpcf7-form-control-wrap\" data-name=\"your-email1\"><input size=\"40\" maxlength=\"400\" class=\"wpcf7-form-control wpcf7-email wpcf7-validates-as-required wpcf7-text wpcf7-validates-as-email\" aria-required=\"true\" aria-invalid=\"false\" placeholder=\"Uw e-mailadres\" value=\"\" type=\"email\" name=\"your-email1\" \/><\/span>\n\t\t<\/p>\n\t\t<p><span class=\"wpcf7-form-control-wrap\" data-name=\"your-message\"><textarea cols=\"40\" rows=\"10\" maxlength=\"2000\" class=\"wpcf7-form-control wpcf7-textarea\" aria-invalid=\"false\" placeholder=\"Uw bericht\" name=\"your-message\"><\/textarea><\/span>\n\t\t<\/p>\n\t\t<div class=\"obligatoire\">\n\t\t\t<p>*Alle velden moeten verplicht ingevuld worden\n\t\t\t<\/p>\n\t\t<\/div>\n\t\t<p class=\"obligatoire\">Uw persoondgegevens worden alleen gebruikt voor het beheren van uw verzoeken met betrekking tot een vraag over een product, een opmerking op de website, aangaande evenementen of een eenvoudige contactname. Deze informatie is onmisbaar voor deze verwerking. U hebt een recht van toegang, correctie of verwijdering, een recht om de verwerking van uw gegevens te beperken, een recht van verzet, een recht op de overdraagbaarheid van uw gegevens en het recht om richtlijnen vast te stellen met betrekking tot wat er met uw gegevens moet gebeuren na uw overlijden. U kunt ook te allen tijde uw toestemming intrekken en een klacht indienen bij een toezichthoudende instantie. <a href=\"https:\/\/www.endo-access.com\/nl\/privacybeleid\/\">Klik hier voor meer informatie<\/a>.\n\t\t<\/p>\n\t\t<p><input class=\"wpcf7-form-control wpcf7-submit has-spinner\" type=\"submit\" value=\"Verzenden\" \/>\n\t\t<\/p>\n\t<\/div>\n<\/div><div class=\"wpcf7-response-output\" aria-hidden=\"true\"><\/div>\n<\/form>\n<\/div>\n\n","protected":false},"excerpt":{"rendered":"","protected":false},"author":1,"featured_media":0,"parent":0,"menu_order":24,"comment_status":"closed","ping_status":"closed","template":"templates\/template-full-width.php","meta":{"_acf_changed":false,"footnotes":""},"class_list":["post-2615","page","type-page","status-publish","hentry"],"acf":[],"yoast_head":"<!-- This site is optimized with the Yoast SEO plugin v27.0 - https:\/\/yoast.com\/product\/yoast-seo-wordpress\/ -->\n<title>Contactgegevens - access<\/title>\n<meta name=\"robots\" content=\"index, follow, max-snippet:-1, max-image-preview:large, max-video-preview:-1\" \/>\n<link rel=\"canonical\" href=\"https:\/\/www.endo-access.com\/nl\/contactgegevens\/\" \/>\n<meta property=\"og:locale\" content=\"nl_NL\" \/>\n<meta property=\"og:type\" content=\"article\" \/>\n<meta property=\"og:title\" content=\"Contactgegevens - access\" \/>\n<meta property=\"og:url\" content=\"https:\/\/www.endo-access.com\/nl\/contactgegevens\/\" \/>\n<meta property=\"og:site_name\" content=\"access\" \/>\n<meta property=\"article:publisher\" content=\"https:\/\/www.facebook.com\/endoaccess\/\" \/>\n<meta property=\"article:modified_time\" content=\"2020-10-21T11:38:49+00:00\" \/>\n<meta property=\"og:image\" content=\"https:\/\/www.endo-access.com\/wp-content\/uploads\/logo.png\" \/>\n\t<meta property=\"og:image:width\" content=\"915\" \/>\n\t<meta property=\"og:image:height\" content=\"915\" \/>\n\t<meta property=\"og:image:type\" content=\"image\/png\" \/>\n<meta name=\"twitter:card\" content=\"summary_large_image\" \/>\n<script type=\"application\/ld+json\" class=\"yoast-schema-graph\">{\"@context\":\"https:\/\/schema.org\",\"@graph\":[{\"@type\":\"WebPage\",\"@id\":\"https:\/\/www.endo-access.com\/nl\/contactgegevens\/\",\"url\":\"https:\/\/www.endo-access.com\/nl\/contactgegevens\/\",\"name\":\"Contactgegevens - access\",\"isPartOf\":{\"@id\":\"https:\/\/www.endo-access.com\/nl\/#website\"},\"datePublished\":\"2020-10-21T11:38:48+00:00\",\"dateModified\":\"2020-10-21T11:38:49+00:00\",\"breadcrumb\":{\"@id\":\"https:\/\/www.endo-access.com\/nl\/contactgegevens\/#breadcrumb\"},\"inLanguage\":\"nl-NL\",\"potentialAction\":[{\"@type\":\"ReadAction\",\"target\":[\"https:\/\/www.endo-access.com\/nl\/contactgegevens\/\"]}]},{\"@type\":\"BreadcrumbList\",\"@id\":\"https:\/\/www.endo-access.com\/nl\/contactgegevens\/#breadcrumb\",\"itemListElement\":[{\"@type\":\"ListItem\",\"position\":1,\"name\":\"Accueil\",\"item\":\"https:\/\/www.endo-access.com\/nl\/\"},{\"@type\":\"ListItem\",\"position\":2,\"name\":\"Contactgegevens\"}]},{\"@type\":\"WebSite\",\"@id\":\"https:\/\/www.endo-access.com\/nl\/#website\",\"url\":\"https:\/\/www.endo-access.com\/nl\/\",\"name\":\"access\",\"description\":\"Efficacit\u00e9, Simplicit\u00e9, Rentabilit\u00e9.\",\"publisher\":{\"@id\":\"https:\/\/www.endo-access.com\/nl\/#organization\"},\"potentialAction\":[{\"@type\":\"SearchAction\",\"target\":{\"@type\":\"EntryPoint\",\"urlTemplate\":\"https:\/\/www.endo-access.com\/nl\/?s={search_term_string}\"},\"query-input\":{\"@type\":\"PropertyValueSpecification\",\"valueRequired\":true,\"valueName\":\"search_term_string\"}}],\"inLanguage\":\"nl-NL\"},{\"@type\":\"Organization\",\"@id\":\"https:\/\/www.endo-access.com\/nl\/#organization\",\"name\":\"Access\",\"url\":\"https:\/\/www.endo-access.com\/nl\/\",\"logo\":{\"@type\":\"ImageObject\",\"inLanguage\":\"nl-NL\",\"@id\":\"https:\/\/www.endo-access.com\/nl\/#\/schema\/logo\/image\/\",\"url\":\"https:\/\/www.endo-access.com\/wp-content\/uploads\/logo.png\",\"contentUrl\":\"https:\/\/www.endo-access.com\/wp-content\/uploads\/logo.png\",\"width\":915,\"height\":915,\"caption\":\"Access\"},\"image\":{\"@id\":\"https:\/\/www.endo-access.com\/nl\/#\/schema\/logo\/image\/\"},\"sameAs\":[\"https:\/\/www.facebook.com\/endoaccess\/\",\"https:\/\/www.linkedin.com\/company\/endo-access\/\",\"https:\/\/www.instagram.com\/endoaccess\/\"]}]}<\/script>\n<!-- \/ Yoast SEO plugin. -->","yoast_head_json":{"title":"Contactgegevens - access","robots":{"index":"index","follow":"follow","max-snippet":"max-snippet:-1","max-image-preview":"max-image-preview:large","max-video-preview":"max-video-preview:-1"},"canonical":"https:\/\/www.endo-access.com\/nl\/contactgegevens\/","og_locale":"nl_NL","og_type":"article","og_title":"Contactgegevens - access","og_url":"https:\/\/www.endo-access.com\/nl\/contactgegevens\/","og_site_name":"access","article_publisher":"https:\/\/www.facebook.com\/endoaccess\/","article_modified_time":"2020-10-21T11:38:49+00:00","og_image":[{"width":915,"height":915,"url":"https:\/\/www.endo-access.com\/wp-content\/uploads\/logo.png","type":"image\/png"}],"twitter_card":"summary_large_image","schema":{"@context":"https:\/\/schema.org","@graph":[{"@type":"WebPage","@id":"https:\/\/www.endo-access.com\/nl\/contactgegevens\/","url":"https:\/\/www.endo-access.com\/nl\/contactgegevens\/","name":"Contactgegevens - access","isPartOf":{"@id":"https:\/\/www.endo-access.com\/nl\/#website"},"datePublished":"2020-10-21T11:38:48+00:00","dateModified":"2020-10-21T11:38:49+00:00","breadcrumb":{"@id":"https:\/\/www.endo-access.com\/nl\/contactgegevens\/#breadcrumb"},"inLanguage":"nl-NL","potentialAction":[{"@type":"ReadAction","target":["https:\/\/www.endo-access.com\/nl\/contactgegevens\/"]}]},{"@type":"BreadcrumbList","@id":"https:\/\/www.endo-access.com\/nl\/contactgegevens\/#breadcrumb","itemListElement":[{"@type":"ListItem","position":1,"name":"Accueil","item":"https:\/\/www.endo-access.com\/nl\/"},{"@type":"ListItem","position":2,"name":"Contactgegevens"}]},{"@type":"WebSite","@id":"https:\/\/www.endo-access.com\/nl\/#website","url":"https:\/\/www.endo-access.com\/nl\/","name":"access","description":"Efficacit\u00e9, Simplicit\u00e9, Rentabilit\u00e9.","publisher":{"@id":"https:\/\/www.endo-access.com\/nl\/#organization"},"potentialAction":[{"@type":"SearchAction","target":{"@type":"EntryPoint","urlTemplate":"https:\/\/www.endo-access.com\/nl\/?s={search_term_string}"},"query-input":{"@type":"PropertyValueSpecification","valueRequired":true,"valueName":"search_term_string"}}],"inLanguage":"nl-NL"},{"@type":"Organization","@id":"https:\/\/www.endo-access.com\/nl\/#organization","name":"Access","url":"https:\/\/www.endo-access.com\/nl\/","logo":{"@type":"ImageObject","inLanguage":"nl-NL","@id":"https:\/\/www.endo-access.com\/nl\/#\/schema\/logo\/image\/","url":"https:\/\/www.endo-access.com\/wp-content\/uploads\/logo.png","contentUrl":"https:\/\/www.endo-access.com\/wp-content\/uploads\/logo.png","width":915,"height":915,"caption":"Access"},"image":{"@id":"https:\/\/www.endo-access.com\/nl\/#\/schema\/logo\/image\/"},"sameAs":["https:\/\/www.facebook.com\/endoaccess\/","https:\/\/www.linkedin.com\/company\/endo-access\/","https:\/\/www.instagram.com\/endoaccess\/"]}]}},"_links":{"self":[{"href":"https:\/\/www.endo-access.com\/nl\/wp-json\/wp\/v2\/pages\/2615","targetHints":{"allow":["GET"]}}],"collection":[{"href":"https:\/\/www.endo-access.com\/nl\/wp-json\/wp\/v2\/pages"}],"about":[{"href":"https:\/\/www.endo-access.com\/nl\/wp-json\/wp\/v2\/types\/page"}],"author":[{"embeddable":true,"href":"https:\/\/www.endo-access.com\/nl\/wp-json\/wp\/v2\/users\/1"}],"replies":[{"embeddable":true,"href":"https:\/\/www.endo-access.com\/nl\/wp-json\/wp\/v2\/comments?post=2615"}],"version-history":[{"count":1,"href":"https:\/\/www.endo-access.com\/nl\/wp-json\/wp\/v2\/pages\/2615\/revisions"}],"predecessor-version":[{"id":2616,"href":"https:\/\/www.endo-access.com\/nl\/wp-json\/wp\/v2\/pages\/2615\/revisions\/2616"}],"wp:attachment":[{"href":"https:\/\/www.endo-access.com\/nl\/wp-json\/wp\/v2\/media?parent=2615"}],"curies":[{"name":"wp","href":"https:\/\/api.w.org\/{rel}","templated":true}]}}