{"id":2705,"date":"2020-09-20T15:28:40","date_gmt":"2020-10-21T14:24:09","guid":{"rendered":"https:\/\/www.endo-access.com\/?post_type=product&#038;p=2705"},"modified":"2026-02-13T17:17:18","modified_gmt":"2026-02-13T16:17:18","slug":"go-taper-universal","status":"publish","type":"product","link":"https:\/\/www.endo-access.com\/nl\/product\/go-taper-universal\/","title":{"rendered":"GO-TAPER UNIVERSAL"},"content":{"rendered":"<p>Endodontische reeks uit nikkel-titanium (NiTi), met variabele tapsheid, voor vormgeving en reiniging van het kanaal.<\/p>\n<p>In het geval van:<\/p>\n<ul>\n<li>Standaard, rechte en\/of voldoende brede kanalen<\/li>\n<\/ul>\n","protected":false},"excerpt":{"rendered":"<p>Endodontische reeks uit nikkel-titanium (NiTi), met variabele tapsheid, voor vormgeving en reiniging van het kanaal. In het geval van: Standaard, rechte en\/of voldoende brede kanalen<\/p>\n","protected":false},"featured_media":8620,"template":"","meta":{"_acf_changed":false},"product_brand":[],"product_cat":[87,88],"product_tag":[],"class_list":{"0":"post-2705","1":"product","2":"type-product","3":"status-publish","4":"has-post-thumbnail","6":"product_cat-vijlen","7":"product_cat-vijlen-constante-rotatie","9":"first","10":"instock","11":"shipping-taxable","12":"product-type-simple"},"acf":[],"yoast_head":"<!-- This site is optimized with the Yoast SEO plugin v27.0 - https:\/\/yoast.com\/product\/yoast-seo-wordpress\/ -->\n<title>GO-TAPER UNIVERSAL - access<\/title>\n<meta name=\"robots\" content=\"index, follow, max-snippet:-1, max-image-preview:large, max-video-preview:-1\" \/>\n<link rel=\"canonical\" href=\"https:\/\/www.endo-access.com\/nl\/product\/go-taper-universal\/\" \/>\n<meta property=\"og:locale\" content=\"nl_NL\" \/>\n<meta property=\"og:type\" content=\"article\" \/>\n<meta property=\"og:title\" content=\"GO-TAPER UNIVERSAL - access\" \/>\n<meta property=\"og:description\" content=\"Endodontische reeks uit nikkel-titanium (NiTi), met variabele tapsheid, voor vormgeving en reiniging van het kanaal. In het geval van: Standaard, rechte en\/of voldoende brede kanalen\" \/>\n<meta property=\"og:url\" content=\"https:\/\/www.endo-access.com\/nl\/product\/go-taper-universal\/\" \/>\n<meta property=\"og:site_name\" content=\"access\" \/>\n<meta property=\"article:publisher\" content=\"https:\/\/www.facebook.com\/endoaccess\/\" \/>\n<meta property=\"article:modified_time\" content=\"2026-02-13T16:17:18+00:00\" \/>\n<meta property=\"og:image\" content=\"https:\/\/www.endo-access.com\/wp-content\/uploads\/Blister-STERILE-GO-TAPER-UNIVERSAL-2-scaled.jpg\" \/>\n\t<meta property=\"og:image:width\" content=\"2560\" \/>\n\t<meta property=\"og:image:height\" content=\"2560\" \/>\n\t<meta property=\"og:image:type\" content=\"image\/jpeg\" \/>\n<meta name=\"twitter:card\" content=\"summary_large_image\" \/>\n<meta name=\"twitter:label1\" content=\"Geschatte leestijd\" \/>\n\t<meta name=\"twitter:data1\" content=\"1 minuut\" \/>\n<script type=\"application\/ld+json\" class=\"yoast-schema-graph\">{\"@context\":\"https:\/\/schema.org\",\"@graph\":[{\"@type\":\"WebPage\",\"@id\":\"https:\/\/www.endo-access.com\/nl\/product\/go-taper-universal\/\",\"url\":\"https:\/\/www.endo-access.com\/nl\/product\/go-taper-universal\/\",\"name\":\"GO-TAPER UNIVERSAL - access\",\"isPartOf\":{\"@id\":\"https:\/\/www.endo-access.com\/nl\/#website\"},\"primaryImageOfPage\":{\"@id\":\"https:\/\/www.endo-access.com\/nl\/product\/go-taper-universal\/#primaryimage\"},\"image\":{\"@id\":\"https:\/\/www.endo-access.com\/nl\/product\/go-taper-universal\/#primaryimage\"},\"thumbnailUrl\":\"https:\/\/www.endo-access.com\/wp-content\/uploads\/Blister-STERILE-GO-TAPER-UNIVERSAL-2-scaled.jpg\",\"datePublished\":\"2020-10-21T14:24:09+00:00\",\"dateModified\":\"2026-02-13T16:17:18+00:00\",\"breadcrumb\":{\"@id\":\"https:\/\/www.endo-access.com\/nl\/product\/go-taper-universal\/#breadcrumb\"},\"inLanguage\":\"nl-NL\",\"potentialAction\":[{\"@type\":\"ReadAction\",\"target\":[\"https:\/\/www.endo-access.com\/nl\/product\/go-taper-universal\/\"]}]},{\"@type\":\"ImageObject\",\"inLanguage\":\"nl-NL\",\"@id\":\"https:\/\/www.endo-access.com\/nl\/product\/go-taper-universal\/#primaryimage\",\"url\":\"https:\/\/www.endo-access.com\/wp-content\/uploads\/Blister-STERILE-GO-TAPER-UNIVERSAL-2-scaled.jpg\",\"contentUrl\":\"https:\/\/www.endo-access.com\/wp-content\/uploads\/Blister-STERILE-GO-TAPER-UNIVERSAL-2-scaled.jpg\",\"width\":2560,\"height\":2560},{\"@type\":\"BreadcrumbList\",\"@id\":\"https:\/\/www.endo-access.com\/nl\/product\/go-taper-universal\/#breadcrumb\",\"itemListElement\":[{\"@type\":\"ListItem\",\"position\":1,\"name\":\"Accueil\",\"item\":\"https:\/\/www.endo-access.com\/nl\/\"},{\"@type\":\"ListItem\",\"position\":2,\"name\":\"Producten\",\"item\":\"https:\/\/www.endo-access.com\/nl\/producten\/\"},{\"@type\":\"ListItem\",\"position\":3,\"name\":\"GO-TAPER UNIVERSAL\"}]},{\"@type\":\"WebSite\",\"@id\":\"https:\/\/www.endo-access.com\/nl\/#website\",\"url\":\"https:\/\/www.endo-access.com\/nl\/\",\"name\":\"access\",\"description\":\"Efficacit\u00e9, Simplicit\u00e9, Rentabilit\u00e9.\",\"publisher\":{\"@id\":\"https:\/\/www.endo-access.com\/nl\/#organization\"},\"potentialAction\":[{\"@type\":\"SearchAction\",\"target\":{\"@type\":\"EntryPoint\",\"urlTemplate\":\"https:\/\/www.endo-access.com\/nl\/?s={search_term_string}\"},\"query-input\":{\"@type\":\"PropertyValueSpecification\",\"valueRequired\":true,\"valueName\":\"search_term_string\"}}],\"inLanguage\":\"nl-NL\"},{\"@type\":\"Organization\",\"@id\":\"https:\/\/www.endo-access.com\/nl\/#organization\",\"name\":\"Access\",\"url\":\"https:\/\/www.endo-access.com\/nl\/\",\"logo\":{\"@type\":\"ImageObject\",\"inLanguage\":\"nl-NL\",\"@id\":\"https:\/\/www.endo-access.com\/nl\/#\/schema\/logo\/image\/\",\"url\":\"https:\/\/www.endo-access.com\/wp-content\/uploads\/logo.png\",\"contentUrl\":\"https:\/\/www.endo-access.com\/wp-content\/uploads\/logo.png\",\"width\":915,\"height\":915,\"caption\":\"Access\"},\"image\":{\"@id\":\"https:\/\/www.endo-access.com\/nl\/#\/schema\/logo\/image\/\"},\"sameAs\":[\"https:\/\/www.facebook.com\/endoaccess\/\",\"https:\/\/www.linkedin.com\/company\/endo-access\/\",\"https:\/\/www.instagram.com\/endoaccess\/\"]}]}<\/script>\n<!-- \/ Yoast SEO plugin. -->","yoast_head_json":{"title":"GO-TAPER UNIVERSAL - access","robots":{"index":"index","follow":"follow","max-snippet":"max-snippet:-1","max-image-preview":"max-image-preview:large","max-video-preview":"max-video-preview:-1"},"canonical":"https:\/\/www.endo-access.com\/nl\/product\/go-taper-universal\/","og_locale":"nl_NL","og_type":"article","og_title":"GO-TAPER UNIVERSAL - access","og_description":"Endodontische reeks uit nikkel-titanium (NiTi), met variabele tapsheid, voor vormgeving en reiniging van het kanaal. In het geval van: Standaard, rechte en\/of voldoende brede kanalen","og_url":"https:\/\/www.endo-access.com\/nl\/product\/go-taper-universal\/","og_site_name":"access","article_publisher":"https:\/\/www.facebook.com\/endoaccess\/","article_modified_time":"2026-02-13T16:17:18+00:00","og_image":[{"width":2560,"height":2560,"url":"https:\/\/www.endo-access.com\/wp-content\/uploads\/Blister-STERILE-GO-TAPER-UNIVERSAL-2-scaled.jpg","type":"image\/jpeg"}],"twitter_card":"summary_large_image","twitter_misc":{"Geschatte leestijd":"1 minuut"},"schema":{"@context":"https:\/\/schema.org","@graph":[{"@type":"WebPage","@id":"https:\/\/www.endo-access.com\/nl\/product\/go-taper-universal\/","url":"https:\/\/www.endo-access.com\/nl\/product\/go-taper-universal\/","name":"GO-TAPER UNIVERSAL - access","isPartOf":{"@id":"https:\/\/www.endo-access.com\/nl\/#website"},"primaryImageOfPage":{"@id":"https:\/\/www.endo-access.com\/nl\/product\/go-taper-universal\/#primaryimage"},"image":{"@id":"https:\/\/www.endo-access.com\/nl\/product\/go-taper-universal\/#primaryimage"},"thumbnailUrl":"https:\/\/www.endo-access.com\/wp-content\/uploads\/Blister-STERILE-GO-TAPER-UNIVERSAL-2-scaled.jpg","datePublished":"2020-10-21T14:24:09+00:00","dateModified":"2026-02-13T16:17:18+00:00","breadcrumb":{"@id":"https:\/\/www.endo-access.com\/nl\/product\/go-taper-universal\/#breadcrumb"},"inLanguage":"nl-NL","potentialAction":[{"@type":"ReadAction","target":["https:\/\/www.endo-access.com\/nl\/product\/go-taper-universal\/"]}]},{"@type":"ImageObject","inLanguage":"nl-NL","@id":"https:\/\/www.endo-access.com\/nl\/product\/go-taper-universal\/#primaryimage","url":"https:\/\/www.endo-access.com\/wp-content\/uploads\/Blister-STERILE-GO-TAPER-UNIVERSAL-2-scaled.jpg","contentUrl":"https:\/\/www.endo-access.com\/wp-content\/uploads\/Blister-STERILE-GO-TAPER-UNIVERSAL-2-scaled.jpg","width":2560,"height":2560},{"@type":"BreadcrumbList","@id":"https:\/\/www.endo-access.com\/nl\/product\/go-taper-universal\/#breadcrumb","itemListElement":[{"@type":"ListItem","position":1,"name":"Accueil","item":"https:\/\/www.endo-access.com\/nl\/"},{"@type":"ListItem","position":2,"name":"Producten","item":"https:\/\/www.endo-access.com\/nl\/producten\/"},{"@type":"ListItem","position":3,"name":"GO-TAPER UNIVERSAL"}]},{"@type":"WebSite","@id":"https:\/\/www.endo-access.com\/nl\/#website","url":"https:\/\/www.endo-access.com\/nl\/","name":"access","description":"Efficacit\u00e9, Simplicit\u00e9, Rentabilit\u00e9.","publisher":{"@id":"https:\/\/www.endo-access.com\/nl\/#organization"},"potentialAction":[{"@type":"SearchAction","target":{"@type":"EntryPoint","urlTemplate":"https:\/\/www.endo-access.com\/nl\/?s={search_term_string}"},"query-input":{"@type":"PropertyValueSpecification","valueRequired":true,"valueName":"search_term_string"}}],"inLanguage":"nl-NL"},{"@type":"Organization","@id":"https:\/\/www.endo-access.com\/nl\/#organization","name":"Access","url":"https:\/\/www.endo-access.com\/nl\/","logo":{"@type":"ImageObject","inLanguage":"nl-NL","@id":"https:\/\/www.endo-access.com\/nl\/#\/schema\/logo\/image\/","url":"https:\/\/www.endo-access.com\/wp-content\/uploads\/logo.png","contentUrl":"https:\/\/www.endo-access.com\/wp-content\/uploads\/logo.png","width":915,"height":915,"caption":"Access"},"image":{"@id":"https:\/\/www.endo-access.com\/nl\/#\/schema\/logo\/image\/"},"sameAs":["https:\/\/www.facebook.com\/endoaccess\/","https:\/\/www.linkedin.com\/company\/endo-access\/","https:\/\/www.instagram.com\/endoaccess\/"]}]}},"_links":{"self":[{"href":"https:\/\/www.endo-access.com\/nl\/wp-json\/wp\/v2\/product\/2705","targetHints":{"allow":["GET"]}}],"collection":[{"href":"https:\/\/www.endo-access.com\/nl\/wp-json\/wp\/v2\/product"}],"about":[{"href":"https:\/\/www.endo-access.com\/nl\/wp-json\/wp\/v2\/types\/product"}],"wp:featuredmedia":[{"embeddable":true,"href":"https:\/\/www.endo-access.com\/nl\/wp-json\/wp\/v2\/media\/8620"}],"wp:attachment":[{"href":"https:\/\/www.endo-access.com\/nl\/wp-json\/wp\/v2\/media?parent=2705"}],"wp:term":[{"taxonomy":"product_brand","embeddable":true,"href":"https:\/\/www.endo-access.com\/nl\/wp-json\/wp\/v2\/product_brand?post=2705"},{"taxonomy":"product_cat","embeddable":true,"href":"https:\/\/www.endo-access.com\/nl\/wp-json\/wp\/v2\/product_cat?post=2705"},{"taxonomy":"product_tag","embeddable":true,"href":"https:\/\/www.endo-access.com\/nl\/wp-json\/wp\/v2\/product_tag?post=2705"}],"curies":[{"name":"wp","href":"https:\/\/api.w.org\/{rel}","templated":true}]}}