{"id":2785,"date":"2020-09-20T16:16:14","date_gmt":"2020-10-21T15:14:23","guid":{"rendered":"https:\/\/www.endo-access.com\/?post_type=product&#038;p=2785"},"modified":"2020-12-09T11:55:39","modified_gmt":"2020-12-09T10:55:39","slug":"endo-stop-standard","status":"publish","type":"product","link":"https:\/\/www.endo-access.com\/nl\/product\/endo-stop-standard\/","title":{"rendered":"ENDO STOP STANDARD"},"content":{"rendered":"<p>Voorgeponste stoppers voor instrumenten voor wortelkanaalbehandelingen. Ze worden gebruikt op endodontische vijlen om de werkdiepte in het wortelkanaal te bepalen.<\/p>\n","protected":false},"excerpt":{"rendered":"<p>Voorgeponste stoppers voor instrumenten voor wortelkanaalbehandelingen. Ze worden gebruikt op endodontische vijlen om de werkdiepte in het wortelkanaal te bepalen.<\/p>\n","protected":false},"featured_media":2786,"template":"","meta":{"_acf_changed":false},"product_brand":[],"product_cat":[91],"product_tag":[],"class_list":{"0":"post-2785","1":"product","2":"type-product","3":"status-publish","4":"has-post-thumbnail","6":"product_cat-accessoires-nl","8":"first","9":"instock","10":"shipping-taxable","11":"product-type-simple"},"acf":[],"yoast_head":"<!-- This site is optimized with the Yoast SEO plugin v27.0 - https:\/\/yoast.com\/product\/yoast-seo-wordpress\/ -->\n<title>ENDO STOP STANDARD - access<\/title>\n<meta name=\"robots\" content=\"index, follow, max-snippet:-1, max-image-preview:large, max-video-preview:-1\" \/>\n<link rel=\"canonical\" href=\"https:\/\/www.endo-access.com\/nl\/product\/endo-stop-standard\/\" \/>\n<meta property=\"og:locale\" content=\"nl_NL\" \/>\n<meta property=\"og:type\" content=\"article\" \/>\n<meta property=\"og:title\" content=\"ENDO STOP STANDARD - access\" \/>\n<meta property=\"og:description\" content=\"Voorgeponste stoppers voor instrumenten voor wortelkanaalbehandelingen. Ze worden gebruikt op endodontische vijlen om de werkdiepte in het wortelkanaal te bepalen.\" \/>\n<meta property=\"og:url\" content=\"https:\/\/www.endo-access.com\/nl\/product\/endo-stop-standard\/\" \/>\n<meta property=\"og:site_name\" content=\"access\" \/>\n<meta property=\"article:publisher\" content=\"https:\/\/www.facebook.com\/endoaccess\/\" \/>\n<meta property=\"article:modified_time\" content=\"2020-12-09T10:55:39+00:00\" \/>\n<meta property=\"og:image\" content=\"https:\/\/www.endo-access.com\/wp-content\/uploads\/AC0220041_Visuel_Endo_Stop_Standard_RVB.jpg\" \/>\n\t<meta property=\"og:image:width\" content=\"1554\" \/>\n\t<meta property=\"og:image:height\" content=\"1554\" \/>\n\t<meta property=\"og:image:type\" content=\"image\/jpeg\" \/>\n<meta name=\"twitter:card\" content=\"summary_large_image\" \/>\n<script type=\"application\/ld+json\" class=\"yoast-schema-graph\">{\"@context\":\"https:\/\/schema.org\",\"@graph\":[{\"@type\":\"WebPage\",\"@id\":\"https:\/\/www.endo-access.com\/nl\/product\/endo-stop-standard\/\",\"url\":\"https:\/\/www.endo-access.com\/nl\/product\/endo-stop-standard\/\",\"name\":\"ENDO STOP STANDARD - access\",\"isPartOf\":{\"@id\":\"https:\/\/www.endo-access.com\/nl\/#website\"},\"primaryImageOfPage\":{\"@id\":\"https:\/\/www.endo-access.com\/nl\/product\/endo-stop-standard\/#primaryimage\"},\"image\":{\"@id\":\"https:\/\/www.endo-access.com\/nl\/product\/endo-stop-standard\/#primaryimage\"},\"thumbnailUrl\":\"https:\/\/www.endo-access.com\/wp-content\/uploads\/AC0220041_Visuel_Endo_Stop_Standard_RVB.jpg\",\"datePublished\":\"2020-10-21T15:14:23+00:00\",\"dateModified\":\"2020-12-09T10:55:39+00:00\",\"breadcrumb\":{\"@id\":\"https:\/\/www.endo-access.com\/nl\/product\/endo-stop-standard\/#breadcrumb\"},\"inLanguage\":\"nl-NL\",\"potentialAction\":[{\"@type\":\"ReadAction\",\"target\":[\"https:\/\/www.endo-access.com\/nl\/product\/endo-stop-standard\/\"]}]},{\"@type\":\"ImageObject\",\"inLanguage\":\"nl-NL\",\"@id\":\"https:\/\/www.endo-access.com\/nl\/product\/endo-stop-standard\/#primaryimage\",\"url\":\"https:\/\/www.endo-access.com\/wp-content\/uploads\/AC0220041_Visuel_Endo_Stop_Standard_RVB.jpg\",\"contentUrl\":\"https:\/\/www.endo-access.com\/wp-content\/uploads\/AC0220041_Visuel_Endo_Stop_Standard_RVB.jpg\",\"width\":1554,\"height\":1554},{\"@type\":\"BreadcrumbList\",\"@id\":\"https:\/\/www.endo-access.com\/nl\/product\/endo-stop-standard\/#breadcrumb\",\"itemListElement\":[{\"@type\":\"ListItem\",\"position\":1,\"name\":\"Accueil\",\"item\":\"https:\/\/www.endo-access.com\/nl\/\"},{\"@type\":\"ListItem\",\"position\":2,\"name\":\"Producten\",\"item\":\"https:\/\/www.endo-access.com\/nl\/producten\/\"},{\"@type\":\"ListItem\",\"position\":3,\"name\":\"ENDO STOP STANDARD\"}]},{\"@type\":\"WebSite\",\"@id\":\"https:\/\/www.endo-access.com\/nl\/#website\",\"url\":\"https:\/\/www.endo-access.com\/nl\/\",\"name\":\"access\",\"description\":\"Efficacit\u00e9, Simplicit\u00e9, Rentabilit\u00e9.\",\"publisher\":{\"@id\":\"https:\/\/www.endo-access.com\/nl\/#organization\"},\"potentialAction\":[{\"@type\":\"SearchAction\",\"target\":{\"@type\":\"EntryPoint\",\"urlTemplate\":\"https:\/\/www.endo-access.com\/nl\/?s={search_term_string}\"},\"query-input\":{\"@type\":\"PropertyValueSpecification\",\"valueRequired\":true,\"valueName\":\"search_term_string\"}}],\"inLanguage\":\"nl-NL\"},{\"@type\":\"Organization\",\"@id\":\"https:\/\/www.endo-access.com\/nl\/#organization\",\"name\":\"Access\",\"url\":\"https:\/\/www.endo-access.com\/nl\/\",\"logo\":{\"@type\":\"ImageObject\",\"inLanguage\":\"nl-NL\",\"@id\":\"https:\/\/www.endo-access.com\/nl\/#\/schema\/logo\/image\/\",\"url\":\"https:\/\/www.endo-access.com\/wp-content\/uploads\/logo.png\",\"contentUrl\":\"https:\/\/www.endo-access.com\/wp-content\/uploads\/logo.png\",\"width\":915,\"height\":915,\"caption\":\"Access\"},\"image\":{\"@id\":\"https:\/\/www.endo-access.com\/nl\/#\/schema\/logo\/image\/\"},\"sameAs\":[\"https:\/\/www.facebook.com\/endoaccess\/\",\"https:\/\/www.linkedin.com\/company\/endo-access\/\",\"https:\/\/www.instagram.com\/endoaccess\/\"]}]}<\/script>\n<!-- \/ Yoast SEO plugin. -->","yoast_head_json":{"title":"ENDO STOP STANDARD - access","robots":{"index":"index","follow":"follow","max-snippet":"max-snippet:-1","max-image-preview":"max-image-preview:large","max-video-preview":"max-video-preview:-1"},"canonical":"https:\/\/www.endo-access.com\/nl\/product\/endo-stop-standard\/","og_locale":"nl_NL","og_type":"article","og_title":"ENDO STOP STANDARD - access","og_description":"Voorgeponste stoppers voor instrumenten voor wortelkanaalbehandelingen. Ze worden gebruikt op endodontische vijlen om de werkdiepte in het wortelkanaal te bepalen.","og_url":"https:\/\/www.endo-access.com\/nl\/product\/endo-stop-standard\/","og_site_name":"access","article_publisher":"https:\/\/www.facebook.com\/endoaccess\/","article_modified_time":"2020-12-09T10:55:39+00:00","og_image":[{"width":1554,"height":1554,"url":"https:\/\/www.endo-access.com\/wp-content\/uploads\/AC0220041_Visuel_Endo_Stop_Standard_RVB.jpg","type":"image\/jpeg"}],"twitter_card":"summary_large_image","schema":{"@context":"https:\/\/schema.org","@graph":[{"@type":"WebPage","@id":"https:\/\/www.endo-access.com\/nl\/product\/endo-stop-standard\/","url":"https:\/\/www.endo-access.com\/nl\/product\/endo-stop-standard\/","name":"ENDO STOP STANDARD - access","isPartOf":{"@id":"https:\/\/www.endo-access.com\/nl\/#website"},"primaryImageOfPage":{"@id":"https:\/\/www.endo-access.com\/nl\/product\/endo-stop-standard\/#primaryimage"},"image":{"@id":"https:\/\/www.endo-access.com\/nl\/product\/endo-stop-standard\/#primaryimage"},"thumbnailUrl":"https:\/\/www.endo-access.com\/wp-content\/uploads\/AC0220041_Visuel_Endo_Stop_Standard_RVB.jpg","datePublished":"2020-10-21T15:14:23+00:00","dateModified":"2020-12-09T10:55:39+00:00","breadcrumb":{"@id":"https:\/\/www.endo-access.com\/nl\/product\/endo-stop-standard\/#breadcrumb"},"inLanguage":"nl-NL","potentialAction":[{"@type":"ReadAction","target":["https:\/\/www.endo-access.com\/nl\/product\/endo-stop-standard\/"]}]},{"@type":"ImageObject","inLanguage":"nl-NL","@id":"https:\/\/www.endo-access.com\/nl\/product\/endo-stop-standard\/#primaryimage","url":"https:\/\/www.endo-access.com\/wp-content\/uploads\/AC0220041_Visuel_Endo_Stop_Standard_RVB.jpg","contentUrl":"https:\/\/www.endo-access.com\/wp-content\/uploads\/AC0220041_Visuel_Endo_Stop_Standard_RVB.jpg","width":1554,"height":1554},{"@type":"BreadcrumbList","@id":"https:\/\/www.endo-access.com\/nl\/product\/endo-stop-standard\/#breadcrumb","itemListElement":[{"@type":"ListItem","position":1,"name":"Accueil","item":"https:\/\/www.endo-access.com\/nl\/"},{"@type":"ListItem","position":2,"name":"Producten","item":"https:\/\/www.endo-access.com\/nl\/producten\/"},{"@type":"ListItem","position":3,"name":"ENDO STOP STANDARD"}]},{"@type":"WebSite","@id":"https:\/\/www.endo-access.com\/nl\/#website","url":"https:\/\/www.endo-access.com\/nl\/","name":"access","description":"Efficacit\u00e9, Simplicit\u00e9, Rentabilit\u00e9.","publisher":{"@id":"https:\/\/www.endo-access.com\/nl\/#organization"},"potentialAction":[{"@type":"SearchAction","target":{"@type":"EntryPoint","urlTemplate":"https:\/\/www.endo-access.com\/nl\/?s={search_term_string}"},"query-input":{"@type":"PropertyValueSpecification","valueRequired":true,"valueName":"search_term_string"}}],"inLanguage":"nl-NL"},{"@type":"Organization","@id":"https:\/\/www.endo-access.com\/nl\/#organization","name":"Access","url":"https:\/\/www.endo-access.com\/nl\/","logo":{"@type":"ImageObject","inLanguage":"nl-NL","@id":"https:\/\/www.endo-access.com\/nl\/#\/schema\/logo\/image\/","url":"https:\/\/www.endo-access.com\/wp-content\/uploads\/logo.png","contentUrl":"https:\/\/www.endo-access.com\/wp-content\/uploads\/logo.png","width":915,"height":915,"caption":"Access"},"image":{"@id":"https:\/\/www.endo-access.com\/nl\/#\/schema\/logo\/image\/"},"sameAs":["https:\/\/www.facebook.com\/endoaccess\/","https:\/\/www.linkedin.com\/company\/endo-access\/","https:\/\/www.instagram.com\/endoaccess\/"]}]}},"_links":{"self":[{"href":"https:\/\/www.endo-access.com\/nl\/wp-json\/wp\/v2\/product\/2785","targetHints":{"allow":["GET"]}}],"collection":[{"href":"https:\/\/www.endo-access.com\/nl\/wp-json\/wp\/v2\/product"}],"about":[{"href":"https:\/\/www.endo-access.com\/nl\/wp-json\/wp\/v2\/types\/product"}],"wp:featuredmedia":[{"embeddable":true,"href":"https:\/\/www.endo-access.com\/nl\/wp-json\/wp\/v2\/media\/2786"}],"wp:attachment":[{"href":"https:\/\/www.endo-access.com\/nl\/wp-json\/wp\/v2\/media?parent=2785"}],"wp:term":[{"taxonomy":"product_brand","embeddable":true,"href":"https:\/\/www.endo-access.com\/nl\/wp-json\/wp\/v2\/product_brand?post=2785"},{"taxonomy":"product_cat","embeddable":true,"href":"https:\/\/www.endo-access.com\/nl\/wp-json\/wp\/v2\/product_cat?post=2785"},{"taxonomy":"product_tag","embeddable":true,"href":"https:\/\/www.endo-access.com\/nl\/wp-json\/wp\/v2\/product_tag?post=2785"}],"curies":[{"name":"wp","href":"https:\/\/api.w.org\/{rel}","templated":true}]}}