{"id":6501,"date":"2023-07-10T17:17:59","date_gmt":"2023-07-10T15:30:26","guid":{"rendered":"https:\/\/www.endo-access.com\/?post_type=product&#038;p=6501"},"modified":"2023-12-06T09:31:15","modified_gmt":"2023-12-06T08:31:15","slug":"irrigatie-endokanalnaal-naalden","status":"publish","type":"product","link":"https:\/\/www.endo-access.com\/nl\/product\/irrigatie-endokanalnaal-naalden\/","title":{"rendered":"IRRIGATIE ENDOKANALNAAL NAALDEN"},"content":{"rendered":"<p>Flexibele, wegwerpnaalden voor de irrigatie van wortelkanalen.<\/p>\n","protected":false},"excerpt":{"rendered":"<p>Flexibele, wegwerpnaalden voor de irrigatie van wortelkanalen.<\/p>\n","protected":false},"featured_media":6477,"template":"","meta":{"_acf_changed":false},"product_brand":[],"product_cat":[129],"product_tag":[],"class_list":{"0":"post-6501","1":"product","2":"type-product","3":"status-publish","4":"has-post-thumbnail","6":"product_cat-naalden","8":"first","9":"instock","10":"shipping-taxable","11":"product-type-simple"},"acf":[],"yoast_head":"<!-- This site is optimized with the Yoast SEO plugin v27.0 - https:\/\/yoast.com\/product\/yoast-seo-wordpress\/ -->\n<title>IRRIGATIE ENDOKANALNAAL NAALDEN - access<\/title>\n<meta name=\"robots\" content=\"index, follow, max-snippet:-1, max-image-preview:large, max-video-preview:-1\" \/>\n<link rel=\"canonical\" href=\"https:\/\/www.endo-access.com\/nl\/product\/irrigatie-endokanalnaal-naalden\/\" \/>\n<meta property=\"og:locale\" content=\"nl_NL\" \/>\n<meta property=\"og:type\" content=\"article\" \/>\n<meta property=\"og:title\" content=\"IRRIGATIE ENDOKANALNAAL NAALDEN - access\" \/>\n<meta property=\"og:description\" content=\"Flexibele, wegwerpnaalden voor de irrigatie van wortelkanalen.\" \/>\n<meta property=\"og:url\" content=\"https:\/\/www.endo-access.com\/nl\/product\/irrigatie-endokanalnaal-naalden\/\" \/>\n<meta property=\"og:site_name\" content=\"access\" \/>\n<meta property=\"article:publisher\" content=\"https:\/\/www.facebook.com\/endoaccess\/\" \/>\n<meta property=\"article:modified_time\" content=\"2023-12-06T08:31:15+00:00\" \/>\n<meta property=\"og:image\" content=\"https:\/\/www.endo-access.com\/wp-content\/uploads\/Aiguilles-DTO-FLEX-ACCESS-3-scaled.jpg\" \/>\n\t<meta property=\"og:image:width\" content=\"2560\" \/>\n\t<meta property=\"og:image:height\" content=\"2560\" \/>\n\t<meta property=\"og:image:type\" content=\"image\/jpeg\" \/>\n<meta name=\"twitter:card\" content=\"summary_large_image\" \/>\n<meta name=\"twitter:label1\" content=\"Geschatte leestijd\" \/>\n\t<meta name=\"twitter:data1\" content=\"1 minuut\" \/>\n<script type=\"application\/ld+json\" class=\"yoast-schema-graph\">{\"@context\":\"https:\/\/schema.org\",\"@graph\":[{\"@type\":\"WebPage\",\"@id\":\"https:\/\/www.endo-access.com\/nl\/product\/irrigatie-endokanalnaal-naalden\/\",\"url\":\"https:\/\/www.endo-access.com\/nl\/product\/irrigatie-endokanalnaal-naalden\/\",\"name\":\"IRRIGATIE ENDOKANALNAAL NAALDEN - access\",\"isPartOf\":{\"@id\":\"https:\/\/www.endo-access.com\/nl\/#website\"},\"primaryImageOfPage\":{\"@id\":\"https:\/\/www.endo-access.com\/nl\/product\/irrigatie-endokanalnaal-naalden\/#primaryimage\"},\"image\":{\"@id\":\"https:\/\/www.endo-access.com\/nl\/product\/irrigatie-endokanalnaal-naalden\/#primaryimage\"},\"thumbnailUrl\":\"https:\/\/www.endo-access.com\/wp-content\/uploads\/Aiguilles-DTO-FLEX-ACCESS-3-scaled.jpg\",\"datePublished\":\"2023-07-10T15:30:26+00:00\",\"dateModified\":\"2023-12-06T08:31:15+00:00\",\"breadcrumb\":{\"@id\":\"https:\/\/www.endo-access.com\/nl\/product\/irrigatie-endokanalnaal-naalden\/#breadcrumb\"},\"inLanguage\":\"nl-NL\",\"potentialAction\":[{\"@type\":\"ReadAction\",\"target\":[\"https:\/\/www.endo-access.com\/nl\/product\/irrigatie-endokanalnaal-naalden\/\"]}]},{\"@type\":\"ImageObject\",\"inLanguage\":\"nl-NL\",\"@id\":\"https:\/\/www.endo-access.com\/nl\/product\/irrigatie-endokanalnaal-naalden\/#primaryimage\",\"url\":\"https:\/\/www.endo-access.com\/wp-content\/uploads\/Aiguilles-DTO-FLEX-ACCESS-3-scaled.jpg\",\"contentUrl\":\"https:\/\/www.endo-access.com\/wp-content\/uploads\/Aiguilles-DTO-FLEX-ACCESS-3-scaled.jpg\",\"width\":2560,\"height\":2560},{\"@type\":\"BreadcrumbList\",\"@id\":\"https:\/\/www.endo-access.com\/nl\/product\/irrigatie-endokanalnaal-naalden\/#breadcrumb\",\"itemListElement\":[{\"@type\":\"ListItem\",\"position\":1,\"name\":\"Accueil\",\"item\":\"https:\/\/www.endo-access.com\/nl\/\"},{\"@type\":\"ListItem\",\"position\":2,\"name\":\"Producten\",\"item\":\"https:\/\/www.endo-access.com\/nl\/producten\/\"},{\"@type\":\"ListItem\",\"position\":3,\"name\":\"IRRIGATIE ENDOKANALNAAL NAALDEN\"}]},{\"@type\":\"WebSite\",\"@id\":\"https:\/\/www.endo-access.com\/nl\/#website\",\"url\":\"https:\/\/www.endo-access.com\/nl\/\",\"name\":\"access\",\"description\":\"Efficacit\u00e9, Simplicit\u00e9, Rentabilit\u00e9.\",\"publisher\":{\"@id\":\"https:\/\/www.endo-access.com\/nl\/#organization\"},\"potentialAction\":[{\"@type\":\"SearchAction\",\"target\":{\"@type\":\"EntryPoint\",\"urlTemplate\":\"https:\/\/www.endo-access.com\/nl\/?s={search_term_string}\"},\"query-input\":{\"@type\":\"PropertyValueSpecification\",\"valueRequired\":true,\"valueName\":\"search_term_string\"}}],\"inLanguage\":\"nl-NL\"},{\"@type\":\"Organization\",\"@id\":\"https:\/\/www.endo-access.com\/nl\/#organization\",\"name\":\"Access\",\"url\":\"https:\/\/www.endo-access.com\/nl\/\",\"logo\":{\"@type\":\"ImageObject\",\"inLanguage\":\"nl-NL\",\"@id\":\"https:\/\/www.endo-access.com\/nl\/#\/schema\/logo\/image\/\",\"url\":\"https:\/\/www.endo-access.com\/wp-content\/uploads\/logo.png\",\"contentUrl\":\"https:\/\/www.endo-access.com\/wp-content\/uploads\/logo.png\",\"width\":915,\"height\":915,\"caption\":\"Access\"},\"image\":{\"@id\":\"https:\/\/www.endo-access.com\/nl\/#\/schema\/logo\/image\/\"},\"sameAs\":[\"https:\/\/www.facebook.com\/endoaccess\/\",\"https:\/\/www.linkedin.com\/company\/endo-access\/\",\"https:\/\/www.instagram.com\/endoaccess\/\"]}]}<\/script>\n<!-- \/ Yoast SEO plugin. -->","yoast_head_json":{"title":"IRRIGATIE ENDOKANALNAAL NAALDEN - access","robots":{"index":"index","follow":"follow","max-snippet":"max-snippet:-1","max-image-preview":"max-image-preview:large","max-video-preview":"max-video-preview:-1"},"canonical":"https:\/\/www.endo-access.com\/nl\/product\/irrigatie-endokanalnaal-naalden\/","og_locale":"nl_NL","og_type":"article","og_title":"IRRIGATIE ENDOKANALNAAL NAALDEN - access","og_description":"Flexibele, wegwerpnaalden voor de irrigatie van wortelkanalen.","og_url":"https:\/\/www.endo-access.com\/nl\/product\/irrigatie-endokanalnaal-naalden\/","og_site_name":"access","article_publisher":"https:\/\/www.facebook.com\/endoaccess\/","article_modified_time":"2023-12-06T08:31:15+00:00","og_image":[{"width":2560,"height":2560,"url":"https:\/\/www.endo-access.com\/wp-content\/uploads\/Aiguilles-DTO-FLEX-ACCESS-3-scaled.jpg","type":"image\/jpeg"}],"twitter_card":"summary_large_image","twitter_misc":{"Geschatte leestijd":"1 minuut"},"schema":{"@context":"https:\/\/schema.org","@graph":[{"@type":"WebPage","@id":"https:\/\/www.endo-access.com\/nl\/product\/irrigatie-endokanalnaal-naalden\/","url":"https:\/\/www.endo-access.com\/nl\/product\/irrigatie-endokanalnaal-naalden\/","name":"IRRIGATIE ENDOKANALNAAL NAALDEN - access","isPartOf":{"@id":"https:\/\/www.endo-access.com\/nl\/#website"},"primaryImageOfPage":{"@id":"https:\/\/www.endo-access.com\/nl\/product\/irrigatie-endokanalnaal-naalden\/#primaryimage"},"image":{"@id":"https:\/\/www.endo-access.com\/nl\/product\/irrigatie-endokanalnaal-naalden\/#primaryimage"},"thumbnailUrl":"https:\/\/www.endo-access.com\/wp-content\/uploads\/Aiguilles-DTO-FLEX-ACCESS-3-scaled.jpg","datePublished":"2023-07-10T15:30:26+00:00","dateModified":"2023-12-06T08:31:15+00:00","breadcrumb":{"@id":"https:\/\/www.endo-access.com\/nl\/product\/irrigatie-endokanalnaal-naalden\/#breadcrumb"},"inLanguage":"nl-NL","potentialAction":[{"@type":"ReadAction","target":["https:\/\/www.endo-access.com\/nl\/product\/irrigatie-endokanalnaal-naalden\/"]}]},{"@type":"ImageObject","inLanguage":"nl-NL","@id":"https:\/\/www.endo-access.com\/nl\/product\/irrigatie-endokanalnaal-naalden\/#primaryimage","url":"https:\/\/www.endo-access.com\/wp-content\/uploads\/Aiguilles-DTO-FLEX-ACCESS-3-scaled.jpg","contentUrl":"https:\/\/www.endo-access.com\/wp-content\/uploads\/Aiguilles-DTO-FLEX-ACCESS-3-scaled.jpg","width":2560,"height":2560},{"@type":"BreadcrumbList","@id":"https:\/\/www.endo-access.com\/nl\/product\/irrigatie-endokanalnaal-naalden\/#breadcrumb","itemListElement":[{"@type":"ListItem","position":1,"name":"Accueil","item":"https:\/\/www.endo-access.com\/nl\/"},{"@type":"ListItem","position":2,"name":"Producten","item":"https:\/\/www.endo-access.com\/nl\/producten\/"},{"@type":"ListItem","position":3,"name":"IRRIGATIE ENDOKANALNAAL NAALDEN"}]},{"@type":"WebSite","@id":"https:\/\/www.endo-access.com\/nl\/#website","url":"https:\/\/www.endo-access.com\/nl\/","name":"access","description":"Efficacit\u00e9, Simplicit\u00e9, Rentabilit\u00e9.","publisher":{"@id":"https:\/\/www.endo-access.com\/nl\/#organization"},"potentialAction":[{"@type":"SearchAction","target":{"@type":"EntryPoint","urlTemplate":"https:\/\/www.endo-access.com\/nl\/?s={search_term_string}"},"query-input":{"@type":"PropertyValueSpecification","valueRequired":true,"valueName":"search_term_string"}}],"inLanguage":"nl-NL"},{"@type":"Organization","@id":"https:\/\/www.endo-access.com\/nl\/#organization","name":"Access","url":"https:\/\/www.endo-access.com\/nl\/","logo":{"@type":"ImageObject","inLanguage":"nl-NL","@id":"https:\/\/www.endo-access.com\/nl\/#\/schema\/logo\/image\/","url":"https:\/\/www.endo-access.com\/wp-content\/uploads\/logo.png","contentUrl":"https:\/\/www.endo-access.com\/wp-content\/uploads\/logo.png","width":915,"height":915,"caption":"Access"},"image":{"@id":"https:\/\/www.endo-access.com\/nl\/#\/schema\/logo\/image\/"},"sameAs":["https:\/\/www.facebook.com\/endoaccess\/","https:\/\/www.linkedin.com\/company\/endo-access\/","https:\/\/www.instagram.com\/endoaccess\/"]}]}},"_links":{"self":[{"href":"https:\/\/www.endo-access.com\/nl\/wp-json\/wp\/v2\/product\/6501","targetHints":{"allow":["GET"]}}],"collection":[{"href":"https:\/\/www.endo-access.com\/nl\/wp-json\/wp\/v2\/product"}],"about":[{"href":"https:\/\/www.endo-access.com\/nl\/wp-json\/wp\/v2\/types\/product"}],"wp:featuredmedia":[{"embeddable":true,"href":"https:\/\/www.endo-access.com\/nl\/wp-json\/wp\/v2\/media\/6477"}],"wp:attachment":[{"href":"https:\/\/www.endo-access.com\/nl\/wp-json\/wp\/v2\/media?parent=6501"}],"wp:term":[{"taxonomy":"product_brand","embeddable":true,"href":"https:\/\/www.endo-access.com\/nl\/wp-json\/wp\/v2\/product_brand?post=6501"},{"taxonomy":"product_cat","embeddable":true,"href":"https:\/\/www.endo-access.com\/nl\/wp-json\/wp\/v2\/product_cat?post=6501"},{"taxonomy":"product_tag","embeddable":true,"href":"https:\/\/www.endo-access.com\/nl\/wp-json\/wp\/v2\/product_tag?post=6501"}],"curies":[{"name":"wp","href":"https:\/\/api.w.org\/{rel}","templated":true}]}}