{"id":6642,"date":"2023-10-03T15:00:27","date_gmt":"2023-10-03T13:46:53","guid":{"rendered":"https:\/\/www.endo-access.com\/?post_type=product&#038;p=6642"},"modified":"2026-02-25T17:55:10","modified_gmt":"2026-02-25T16:55:10","slug":"endo-inzetstuk","status":"publish","type":"product","link":"https:\/\/www.endo-access.com\/nl\/product\/endo-inzetstuk\/","title":{"rendered":"ENDO INSERTS"},"content":{"rendered":"<p>Endodontische inzetstukken zijn roterende instrumenten die gebruikt worden bij de behandeling van wortelkanalen om het verwijderen van pulpaweefsel en het prepareren van de kanaalruimte te vergemakkelijken.<\/p>\n<p>Endodontische instrumenten werken samen met een scaler.<\/p>\n","protected":false},"excerpt":{"rendered":"<p>Endodontische inzetstukken zijn roterende instrumenten die gebruikt worden bij de behandeling van wortelkanalen om het verwijderen van pulpaweefsel en het prepareren van de kanaalruimte te vergemakkelijken. Endodontische instrumenten werken samen met een scaler.<\/p>\n","protected":false},"featured_media":7476,"template":"","meta":{"_acf_changed":false},"product_brand":[],"product_cat":[134],"product_tag":[],"class_list":{"0":"post-6642","1":"product","2":"type-product","3":"status-publish","4":"has-post-thumbnail","6":"product_cat-endo-inzetstukken","8":"first","9":"instock","10":"shipping-taxable","11":"product-type-simple"},"acf":[],"yoast_head":"<!-- This site is optimized with the Yoast SEO plugin v27.0 - https:\/\/yoast.com\/product\/yoast-seo-wordpress\/ -->\n<title>ENDO INSERTS - access<\/title>\n<meta name=\"robots\" content=\"index, follow, max-snippet:-1, max-image-preview:large, max-video-preview:-1\" \/>\n<link rel=\"canonical\" href=\"https:\/\/www.endo-access.com\/nl\/product\/endo-inzetstuk\/\" \/>\n<meta property=\"og:locale\" content=\"nl_NL\" \/>\n<meta property=\"og:type\" content=\"article\" \/>\n<meta property=\"og:title\" content=\"ENDO INSERTS - access\" \/>\n<meta property=\"og:description\" content=\"Endodontische inzetstukken zijn roterende instrumenten die gebruikt worden bij de behandeling van wortelkanalen om het verwijderen van pulpaweefsel en het prepareren van de kanaalruimte te vergemakkelijken. Endodontische instrumenten werken samen met een scaler.\" \/>\n<meta property=\"og:url\" content=\"https:\/\/www.endo-access.com\/nl\/product\/endo-inzetstuk\/\" \/>\n<meta property=\"og:site_name\" content=\"access\" \/>\n<meta property=\"article:publisher\" content=\"https:\/\/www.facebook.com\/endoaccess\/\" \/>\n<meta property=\"article:modified_time\" content=\"2026-02-25T16:55:10+00:00\" \/>\n<meta property=\"og:image\" content=\"https:\/\/www.endo-access.com\/wp-content\/uploads\/INSERT-ENDO-FOND-BLANC.png\" \/>\n\t<meta property=\"og:image:width\" content=\"1080\" \/>\n\t<meta property=\"og:image:height\" content=\"1080\" \/>\n\t<meta property=\"og:image:type\" content=\"image\/png\" \/>\n<meta name=\"twitter:card\" content=\"summary_large_image\" \/>\n<meta name=\"twitter:label1\" content=\"Geschatte leestijd\" \/>\n\t<meta name=\"twitter:data1\" content=\"1 minuut\" \/>\n<script type=\"application\/ld+json\" class=\"yoast-schema-graph\">{\"@context\":\"https:\/\/schema.org\",\"@graph\":[{\"@type\":\"WebPage\",\"@id\":\"https:\/\/www.endo-access.com\/nl\/product\/endo-inzetstuk\/\",\"url\":\"https:\/\/www.endo-access.com\/nl\/product\/endo-inzetstuk\/\",\"name\":\"ENDO INSERTS - access\",\"isPartOf\":{\"@id\":\"https:\/\/www.endo-access.com\/nl\/#website\"},\"primaryImageOfPage\":{\"@id\":\"https:\/\/www.endo-access.com\/nl\/product\/endo-inzetstuk\/#primaryimage\"},\"image\":{\"@id\":\"https:\/\/www.endo-access.com\/nl\/product\/endo-inzetstuk\/#primaryimage\"},\"thumbnailUrl\":\"https:\/\/www.endo-access.com\/wp-content\/uploads\/INSERT-ENDO-FOND-BLANC.png\",\"datePublished\":\"2023-10-03T13:46:53+00:00\",\"dateModified\":\"2026-02-25T16:55:10+00:00\",\"breadcrumb\":{\"@id\":\"https:\/\/www.endo-access.com\/nl\/product\/endo-inzetstuk\/#breadcrumb\"},\"inLanguage\":\"nl-NL\",\"potentialAction\":[{\"@type\":\"ReadAction\",\"target\":[\"https:\/\/www.endo-access.com\/nl\/product\/endo-inzetstuk\/\"]}]},{\"@type\":\"ImageObject\",\"inLanguage\":\"nl-NL\",\"@id\":\"https:\/\/www.endo-access.com\/nl\/product\/endo-inzetstuk\/#primaryimage\",\"url\":\"https:\/\/www.endo-access.com\/wp-content\/uploads\/INSERT-ENDO-FOND-BLANC.png\",\"contentUrl\":\"https:\/\/www.endo-access.com\/wp-content\/uploads\/INSERT-ENDO-FOND-BLANC.png\",\"width\":1080,\"height\":1080},{\"@type\":\"BreadcrumbList\",\"@id\":\"https:\/\/www.endo-access.com\/nl\/product\/endo-inzetstuk\/#breadcrumb\",\"itemListElement\":[{\"@type\":\"ListItem\",\"position\":1,\"name\":\"Accueil\",\"item\":\"https:\/\/www.endo-access.com\/nl\/\"},{\"@type\":\"ListItem\",\"position\":2,\"name\":\"Producten\",\"item\":\"https:\/\/www.endo-access.com\/nl\/producten\/\"},{\"@type\":\"ListItem\",\"position\":3,\"name\":\"ENDO INSERTS\"}]},{\"@type\":\"WebSite\",\"@id\":\"https:\/\/www.endo-access.com\/nl\/#website\",\"url\":\"https:\/\/www.endo-access.com\/nl\/\",\"name\":\"access\",\"description\":\"Efficacit\u00e9, Simplicit\u00e9, Rentabilit\u00e9.\",\"publisher\":{\"@id\":\"https:\/\/www.endo-access.com\/nl\/#organization\"},\"potentialAction\":[{\"@type\":\"SearchAction\",\"target\":{\"@type\":\"EntryPoint\",\"urlTemplate\":\"https:\/\/www.endo-access.com\/nl\/?s={search_term_string}\"},\"query-input\":{\"@type\":\"PropertyValueSpecification\",\"valueRequired\":true,\"valueName\":\"search_term_string\"}}],\"inLanguage\":\"nl-NL\"},{\"@type\":\"Organization\",\"@id\":\"https:\/\/www.endo-access.com\/nl\/#organization\",\"name\":\"Access\",\"url\":\"https:\/\/www.endo-access.com\/nl\/\",\"logo\":{\"@type\":\"ImageObject\",\"inLanguage\":\"nl-NL\",\"@id\":\"https:\/\/www.endo-access.com\/nl\/#\/schema\/logo\/image\/\",\"url\":\"https:\/\/www.endo-access.com\/wp-content\/uploads\/logo.png\",\"contentUrl\":\"https:\/\/www.endo-access.com\/wp-content\/uploads\/logo.png\",\"width\":915,\"height\":915,\"caption\":\"Access\"},\"image\":{\"@id\":\"https:\/\/www.endo-access.com\/nl\/#\/schema\/logo\/image\/\"},\"sameAs\":[\"https:\/\/www.facebook.com\/endoaccess\/\",\"https:\/\/www.linkedin.com\/company\/endo-access\/\",\"https:\/\/www.instagram.com\/endoaccess\/\"]}]}<\/script>\n<!-- \/ Yoast SEO plugin. -->","yoast_head_json":{"title":"ENDO INSERTS - access","robots":{"index":"index","follow":"follow","max-snippet":"max-snippet:-1","max-image-preview":"max-image-preview:large","max-video-preview":"max-video-preview:-1"},"canonical":"https:\/\/www.endo-access.com\/nl\/product\/endo-inzetstuk\/","og_locale":"nl_NL","og_type":"article","og_title":"ENDO INSERTS - access","og_description":"Endodontische inzetstukken zijn roterende instrumenten die gebruikt worden bij de behandeling van wortelkanalen om het verwijderen van pulpaweefsel en het prepareren van de kanaalruimte te vergemakkelijken. Endodontische instrumenten werken samen met een scaler.","og_url":"https:\/\/www.endo-access.com\/nl\/product\/endo-inzetstuk\/","og_site_name":"access","article_publisher":"https:\/\/www.facebook.com\/endoaccess\/","article_modified_time":"2026-02-25T16:55:10+00:00","og_image":[{"width":1080,"height":1080,"url":"https:\/\/www.endo-access.com\/wp-content\/uploads\/INSERT-ENDO-FOND-BLANC.png","type":"image\/png"}],"twitter_card":"summary_large_image","twitter_misc":{"Geschatte leestijd":"1 minuut"},"schema":{"@context":"https:\/\/schema.org","@graph":[{"@type":"WebPage","@id":"https:\/\/www.endo-access.com\/nl\/product\/endo-inzetstuk\/","url":"https:\/\/www.endo-access.com\/nl\/product\/endo-inzetstuk\/","name":"ENDO INSERTS - access","isPartOf":{"@id":"https:\/\/www.endo-access.com\/nl\/#website"},"primaryImageOfPage":{"@id":"https:\/\/www.endo-access.com\/nl\/product\/endo-inzetstuk\/#primaryimage"},"image":{"@id":"https:\/\/www.endo-access.com\/nl\/product\/endo-inzetstuk\/#primaryimage"},"thumbnailUrl":"https:\/\/www.endo-access.com\/wp-content\/uploads\/INSERT-ENDO-FOND-BLANC.png","datePublished":"2023-10-03T13:46:53+00:00","dateModified":"2026-02-25T16:55:10+00:00","breadcrumb":{"@id":"https:\/\/www.endo-access.com\/nl\/product\/endo-inzetstuk\/#breadcrumb"},"inLanguage":"nl-NL","potentialAction":[{"@type":"ReadAction","target":["https:\/\/www.endo-access.com\/nl\/product\/endo-inzetstuk\/"]}]},{"@type":"ImageObject","inLanguage":"nl-NL","@id":"https:\/\/www.endo-access.com\/nl\/product\/endo-inzetstuk\/#primaryimage","url":"https:\/\/www.endo-access.com\/wp-content\/uploads\/INSERT-ENDO-FOND-BLANC.png","contentUrl":"https:\/\/www.endo-access.com\/wp-content\/uploads\/INSERT-ENDO-FOND-BLANC.png","width":1080,"height":1080},{"@type":"BreadcrumbList","@id":"https:\/\/www.endo-access.com\/nl\/product\/endo-inzetstuk\/#breadcrumb","itemListElement":[{"@type":"ListItem","position":1,"name":"Accueil","item":"https:\/\/www.endo-access.com\/nl\/"},{"@type":"ListItem","position":2,"name":"Producten","item":"https:\/\/www.endo-access.com\/nl\/producten\/"},{"@type":"ListItem","position":3,"name":"ENDO INSERTS"}]},{"@type":"WebSite","@id":"https:\/\/www.endo-access.com\/nl\/#website","url":"https:\/\/www.endo-access.com\/nl\/","name":"access","description":"Efficacit\u00e9, Simplicit\u00e9, Rentabilit\u00e9.","publisher":{"@id":"https:\/\/www.endo-access.com\/nl\/#organization"},"potentialAction":[{"@type":"SearchAction","target":{"@type":"EntryPoint","urlTemplate":"https:\/\/www.endo-access.com\/nl\/?s={search_term_string}"},"query-input":{"@type":"PropertyValueSpecification","valueRequired":true,"valueName":"search_term_string"}}],"inLanguage":"nl-NL"},{"@type":"Organization","@id":"https:\/\/www.endo-access.com\/nl\/#organization","name":"Access","url":"https:\/\/www.endo-access.com\/nl\/","logo":{"@type":"ImageObject","inLanguage":"nl-NL","@id":"https:\/\/www.endo-access.com\/nl\/#\/schema\/logo\/image\/","url":"https:\/\/www.endo-access.com\/wp-content\/uploads\/logo.png","contentUrl":"https:\/\/www.endo-access.com\/wp-content\/uploads\/logo.png","width":915,"height":915,"caption":"Access"},"image":{"@id":"https:\/\/www.endo-access.com\/nl\/#\/schema\/logo\/image\/"},"sameAs":["https:\/\/www.facebook.com\/endoaccess\/","https:\/\/www.linkedin.com\/company\/endo-access\/","https:\/\/www.instagram.com\/endoaccess\/"]}]}},"_links":{"self":[{"href":"https:\/\/www.endo-access.com\/nl\/wp-json\/wp\/v2\/product\/6642","targetHints":{"allow":["GET"]}}],"collection":[{"href":"https:\/\/www.endo-access.com\/nl\/wp-json\/wp\/v2\/product"}],"about":[{"href":"https:\/\/www.endo-access.com\/nl\/wp-json\/wp\/v2\/types\/product"}],"wp:featuredmedia":[{"embeddable":true,"href":"https:\/\/www.endo-access.com\/nl\/wp-json\/wp\/v2\/media\/7476"}],"wp:attachment":[{"href":"https:\/\/www.endo-access.com\/nl\/wp-json\/wp\/v2\/media?parent=6642"}],"wp:term":[{"taxonomy":"product_brand","embeddable":true,"href":"https:\/\/www.endo-access.com\/nl\/wp-json\/wp\/v2\/product_brand?post=6642"},{"taxonomy":"product_cat","embeddable":true,"href":"https:\/\/www.endo-access.com\/nl\/wp-json\/wp\/v2\/product_cat?post=6642"},{"taxonomy":"product_tag","embeddable":true,"href":"https:\/\/www.endo-access.com\/nl\/wp-json\/wp\/v2\/product_tag?post=6642"}],"curies":[{"name":"wp","href":"https:\/\/api.w.org\/{rel}","templated":true}]}}