{"id":2477,"date":"2020-10-20T21:25:47","date_gmt":"2020-10-20T19:25:47","guid":{"rendered":"https:\/\/www.endo-access.com\/?page_id=2477"},"modified":"2020-10-20T21:25:48","modified_gmt":"2020-10-20T19:25:48","slug":"informacoes-legais","status":"publish","type":"page","link":"https:\/\/www.endo-access.com\/pt-pt\/informacoes-legais\/","title":{"rendered":"Informa\u00e7\u00f5es legais"},"content":{"rendered":"\n<p>S\u00edtio internet:\u00a0<a href=\"https:\/\/www.endo-access.com\/\">https:\/\/www.endo-access.com\/<\/a><\/p>\n\n\n\n<p>Ler as instru\u00e7\u00f5es.<br>Fotografias n\u00e3o contratuais.<br>O utilizador, ao aceder a este s\u00edtio, concorda em cumprir as presentes condi\u00e7\u00f5es de utiliza\u00e7\u00e3o.<\/p>\n\n\n\n<h2 class=\"wp-block-heading\">1. Informa\u00e7\u00f5es sobre o editor<\/h2>\n\n\n\n<p>Este s\u00edtio \u00e9 editado por:<\/p>\n\n\n\n<p>MEDICAL TELEMARKETING<br>25 rue Bleue<br>75009 Paris<br>FRANCE<br>Siret : 47751590200013<\/p>\n\n\n\n<h2 class=\"wp-block-heading\">2. Informa\u00e7\u00f5es sobre o alojamento<\/h2>\n\n\n\n<p>Este s\u00edtio \u00e9 alojado pelo fornecedor de servi\u00e7os \u00ab GANDI\u00bb.<\/p>\n\n\n\n<h2 class=\"wp-block-heading\">3. Direitos de autor \/ Copyright<\/h2>\n\n\n\n<p>As marcas e os log\u00f3tipos que figuram neste s\u00edtio s\u00e3o marcas comerciais registadas pelos seus respetivos propriet\u00e1rios.<br>A sua men\u00e7\u00e3o n\u00e3o concede, de forma alguma, qualquer licen\u00e7a ou direito de utiliza\u00e7\u00e3o das referidas marcas, que n\u00e3o podem, por conseguinte, ser utilizadas sem o consentimento pr\u00e9vio por escrito do propriet\u00e1rio da marca sob pena de contrafa\u00e7\u00e3o.<br>Todas as informa\u00e7\u00f5es presentes neste s\u00edtio podem ser descarregadas, reproduzidas e impressas, sob a condi\u00e7\u00e3o de:<br>\u2022 utilizar tais informa\u00e7\u00f5es apenas para fins pessoais e de forma alguma para fins comerciais;<br>\u2022 n\u00e3o modificar tais informa\u00e7\u00f5es.<\/p>\n\n\n\n<p><strong>Copyright :<\/strong>&nbsp;\u00a9ACCESS<\/p>\n\n\n\n<p>\u00daltima atualiza\u00e7\u00e3o: fevereiro 2019<\/p>\n","protected":false},"excerpt":{"rendered":"<p>S\u00edtio internet:\u00a0https:\/\/www.endo-access.com\/ Ler as instru\u00e7\u00f5es.Fotografias n\u00e3o contratuais.O utilizador, ao aceder a este s\u00edtio, concorda em cumprir as presentes condi\u00e7\u00f5es de utiliza\u00e7\u00e3o. 1. Informa\u00e7\u00f5es sobre o editor Este s\u00edtio \u00e9 editado por: MEDICAL TELEMARKETING25 rue Bleue75009 ParisFRANCESiret : 47751590200013 2. Informa\u00e7\u00f5es sobre o alojamento Este s\u00edtio \u00e9 alojado pelo fornecedor de servi\u00e7os \u00ab GANDI\u00bb. 3. Direitos [&hellip;]<\/p>\n","protected":false},"author":1,"featured_media":0,"parent":0,"menu_order":20,"comment_status":"closed","ping_status":"closed","template":"","meta":{"_acf_changed":false,"footnotes":""},"class_list":["post-2477","page","type-page","status-publish","hentry"],"acf":[],"yoast_head":"<!-- This site is optimized with the Yoast SEO plugin v27.0 - https:\/\/yoast.com\/product\/yoast-seo-wordpress\/ -->\n<title>Informa\u00e7\u00f5es legais - access<\/title>\n<meta name=\"robots\" content=\"index, follow, max-snippet:-1, max-image-preview:large, max-video-preview:-1\" \/>\n<link rel=\"canonical\" href=\"https:\/\/www.endo-access.com\/pt-pt\/informacoes-legais\/\" \/>\n<meta property=\"og:locale\" content=\"pt_PT\" \/>\n<meta property=\"og:type\" content=\"article\" \/>\n<meta property=\"og:title\" content=\"Informa\u00e7\u00f5es legais - access\" \/>\n<meta property=\"og:description\" content=\"S\u00edtio internet:\u00a0https:\/\/www.endo-access.com\/ Ler as instru\u00e7\u00f5es.Fotografias n\u00e3o contratuais.O utilizador, ao aceder a este s\u00edtio, concorda em cumprir as presentes condi\u00e7\u00f5es de utiliza\u00e7\u00e3o. 1. Informa\u00e7\u00f5es sobre o editor Este s\u00edtio \u00e9 editado por: MEDICAL TELEMARKETING25 rue Bleue75009 ParisFRANCESiret : 47751590200013 2. Informa\u00e7\u00f5es sobre o alojamento Este s\u00edtio \u00e9 alojado pelo fornecedor de servi\u00e7os \u00ab GANDI\u00bb. 3. Direitos [&hellip;]\" \/>\n<meta property=\"og:url\" content=\"https:\/\/www.endo-access.com\/pt-pt\/informacoes-legais\/\" \/>\n<meta property=\"og:site_name\" content=\"access\" \/>\n<meta property=\"article:publisher\" content=\"https:\/\/www.facebook.com\/endoaccess\/\" \/>\n<meta property=\"article:modified_time\" content=\"2020-10-20T19:25:48+00:00\" \/>\n<meta property=\"og:image\" content=\"https:\/\/www.endo-access.com\/wp-content\/uploads\/logo.png\" \/>\n\t<meta property=\"og:image:width\" content=\"915\" \/>\n\t<meta property=\"og:image:height\" content=\"915\" \/>\n\t<meta property=\"og:image:type\" content=\"image\/png\" \/>\n<meta name=\"twitter:card\" content=\"summary_large_image\" \/>\n<meta name=\"twitter:label1\" content=\"Tempo estimado de leitura\" \/>\n\t<meta name=\"twitter:data1\" content=\"1 minuto\" \/>\n<script type=\"application\/ld+json\" class=\"yoast-schema-graph\">{\"@context\":\"https:\/\/schema.org\",\"@graph\":[{\"@type\":\"WebPage\",\"@id\":\"https:\/\/www.endo-access.com\/pt-pt\/informacoes-legais\/\",\"url\":\"https:\/\/www.endo-access.com\/pt-pt\/informacoes-legais\/\",\"name\":\"Informa\u00e7\u00f5es legais - access\",\"isPartOf\":{\"@id\":\"https:\/\/www.endo-access.com\/pt-pt\/#website\"},\"datePublished\":\"2020-10-20T19:25:47+00:00\",\"dateModified\":\"2020-10-20T19:25:48+00:00\",\"breadcrumb\":{\"@id\":\"https:\/\/www.endo-access.com\/pt-pt\/informacoes-legais\/#breadcrumb\"},\"inLanguage\":\"pt-PT\",\"potentialAction\":[{\"@type\":\"ReadAction\",\"target\":[\"https:\/\/www.endo-access.com\/pt-pt\/informacoes-legais\/\"]}]},{\"@type\":\"BreadcrumbList\",\"@id\":\"https:\/\/www.endo-access.com\/pt-pt\/informacoes-legais\/#breadcrumb\",\"itemListElement\":[{\"@type\":\"ListItem\",\"position\":1,\"name\":\"Accueil\",\"item\":\"https:\/\/www.endo-access.com\/pt-pt\/\"},{\"@type\":\"ListItem\",\"position\":2,\"name\":\"Informa\u00e7\u00f5es legais\"}]},{\"@type\":\"WebSite\",\"@id\":\"https:\/\/www.endo-access.com\/pt-pt\/#website\",\"url\":\"https:\/\/www.endo-access.com\/pt-pt\/\",\"name\":\"access\",\"description\":\"Efficacit\u00e9, Simplicit\u00e9, Rentabilit\u00e9.\",\"publisher\":{\"@id\":\"https:\/\/www.endo-access.com\/pt-pt\/#organization\"},\"potentialAction\":[{\"@type\":\"SearchAction\",\"target\":{\"@type\":\"EntryPoint\",\"urlTemplate\":\"https:\/\/www.endo-access.com\/pt-pt\/?s={search_term_string}\"},\"query-input\":{\"@type\":\"PropertyValueSpecification\",\"valueRequired\":true,\"valueName\":\"search_term_string\"}}],\"inLanguage\":\"pt-PT\"},{\"@type\":\"Organization\",\"@id\":\"https:\/\/www.endo-access.com\/pt-pt\/#organization\",\"name\":\"Access\",\"url\":\"https:\/\/www.endo-access.com\/pt-pt\/\",\"logo\":{\"@type\":\"ImageObject\",\"inLanguage\":\"pt-PT\",\"@id\":\"https:\/\/www.endo-access.com\/pt-pt\/#\/schema\/logo\/image\/\",\"url\":\"https:\/\/www.endo-access.com\/wp-content\/uploads\/logo.png\",\"contentUrl\":\"https:\/\/www.endo-access.com\/wp-content\/uploads\/logo.png\",\"width\":915,\"height\":915,\"caption\":\"Access\"},\"image\":{\"@id\":\"https:\/\/www.endo-access.com\/pt-pt\/#\/schema\/logo\/image\/\"},\"sameAs\":[\"https:\/\/www.facebook.com\/endoaccess\/\",\"https:\/\/www.linkedin.com\/company\/endo-access\/\",\"https:\/\/www.instagram.com\/endoaccess\/\"]}]}<\/script>\n<!-- \/ Yoast SEO plugin. -->","yoast_head_json":{"title":"Informa\u00e7\u00f5es legais - access","robots":{"index":"index","follow":"follow","max-snippet":"max-snippet:-1","max-image-preview":"max-image-preview:large","max-video-preview":"max-video-preview:-1"},"canonical":"https:\/\/www.endo-access.com\/pt-pt\/informacoes-legais\/","og_locale":"pt_PT","og_type":"article","og_title":"Informa\u00e7\u00f5es legais - access","og_description":"S\u00edtio internet:\u00a0https:\/\/www.endo-access.com\/ Ler as instru\u00e7\u00f5es.Fotografias n\u00e3o contratuais.O utilizador, ao aceder a este s\u00edtio, concorda em cumprir as presentes condi\u00e7\u00f5es de utiliza\u00e7\u00e3o. 1. Informa\u00e7\u00f5es sobre o editor Este s\u00edtio \u00e9 editado por: MEDICAL TELEMARKETING25 rue Bleue75009 ParisFRANCESiret : 47751590200013 2. Informa\u00e7\u00f5es sobre o alojamento Este s\u00edtio \u00e9 alojado pelo fornecedor de servi\u00e7os \u00ab GANDI\u00bb. 3. Direitos [&hellip;]","og_url":"https:\/\/www.endo-access.com\/pt-pt\/informacoes-legais\/","og_site_name":"access","article_publisher":"https:\/\/www.facebook.com\/endoaccess\/","article_modified_time":"2020-10-20T19:25:48+00:00","og_image":[{"width":915,"height":915,"url":"https:\/\/www.endo-access.com\/wp-content\/uploads\/logo.png","type":"image\/png"}],"twitter_card":"summary_large_image","twitter_misc":{"Tempo estimado de leitura":"1 minuto"},"schema":{"@context":"https:\/\/schema.org","@graph":[{"@type":"WebPage","@id":"https:\/\/www.endo-access.com\/pt-pt\/informacoes-legais\/","url":"https:\/\/www.endo-access.com\/pt-pt\/informacoes-legais\/","name":"Informa\u00e7\u00f5es legais - access","isPartOf":{"@id":"https:\/\/www.endo-access.com\/pt-pt\/#website"},"datePublished":"2020-10-20T19:25:47+00:00","dateModified":"2020-10-20T19:25:48+00:00","breadcrumb":{"@id":"https:\/\/www.endo-access.com\/pt-pt\/informacoes-legais\/#breadcrumb"},"inLanguage":"pt-PT","potentialAction":[{"@type":"ReadAction","target":["https:\/\/www.endo-access.com\/pt-pt\/informacoes-legais\/"]}]},{"@type":"BreadcrumbList","@id":"https:\/\/www.endo-access.com\/pt-pt\/informacoes-legais\/#breadcrumb","itemListElement":[{"@type":"ListItem","position":1,"name":"Accueil","item":"https:\/\/www.endo-access.com\/pt-pt\/"},{"@type":"ListItem","position":2,"name":"Informa\u00e7\u00f5es legais"}]},{"@type":"WebSite","@id":"https:\/\/www.endo-access.com\/pt-pt\/#website","url":"https:\/\/www.endo-access.com\/pt-pt\/","name":"access","description":"Efficacit\u00e9, Simplicit\u00e9, Rentabilit\u00e9.","publisher":{"@id":"https:\/\/www.endo-access.com\/pt-pt\/#organization"},"potentialAction":[{"@type":"SearchAction","target":{"@type":"EntryPoint","urlTemplate":"https:\/\/www.endo-access.com\/pt-pt\/?s={search_term_string}"},"query-input":{"@type":"PropertyValueSpecification","valueRequired":true,"valueName":"search_term_string"}}],"inLanguage":"pt-PT"},{"@type":"Organization","@id":"https:\/\/www.endo-access.com\/pt-pt\/#organization","name":"Access","url":"https:\/\/www.endo-access.com\/pt-pt\/","logo":{"@type":"ImageObject","inLanguage":"pt-PT","@id":"https:\/\/www.endo-access.com\/pt-pt\/#\/schema\/logo\/image\/","url":"https:\/\/www.endo-access.com\/wp-content\/uploads\/logo.png","contentUrl":"https:\/\/www.endo-access.com\/wp-content\/uploads\/logo.png","width":915,"height":915,"caption":"Access"},"image":{"@id":"https:\/\/www.endo-access.com\/pt-pt\/#\/schema\/logo\/image\/"},"sameAs":["https:\/\/www.facebook.com\/endoaccess\/","https:\/\/www.linkedin.com\/company\/endo-access\/","https:\/\/www.instagram.com\/endoaccess\/"]}]}},"_links":{"self":[{"href":"https:\/\/www.endo-access.com\/pt-pt\/wp-json\/wp\/v2\/pages\/2477","targetHints":{"allow":["GET"]}}],"collection":[{"href":"https:\/\/www.endo-access.com\/pt-pt\/wp-json\/wp\/v2\/pages"}],"about":[{"href":"https:\/\/www.endo-access.com\/pt-pt\/wp-json\/wp\/v2\/types\/page"}],"author":[{"embeddable":true,"href":"https:\/\/www.endo-access.com\/pt-pt\/wp-json\/wp\/v2\/users\/1"}],"replies":[{"embeddable":true,"href":"https:\/\/www.endo-access.com\/pt-pt\/wp-json\/wp\/v2\/comments?post=2477"}],"version-history":[{"count":1,"href":"https:\/\/www.endo-access.com\/pt-pt\/wp-json\/wp\/v2\/pages\/2477\/revisions"}],"predecessor-version":[{"id":2478,"href":"https:\/\/www.endo-access.com\/pt-pt\/wp-json\/wp\/v2\/pages\/2477\/revisions\/2478"}],"wp:attachment":[{"href":"https:\/\/www.endo-access.com\/pt-pt\/wp-json\/wp\/v2\/media?parent=2477"}],"curies":[{"name":"wp","href":"https:\/\/api.w.org\/{rel}","templated":true}]}}