{"id":2481,"date":"2020-10-20T21:28:45","date_gmt":"2020-10-20T19:28:45","guid":{"rendered":"https:\/\/www.endo-access.com\/?page_id=2481"},"modified":"2020-10-20T21:28:47","modified_gmt":"2020-10-20T19:28:47","slug":"mapa-do-site","status":"publish","type":"page","link":"https:\/\/www.endo-access.com\/pt-pt\/mapa-do-site\/","title":{"rendered":"Mapa do site"},"content":{"rendered":"<div id=\"wp-realtime-sitemap-pages\"><h3>P\u00e1ginas<\/h3><ul><li class=\"page_item page-item-8282\"><a href=\"https:\/\/www.endo-access.com\/pt-pt\/notice-endo-clean\/\">Notice Endo clean<\/a><\/li>\n<li class=\"page_item page-item-8287\"><a href=\"https:\/\/www.endo-access.com\/pt-pt\/notice-sequencer\/\">Notice Sequencer<\/a><\/li>\n<li class=\"page_item page-item-7897\"><a href=\"https:\/\/www.endo-access.com\/pt-pt\/angulos-e-binarios-endo-motor\/\">\u00e2ngulos e bin\u00e1rios Endo Motor<\/a><\/li>\n<li class=\"page_item page-item-7913\"><a href=\"https:\/\/www.endo-access.com\/pt-pt\/endo-motor-em-imagens\/\">Introdu\u00e7ao ao \u00a0Endo Motor<\/a><\/li>\n<li class=\"page_item page-item-2467\"><a href=\"https:\/\/www.endo-access.com\/pt-pt\/\">In\u00edcio<\/a><\/li>\n<li class=\"page_item page-item-2473\"><a href=\"https:\/\/www.endo-access.com\/pt-pt\/produtos\/\">Produtos<\/a><\/li>\n<li class=\"page_item page-item-2475\"><a href=\"https:\/\/www.endo-access.com\/pt-pt\/quem-somos-nos\/\">Quem somos n\u00f3s?<\/a><\/li>\n<li class=\"page_item page-item-2486\"><a href=\"https:\/\/www.endo-access.com\/pt-pt\/casos-clinicos\/\">Casos cl\u00ednicos<\/a><\/li>\n<li class=\"page_item page-item-2491 current_page_parent\"><a href=\"https:\/\/www.endo-access.com\/pt-pt\/noticias-e-eventos\/\">Not\u00edcias e eventos<\/a><\/li>\n<li class=\"page_item page-item-2495\"><a href=\"https:\/\/www.endo-access.com\/pt-pt\/testemunhos\/\">Testemunhos<\/a><\/li>\n<li class=\"page_item page-item-2507\"><a href=\"https:\/\/www.endo-access.com\/pt-pt\/perguntas-frequentes\/\">Perguntas\/respostas<\/a><\/li>\n<li class=\"page_item page-item-2479\"><a href=\"https:\/\/www.endo-access.com\/pt-pt\/distribuidores\/\">Distribuidores<\/a><\/li>\n<li class=\"page_item page-item-2477\"><a href=\"https:\/\/www.endo-access.com\/pt-pt\/informacoes-legais\/\">Informa\u00e7\u00f5es legais<\/a><\/li>\n<li class=\"page_item page-item-2493\"><a href=\"https:\/\/www.endo-access.com\/pt-pt\/politica-de-privacidade\/\">Pol\u00edtica de privacidade<\/a><\/li>\n<li class=\"page_item page-item-2481\"><a href=\"https:\/\/www.endo-access.com\/pt-pt\/mapa-do-site\/\">Mapa do site<\/a><\/li>\n<li class=\"page_item page-item-2483\"><a href=\"https:\/\/www.endo-access.com\/pt-pt\/contacto\/\">Contacto<\/a><\/li>\n<\/ul><\/div><div id=\"wp-realtime-sitemap-posts\"><h3>Not\u00edcias<\/h3><ul><li><a href=\"https:\/\/www.endo-access.com\/pt-pt\/hands-on-training-session-1\/\" title=\"Permalink to Hands-on training &#8211; Sess\u00e3o 1\" rel=\"bookmark\">Hands-on training &#8211; Sess\u00e3o 1<\/a><\/li><li><a href=\"https:\/\/www.endo-access.com\/pt-pt\/lancamento-do-sitio-internet\/\" title=\"Permalink to Lan\u00e7amento do s\u00edtio internet\" rel=\"bookmark\">Lan\u00e7amento do s\u00edtio internet<\/a><\/li><li><a href=\"https:\/\/www.endo-access.com\/pt-pt\/formacao-endo-academie-sobre-easy-file-flex\/\" title=\"Permalink to Forma\u00e7\u00e3o Endo Acad\u00e9mie sobre EASY-FILE FLEX\" rel=\"bookmark\">Forma\u00e7\u00e3o Endo Acad\u00e9mie sobre EASY-FILE FLEX<\/a><\/li><li><a href=\"https:\/\/www.endo-access.com\/pt-pt\/hands-on-training-session-2\/\" title=\"Permalink to Hands-on training \u2013 Sess\u00e3o 2\" rel=\"bookmark\">Hands-on training \u2013 Sess\u00e3o 2<\/a><\/li><li><a href=\"https:\/\/www.endo-access.com\/pt-pt\/hands-on-training-rotacion-rontinua\/\" title=\"Permalink to Hands-on training Rota\u00e7\u00e3o Cont\u00ednua\" rel=\"bookmark\">Hands-on training Rota\u00e7\u00e3o Cont\u00ednua<\/a><\/li><li><a href=\"https:\/\/www.endo-access.com\/pt-pt\/hands-on-training-movimento-alternado\/\" title=\"Permalink to Hands-on training &#8211; Movimento alternado\" rel=\"bookmark\">Hands-on training &#8211; Movimento alternado<\/a><\/li><li><a href=\"https:\/\/www.endo-access.com\/pt-pt\/hands-on-training-caso-de-paciente-vivo\/\" title=\"Permalink to Hands-on training &#8211; CASO DE PACIENTE VIVO !\" rel=\"bookmark\">Hands-on training &#8211; CASO DE PACIENTE VIVO !<\/a><\/li><li><a href=\"https:\/\/www.endo-access.com\/pt-pt\/hands-on-training-movimento-alternado-2\/\" title=\"Permalink to Hands-on training \u2013 Movimento alternado\" rel=\"bookmark\">Hands-on training \u2013 Movimento alternado<\/a><\/li><li><a href=\"https:\/\/www.endo-access.com\/pt-pt\/endodontia-de-luxo-a-precos-de-desconto\/\" title=\"Permalink to Endodontia de luxo a pre\u00e7os de desconto\" rel=\"bookmark\">Endodontia de luxo a pre\u00e7os de desconto<\/a><\/li><li><a href=\"https:\/\/www.endo-access.com\/pt-pt\/hands-on-training-movimento-alternado-3\/\" title=\"Permalink to Hands-on training \u2013 Movimento alternado\" rel=\"bookmark\">Hands-on training \u2013 Movimento alternado<\/a><\/li><li><a href=\"https:\/\/www.endo-access.com\/pt-pt\/adf-2022-conhecer-os-segredos-de-um-endo-facil-e-rentavel\/\" title=\"Permalink to ADF 2022 &#8211; Conhecer os segredos de um endo f\u00e1cil e rent\u00e1vel\" rel=\"bookmark\">ADF 2022 &#8211; Conhecer os segredos de um endo f\u00e1cil e rent\u00e1vel<\/a><\/li><li><a href=\"https:\/\/www.endo-access.com\/pt-pt\/adf-2023-demonstracoes-dicas-e-conselhos-sobre-endodontia\/\" title=\"Permalink to ADF 2023 &#8211; Demonstra\u00e7\u00f5es, dicas e conselhos sobre endodontia\" rel=\"bookmark\">ADF 2023 &#8211; Demonstra\u00e7\u00f5es, dicas e conselhos sobre endodontia<\/a><\/li><\/ul><\/div><div id=\"wp-realtime-sitemap-product\"><h3>Produtos<\/h3><ul><li><a href=\"https:\/\/www.endo-access.com\/pt-pt\/produto\/easy-file-flex\/\" title=\"Permalink to EASY-FILE FLEX\" rel=\"bookmark\">EASY-FILE FLEX<\/a><\/li><li><a href=\"https:\/\/www.endo-access.com\/pt-pt\/produto\/go-taper-flex\/\" title=\"Permalink to GO-TAPER FLEX\" rel=\"bookmark\">GO-TAPER FLEX<\/a><\/li><li><a href=\"https:\/\/www.endo-access.com\/pt-pt\/produto\/go-taper-universal\/\" title=\"Permalink to GO-TAPER UNIVERSAL\" rel=\"bookmark\">GO-TAPER UNIVERSAL<\/a><\/li><li><a href=\"https:\/\/www.endo-access.com\/pt-pt\/produto\/go-taper-retreatment\/\" title=\"Permalink to GO-TAPER RETREATMENT\" rel=\"bookmark\">GO-TAPER RETREATMENT<\/a><\/li><li><a href=\"https:\/\/www.endo-access.com\/pt-pt\/produto\/reverso-silver\/\" title=\"Permalink to REVERSO SILVER\" rel=\"bookmark\">REVERSO SILVER<\/a><\/li><li><a href=\"https:\/\/www.endo-access.com\/pt-pt\/produto\/reverso-blue\/\" title=\"Permalink to REVERSO BLUE\" rel=\"bookmark\">REVERSO BLUE<\/a><\/li><li><a href=\"https:\/\/www.endo-access.com\/pt-pt\/produto\/reverso-cones-de-papel\/\" title=\"Permalink to REVERSO CONES DE PAPEL\" rel=\"bookmark\">REVERSO CONES DE PAPEL<\/a><\/li><li><a href=\"https:\/\/www.endo-access.com\/pt-pt\/produto\/reverso-cones-de-guta-percha\/\" title=\"Permalink to REVERSO CONES DE GUTA-PERCHA\" rel=\"bookmark\">REVERSO CONES DE GUTA-PERCHA<\/a><\/li><li><a href=\"https:\/\/www.endo-access.com\/pt-pt\/produto\/go-taper-cones-de-papel\/\" title=\"Permalink to GO-TAPER CONES DE PAPEL\" rel=\"bookmark\">GO-TAPER CONES DE PAPEL<\/a><\/li><li><a href=\"https:\/\/www.endo-access.com\/pt-pt\/produto\/go-taper-cones-de-guta-percha\/\" title=\"Permalink to GO-TAPER CONES DE GUTA-PERCHA\" rel=\"bookmark\">GO-TAPER CONES DE GUTA-PERCHA<\/a><\/li><li><a href=\"https:\/\/www.endo-access.com\/pt-pt\/produto\/endo-stop-flower\/\" title=\"Permalink to ENDO STOP FLOWER\" rel=\"bookmark\">ENDO STOP FLOWER<\/a><\/li><li><a href=\"https:\/\/www.endo-access.com\/pt-pt\/produto\/endo-stop-standard\/\" title=\"Permalink to ENDO STOP STANDARD\" rel=\"bookmark\">ENDO STOP STANDARD<\/a><\/li><li><a href=\"https:\/\/www.endo-access.com\/pt-pt\/produto\/go-two-2\/\" title=\"Permalink to GO-TWO\" rel=\"bookmark\">GO-TWO<\/a><\/li><li><a href=\"https:\/\/www.endo-access.com\/pt-pt\/produto\/go-glider-2\/\" title=\"Permalink to GO-GLIDER\" rel=\"bookmark\">GO-GLIDER<\/a><\/li><li><a href=\"https:\/\/www.endo-access.com\/pt-pt\/produto\/prefile-2\/\" title=\"Permalink to PREFILE\" rel=\"bookmark\">PREFILE<\/a><\/li><li><a href=\"https:\/\/www.endo-access.com\/pt-pt\/produto\/easy-file-flex-glider-2\/\" title=\"Permalink to EASY-FILE FLEX GLIDER\" rel=\"bookmark\">EASY-FILE FLEX GLIDER<\/a><\/li><li><a href=\"https:\/\/www.endo-access.com\/pt-pt\/produto\/go-taper-blue\/\" title=\"Permalink to GO-TAPER BLUE\" rel=\"bookmark\">GO-TAPER BLUE<\/a><\/li><li><a href=\"https:\/\/www.endo-access.com\/pt-pt\/produto\/go-taper-x\/\" title=\"Permalink to GO-TAPER X\" rel=\"bookmark\">GO-TAPER X<\/a><\/li><li><a href=\"https:\/\/www.endo-access.com\/pt-pt\/produto\/agulhas-de-irrigacao-estereis\/\" title=\"Permalink to AGULHAS DE IRRIGA\u00c7\u00c3O EST\u00c9REIS\" rel=\"bookmark\">AGULHAS DE IRRIGA\u00c7\u00c3O EST\u00c9REIS<\/a><\/li><li><a href=\"https:\/\/www.endo-access.com\/pt-pt\/produto\/agulhas-de-irrigacao-endocanal\/\" title=\"Permalink to AGULHAS DE IRRIGA\u00c7\u00c3O ENDOCANAL\" rel=\"bookmark\">AGULHAS DE IRRIGA\u00c7\u00c3O ENDOCANAL<\/a><\/li><li><a href=\"https:\/\/www.endo-access.com\/pt-pt\/produto\/k-limas\/\" title=\"Permalink to K-LIMAS\" rel=\"bookmark\">K-LIMAS<\/a><\/li><li><a href=\"https:\/\/www.endo-access.com\/pt-pt\/produto\/limas-h\/\" title=\"Permalink to LIMAS H\" rel=\"bookmark\">LIMAS H<\/a><\/li><li><a href=\"https:\/\/www.endo-access.com\/pt-pt\/produto\/alargadores\/\" title=\"Permalink to ALARGADORES\" rel=\"bookmark\">ALARGADORES<\/a><\/li><li><a href=\"https:\/\/www.endo-access.com\/pt-pt\/produto\/insertos-endo\/\" title=\"Permalink to INSERTOS ENDO\" rel=\"bookmark\">INSERTOS ENDO<\/a><\/li><li><a href=\"https:\/\/www.endo-access.com\/pt-pt\/produto\/ativador-de-irrigacao\/\" title=\"Permalink to ATIVADOR DE IRRIGA\u00c7AO\" rel=\"bookmark\">ATIVADOR DE IRRIGA\u00c7AO<\/a><\/li><li><a href=\"https:\/\/www.endo-access.com\/pt-pt\/produto\/endo-burs-explorer\/\" title=\"Permalink to ENDO BURS EXPLORER\" rel=\"bookmark\">ENDO BURS EXPLORER<\/a><\/li><li><a href=\"https:\/\/www.endo-access.com\/pt-pt\/produto\/plugger\/\" title=\"Permalink to PLUGGER\" rel=\"bookmark\">PLUGGER<\/a><\/li><li><a href=\"https:\/\/www.endo-access.com\/pt-pt\/produto\/easy-pack\/\" title=\"Permalink to EASY PACK\" rel=\"bookmark\">EASY PACK<\/a><\/li><li><a href=\"https:\/\/www.endo-access.com\/pt-pt\/produto\/easy-fill\/\" title=\"Permalink to EASY FILL\" rel=\"bookmark\">EASY FILL<\/a><\/li><li><a href=\"https:\/\/www.endo-access.com\/pt-pt\/produto\/sequencer\/\" title=\"Permalink to SEQUENCER\" rel=\"bookmark\">SEQUENCER<\/a><\/li><li><a href=\"https:\/\/www.endo-access.com\/pt-pt\/produto\/endo-clean\/\" title=\"Permalink to ENDO-CLEAN\" rel=\"bookmark\">ENDO-CLEAN<\/a><\/li><li><a href=\"https:\/\/www.endo-access.com\/pt-pt\/produto\/sodium-hypochlorite-25\/\" title=\"Permalink to SODIUM HYPOCHLORITE 2,5%\" rel=\"bookmark\">SODIUM HYPOCHLORITE 2,5%<\/a><\/li><li><a href=\"https:\/\/www.endo-access.com\/pt-pt\/produto\/easy-fill-gutta-pellets\/\" title=\"Permalink to EASY FILL GUTTA PELLETS\" rel=\"bookmark\">EASY FILL GUTTA PELLETS<\/a><\/li><li><a href=\"https:\/\/www.endo-access.com\/pt-pt\/produto\/endo-motor\/\" title=\"Permalink to ENDO MOTOR\" rel=\"bookmark\">ENDO MOTOR<\/a><\/li><li><a href=\"https:\/\/www.endo-access.com\/pt-pt\/produto\/diques-de-latex\/\" title=\"Permalink to DIQUES DE LATEX\" rel=\"bookmark\">DIQUES DE LATEX<\/a><\/li><li><a href=\"https:\/\/www.endo-access.com\/pt-pt\/produto\/lentulos\/\" title=\"Permalink to LENTULOS\" rel=\"bookmark\">LENTULOS<\/a><\/li><li><a href=\"https:\/\/www.endo-access.com\/pt-pt\/produto\/easy-fill-tips\/\" title=\"Permalink to EASY FILL TIPS\" rel=\"bookmark\">EASY FILL TIPS<\/a><\/li><li><a href=\"https:\/\/www.endo-access.com\/pt-pt\/produto\/easy-pack-tips\/\" title=\"Permalink to EASY PACK TIPS\" rel=\"bookmark\">EASY PACK TIPS<\/a><\/li><li><a href=\"https:\/\/www.endo-access.com\/pt-pt\/produto\/gutta-percha-condensers\/\" title=\"Permalink to GUTTA-PERCHA CONDENSERS\" rel=\"bookmark\">GUTTA-PERCHA CONDENSERS<\/a><\/li><li><a href=\"https:\/\/www.endo-access.com\/pt-pt\/produto\/endo-bloc-mini\/\" title=\"Permalink to ENDO BLOC MINI\" rel=\"bookmark\">ENDO BLOC MINI<\/a><\/li><li><a href=\"https:\/\/www.endo-access.com\/pt-pt\/produto\/digues-non-latex\/\" title=\"Permalink to DIGHE SENZA LATEX\" rel=\"bookmark\">DIGHE SENZA LATEX<\/a><\/li><\/ul><\/div>\n","protected":false},"excerpt":{"rendered":"","protected":false},"author":1,"featured_media":0,"parent":0,"menu_order":22,"comment_status":"closed","ping_status":"closed","template":"","meta":{"_acf_changed":false,"footnotes":""},"class_list":["post-2481","page","type-page","status-publish","hentry"],"acf":[],"yoast_head":"<!-- This site is optimized with the Yoast SEO plugin v27.0 - https:\/\/yoast.com\/product\/yoast-seo-wordpress\/ -->\n<title>Mapa do site - access<\/title>\n<meta name=\"robots\" content=\"index, follow, max-snippet:-1, max-image-preview:large, max-video-preview:-1\" \/>\n<link rel=\"canonical\" href=\"https:\/\/www.endo-access.com\/pt-pt\/mapa-do-site\/\" \/>\n<meta property=\"og:locale\" content=\"pt_PT\" \/>\n<meta property=\"og:type\" content=\"article\" \/>\n<meta property=\"og:title\" content=\"Mapa do site - access\" \/>\n<meta property=\"og:url\" content=\"https:\/\/www.endo-access.com\/pt-pt\/mapa-do-site\/\" \/>\n<meta property=\"og:site_name\" content=\"access\" \/>\n<meta property=\"article:publisher\" content=\"https:\/\/www.facebook.com\/endoaccess\/\" \/>\n<meta property=\"article:modified_time\" content=\"2020-10-20T19:28:47+00:00\" \/>\n<meta property=\"og:image\" content=\"https:\/\/www.endo-access.com\/wp-content\/uploads\/logo.png\" \/>\n\t<meta property=\"og:image:width\" content=\"915\" \/>\n\t<meta property=\"og:image:height\" content=\"915\" \/>\n\t<meta property=\"og:image:type\" content=\"image\/png\" \/>\n<meta name=\"twitter:card\" content=\"summary_large_image\" \/>\n<script type=\"application\/ld+json\" class=\"yoast-schema-graph\">{\"@context\":\"https:\/\/schema.org\",\"@graph\":[{\"@type\":\"WebPage\",\"@id\":\"https:\/\/www.endo-access.com\/pt-pt\/mapa-do-site\/\",\"url\":\"https:\/\/www.endo-access.com\/pt-pt\/mapa-do-site\/\",\"name\":\"Mapa do site - access\",\"isPartOf\":{\"@id\":\"https:\/\/www.endo-access.com\/pt-pt\/#website\"},\"datePublished\":\"2020-10-20T19:28:45+00:00\",\"dateModified\":\"2020-10-20T19:28:47+00:00\",\"breadcrumb\":{\"@id\":\"https:\/\/www.endo-access.com\/pt-pt\/mapa-do-site\/#breadcrumb\"},\"inLanguage\":\"pt-PT\",\"potentialAction\":[{\"@type\":\"ReadAction\",\"target\":[\"https:\/\/www.endo-access.com\/pt-pt\/mapa-do-site\/\"]}]},{\"@type\":\"BreadcrumbList\",\"@id\":\"https:\/\/www.endo-access.com\/pt-pt\/mapa-do-site\/#breadcrumb\",\"itemListElement\":[{\"@type\":\"ListItem\",\"position\":1,\"name\":\"Accueil\",\"item\":\"https:\/\/www.endo-access.com\/pt-pt\/\"},{\"@type\":\"ListItem\",\"position\":2,\"name\":\"Mapa do site\"}]},{\"@type\":\"WebSite\",\"@id\":\"https:\/\/www.endo-access.com\/pt-pt\/#website\",\"url\":\"https:\/\/www.endo-access.com\/pt-pt\/\",\"name\":\"access\",\"description\":\"Efficacit\u00e9, Simplicit\u00e9, Rentabilit\u00e9.\",\"publisher\":{\"@id\":\"https:\/\/www.endo-access.com\/pt-pt\/#organization\"},\"potentialAction\":[{\"@type\":\"SearchAction\",\"target\":{\"@type\":\"EntryPoint\",\"urlTemplate\":\"https:\/\/www.endo-access.com\/pt-pt\/?s={search_term_string}\"},\"query-input\":{\"@type\":\"PropertyValueSpecification\",\"valueRequired\":true,\"valueName\":\"search_term_string\"}}],\"inLanguage\":\"pt-PT\"},{\"@type\":\"Organization\",\"@id\":\"https:\/\/www.endo-access.com\/pt-pt\/#organization\",\"name\":\"Access\",\"url\":\"https:\/\/www.endo-access.com\/pt-pt\/\",\"logo\":{\"@type\":\"ImageObject\",\"inLanguage\":\"pt-PT\",\"@id\":\"https:\/\/www.endo-access.com\/pt-pt\/#\/schema\/logo\/image\/\",\"url\":\"https:\/\/www.endo-access.com\/wp-content\/uploads\/logo.png\",\"contentUrl\":\"https:\/\/www.endo-access.com\/wp-content\/uploads\/logo.png\",\"width\":915,\"height\":915,\"caption\":\"Access\"},\"image\":{\"@id\":\"https:\/\/www.endo-access.com\/pt-pt\/#\/schema\/logo\/image\/\"},\"sameAs\":[\"https:\/\/www.facebook.com\/endoaccess\/\",\"https:\/\/www.linkedin.com\/company\/endo-access\/\",\"https:\/\/www.instagram.com\/endoaccess\/\"]}]}<\/script>\n<!-- \/ Yoast SEO plugin. -->","yoast_head_json":{"title":"Mapa do site - access","robots":{"index":"index","follow":"follow","max-snippet":"max-snippet:-1","max-image-preview":"max-image-preview:large","max-video-preview":"max-video-preview:-1"},"canonical":"https:\/\/www.endo-access.com\/pt-pt\/mapa-do-site\/","og_locale":"pt_PT","og_type":"article","og_title":"Mapa do site - access","og_url":"https:\/\/www.endo-access.com\/pt-pt\/mapa-do-site\/","og_site_name":"access","article_publisher":"https:\/\/www.facebook.com\/endoaccess\/","article_modified_time":"2020-10-20T19:28:47+00:00","og_image":[{"width":915,"height":915,"url":"https:\/\/www.endo-access.com\/wp-content\/uploads\/logo.png","type":"image\/png"}],"twitter_card":"summary_large_image","schema":{"@context":"https:\/\/schema.org","@graph":[{"@type":"WebPage","@id":"https:\/\/www.endo-access.com\/pt-pt\/mapa-do-site\/","url":"https:\/\/www.endo-access.com\/pt-pt\/mapa-do-site\/","name":"Mapa do site - access","isPartOf":{"@id":"https:\/\/www.endo-access.com\/pt-pt\/#website"},"datePublished":"2020-10-20T19:28:45+00:00","dateModified":"2020-10-20T19:28:47+00:00","breadcrumb":{"@id":"https:\/\/www.endo-access.com\/pt-pt\/mapa-do-site\/#breadcrumb"},"inLanguage":"pt-PT","potentialAction":[{"@type":"ReadAction","target":["https:\/\/www.endo-access.com\/pt-pt\/mapa-do-site\/"]}]},{"@type":"BreadcrumbList","@id":"https:\/\/www.endo-access.com\/pt-pt\/mapa-do-site\/#breadcrumb","itemListElement":[{"@type":"ListItem","position":1,"name":"Accueil","item":"https:\/\/www.endo-access.com\/pt-pt\/"},{"@type":"ListItem","position":2,"name":"Mapa do site"}]},{"@type":"WebSite","@id":"https:\/\/www.endo-access.com\/pt-pt\/#website","url":"https:\/\/www.endo-access.com\/pt-pt\/","name":"access","description":"Efficacit\u00e9, Simplicit\u00e9, Rentabilit\u00e9.","publisher":{"@id":"https:\/\/www.endo-access.com\/pt-pt\/#organization"},"potentialAction":[{"@type":"SearchAction","target":{"@type":"EntryPoint","urlTemplate":"https:\/\/www.endo-access.com\/pt-pt\/?s={search_term_string}"},"query-input":{"@type":"PropertyValueSpecification","valueRequired":true,"valueName":"search_term_string"}}],"inLanguage":"pt-PT"},{"@type":"Organization","@id":"https:\/\/www.endo-access.com\/pt-pt\/#organization","name":"Access","url":"https:\/\/www.endo-access.com\/pt-pt\/","logo":{"@type":"ImageObject","inLanguage":"pt-PT","@id":"https:\/\/www.endo-access.com\/pt-pt\/#\/schema\/logo\/image\/","url":"https:\/\/www.endo-access.com\/wp-content\/uploads\/logo.png","contentUrl":"https:\/\/www.endo-access.com\/wp-content\/uploads\/logo.png","width":915,"height":915,"caption":"Access"},"image":{"@id":"https:\/\/www.endo-access.com\/pt-pt\/#\/schema\/logo\/image\/"},"sameAs":["https:\/\/www.facebook.com\/endoaccess\/","https:\/\/www.linkedin.com\/company\/endo-access\/","https:\/\/www.instagram.com\/endoaccess\/"]}]}},"_links":{"self":[{"href":"https:\/\/www.endo-access.com\/pt-pt\/wp-json\/wp\/v2\/pages\/2481","targetHints":{"allow":["GET"]}}],"collection":[{"href":"https:\/\/www.endo-access.com\/pt-pt\/wp-json\/wp\/v2\/pages"}],"about":[{"href":"https:\/\/www.endo-access.com\/pt-pt\/wp-json\/wp\/v2\/types\/page"}],"author":[{"embeddable":true,"href":"https:\/\/www.endo-access.com\/pt-pt\/wp-json\/wp\/v2\/users\/1"}],"replies":[{"embeddable":true,"href":"https:\/\/www.endo-access.com\/pt-pt\/wp-json\/wp\/v2\/comments?post=2481"}],"version-history":[{"count":1,"href":"https:\/\/www.endo-access.com\/pt-pt\/wp-json\/wp\/v2\/pages\/2481\/revisions"}],"predecessor-version":[{"id":2482,"href":"https:\/\/www.endo-access.com\/pt-pt\/wp-json\/wp\/v2\/pages\/2481\/revisions\/2482"}],"wp:attachment":[{"href":"https:\/\/www.endo-access.com\/pt-pt\/wp-json\/wp\/v2\/media?parent=2481"}],"curies":[{"name":"wp","href":"https:\/\/api.w.org\/{rel}","templated":true}]}}