{"id":2483,"date":"2020-10-20T21:29:19","date_gmt":"2020-10-20T19:29:19","guid":{"rendered":"https:\/\/www.endo-access.com\/?page_id=2483"},"modified":"2020-10-20T21:29:20","modified_gmt":"2020-10-20T19:29:20","slug":"contacto","status":"publish","type":"page","link":"https:\/\/www.endo-access.com\/pt-pt\/contacto\/","title":{"rendered":"Contacto"},"content":{"rendered":"\n<div class=\"wpcf7 no-js\" id=\"wpcf7-f2485-o1\" lang=\"pt-PT\" dir=\"ltr\" data-wpcf7-id=\"2485\">\n<div class=\"screen-reader-response\"><p role=\"status\" aria-live=\"polite\" aria-atomic=\"true\"><\/p> <ul><\/ul><\/div>\n<form action=\"\/pt-pt\/wp-json\/wp\/v2\/pages\/2483#wpcf7-f2485-o1\" method=\"post\" class=\"wpcf7-form init\" aria-label=\"Formul\u00e1rio de contacto\" novalidate=\"novalidate\" data-status=\"init\">\n<fieldset class=\"hidden-fields-container\"><input type=\"hidden\" name=\"_wpcf7\" value=\"2485\" \/><input type=\"hidden\" name=\"_wpcf7_version\" value=\"6.1.5\" \/><input type=\"hidden\" name=\"_wpcf7_locale\" value=\"pt_PT\" \/><input type=\"hidden\" name=\"_wpcf7_unit_tag\" value=\"wpcf7-f2485-o1\" \/><input type=\"hidden\" name=\"_wpcf7_container_post\" value=\"0\" \/><input type=\"hidden\" name=\"_wpcf7_posted_data_hash\" value=\"\" \/>\n<\/fieldset>\n<div class=\"row contact-box\">\n\t<div class=\"w-12\">\n\t\t<p><span class=\"wpcf7-form-control-wrap\" data-name=\"your-recipient\"><select class=\"wpcf7-form-control wpcf7-select wpcf7-validates-as-required\" aria-required=\"true\" aria-invalid=\"false\" name=\"your-recipient\"><option value=\"\u00c9 distribuidor, importador, e deseja obter informa\u00e7\u00f5es sobre os nossos produtos ou pre\u00e7os\">\u00c9 distribuidor, importador, e deseja obter informa\u00e7\u00f5es sobre os nossos produtos ou pre\u00e7os<\/option><option value=\"Pretende obter informa\u00e7\u00f5es t\u00e9cnicas\">Pretende obter informa\u00e7\u00f5es t\u00e9cnicas<\/option><\/select><\/span>\n\t\t<\/p>\n\t\t<p><span class=\"wpcf7-form-control-wrap\" data-name=\"your-name1\"><input size=\"40\" maxlength=\"400\" class=\"wpcf7-form-control wpcf7-text wpcf7-validates-as-required\" id=\"namefield\" aria-required=\"true\" aria-invalid=\"false\" placeholder=\"O seu apelido\" value=\"\" type=\"text\" name=\"your-name1\" \/><\/span>\n\t\t<\/p>\n\t\t<p><span class=\"wpcf7-form-control-wrap\" data-name=\"your-first-name1\"><input size=\"40\" maxlength=\"400\" class=\"wpcf7-form-control wpcf7-text wpcf7-validates-as-required\" aria-required=\"true\" aria-invalid=\"false\" placeholder=\"O seu nome pr\u00f3prio\" value=\"\" type=\"text\" name=\"your-first-name1\" \/><\/span>\n\t\t<\/p>\n\t\t<p><span class=\"wpcf7-form-control-wrap\" data-name=\"your-email1\"><input size=\"40\" maxlength=\"400\" class=\"wpcf7-form-control wpcf7-email wpcf7-validates-as-required wpcf7-text wpcf7-validates-as-email\" aria-required=\"true\" aria-invalid=\"false\" placeholder=\"O seu e-mail\" value=\"\" type=\"email\" name=\"your-email1\" \/><\/span>\n\t\t<\/p>\n\t\t<p><span class=\"wpcf7-form-control-wrap\" data-name=\"your-message\"><textarea cols=\"40\" rows=\"10\" maxlength=\"2000\" class=\"wpcf7-form-control wpcf7-textarea\" aria-invalid=\"false\" placeholder=\"A sua mensagem\" name=\"your-message\"><\/textarea><\/span>\n\t\t<\/p>\n\t\t<p>[acceptance]J\u2019ai lu et accepte la politique de confidentialit\u00e9 de ce site[\/acceptance]\n\t\t<\/p>\n\t\t<div class=\"obligatoire\">\n\t\t\t<p>* Todos os campos s\u00e3o obrigat\u00f3rios\n\t\t\t<\/p>\n\t\t<\/div>\n\t\t<p class=\"obligatoire\">Os seus dados pessoais s\u00e3o utilizados apenas para gerir as suas solicita\u00e7\u00f5es relativas a uma pergunta sobre um produto, a um coment\u00e1rio no s\u00edtio da internet, a eventos ou a um simples contacto. Tais informa\u00e7\u00f5es s\u00e3o indispens\u00e1veis para este tratamento. Tem o direito de acesso, retifica\u00e7\u00e3o ou apagamento, de limita\u00e7\u00e3o do tratamento dos seus dados, o direito de oposi\u00e7\u00e3o, o direito \u00e0 portabilidade dos seus dados e o direito de definir as orienta\u00e7\u00f5es relativas ao destino dos seus dados ap\u00f3s a sua morte. Pode tamb\u00e9m retirar o seu consentimento a qualquer momento e apresentar uma reclama\u00e7\u00e3o junto de uma autoridade de controlo. <a href=\"https:\/\/www.endo-access.com\/pt-pt\/politica-de-privacidade\/\">Clique para saber mais<\/a>.\n\t\t<\/p>\n\t\t<p><input class=\"wpcf7-form-control wpcf7-submit has-spinner\" type=\"submit\" value=\"Enviar\" \/>\n\t\t<\/p>\n\t<\/div>\n<\/div><div class=\"wpcf7-response-output\" aria-hidden=\"true\"><\/div>\n<\/form>\n<\/div>\n\n","protected":false},"excerpt":{"rendered":"","protected":false},"author":1,"featured_media":0,"parent":0,"menu_order":24,"comment_status":"closed","ping_status":"closed","template":"templates\/template-full-width.php","meta":{"_acf_changed":false,"footnotes":""},"class_list":["post-2483","page","type-page","status-publish","hentry"],"acf":[],"yoast_head":"<!-- This site is optimized with the Yoast SEO plugin v27.0 - https:\/\/yoast.com\/product\/yoast-seo-wordpress\/ -->\n<title>Contacto - access<\/title>\n<meta name=\"robots\" content=\"index, follow, max-snippet:-1, max-image-preview:large, max-video-preview:-1\" \/>\n<link rel=\"canonical\" href=\"https:\/\/www.endo-access.com\/pt-pt\/contacto\/\" \/>\n<meta property=\"og:locale\" content=\"pt_PT\" \/>\n<meta property=\"og:type\" content=\"article\" \/>\n<meta property=\"og:title\" content=\"Contacto - access\" \/>\n<meta property=\"og:url\" content=\"https:\/\/www.endo-access.com\/pt-pt\/contacto\/\" \/>\n<meta property=\"og:site_name\" content=\"access\" \/>\n<meta property=\"article:publisher\" content=\"https:\/\/www.facebook.com\/endoaccess\/\" \/>\n<meta property=\"article:modified_time\" content=\"2020-10-20T19:29:20+00:00\" \/>\n<meta property=\"og:image\" content=\"https:\/\/www.endo-access.com\/wp-content\/uploads\/logo.png\" \/>\n\t<meta property=\"og:image:width\" content=\"915\" \/>\n\t<meta property=\"og:image:height\" content=\"915\" \/>\n\t<meta property=\"og:image:type\" content=\"image\/png\" \/>\n<meta name=\"twitter:card\" content=\"summary_large_image\" \/>\n<script type=\"application\/ld+json\" class=\"yoast-schema-graph\">{\"@context\":\"https:\/\/schema.org\",\"@graph\":[{\"@type\":\"WebPage\",\"@id\":\"https:\/\/www.endo-access.com\/pt-pt\/contacto\/\",\"url\":\"https:\/\/www.endo-access.com\/pt-pt\/contacto\/\",\"name\":\"Contacto - access\",\"isPartOf\":{\"@id\":\"https:\/\/www.endo-access.com\/pt-pt\/#website\"},\"datePublished\":\"2020-10-20T19:29:19+00:00\",\"dateModified\":\"2020-10-20T19:29:20+00:00\",\"breadcrumb\":{\"@id\":\"https:\/\/www.endo-access.com\/pt-pt\/contacto\/#breadcrumb\"},\"inLanguage\":\"pt-PT\",\"potentialAction\":[{\"@type\":\"ReadAction\",\"target\":[\"https:\/\/www.endo-access.com\/pt-pt\/contacto\/\"]}]},{\"@type\":\"BreadcrumbList\",\"@id\":\"https:\/\/www.endo-access.com\/pt-pt\/contacto\/#breadcrumb\",\"itemListElement\":[{\"@type\":\"ListItem\",\"position\":1,\"name\":\"Accueil\",\"item\":\"https:\/\/www.endo-access.com\/pt-pt\/\"},{\"@type\":\"ListItem\",\"position\":2,\"name\":\"Contacto\"}]},{\"@type\":\"WebSite\",\"@id\":\"https:\/\/www.endo-access.com\/pt-pt\/#website\",\"url\":\"https:\/\/www.endo-access.com\/pt-pt\/\",\"name\":\"access\",\"description\":\"Efficacit\u00e9, Simplicit\u00e9, Rentabilit\u00e9.\",\"publisher\":{\"@id\":\"https:\/\/www.endo-access.com\/pt-pt\/#organization\"},\"potentialAction\":[{\"@type\":\"SearchAction\",\"target\":{\"@type\":\"EntryPoint\",\"urlTemplate\":\"https:\/\/www.endo-access.com\/pt-pt\/?s={search_term_string}\"},\"query-input\":{\"@type\":\"PropertyValueSpecification\",\"valueRequired\":true,\"valueName\":\"search_term_string\"}}],\"inLanguage\":\"pt-PT\"},{\"@type\":\"Organization\",\"@id\":\"https:\/\/www.endo-access.com\/pt-pt\/#organization\",\"name\":\"Access\",\"url\":\"https:\/\/www.endo-access.com\/pt-pt\/\",\"logo\":{\"@type\":\"ImageObject\",\"inLanguage\":\"pt-PT\",\"@id\":\"https:\/\/www.endo-access.com\/pt-pt\/#\/schema\/logo\/image\/\",\"url\":\"https:\/\/www.endo-access.com\/wp-content\/uploads\/logo.png\",\"contentUrl\":\"https:\/\/www.endo-access.com\/wp-content\/uploads\/logo.png\",\"width\":915,\"height\":915,\"caption\":\"Access\"},\"image\":{\"@id\":\"https:\/\/www.endo-access.com\/pt-pt\/#\/schema\/logo\/image\/\"},\"sameAs\":[\"https:\/\/www.facebook.com\/endoaccess\/\",\"https:\/\/www.linkedin.com\/company\/endo-access\/\",\"https:\/\/www.instagram.com\/endoaccess\/\"]}]}<\/script>\n<!-- \/ Yoast SEO plugin. -->","yoast_head_json":{"title":"Contacto - access","robots":{"index":"index","follow":"follow","max-snippet":"max-snippet:-1","max-image-preview":"max-image-preview:large","max-video-preview":"max-video-preview:-1"},"canonical":"https:\/\/www.endo-access.com\/pt-pt\/contacto\/","og_locale":"pt_PT","og_type":"article","og_title":"Contacto - access","og_url":"https:\/\/www.endo-access.com\/pt-pt\/contacto\/","og_site_name":"access","article_publisher":"https:\/\/www.facebook.com\/endoaccess\/","article_modified_time":"2020-10-20T19:29:20+00:00","og_image":[{"width":915,"height":915,"url":"https:\/\/www.endo-access.com\/wp-content\/uploads\/logo.png","type":"image\/png"}],"twitter_card":"summary_large_image","schema":{"@context":"https:\/\/schema.org","@graph":[{"@type":"WebPage","@id":"https:\/\/www.endo-access.com\/pt-pt\/contacto\/","url":"https:\/\/www.endo-access.com\/pt-pt\/contacto\/","name":"Contacto - access","isPartOf":{"@id":"https:\/\/www.endo-access.com\/pt-pt\/#website"},"datePublished":"2020-10-20T19:29:19+00:00","dateModified":"2020-10-20T19:29:20+00:00","breadcrumb":{"@id":"https:\/\/www.endo-access.com\/pt-pt\/contacto\/#breadcrumb"},"inLanguage":"pt-PT","potentialAction":[{"@type":"ReadAction","target":["https:\/\/www.endo-access.com\/pt-pt\/contacto\/"]}]},{"@type":"BreadcrumbList","@id":"https:\/\/www.endo-access.com\/pt-pt\/contacto\/#breadcrumb","itemListElement":[{"@type":"ListItem","position":1,"name":"Accueil","item":"https:\/\/www.endo-access.com\/pt-pt\/"},{"@type":"ListItem","position":2,"name":"Contacto"}]},{"@type":"WebSite","@id":"https:\/\/www.endo-access.com\/pt-pt\/#website","url":"https:\/\/www.endo-access.com\/pt-pt\/","name":"access","description":"Efficacit\u00e9, Simplicit\u00e9, Rentabilit\u00e9.","publisher":{"@id":"https:\/\/www.endo-access.com\/pt-pt\/#organization"},"potentialAction":[{"@type":"SearchAction","target":{"@type":"EntryPoint","urlTemplate":"https:\/\/www.endo-access.com\/pt-pt\/?s={search_term_string}"},"query-input":{"@type":"PropertyValueSpecification","valueRequired":true,"valueName":"search_term_string"}}],"inLanguage":"pt-PT"},{"@type":"Organization","@id":"https:\/\/www.endo-access.com\/pt-pt\/#organization","name":"Access","url":"https:\/\/www.endo-access.com\/pt-pt\/","logo":{"@type":"ImageObject","inLanguage":"pt-PT","@id":"https:\/\/www.endo-access.com\/pt-pt\/#\/schema\/logo\/image\/","url":"https:\/\/www.endo-access.com\/wp-content\/uploads\/logo.png","contentUrl":"https:\/\/www.endo-access.com\/wp-content\/uploads\/logo.png","width":915,"height":915,"caption":"Access"},"image":{"@id":"https:\/\/www.endo-access.com\/pt-pt\/#\/schema\/logo\/image\/"},"sameAs":["https:\/\/www.facebook.com\/endoaccess\/","https:\/\/www.linkedin.com\/company\/endo-access\/","https:\/\/www.instagram.com\/endoaccess\/"]}]}},"_links":{"self":[{"href":"https:\/\/www.endo-access.com\/pt-pt\/wp-json\/wp\/v2\/pages\/2483","targetHints":{"allow":["GET"]}}],"collection":[{"href":"https:\/\/www.endo-access.com\/pt-pt\/wp-json\/wp\/v2\/pages"}],"about":[{"href":"https:\/\/www.endo-access.com\/pt-pt\/wp-json\/wp\/v2\/types\/page"}],"author":[{"embeddable":true,"href":"https:\/\/www.endo-access.com\/pt-pt\/wp-json\/wp\/v2\/users\/1"}],"replies":[{"embeddable":true,"href":"https:\/\/www.endo-access.com\/pt-pt\/wp-json\/wp\/v2\/comments?post=2483"}],"version-history":[{"count":1,"href":"https:\/\/www.endo-access.com\/pt-pt\/wp-json\/wp\/v2\/pages\/2483\/revisions"}],"predecessor-version":[{"id":2484,"href":"https:\/\/www.endo-access.com\/pt-pt\/wp-json\/wp\/v2\/pages\/2483\/revisions\/2484"}],"wp:attachment":[{"href":"https:\/\/www.endo-access.com\/pt-pt\/wp-json\/wp\/v2\/media?parent=2483"}],"curies":[{"name":"wp","href":"https:\/\/api.w.org\/{rel}","templated":true}]}}