{"id":2493,"date":"2020-10-20T21:35:42","date_gmt":"2020-10-20T19:35:42","guid":{"rendered":"https:\/\/www.endo-access.com\/?page_id=2493"},"modified":"2020-10-20T21:35:42","modified_gmt":"2020-10-20T19:35:42","slug":"politica-de-privacidade","status":"publish","type":"page","link":"https:\/\/www.endo-access.com\/pt-pt\/politica-de-privacidade\/","title":{"rendered":"Pol\u00edtica de privacidade"},"content":{"rendered":"\n<h2 class=\"wp-block-heading\">Quem somos?<\/h2>\n\n\n\n<p>O endere\u00e7o do nosso s\u00edtio Web \u00e9: https:\/\/www.endo-access.com.<\/p>\n\n\n\n<h2 class=\"wp-block-heading\">Utiliza\u00e7\u00e3o dos dados pessoais recolhidos<\/h2>\n\n\n\n<h3 class=\"wp-block-heading\">Formul\u00e1rios de contacto<\/h3>\n\n\n\n<p>As informa\u00e7\u00f5es recolhidas atrav\u00e9s do formul\u00e1rio de contacto servem apenas para melhor responder \u00e0s suas solicita\u00e7\u00f5es. Tais informa\u00e7\u00f5es s\u00e3o apenas enviadas por email \u00e0 empresa e n\u00e3o s\u00e3o conservadas numa base de dados.<\/p>\n\n\n\n<h3 class=\"wp-block-heading\">Cookies<\/h3>\n\n\n\n<p>Recolhemos informa\u00e7\u00f5es sobre as visitas para que possamos medir a nossa audi\u00eancia. Utilizamos para isso os servi\u00e7os do Google analytics.<\/p>\n\n\n\n<p>Al\u00e9m disso, para evitar que tenha de se declarar como profissional de sa\u00fade em todas as nossas p\u00e1ginas, armazenamos um cookie para este efeito.<\/p>\n\n\n\n<h2 class=\"wp-block-heading\">Informa\u00e7\u00f5es de contacto<\/h2>\n\n\n\n<p>Pode exercer o seu direito de cancelamento entrando em contacto connosco atrav\u00e9s do seguinte endere\u00e7o:<\/p>\n\n\n\n<p>DPO<br>MEDICAL TELEMARKETING<br>25 rue Bleue 75009 PARIS<\/p>\n\n\n\n<p><a href=\"mailto:dpo@endo-access.com\">dpo@endo-access.com<\/a><\/p>\n","protected":false},"excerpt":{"rendered":"<p>Quem somos? O endere\u00e7o do nosso s\u00edtio Web \u00e9: https:\/\/www.endo-access.com. Utiliza\u00e7\u00e3o dos dados pessoais recolhidos Formul\u00e1rios de contacto As informa\u00e7\u00f5es recolhidas atrav\u00e9s do formul\u00e1rio de contacto servem apenas para melhor responder \u00e0s suas solicita\u00e7\u00f5es. Tais informa\u00e7\u00f5es s\u00e3o apenas enviadas por email \u00e0 empresa e n\u00e3o s\u00e3o conservadas numa base de dados. Cookies Recolhemos informa\u00e7\u00f5es sobre [&hellip;]<\/p>\n","protected":false},"author":1,"featured_media":0,"parent":0,"menu_order":21,"comment_status":"closed","ping_status":"closed","template":"templates\/template-full-width.php","meta":{"_acf_changed":false,"footnotes":""},"class_list":["post-2493","page","type-page","status-publish","hentry"],"acf":[],"yoast_head":"<!-- This site is optimized with the Yoast SEO plugin v27.0 - https:\/\/yoast.com\/product\/yoast-seo-wordpress\/ -->\n<title>Pol\u00edtica de privacidade - access<\/title>\n<meta name=\"robots\" content=\"index, follow, max-snippet:-1, max-image-preview:large, max-video-preview:-1\" \/>\n<link rel=\"canonical\" href=\"https:\/\/www.endo-access.com\/pt-pt\/politica-de-privacidade\/\" \/>\n<meta property=\"og:locale\" content=\"pt_PT\" \/>\n<meta property=\"og:type\" content=\"article\" \/>\n<meta property=\"og:title\" content=\"Pol\u00edtica de privacidade - access\" \/>\n<meta property=\"og:description\" content=\"Quem somos? O endere\u00e7o do nosso s\u00edtio Web \u00e9: https:\/\/www.endo-access.com. Utiliza\u00e7\u00e3o dos dados pessoais recolhidos Formul\u00e1rios de contacto As informa\u00e7\u00f5es recolhidas atrav\u00e9s do formul\u00e1rio de contacto servem apenas para melhor responder \u00e0s suas solicita\u00e7\u00f5es. Tais informa\u00e7\u00f5es s\u00e3o apenas enviadas por email \u00e0 empresa e n\u00e3o s\u00e3o conservadas numa base de dados. Cookies Recolhemos informa\u00e7\u00f5es sobre [&hellip;]\" \/>\n<meta property=\"og:url\" content=\"https:\/\/www.endo-access.com\/pt-pt\/politica-de-privacidade\/\" \/>\n<meta property=\"og:site_name\" content=\"access\" \/>\n<meta property=\"article:publisher\" content=\"https:\/\/www.facebook.com\/endoaccess\/\" \/>\n<meta property=\"og:image\" content=\"https:\/\/www.endo-access.com\/wp-content\/uploads\/logo.png\" \/>\n\t<meta property=\"og:image:width\" content=\"915\" \/>\n\t<meta property=\"og:image:height\" content=\"915\" \/>\n\t<meta property=\"og:image:type\" content=\"image\/png\" \/>\n<meta name=\"twitter:card\" content=\"summary_large_image\" \/>\n<meta name=\"twitter:label1\" content=\"Tempo estimado de leitura\" \/>\n\t<meta name=\"twitter:data1\" content=\"1 minuto\" \/>\n<script type=\"application\/ld+json\" class=\"yoast-schema-graph\">{\"@context\":\"https:\/\/schema.org\",\"@graph\":[{\"@type\":\"WebPage\",\"@id\":\"https:\/\/www.endo-access.com\/pt-pt\/politica-de-privacidade\/\",\"url\":\"https:\/\/www.endo-access.com\/pt-pt\/politica-de-privacidade\/\",\"name\":\"Pol\u00edtica de privacidade - access\",\"isPartOf\":{\"@id\":\"https:\/\/www.endo-access.com\/pt-pt\/#website\"},\"datePublished\":\"2020-10-20T19:35:42+00:00\",\"breadcrumb\":{\"@id\":\"https:\/\/www.endo-access.com\/pt-pt\/politica-de-privacidade\/#breadcrumb\"},\"inLanguage\":\"pt-PT\",\"potentialAction\":[{\"@type\":\"ReadAction\",\"target\":[\"https:\/\/www.endo-access.com\/pt-pt\/politica-de-privacidade\/\"]}]},{\"@type\":\"BreadcrumbList\",\"@id\":\"https:\/\/www.endo-access.com\/pt-pt\/politica-de-privacidade\/#breadcrumb\",\"itemListElement\":[{\"@type\":\"ListItem\",\"position\":1,\"name\":\"Accueil\",\"item\":\"https:\/\/www.endo-access.com\/pt-pt\/\"},{\"@type\":\"ListItem\",\"position\":2,\"name\":\"Pol\u00edtica de privacidade\"}]},{\"@type\":\"WebSite\",\"@id\":\"https:\/\/www.endo-access.com\/pt-pt\/#website\",\"url\":\"https:\/\/www.endo-access.com\/pt-pt\/\",\"name\":\"access\",\"description\":\"Efficacit\u00e9, Simplicit\u00e9, Rentabilit\u00e9.\",\"publisher\":{\"@id\":\"https:\/\/www.endo-access.com\/pt-pt\/#organization\"},\"potentialAction\":[{\"@type\":\"SearchAction\",\"target\":{\"@type\":\"EntryPoint\",\"urlTemplate\":\"https:\/\/www.endo-access.com\/pt-pt\/?s={search_term_string}\"},\"query-input\":{\"@type\":\"PropertyValueSpecification\",\"valueRequired\":true,\"valueName\":\"search_term_string\"}}],\"inLanguage\":\"pt-PT\"},{\"@type\":\"Organization\",\"@id\":\"https:\/\/www.endo-access.com\/pt-pt\/#organization\",\"name\":\"Access\",\"url\":\"https:\/\/www.endo-access.com\/pt-pt\/\",\"logo\":{\"@type\":\"ImageObject\",\"inLanguage\":\"pt-PT\",\"@id\":\"https:\/\/www.endo-access.com\/pt-pt\/#\/schema\/logo\/image\/\",\"url\":\"https:\/\/www.endo-access.com\/wp-content\/uploads\/logo.png\",\"contentUrl\":\"https:\/\/www.endo-access.com\/wp-content\/uploads\/logo.png\",\"width\":915,\"height\":915,\"caption\":\"Access\"},\"image\":{\"@id\":\"https:\/\/www.endo-access.com\/pt-pt\/#\/schema\/logo\/image\/\"},\"sameAs\":[\"https:\/\/www.facebook.com\/endoaccess\/\",\"https:\/\/www.linkedin.com\/company\/endo-access\/\",\"https:\/\/www.instagram.com\/endoaccess\/\"]}]}<\/script>\n<!-- \/ Yoast SEO plugin. -->","yoast_head_json":{"title":"Pol\u00edtica de privacidade - access","robots":{"index":"index","follow":"follow","max-snippet":"max-snippet:-1","max-image-preview":"max-image-preview:large","max-video-preview":"max-video-preview:-1"},"canonical":"https:\/\/www.endo-access.com\/pt-pt\/politica-de-privacidade\/","og_locale":"pt_PT","og_type":"article","og_title":"Pol\u00edtica de privacidade - access","og_description":"Quem somos? O endere\u00e7o do nosso s\u00edtio Web \u00e9: https:\/\/www.endo-access.com. Utiliza\u00e7\u00e3o dos dados pessoais recolhidos Formul\u00e1rios de contacto As informa\u00e7\u00f5es recolhidas atrav\u00e9s do formul\u00e1rio de contacto servem apenas para melhor responder \u00e0s suas solicita\u00e7\u00f5es. Tais informa\u00e7\u00f5es s\u00e3o apenas enviadas por email \u00e0 empresa e n\u00e3o s\u00e3o conservadas numa base de dados. Cookies Recolhemos informa\u00e7\u00f5es sobre [&hellip;]","og_url":"https:\/\/www.endo-access.com\/pt-pt\/politica-de-privacidade\/","og_site_name":"access","article_publisher":"https:\/\/www.facebook.com\/endoaccess\/","og_image":[{"width":915,"height":915,"url":"https:\/\/www.endo-access.com\/wp-content\/uploads\/logo.png","type":"image\/png"}],"twitter_card":"summary_large_image","twitter_misc":{"Tempo estimado de leitura":"1 minuto"},"schema":{"@context":"https:\/\/schema.org","@graph":[{"@type":"WebPage","@id":"https:\/\/www.endo-access.com\/pt-pt\/politica-de-privacidade\/","url":"https:\/\/www.endo-access.com\/pt-pt\/politica-de-privacidade\/","name":"Pol\u00edtica de privacidade - access","isPartOf":{"@id":"https:\/\/www.endo-access.com\/pt-pt\/#website"},"datePublished":"2020-10-20T19:35:42+00:00","breadcrumb":{"@id":"https:\/\/www.endo-access.com\/pt-pt\/politica-de-privacidade\/#breadcrumb"},"inLanguage":"pt-PT","potentialAction":[{"@type":"ReadAction","target":["https:\/\/www.endo-access.com\/pt-pt\/politica-de-privacidade\/"]}]},{"@type":"BreadcrumbList","@id":"https:\/\/www.endo-access.com\/pt-pt\/politica-de-privacidade\/#breadcrumb","itemListElement":[{"@type":"ListItem","position":1,"name":"Accueil","item":"https:\/\/www.endo-access.com\/pt-pt\/"},{"@type":"ListItem","position":2,"name":"Pol\u00edtica de privacidade"}]},{"@type":"WebSite","@id":"https:\/\/www.endo-access.com\/pt-pt\/#website","url":"https:\/\/www.endo-access.com\/pt-pt\/","name":"access","description":"Efficacit\u00e9, Simplicit\u00e9, Rentabilit\u00e9.","publisher":{"@id":"https:\/\/www.endo-access.com\/pt-pt\/#organization"},"potentialAction":[{"@type":"SearchAction","target":{"@type":"EntryPoint","urlTemplate":"https:\/\/www.endo-access.com\/pt-pt\/?s={search_term_string}"},"query-input":{"@type":"PropertyValueSpecification","valueRequired":true,"valueName":"search_term_string"}}],"inLanguage":"pt-PT"},{"@type":"Organization","@id":"https:\/\/www.endo-access.com\/pt-pt\/#organization","name":"Access","url":"https:\/\/www.endo-access.com\/pt-pt\/","logo":{"@type":"ImageObject","inLanguage":"pt-PT","@id":"https:\/\/www.endo-access.com\/pt-pt\/#\/schema\/logo\/image\/","url":"https:\/\/www.endo-access.com\/wp-content\/uploads\/logo.png","contentUrl":"https:\/\/www.endo-access.com\/wp-content\/uploads\/logo.png","width":915,"height":915,"caption":"Access"},"image":{"@id":"https:\/\/www.endo-access.com\/pt-pt\/#\/schema\/logo\/image\/"},"sameAs":["https:\/\/www.facebook.com\/endoaccess\/","https:\/\/www.linkedin.com\/company\/endo-access\/","https:\/\/www.instagram.com\/endoaccess\/"]}]}},"_links":{"self":[{"href":"https:\/\/www.endo-access.com\/pt-pt\/wp-json\/wp\/v2\/pages\/2493","targetHints":{"allow":["GET"]}}],"collection":[{"href":"https:\/\/www.endo-access.com\/pt-pt\/wp-json\/wp\/v2\/pages"}],"about":[{"href":"https:\/\/www.endo-access.com\/pt-pt\/wp-json\/wp\/v2\/types\/page"}],"author":[{"embeddable":true,"href":"https:\/\/www.endo-access.com\/pt-pt\/wp-json\/wp\/v2\/users\/1"}],"replies":[{"embeddable":true,"href":"https:\/\/www.endo-access.com\/pt-pt\/wp-json\/wp\/v2\/comments?post=2493"}],"version-history":[{"count":1,"href":"https:\/\/www.endo-access.com\/pt-pt\/wp-json\/wp\/v2\/pages\/2493\/revisions"}],"predecessor-version":[{"id":2494,"href":"https:\/\/www.endo-access.com\/pt-pt\/wp-json\/wp\/v2\/pages\/2493\/revisions\/2494"}],"wp:attachment":[{"href":"https:\/\/www.endo-access.com\/pt-pt\/wp-json\/wp\/v2\/media?parent=2493"}],"curies":[{"name":"wp","href":"https:\/\/api.w.org\/{rel}","templated":true}]}}