{"id":2495,"date":"2020-10-20T21:38:23","date_gmt":"2020-10-20T19:38:23","guid":{"rendered":"https:\/\/www.endo-access.com\/?page_id=2495"},"modified":"2020-10-20T21:42:15","modified_gmt":"2020-10-20T19:42:15","slug":"testemunhos","status":"publish","type":"page","link":"https:\/\/www.endo-access.com\/pt-pt\/testemunhos\/","title":{"rendered":"Testemunhos"},"content":{"rendered":"\n<p>Confer\u00eancia Endo de Luxe a pre\u00e7os de desconto organizada pela AFOS<\/p>\n\n\n\n<div class=\"wp-block-columns is-layout-flex wp-container-core-columns-is-layout-9d6595d7 wp-block-columns-is-layout-flex\">\n<div class=\"wp-block-column is-layout-flow wp-block-column-is-layout-flow\">\n<figure class=\"wp-block-pullquote has-background is-style-solid-color\" style=\"background-color:#f2f2f2\"><blockquote class=\"has-text-color has-primary-color\"><p>Conferencista muito interessante! Estamos sempre a aprender segredos e truques para melhorar a pr\u00e1tica di\u00e1ria. Excelente dia.<\/p><cite><strong><strong>Doutor<\/strong> B.<\/strong> 17\/10\/2019.\u00a0<\/cite><\/blockquote><\/figure>\n<\/div>\n\n\n\n<div class=\"wp-block-column is-layout-flow wp-block-column-is-layout-flow\">\n<figure class=\"wp-block-pullquote has-background is-style-solid-color\" style=\"background-color:#f2f2f2\"><blockquote class=\"has-text-color has-primary-color\"><p>Trabalho pr\u00e1tico excelente, muito cativante e ritmado.<\/p><p>Um dia muito bom com o doutor SETBON.<\/p><p>Boa pedagogia e muitos conselhos e truques.<\/p><cite><strong><strong>Doutor<\/strong> L<\/strong>.\u00a030\/01\/2020.<\/cite><\/blockquote><\/figure>\n<\/div>\n<\/div>\n\n\n\n<div class=\"wp-block-columns is-layout-flex wp-container-core-columns-is-layout-9d6595d7 wp-block-columns-is-layout-flex\">\n<div class=\"wp-block-column is-layout-flow wp-block-column-is-layout-flow\">\n<figure class=\"wp-block-pullquote has-background is-style-solid-color\" style=\"background-color:#f2f2f2\"><blockquote><p>Um excelente conferencista. Um desejo irresist\u00edvel de melhorar os meus tratamentos endod\u00f4nticos. Parab\u00e9ns.<\/p><cite><strong>Doutor R<\/strong>. 30\/01\/2020.<\/cite><\/blockquote><\/figure>\n<\/div>\n\n\n\n<div class=\"wp-block-column is-layout-flow wp-block-column-is-layout-flow\">\n<figure class=\"wp-block-pullquote has-background is-style-solid-color\" style=\"background-color:#f2f2f2\"><blockquote><p>Confer\u00eancia<br><span style=\"font-family: inherit; letter-spacing: -0.041785714em; color: inherit;\">muito<\/span><br><span style=\"font-family: inherit; letter-spacing: -0.041785714em; color: inherit;\">did\u00e1tica.<\/span><\/p><p>Excelente.<\/p><p>Confer\u00eancia acess\u00edvel.<\/p><cite><strong><strong>Douto<\/strong>r B<\/strong>. 17\/10\/2019.<\/cite><\/blockquote><\/figure>\n<\/div>\n<\/div>\n","protected":false},"excerpt":{"rendered":"<p>Confer\u00eancia Endo de Luxe a pre\u00e7os de desconto organizada pela AFOS Conferencista muito interessante! Estamos sempre a aprender segredos e truques para melhorar a pr\u00e1tica di\u00e1ria. Excelente dia. Doutor B. 17\/10\/2019.\u00a0 Trabalho pr\u00e1tico excelente, muito cativante e ritmado. Um dia muito bom com o doutor SETBON. Boa pedagogia e muitos conselhos e truques. Doutor L.\u00a030\/01\/2020. [&hellip;]<\/p>\n","protected":false},"author":1,"featured_media":2291,"parent":0,"menu_order":17,"comment_status":"closed","ping_status":"closed","template":"templates\/template-cover.php","meta":{"_acf_changed":false,"footnotes":""},"class_list":["post-2495","page","type-page","status-publish","has-post-thumbnail","hentry"],"acf":[],"yoast_head":"<!-- This site is optimized with the Yoast SEO plugin v27.0 - https:\/\/yoast.com\/product\/yoast-seo-wordpress\/ -->\n<title>Testemunhos - access<\/title>\n<meta name=\"robots\" content=\"index, follow, max-snippet:-1, max-image-preview:large, max-video-preview:-1\" \/>\n<link rel=\"canonical\" href=\"https:\/\/www.endo-access.com\/pt-pt\/testemunhos\/\" \/>\n<meta property=\"og:locale\" content=\"pt_PT\" \/>\n<meta property=\"og:type\" content=\"article\" \/>\n<meta property=\"og:title\" content=\"Testemunhos - access\" \/>\n<meta property=\"og:description\" content=\"Confer\u00eancia Endo de Luxe a pre\u00e7os de desconto organizada pela AFOS Conferencista muito interessante! Estamos sempre a aprender segredos e truques para melhorar a pr\u00e1tica di\u00e1ria. Excelente dia. Doutor B. 17\/10\/2019.\u00a0 Trabalho pr\u00e1tico excelente, muito cativante e ritmado. Um dia muito bom com o doutor SETBON. Boa pedagogia e muitos conselhos e truques. Doutor L.\u00a030\/01\/2020. [&hellip;]\" \/>\n<meta property=\"og:url\" content=\"https:\/\/www.endo-access.com\/pt-pt\/testemunhos\/\" \/>\n<meta property=\"og:site_name\" content=\"access\" \/>\n<meta property=\"article:publisher\" content=\"https:\/\/www.facebook.com\/endoaccess\/\" \/>\n<meta property=\"article:modified_time\" content=\"2020-10-20T19:42:15+00:00\" \/>\n<meta property=\"og:image\" content=\"https:\/\/www.endo-access.com\/wp-content\/uploads\/temoignages-2.png\" \/>\n\t<meta property=\"og:image:width\" content=\"6250\" \/>\n\t<meta property=\"og:image:height\" content=\"1593\" \/>\n\t<meta property=\"og:image:type\" content=\"image\/png\" \/>\n<meta name=\"twitter:card\" content=\"summary_large_image\" \/>\n<script type=\"application\/ld+json\" class=\"yoast-schema-graph\">{\"@context\":\"https:\/\/schema.org\",\"@graph\":[{\"@type\":\"WebPage\",\"@id\":\"https:\/\/www.endo-access.com\/pt-pt\/testemunhos\/\",\"url\":\"https:\/\/www.endo-access.com\/pt-pt\/testemunhos\/\",\"name\":\"Testemunhos - access\",\"isPartOf\":{\"@id\":\"https:\/\/www.endo-access.com\/pt-pt\/#website\"},\"primaryImageOfPage\":{\"@id\":\"https:\/\/www.endo-access.com\/pt-pt\/testemunhos\/#primaryimage\"},\"image\":{\"@id\":\"https:\/\/www.endo-access.com\/pt-pt\/testemunhos\/#primaryimage\"},\"thumbnailUrl\":\"https:\/\/www.endo-access.com\/wp-content\/uploads\/temoignages-2.png\",\"datePublished\":\"2020-10-20T19:38:23+00:00\",\"dateModified\":\"2020-10-20T19:42:15+00:00\",\"breadcrumb\":{\"@id\":\"https:\/\/www.endo-access.com\/pt-pt\/testemunhos\/#breadcrumb\"},\"inLanguage\":\"pt-PT\",\"potentialAction\":[{\"@type\":\"ReadAction\",\"target\":[\"https:\/\/www.endo-access.com\/pt-pt\/testemunhos\/\"]}]},{\"@type\":\"ImageObject\",\"inLanguage\":\"pt-PT\",\"@id\":\"https:\/\/www.endo-access.com\/pt-pt\/testemunhos\/#primaryimage\",\"url\":\"https:\/\/www.endo-access.com\/wp-content\/uploads\/temoignages-2.png\",\"contentUrl\":\"https:\/\/www.endo-access.com\/wp-content\/uploads\/temoignages-2.png\",\"width\":6250,\"height\":1593},{\"@type\":\"BreadcrumbList\",\"@id\":\"https:\/\/www.endo-access.com\/pt-pt\/testemunhos\/#breadcrumb\",\"itemListElement\":[{\"@type\":\"ListItem\",\"position\":1,\"name\":\"Accueil\",\"item\":\"https:\/\/www.endo-access.com\/pt-pt\/\"},{\"@type\":\"ListItem\",\"position\":2,\"name\":\"Testemunhos\"}]},{\"@type\":\"WebSite\",\"@id\":\"https:\/\/www.endo-access.com\/pt-pt\/#website\",\"url\":\"https:\/\/www.endo-access.com\/pt-pt\/\",\"name\":\"access\",\"description\":\"Efficacit\u00e9, Simplicit\u00e9, Rentabilit\u00e9.\",\"publisher\":{\"@id\":\"https:\/\/www.endo-access.com\/pt-pt\/#organization\"},\"potentialAction\":[{\"@type\":\"SearchAction\",\"target\":{\"@type\":\"EntryPoint\",\"urlTemplate\":\"https:\/\/www.endo-access.com\/pt-pt\/?s={search_term_string}\"},\"query-input\":{\"@type\":\"PropertyValueSpecification\",\"valueRequired\":true,\"valueName\":\"search_term_string\"}}],\"inLanguage\":\"pt-PT\"},{\"@type\":\"Organization\",\"@id\":\"https:\/\/www.endo-access.com\/pt-pt\/#organization\",\"name\":\"Access\",\"url\":\"https:\/\/www.endo-access.com\/pt-pt\/\",\"logo\":{\"@type\":\"ImageObject\",\"inLanguage\":\"pt-PT\",\"@id\":\"https:\/\/www.endo-access.com\/pt-pt\/#\/schema\/logo\/image\/\",\"url\":\"https:\/\/www.endo-access.com\/wp-content\/uploads\/logo.png\",\"contentUrl\":\"https:\/\/www.endo-access.com\/wp-content\/uploads\/logo.png\",\"width\":915,\"height\":915,\"caption\":\"Access\"},\"image\":{\"@id\":\"https:\/\/www.endo-access.com\/pt-pt\/#\/schema\/logo\/image\/\"},\"sameAs\":[\"https:\/\/www.facebook.com\/endoaccess\/\",\"https:\/\/www.linkedin.com\/company\/endo-access\/\",\"https:\/\/www.instagram.com\/endoaccess\/\"]}]}<\/script>\n<!-- \/ Yoast SEO plugin. -->","yoast_head_json":{"title":"Testemunhos - access","robots":{"index":"index","follow":"follow","max-snippet":"max-snippet:-1","max-image-preview":"max-image-preview:large","max-video-preview":"max-video-preview:-1"},"canonical":"https:\/\/www.endo-access.com\/pt-pt\/testemunhos\/","og_locale":"pt_PT","og_type":"article","og_title":"Testemunhos - access","og_description":"Confer\u00eancia Endo de Luxe a pre\u00e7os de desconto organizada pela AFOS Conferencista muito interessante! Estamos sempre a aprender segredos e truques para melhorar a pr\u00e1tica di\u00e1ria. Excelente dia. Doutor B. 17\/10\/2019.\u00a0 Trabalho pr\u00e1tico excelente, muito cativante e ritmado. Um dia muito bom com o doutor SETBON. Boa pedagogia e muitos conselhos e truques. Doutor L.\u00a030\/01\/2020. [&hellip;]","og_url":"https:\/\/www.endo-access.com\/pt-pt\/testemunhos\/","og_site_name":"access","article_publisher":"https:\/\/www.facebook.com\/endoaccess\/","article_modified_time":"2020-10-20T19:42:15+00:00","og_image":[{"width":6250,"height":1593,"url":"https:\/\/www.endo-access.com\/wp-content\/uploads\/temoignages-2.png","type":"image\/png"}],"twitter_card":"summary_large_image","schema":{"@context":"https:\/\/schema.org","@graph":[{"@type":"WebPage","@id":"https:\/\/www.endo-access.com\/pt-pt\/testemunhos\/","url":"https:\/\/www.endo-access.com\/pt-pt\/testemunhos\/","name":"Testemunhos - access","isPartOf":{"@id":"https:\/\/www.endo-access.com\/pt-pt\/#website"},"primaryImageOfPage":{"@id":"https:\/\/www.endo-access.com\/pt-pt\/testemunhos\/#primaryimage"},"image":{"@id":"https:\/\/www.endo-access.com\/pt-pt\/testemunhos\/#primaryimage"},"thumbnailUrl":"https:\/\/www.endo-access.com\/wp-content\/uploads\/temoignages-2.png","datePublished":"2020-10-20T19:38:23+00:00","dateModified":"2020-10-20T19:42:15+00:00","breadcrumb":{"@id":"https:\/\/www.endo-access.com\/pt-pt\/testemunhos\/#breadcrumb"},"inLanguage":"pt-PT","potentialAction":[{"@type":"ReadAction","target":["https:\/\/www.endo-access.com\/pt-pt\/testemunhos\/"]}]},{"@type":"ImageObject","inLanguage":"pt-PT","@id":"https:\/\/www.endo-access.com\/pt-pt\/testemunhos\/#primaryimage","url":"https:\/\/www.endo-access.com\/wp-content\/uploads\/temoignages-2.png","contentUrl":"https:\/\/www.endo-access.com\/wp-content\/uploads\/temoignages-2.png","width":6250,"height":1593},{"@type":"BreadcrumbList","@id":"https:\/\/www.endo-access.com\/pt-pt\/testemunhos\/#breadcrumb","itemListElement":[{"@type":"ListItem","position":1,"name":"Accueil","item":"https:\/\/www.endo-access.com\/pt-pt\/"},{"@type":"ListItem","position":2,"name":"Testemunhos"}]},{"@type":"WebSite","@id":"https:\/\/www.endo-access.com\/pt-pt\/#website","url":"https:\/\/www.endo-access.com\/pt-pt\/","name":"access","description":"Efficacit\u00e9, Simplicit\u00e9, Rentabilit\u00e9.","publisher":{"@id":"https:\/\/www.endo-access.com\/pt-pt\/#organization"},"potentialAction":[{"@type":"SearchAction","target":{"@type":"EntryPoint","urlTemplate":"https:\/\/www.endo-access.com\/pt-pt\/?s={search_term_string}"},"query-input":{"@type":"PropertyValueSpecification","valueRequired":true,"valueName":"search_term_string"}}],"inLanguage":"pt-PT"},{"@type":"Organization","@id":"https:\/\/www.endo-access.com\/pt-pt\/#organization","name":"Access","url":"https:\/\/www.endo-access.com\/pt-pt\/","logo":{"@type":"ImageObject","inLanguage":"pt-PT","@id":"https:\/\/www.endo-access.com\/pt-pt\/#\/schema\/logo\/image\/","url":"https:\/\/www.endo-access.com\/wp-content\/uploads\/logo.png","contentUrl":"https:\/\/www.endo-access.com\/wp-content\/uploads\/logo.png","width":915,"height":915,"caption":"Access"},"image":{"@id":"https:\/\/www.endo-access.com\/pt-pt\/#\/schema\/logo\/image\/"},"sameAs":["https:\/\/www.facebook.com\/endoaccess\/","https:\/\/www.linkedin.com\/company\/endo-access\/","https:\/\/www.instagram.com\/endoaccess\/"]}]}},"_links":{"self":[{"href":"https:\/\/www.endo-access.com\/pt-pt\/wp-json\/wp\/v2\/pages\/2495","targetHints":{"allow":["GET"]}}],"collection":[{"href":"https:\/\/www.endo-access.com\/pt-pt\/wp-json\/wp\/v2\/pages"}],"about":[{"href":"https:\/\/www.endo-access.com\/pt-pt\/wp-json\/wp\/v2\/types\/page"}],"author":[{"embeddable":true,"href":"https:\/\/www.endo-access.com\/pt-pt\/wp-json\/wp\/v2\/users\/1"}],"replies":[{"embeddable":true,"href":"https:\/\/www.endo-access.com\/pt-pt\/wp-json\/wp\/v2\/comments?post=2495"}],"version-history":[{"count":11,"href":"https:\/\/www.endo-access.com\/pt-pt\/wp-json\/wp\/v2\/pages\/2495\/revisions"}],"predecessor-version":[{"id":2506,"href":"https:\/\/www.endo-access.com\/pt-pt\/wp-json\/wp\/v2\/pages\/2495\/revisions\/2506"}],"wp:featuredmedia":[{"embeddable":true,"href":"https:\/\/www.endo-access.com\/pt-pt\/wp-json\/wp\/v2\/media\/2291"}],"wp:attachment":[{"href":"https:\/\/www.endo-access.com\/pt-pt\/wp-json\/wp\/v2\/media?parent=2495"}],"curies":[{"name":"wp","href":"https:\/\/api.w.org\/{rel}","templated":true}]}}