{"id":6641,"date":"2023-10-03T15:00:27","date_gmt":"2023-10-03T13:00:27","guid":{"rendered":"https:\/\/www.endo-access.com\/?post_type=product&#038;p=6641"},"modified":"2026-03-05T14:23:51","modified_gmt":"2026-03-05T13:23:51","slug":"insertos-endo","status":"publish","type":"product","link":"https:\/\/www.endo-access.com\/pt-pt\/produto\/insertos-endo\/","title":{"rendered":"INSERTOS ENDO"},"content":{"rendered":"<p>Os insertos endod\u00f4nticos s\u00e3o instrumentos rotativos utilizados no tratamento dos canais radiculares para facilitar a remo\u00e7\u00e3o do tecido pulpar e a prepara\u00e7\u00e3o do espa\u00e7o do canal.<\/p>\n<p>Os insertos endod\u00f4nticos funcionam em conjunto com um raspador.<\/p>\n","protected":false},"excerpt":{"rendered":"<p>Os insertos endod\u00f4nticos s\u00e3o instrumentos rotativos utilizados no tratamento dos canais radiculares para facilitar a remo\u00e7\u00e3o do tecido pulpar e a prepara\u00e7\u00e3o do espa\u00e7o do canal. Os insertos endod\u00f4nticos funcionam em conjunto com um raspador.<\/p>\n","protected":false},"featured_media":7479,"template":"","meta":{"_acf_changed":false},"product_brand":[],"product_cat":[137],"product_tag":[],"class_list":{"0":"post-6641","1":"product","2":"type-product","3":"status-publish","4":"has-post-thumbnail","6":"product_cat-pontas-endo","8":"first","9":"instock","10":"shipping-taxable","11":"product-type-simple"},"acf":[],"yoast_head":"<!-- This site is optimized with the Yoast SEO plugin v27.0 - https:\/\/yoast.com\/product\/yoast-seo-wordpress\/ -->\n<title>INSERTOS ENDO - access<\/title>\n<meta name=\"robots\" content=\"index, follow, max-snippet:-1, max-image-preview:large, max-video-preview:-1\" \/>\n<link rel=\"canonical\" href=\"https:\/\/www.endo-access.com\/pt-pt\/produto\/insertos-endo\/\" \/>\n<meta property=\"og:locale\" content=\"pt_PT\" \/>\n<meta property=\"og:type\" content=\"article\" \/>\n<meta property=\"og:title\" content=\"INSERTOS ENDO - access\" \/>\n<meta property=\"og:description\" content=\"Os insertos endod\u00f4nticos s\u00e3o instrumentos rotativos utilizados no tratamento dos canais radiculares para facilitar a remo\u00e7\u00e3o do tecido pulpar e a prepara\u00e7\u00e3o do espa\u00e7o do canal. Os insertos endod\u00f4nticos funcionam em conjunto com um raspador.\" \/>\n<meta property=\"og:url\" content=\"https:\/\/www.endo-access.com\/pt-pt\/produto\/insertos-endo\/\" \/>\n<meta property=\"og:site_name\" content=\"access\" \/>\n<meta property=\"article:publisher\" content=\"https:\/\/www.facebook.com\/endoaccess\/\" \/>\n<meta property=\"article:modified_time\" content=\"2026-03-05T13:23:51+00:00\" \/>\n<meta property=\"og:image\" content=\"https:\/\/www.endo-access.com\/wp-content\/uploads\/INSERT-ENDO-FOND-BLANC.png\" \/>\n\t<meta property=\"og:image:width\" content=\"1080\" \/>\n\t<meta property=\"og:image:height\" content=\"1080\" \/>\n\t<meta property=\"og:image:type\" content=\"image\/png\" \/>\n<meta name=\"twitter:card\" content=\"summary_large_image\" \/>\n<meta name=\"twitter:label1\" content=\"Tempo estimado de leitura\" \/>\n\t<meta name=\"twitter:data1\" content=\"1 minuto\" \/>\n<script type=\"application\/ld+json\" class=\"yoast-schema-graph\">{\"@context\":\"https:\/\/schema.org\",\"@graph\":[{\"@type\":\"WebPage\",\"@id\":\"https:\/\/www.endo-access.com\/pt-pt\/produto\/insertos-endo\/\",\"url\":\"https:\/\/www.endo-access.com\/pt-pt\/produto\/insertos-endo\/\",\"name\":\"INSERTOS ENDO - access\",\"isPartOf\":{\"@id\":\"https:\/\/www.endo-access.com\/pt-pt\/#website\"},\"primaryImageOfPage\":{\"@id\":\"https:\/\/www.endo-access.com\/pt-pt\/produto\/insertos-endo\/#primaryimage\"},\"image\":{\"@id\":\"https:\/\/www.endo-access.com\/pt-pt\/produto\/insertos-endo\/#primaryimage\"},\"thumbnailUrl\":\"https:\/\/www.endo-access.com\/wp-content\/uploads\/INSERT-ENDO-FOND-BLANC.png\",\"datePublished\":\"2023-10-03T13:00:27+00:00\",\"dateModified\":\"2026-03-05T13:23:51+00:00\",\"breadcrumb\":{\"@id\":\"https:\/\/www.endo-access.com\/pt-pt\/produto\/insertos-endo\/#breadcrumb\"},\"inLanguage\":\"pt-PT\",\"potentialAction\":[{\"@type\":\"ReadAction\",\"target\":[\"https:\/\/www.endo-access.com\/pt-pt\/produto\/insertos-endo\/\"]}]},{\"@type\":\"ImageObject\",\"inLanguage\":\"pt-PT\",\"@id\":\"https:\/\/www.endo-access.com\/pt-pt\/produto\/insertos-endo\/#primaryimage\",\"url\":\"https:\/\/www.endo-access.com\/wp-content\/uploads\/INSERT-ENDO-FOND-BLANC.png\",\"contentUrl\":\"https:\/\/www.endo-access.com\/wp-content\/uploads\/INSERT-ENDO-FOND-BLANC.png\",\"width\":1080,\"height\":1080},{\"@type\":\"BreadcrumbList\",\"@id\":\"https:\/\/www.endo-access.com\/pt-pt\/produto\/insertos-endo\/#breadcrumb\",\"itemListElement\":[{\"@type\":\"ListItem\",\"position\":1,\"name\":\"Accueil\",\"item\":\"https:\/\/www.endo-access.com\/pt-pt\/\"},{\"@type\":\"ListItem\",\"position\":2,\"name\":\"Produtos\",\"item\":\"https:\/\/www.endo-access.com\/pt-pt\/produtos\/\"},{\"@type\":\"ListItem\",\"position\":3,\"name\":\"INSERTOS ENDO\"}]},{\"@type\":\"WebSite\",\"@id\":\"https:\/\/www.endo-access.com\/pt-pt\/#website\",\"url\":\"https:\/\/www.endo-access.com\/pt-pt\/\",\"name\":\"access\",\"description\":\"Efficacit\u00e9, Simplicit\u00e9, Rentabilit\u00e9.\",\"publisher\":{\"@id\":\"https:\/\/www.endo-access.com\/pt-pt\/#organization\"},\"potentialAction\":[{\"@type\":\"SearchAction\",\"target\":{\"@type\":\"EntryPoint\",\"urlTemplate\":\"https:\/\/www.endo-access.com\/pt-pt\/?s={search_term_string}\"},\"query-input\":{\"@type\":\"PropertyValueSpecification\",\"valueRequired\":true,\"valueName\":\"search_term_string\"}}],\"inLanguage\":\"pt-PT\"},{\"@type\":\"Organization\",\"@id\":\"https:\/\/www.endo-access.com\/pt-pt\/#organization\",\"name\":\"Access\",\"url\":\"https:\/\/www.endo-access.com\/pt-pt\/\",\"logo\":{\"@type\":\"ImageObject\",\"inLanguage\":\"pt-PT\",\"@id\":\"https:\/\/www.endo-access.com\/pt-pt\/#\/schema\/logo\/image\/\",\"url\":\"https:\/\/www.endo-access.com\/wp-content\/uploads\/logo.png\",\"contentUrl\":\"https:\/\/www.endo-access.com\/wp-content\/uploads\/logo.png\",\"width\":915,\"height\":915,\"caption\":\"Access\"},\"image\":{\"@id\":\"https:\/\/www.endo-access.com\/pt-pt\/#\/schema\/logo\/image\/\"},\"sameAs\":[\"https:\/\/www.facebook.com\/endoaccess\/\",\"https:\/\/www.linkedin.com\/company\/endo-access\/\",\"https:\/\/www.instagram.com\/endoaccess\/\"]}]}<\/script>\n<!-- \/ Yoast SEO plugin. -->","yoast_head_json":{"title":"INSERTOS ENDO - access","robots":{"index":"index","follow":"follow","max-snippet":"max-snippet:-1","max-image-preview":"max-image-preview:large","max-video-preview":"max-video-preview:-1"},"canonical":"https:\/\/www.endo-access.com\/pt-pt\/produto\/insertos-endo\/","og_locale":"pt_PT","og_type":"article","og_title":"INSERTOS ENDO - access","og_description":"Os insertos endod\u00f4nticos s\u00e3o instrumentos rotativos utilizados no tratamento dos canais radiculares para facilitar a remo\u00e7\u00e3o do tecido pulpar e a prepara\u00e7\u00e3o do espa\u00e7o do canal. Os insertos endod\u00f4nticos funcionam em conjunto com um raspador.","og_url":"https:\/\/www.endo-access.com\/pt-pt\/produto\/insertos-endo\/","og_site_name":"access","article_publisher":"https:\/\/www.facebook.com\/endoaccess\/","article_modified_time":"2026-03-05T13:23:51+00:00","og_image":[{"width":1080,"height":1080,"url":"https:\/\/www.endo-access.com\/wp-content\/uploads\/INSERT-ENDO-FOND-BLANC.png","type":"image\/png"}],"twitter_card":"summary_large_image","twitter_misc":{"Tempo estimado de leitura":"1 minuto"},"schema":{"@context":"https:\/\/schema.org","@graph":[{"@type":"WebPage","@id":"https:\/\/www.endo-access.com\/pt-pt\/produto\/insertos-endo\/","url":"https:\/\/www.endo-access.com\/pt-pt\/produto\/insertos-endo\/","name":"INSERTOS ENDO - access","isPartOf":{"@id":"https:\/\/www.endo-access.com\/pt-pt\/#website"},"primaryImageOfPage":{"@id":"https:\/\/www.endo-access.com\/pt-pt\/produto\/insertos-endo\/#primaryimage"},"image":{"@id":"https:\/\/www.endo-access.com\/pt-pt\/produto\/insertos-endo\/#primaryimage"},"thumbnailUrl":"https:\/\/www.endo-access.com\/wp-content\/uploads\/INSERT-ENDO-FOND-BLANC.png","datePublished":"2023-10-03T13:00:27+00:00","dateModified":"2026-03-05T13:23:51+00:00","breadcrumb":{"@id":"https:\/\/www.endo-access.com\/pt-pt\/produto\/insertos-endo\/#breadcrumb"},"inLanguage":"pt-PT","potentialAction":[{"@type":"ReadAction","target":["https:\/\/www.endo-access.com\/pt-pt\/produto\/insertos-endo\/"]}]},{"@type":"ImageObject","inLanguage":"pt-PT","@id":"https:\/\/www.endo-access.com\/pt-pt\/produto\/insertos-endo\/#primaryimage","url":"https:\/\/www.endo-access.com\/wp-content\/uploads\/INSERT-ENDO-FOND-BLANC.png","contentUrl":"https:\/\/www.endo-access.com\/wp-content\/uploads\/INSERT-ENDO-FOND-BLANC.png","width":1080,"height":1080},{"@type":"BreadcrumbList","@id":"https:\/\/www.endo-access.com\/pt-pt\/produto\/insertos-endo\/#breadcrumb","itemListElement":[{"@type":"ListItem","position":1,"name":"Accueil","item":"https:\/\/www.endo-access.com\/pt-pt\/"},{"@type":"ListItem","position":2,"name":"Produtos","item":"https:\/\/www.endo-access.com\/pt-pt\/produtos\/"},{"@type":"ListItem","position":3,"name":"INSERTOS ENDO"}]},{"@type":"WebSite","@id":"https:\/\/www.endo-access.com\/pt-pt\/#website","url":"https:\/\/www.endo-access.com\/pt-pt\/","name":"access","description":"Efficacit\u00e9, Simplicit\u00e9, Rentabilit\u00e9.","publisher":{"@id":"https:\/\/www.endo-access.com\/pt-pt\/#organization"},"potentialAction":[{"@type":"SearchAction","target":{"@type":"EntryPoint","urlTemplate":"https:\/\/www.endo-access.com\/pt-pt\/?s={search_term_string}"},"query-input":{"@type":"PropertyValueSpecification","valueRequired":true,"valueName":"search_term_string"}}],"inLanguage":"pt-PT"},{"@type":"Organization","@id":"https:\/\/www.endo-access.com\/pt-pt\/#organization","name":"Access","url":"https:\/\/www.endo-access.com\/pt-pt\/","logo":{"@type":"ImageObject","inLanguage":"pt-PT","@id":"https:\/\/www.endo-access.com\/pt-pt\/#\/schema\/logo\/image\/","url":"https:\/\/www.endo-access.com\/wp-content\/uploads\/logo.png","contentUrl":"https:\/\/www.endo-access.com\/wp-content\/uploads\/logo.png","width":915,"height":915,"caption":"Access"},"image":{"@id":"https:\/\/www.endo-access.com\/pt-pt\/#\/schema\/logo\/image\/"},"sameAs":["https:\/\/www.facebook.com\/endoaccess\/","https:\/\/www.linkedin.com\/company\/endo-access\/","https:\/\/www.instagram.com\/endoaccess\/"]}]}},"_links":{"self":[{"href":"https:\/\/www.endo-access.com\/pt-pt\/wp-json\/wp\/v2\/product\/6641","targetHints":{"allow":["GET"]}}],"collection":[{"href":"https:\/\/www.endo-access.com\/pt-pt\/wp-json\/wp\/v2\/product"}],"about":[{"href":"https:\/\/www.endo-access.com\/pt-pt\/wp-json\/wp\/v2\/types\/product"}],"wp:featuredmedia":[{"embeddable":true,"href":"https:\/\/www.endo-access.com\/pt-pt\/wp-json\/wp\/v2\/media\/7479"}],"wp:attachment":[{"href":"https:\/\/www.endo-access.com\/pt-pt\/wp-json\/wp\/v2\/media?parent=6641"}],"wp:term":[{"taxonomy":"product_brand","embeddable":true,"href":"https:\/\/www.endo-access.com\/pt-pt\/wp-json\/wp\/v2\/product_brand?post=6641"},{"taxonomy":"product_cat","embeddable":true,"href":"https:\/\/www.endo-access.com\/pt-pt\/wp-json\/wp\/v2\/product_cat?post=6641"},{"taxonomy":"product_tag","embeddable":true,"href":"https:\/\/www.endo-access.com\/pt-pt\/wp-json\/wp\/v2\/product_tag?post=6641"}],"curies":[{"name":"wp","href":"https:\/\/api.w.org\/{rel}","templated":true}]}}