{"id":7238,"date":"2023-11-21T14:59:18","date_gmt":"2023-11-21T14:43:47","guid":{"rendered":"https:\/\/www.endo-access.com\/?post_type=product&#038;p=7238"},"modified":"2026-03-09T18:09:11","modified_gmt":"2026-03-09T17:09:11","slug":"easy-fill","status":"publish","type":"product","link":"https:\/\/www.endo-access.com\/pt-pt\/produto\/easy-fill\/","title":{"rendered":"EASY FILL"},"content":{"rendered":"<p>Adequado para obtura\u00e7\u00e3o canalicular. \u00c9 usado para injetar guta-percha quente diretamente no canal. Perfeito para a obtura\u00e7\u00e3o dos 2\/3 coron\u00e1rios do canal.<\/p>\n","protected":false},"excerpt":{"rendered":"<p>Adequado para obtura\u00e7\u00e3o canalicular. \u00c9 usado para injetar guta-percha quente diretamente no canal. Perfeito para a obtura\u00e7\u00e3o dos 2\/3 coron\u00e1rios do canal.<\/p>\n","protected":false},"featured_media":7171,"template":"","meta":{"_acf_changed":false},"product_brand":[],"product_cat":[160],"product_tag":[],"class_list":{"0":"post-7238","1":"product","2":"type-product","3":"status-publish","4":"has-post-thumbnail","6":"product_cat-sistema-de-obturador-pt-pt","8":"first","9":"instock","10":"shipping-taxable","11":"product-type-simple"},"acf":[],"yoast_head":"<!-- This site is optimized with the Yoast SEO plugin v27.0 - https:\/\/yoast.com\/product\/yoast-seo-wordpress\/ -->\n<title>EASY FILL - access<\/title>\n<meta name=\"robots\" content=\"index, follow, max-snippet:-1, max-image-preview:large, max-video-preview:-1\" \/>\n<link rel=\"canonical\" href=\"https:\/\/www.endo-access.com\/pt-pt\/produto\/easy-fill\/\" \/>\n<meta property=\"og:locale\" content=\"pt_PT\" \/>\n<meta property=\"og:type\" content=\"article\" \/>\n<meta property=\"og:title\" content=\"EASY FILL - access\" \/>\n<meta property=\"og:description\" content=\"Adequado para obtura\u00e7\u00e3o canalicular. \u00c9 usado para injetar guta-percha quente diretamente no canal. Perfeito para a obtura\u00e7\u00e3o dos 2\/3 coron\u00e1rios do canal.\" \/>\n<meta property=\"og:url\" content=\"https:\/\/www.endo-access.com\/pt-pt\/produto\/easy-fill\/\" \/>\n<meta property=\"og:site_name\" content=\"access\" \/>\n<meta property=\"article:publisher\" content=\"https:\/\/www.facebook.com\/endoaccess\/\" \/>\n<meta property=\"article:modified_time\" content=\"2026-03-09T17:09:11+00:00\" \/>\n<meta property=\"og:image\" content=\"https:\/\/www.endo-access.com\/wp-content\/uploads\/Easy-Fill-ACCESS-ombre-1024x909.png\" \/>\n\t<meta property=\"og:image:width\" content=\"1024\" \/>\n\t<meta property=\"og:image:height\" content=\"909\" \/>\n\t<meta property=\"og:image:type\" content=\"image\/png\" \/>\n<meta name=\"twitter:card\" content=\"summary_large_image\" \/>\n<meta name=\"twitter:label1\" content=\"Tempo estimado de leitura\" \/>\n\t<meta name=\"twitter:data1\" content=\"1 minuto\" \/>\n<script type=\"application\/ld+json\" class=\"yoast-schema-graph\">{\"@context\":\"https:\/\/schema.org\",\"@graph\":[{\"@type\":\"WebPage\",\"@id\":\"https:\/\/www.endo-access.com\/pt-pt\/produto\/easy-fill\/\",\"url\":\"https:\/\/www.endo-access.com\/pt-pt\/produto\/easy-fill\/\",\"name\":\"EASY FILL - access\",\"isPartOf\":{\"@id\":\"https:\/\/www.endo-access.com\/pt-pt\/#website\"},\"primaryImageOfPage\":{\"@id\":\"https:\/\/www.endo-access.com\/pt-pt\/produto\/easy-fill\/#primaryimage\"},\"image\":{\"@id\":\"https:\/\/www.endo-access.com\/pt-pt\/produto\/easy-fill\/#primaryimage\"},\"thumbnailUrl\":\"https:\/\/www.endo-access.com\/wp-content\/uploads\/Easy-Fill-ACCESS-ombre.png\",\"datePublished\":\"2023-11-21T14:43:47+00:00\",\"dateModified\":\"2026-03-09T17:09:11+00:00\",\"breadcrumb\":{\"@id\":\"https:\/\/www.endo-access.com\/pt-pt\/produto\/easy-fill\/#breadcrumb\"},\"inLanguage\":\"pt-PT\",\"potentialAction\":[{\"@type\":\"ReadAction\",\"target\":[\"https:\/\/www.endo-access.com\/pt-pt\/produto\/easy-fill\/\"]}]},{\"@type\":\"ImageObject\",\"inLanguage\":\"pt-PT\",\"@id\":\"https:\/\/www.endo-access.com\/pt-pt\/produto\/easy-fill\/#primaryimage\",\"url\":\"https:\/\/www.endo-access.com\/wp-content\/uploads\/Easy-Fill-ACCESS-ombre.png\",\"contentUrl\":\"https:\/\/www.endo-access.com\/wp-content\/uploads\/Easy-Fill-ACCESS-ombre.png\",\"width\":5988,\"height\":5316},{\"@type\":\"BreadcrumbList\",\"@id\":\"https:\/\/www.endo-access.com\/pt-pt\/produto\/easy-fill\/#breadcrumb\",\"itemListElement\":[{\"@type\":\"ListItem\",\"position\":1,\"name\":\"Accueil\",\"item\":\"https:\/\/www.endo-access.com\/pt-pt\/\"},{\"@type\":\"ListItem\",\"position\":2,\"name\":\"Produtos\",\"item\":\"https:\/\/www.endo-access.com\/pt-pt\/produtos\/\"},{\"@type\":\"ListItem\",\"position\":3,\"name\":\"EASY FILL\"}]},{\"@type\":\"WebSite\",\"@id\":\"https:\/\/www.endo-access.com\/pt-pt\/#website\",\"url\":\"https:\/\/www.endo-access.com\/pt-pt\/\",\"name\":\"access\",\"description\":\"Efficacit\u00e9, Simplicit\u00e9, Rentabilit\u00e9.\",\"publisher\":{\"@id\":\"https:\/\/www.endo-access.com\/pt-pt\/#organization\"},\"potentialAction\":[{\"@type\":\"SearchAction\",\"target\":{\"@type\":\"EntryPoint\",\"urlTemplate\":\"https:\/\/www.endo-access.com\/pt-pt\/?s={search_term_string}\"},\"query-input\":{\"@type\":\"PropertyValueSpecification\",\"valueRequired\":true,\"valueName\":\"search_term_string\"}}],\"inLanguage\":\"pt-PT\"},{\"@type\":\"Organization\",\"@id\":\"https:\/\/www.endo-access.com\/pt-pt\/#organization\",\"name\":\"Access\",\"url\":\"https:\/\/www.endo-access.com\/pt-pt\/\",\"logo\":{\"@type\":\"ImageObject\",\"inLanguage\":\"pt-PT\",\"@id\":\"https:\/\/www.endo-access.com\/pt-pt\/#\/schema\/logo\/image\/\",\"url\":\"https:\/\/www.endo-access.com\/wp-content\/uploads\/logo.png\",\"contentUrl\":\"https:\/\/www.endo-access.com\/wp-content\/uploads\/logo.png\",\"width\":915,\"height\":915,\"caption\":\"Access\"},\"image\":{\"@id\":\"https:\/\/www.endo-access.com\/pt-pt\/#\/schema\/logo\/image\/\"},\"sameAs\":[\"https:\/\/www.facebook.com\/endoaccess\/\",\"https:\/\/www.linkedin.com\/company\/endo-access\/\",\"https:\/\/www.instagram.com\/endoaccess\/\"]}]}<\/script>\n<!-- \/ Yoast SEO plugin. -->","yoast_head_json":{"title":"EASY FILL - access","robots":{"index":"index","follow":"follow","max-snippet":"max-snippet:-1","max-image-preview":"max-image-preview:large","max-video-preview":"max-video-preview:-1"},"canonical":"https:\/\/www.endo-access.com\/pt-pt\/produto\/easy-fill\/","og_locale":"pt_PT","og_type":"article","og_title":"EASY FILL - access","og_description":"Adequado para obtura\u00e7\u00e3o canalicular. \u00c9 usado para injetar guta-percha quente diretamente no canal. Perfeito para a obtura\u00e7\u00e3o dos 2\/3 coron\u00e1rios do canal.","og_url":"https:\/\/www.endo-access.com\/pt-pt\/produto\/easy-fill\/","og_site_name":"access","article_publisher":"https:\/\/www.facebook.com\/endoaccess\/","article_modified_time":"2026-03-09T17:09:11+00:00","og_image":[{"width":1024,"height":909,"url":"https:\/\/www.endo-access.com\/wp-content\/uploads\/Easy-Fill-ACCESS-ombre-1024x909.png","type":"image\/png"}],"twitter_card":"summary_large_image","twitter_misc":{"Tempo estimado de leitura":"1 minuto"},"schema":{"@context":"https:\/\/schema.org","@graph":[{"@type":"WebPage","@id":"https:\/\/www.endo-access.com\/pt-pt\/produto\/easy-fill\/","url":"https:\/\/www.endo-access.com\/pt-pt\/produto\/easy-fill\/","name":"EASY FILL - access","isPartOf":{"@id":"https:\/\/www.endo-access.com\/pt-pt\/#website"},"primaryImageOfPage":{"@id":"https:\/\/www.endo-access.com\/pt-pt\/produto\/easy-fill\/#primaryimage"},"image":{"@id":"https:\/\/www.endo-access.com\/pt-pt\/produto\/easy-fill\/#primaryimage"},"thumbnailUrl":"https:\/\/www.endo-access.com\/wp-content\/uploads\/Easy-Fill-ACCESS-ombre.png","datePublished":"2023-11-21T14:43:47+00:00","dateModified":"2026-03-09T17:09:11+00:00","breadcrumb":{"@id":"https:\/\/www.endo-access.com\/pt-pt\/produto\/easy-fill\/#breadcrumb"},"inLanguage":"pt-PT","potentialAction":[{"@type":"ReadAction","target":["https:\/\/www.endo-access.com\/pt-pt\/produto\/easy-fill\/"]}]},{"@type":"ImageObject","inLanguage":"pt-PT","@id":"https:\/\/www.endo-access.com\/pt-pt\/produto\/easy-fill\/#primaryimage","url":"https:\/\/www.endo-access.com\/wp-content\/uploads\/Easy-Fill-ACCESS-ombre.png","contentUrl":"https:\/\/www.endo-access.com\/wp-content\/uploads\/Easy-Fill-ACCESS-ombre.png","width":5988,"height":5316},{"@type":"BreadcrumbList","@id":"https:\/\/www.endo-access.com\/pt-pt\/produto\/easy-fill\/#breadcrumb","itemListElement":[{"@type":"ListItem","position":1,"name":"Accueil","item":"https:\/\/www.endo-access.com\/pt-pt\/"},{"@type":"ListItem","position":2,"name":"Produtos","item":"https:\/\/www.endo-access.com\/pt-pt\/produtos\/"},{"@type":"ListItem","position":3,"name":"EASY FILL"}]},{"@type":"WebSite","@id":"https:\/\/www.endo-access.com\/pt-pt\/#website","url":"https:\/\/www.endo-access.com\/pt-pt\/","name":"access","description":"Efficacit\u00e9, Simplicit\u00e9, Rentabilit\u00e9.","publisher":{"@id":"https:\/\/www.endo-access.com\/pt-pt\/#organization"},"potentialAction":[{"@type":"SearchAction","target":{"@type":"EntryPoint","urlTemplate":"https:\/\/www.endo-access.com\/pt-pt\/?s={search_term_string}"},"query-input":{"@type":"PropertyValueSpecification","valueRequired":true,"valueName":"search_term_string"}}],"inLanguage":"pt-PT"},{"@type":"Organization","@id":"https:\/\/www.endo-access.com\/pt-pt\/#organization","name":"Access","url":"https:\/\/www.endo-access.com\/pt-pt\/","logo":{"@type":"ImageObject","inLanguage":"pt-PT","@id":"https:\/\/www.endo-access.com\/pt-pt\/#\/schema\/logo\/image\/","url":"https:\/\/www.endo-access.com\/wp-content\/uploads\/logo.png","contentUrl":"https:\/\/www.endo-access.com\/wp-content\/uploads\/logo.png","width":915,"height":915,"caption":"Access"},"image":{"@id":"https:\/\/www.endo-access.com\/pt-pt\/#\/schema\/logo\/image\/"},"sameAs":["https:\/\/www.facebook.com\/endoaccess\/","https:\/\/www.linkedin.com\/company\/endo-access\/","https:\/\/www.instagram.com\/endoaccess\/"]}]}},"_links":{"self":[{"href":"https:\/\/www.endo-access.com\/pt-pt\/wp-json\/wp\/v2\/product\/7238","targetHints":{"allow":["GET"]}}],"collection":[{"href":"https:\/\/www.endo-access.com\/pt-pt\/wp-json\/wp\/v2\/product"}],"about":[{"href":"https:\/\/www.endo-access.com\/pt-pt\/wp-json\/wp\/v2\/types\/product"}],"wp:featuredmedia":[{"embeddable":true,"href":"https:\/\/www.endo-access.com\/pt-pt\/wp-json\/wp\/v2\/media\/7171"}],"wp:attachment":[{"href":"https:\/\/www.endo-access.com\/pt-pt\/wp-json\/wp\/v2\/media?parent=7238"}],"wp:term":[{"taxonomy":"product_brand","embeddable":true,"href":"https:\/\/www.endo-access.com\/pt-pt\/wp-json\/wp\/v2\/product_brand?post=7238"},{"taxonomy":"product_cat","embeddable":true,"href":"https:\/\/www.endo-access.com\/pt-pt\/wp-json\/wp\/v2\/product_cat?post=7238"},{"taxonomy":"product_tag","embeddable":true,"href":"https:\/\/www.endo-access.com\/pt-pt\/wp-json\/wp\/v2\/product_tag?post=7238"}],"curies":[{"name":"wp","href":"https:\/\/api.w.org\/{rel}","templated":true}]}}