{"id":7259,"date":"2023-11-22T10:11:11","date_gmt":"2023-11-22T09:42:19","guid":{"rendered":"https:\/\/www.endo-access.com\/?post_type=product&#038;p=7259"},"modified":"2025-04-30T10:22:15","modified_gmt":"2025-04-30T08:22:15","slug":"sequencer","status":"publish","type":"product","link":"https:\/\/www.endo-access.com\/pt-pt\/produto\/sequencer\/","title":{"rendered":"SEQUENCER"},"content":{"rendered":"<p><strong>Sequenciador endod\u00f4ntico com 8 perfura\u00e7\u00f5es e 2 r\u00e9guas graduadas<\/strong>, para esterilizar, armazenar e suportar uma sequ\u00eancia de instrumentos endod\u00f4nticos:<br \/>\n&#8211; Fechado, o sequenciador \u00e9 utilizado para esterilizar e armazenar instrumentos endod\u00f4nticos.<br \/>\n&#8211; Aberto, o sequenciador serve de suporte para facilitar a pega dos instrumentos<\/p>\n","protected":false},"excerpt":{"rendered":"<p>Sequenciador endod\u00f4ntico com 8 perfura\u00e7\u00f5es e 2 r\u00e9guas graduadas, para esterilizar, armazenar e suportar uma sequ\u00eancia de instrumentos endod\u00f4nticos: &#8211; Fechado, o sequenciador \u00e9 utilizado para esterilizar e armazenar instrumentos endod\u00f4nticos. &#8211; Aberto, o sequenciador serve de suporte para facilitar a pega dos instrumentos<\/p>\n","protected":false},"featured_media":7248,"template":"","meta":{"_acf_changed":false},"product_brand":[],"product_cat":[78],"product_tag":[],"class_list":{"0":"post-7259","1":"product","2":"type-product","3":"status-publish","4":"has-post-thumbnail","6":"product_cat-acessorios","8":"first","9":"instock","10":"shipping-taxable","11":"product-type-simple"},"acf":[],"yoast_head":"<!-- This site is optimized with the Yoast SEO plugin v27.0 - https:\/\/yoast.com\/product\/yoast-seo-wordpress\/ -->\n<title>SEQUENCER - access<\/title>\n<meta name=\"robots\" content=\"index, follow, max-snippet:-1, max-image-preview:large, max-video-preview:-1\" \/>\n<link rel=\"canonical\" href=\"https:\/\/www.endo-access.com\/pt-pt\/produto\/sequencer\/\" \/>\n<meta property=\"og:locale\" content=\"pt_PT\" \/>\n<meta property=\"og:type\" content=\"article\" \/>\n<meta property=\"og:title\" content=\"SEQUENCER - access\" \/>\n<meta property=\"og:description\" content=\"Sequenciador endod\u00f4ntico com 8 perfura\u00e7\u00f5es e 2 r\u00e9guas graduadas, para esterilizar, armazenar e suportar uma sequ\u00eancia de instrumentos endod\u00f4nticos: &#8211; Fechado, o sequenciador \u00e9 utilizado para esterilizar e armazenar instrumentos endod\u00f4nticos. &#8211; Aberto, o sequenciador serve de suporte para facilitar a pega dos instrumentos\" \/>\n<meta property=\"og:url\" content=\"https:\/\/www.endo-access.com\/pt-pt\/produto\/sequencer\/\" \/>\n<meta property=\"og:site_name\" content=\"access\" \/>\n<meta property=\"article:publisher\" content=\"https:\/\/www.facebook.com\/endoaccess\/\" \/>\n<meta property=\"article:modified_time\" content=\"2025-04-30T08:22:15+00:00\" \/>\n<meta property=\"og:image\" content=\"https:\/\/www.endo-access.com\/wp-content\/uploads\/sequenceur-ouvert-6-limes.jpg\" \/>\n\t<meta property=\"og:image:width\" content=\"1417\" \/>\n\t<meta property=\"og:image:height\" content=\"941\" \/>\n\t<meta property=\"og:image:type\" content=\"image\/jpeg\" \/>\n<meta name=\"twitter:card\" content=\"summary_large_image\" \/>\n<meta name=\"twitter:label1\" content=\"Tempo estimado de leitura\" \/>\n\t<meta name=\"twitter:data1\" content=\"1 minuto\" \/>\n<script type=\"application\/ld+json\" class=\"yoast-schema-graph\">{\"@context\":\"https:\/\/schema.org\",\"@graph\":[{\"@type\":\"WebPage\",\"@id\":\"https:\/\/www.endo-access.com\/pt-pt\/produto\/sequencer\/\",\"url\":\"https:\/\/www.endo-access.com\/pt-pt\/produto\/sequencer\/\",\"name\":\"SEQUENCER - access\",\"isPartOf\":{\"@id\":\"https:\/\/www.endo-access.com\/pt-pt\/#website\"},\"primaryImageOfPage\":{\"@id\":\"https:\/\/www.endo-access.com\/pt-pt\/produto\/sequencer\/#primaryimage\"},\"image\":{\"@id\":\"https:\/\/www.endo-access.com\/pt-pt\/produto\/sequencer\/#primaryimage\"},\"thumbnailUrl\":\"https:\/\/www.endo-access.com\/wp-content\/uploads\/sequenceur-ouvert-6-limes.jpg\",\"datePublished\":\"2023-11-22T09:42:19+00:00\",\"dateModified\":\"2025-04-30T08:22:15+00:00\",\"breadcrumb\":{\"@id\":\"https:\/\/www.endo-access.com\/pt-pt\/produto\/sequencer\/#breadcrumb\"},\"inLanguage\":\"pt-PT\",\"potentialAction\":[{\"@type\":\"ReadAction\",\"target\":[\"https:\/\/www.endo-access.com\/pt-pt\/produto\/sequencer\/\"]}]},{\"@type\":\"ImageObject\",\"inLanguage\":\"pt-PT\",\"@id\":\"https:\/\/www.endo-access.com\/pt-pt\/produto\/sequencer\/#primaryimage\",\"url\":\"https:\/\/www.endo-access.com\/wp-content\/uploads\/sequenceur-ouvert-6-limes.jpg\",\"contentUrl\":\"https:\/\/www.endo-access.com\/wp-content\/uploads\/sequenceur-ouvert-6-limes.jpg\",\"width\":1417,\"height\":941},{\"@type\":\"BreadcrumbList\",\"@id\":\"https:\/\/www.endo-access.com\/pt-pt\/produto\/sequencer\/#breadcrumb\",\"itemListElement\":[{\"@type\":\"ListItem\",\"position\":1,\"name\":\"Accueil\",\"item\":\"https:\/\/www.endo-access.com\/pt-pt\/\"},{\"@type\":\"ListItem\",\"position\":2,\"name\":\"Produtos\",\"item\":\"https:\/\/www.endo-access.com\/pt-pt\/produtos\/\"},{\"@type\":\"ListItem\",\"position\":3,\"name\":\"SEQUENCER\"}]},{\"@type\":\"WebSite\",\"@id\":\"https:\/\/www.endo-access.com\/pt-pt\/#website\",\"url\":\"https:\/\/www.endo-access.com\/pt-pt\/\",\"name\":\"access\",\"description\":\"Efficacit\u00e9, Simplicit\u00e9, Rentabilit\u00e9.\",\"publisher\":{\"@id\":\"https:\/\/www.endo-access.com\/pt-pt\/#organization\"},\"potentialAction\":[{\"@type\":\"SearchAction\",\"target\":{\"@type\":\"EntryPoint\",\"urlTemplate\":\"https:\/\/www.endo-access.com\/pt-pt\/?s={search_term_string}\"},\"query-input\":{\"@type\":\"PropertyValueSpecification\",\"valueRequired\":true,\"valueName\":\"search_term_string\"}}],\"inLanguage\":\"pt-PT\"},{\"@type\":\"Organization\",\"@id\":\"https:\/\/www.endo-access.com\/pt-pt\/#organization\",\"name\":\"Access\",\"url\":\"https:\/\/www.endo-access.com\/pt-pt\/\",\"logo\":{\"@type\":\"ImageObject\",\"inLanguage\":\"pt-PT\",\"@id\":\"https:\/\/www.endo-access.com\/pt-pt\/#\/schema\/logo\/image\/\",\"url\":\"https:\/\/www.endo-access.com\/wp-content\/uploads\/logo.png\",\"contentUrl\":\"https:\/\/www.endo-access.com\/wp-content\/uploads\/logo.png\",\"width\":915,\"height\":915,\"caption\":\"Access\"},\"image\":{\"@id\":\"https:\/\/www.endo-access.com\/pt-pt\/#\/schema\/logo\/image\/\"},\"sameAs\":[\"https:\/\/www.facebook.com\/endoaccess\/\",\"https:\/\/www.linkedin.com\/company\/endo-access\/\",\"https:\/\/www.instagram.com\/endoaccess\/\"]}]}<\/script>\n<!-- \/ Yoast SEO plugin. -->","yoast_head_json":{"title":"SEQUENCER - access","robots":{"index":"index","follow":"follow","max-snippet":"max-snippet:-1","max-image-preview":"max-image-preview:large","max-video-preview":"max-video-preview:-1"},"canonical":"https:\/\/www.endo-access.com\/pt-pt\/produto\/sequencer\/","og_locale":"pt_PT","og_type":"article","og_title":"SEQUENCER - access","og_description":"Sequenciador endod\u00f4ntico com 8 perfura\u00e7\u00f5es e 2 r\u00e9guas graduadas, para esterilizar, armazenar e suportar uma sequ\u00eancia de instrumentos endod\u00f4nticos: &#8211; Fechado, o sequenciador \u00e9 utilizado para esterilizar e armazenar instrumentos endod\u00f4nticos. &#8211; Aberto, o sequenciador serve de suporte para facilitar a pega dos instrumentos","og_url":"https:\/\/www.endo-access.com\/pt-pt\/produto\/sequencer\/","og_site_name":"access","article_publisher":"https:\/\/www.facebook.com\/endoaccess\/","article_modified_time":"2025-04-30T08:22:15+00:00","og_image":[{"width":1417,"height":941,"url":"https:\/\/www.endo-access.com\/wp-content\/uploads\/sequenceur-ouvert-6-limes.jpg","type":"image\/jpeg"}],"twitter_card":"summary_large_image","twitter_misc":{"Tempo estimado de leitura":"1 minuto"},"schema":{"@context":"https:\/\/schema.org","@graph":[{"@type":"WebPage","@id":"https:\/\/www.endo-access.com\/pt-pt\/produto\/sequencer\/","url":"https:\/\/www.endo-access.com\/pt-pt\/produto\/sequencer\/","name":"SEQUENCER - access","isPartOf":{"@id":"https:\/\/www.endo-access.com\/pt-pt\/#website"},"primaryImageOfPage":{"@id":"https:\/\/www.endo-access.com\/pt-pt\/produto\/sequencer\/#primaryimage"},"image":{"@id":"https:\/\/www.endo-access.com\/pt-pt\/produto\/sequencer\/#primaryimage"},"thumbnailUrl":"https:\/\/www.endo-access.com\/wp-content\/uploads\/sequenceur-ouvert-6-limes.jpg","datePublished":"2023-11-22T09:42:19+00:00","dateModified":"2025-04-30T08:22:15+00:00","breadcrumb":{"@id":"https:\/\/www.endo-access.com\/pt-pt\/produto\/sequencer\/#breadcrumb"},"inLanguage":"pt-PT","potentialAction":[{"@type":"ReadAction","target":["https:\/\/www.endo-access.com\/pt-pt\/produto\/sequencer\/"]}]},{"@type":"ImageObject","inLanguage":"pt-PT","@id":"https:\/\/www.endo-access.com\/pt-pt\/produto\/sequencer\/#primaryimage","url":"https:\/\/www.endo-access.com\/wp-content\/uploads\/sequenceur-ouvert-6-limes.jpg","contentUrl":"https:\/\/www.endo-access.com\/wp-content\/uploads\/sequenceur-ouvert-6-limes.jpg","width":1417,"height":941},{"@type":"BreadcrumbList","@id":"https:\/\/www.endo-access.com\/pt-pt\/produto\/sequencer\/#breadcrumb","itemListElement":[{"@type":"ListItem","position":1,"name":"Accueil","item":"https:\/\/www.endo-access.com\/pt-pt\/"},{"@type":"ListItem","position":2,"name":"Produtos","item":"https:\/\/www.endo-access.com\/pt-pt\/produtos\/"},{"@type":"ListItem","position":3,"name":"SEQUENCER"}]},{"@type":"WebSite","@id":"https:\/\/www.endo-access.com\/pt-pt\/#website","url":"https:\/\/www.endo-access.com\/pt-pt\/","name":"access","description":"Efficacit\u00e9, Simplicit\u00e9, Rentabilit\u00e9.","publisher":{"@id":"https:\/\/www.endo-access.com\/pt-pt\/#organization"},"potentialAction":[{"@type":"SearchAction","target":{"@type":"EntryPoint","urlTemplate":"https:\/\/www.endo-access.com\/pt-pt\/?s={search_term_string}"},"query-input":{"@type":"PropertyValueSpecification","valueRequired":true,"valueName":"search_term_string"}}],"inLanguage":"pt-PT"},{"@type":"Organization","@id":"https:\/\/www.endo-access.com\/pt-pt\/#organization","name":"Access","url":"https:\/\/www.endo-access.com\/pt-pt\/","logo":{"@type":"ImageObject","inLanguage":"pt-PT","@id":"https:\/\/www.endo-access.com\/pt-pt\/#\/schema\/logo\/image\/","url":"https:\/\/www.endo-access.com\/wp-content\/uploads\/logo.png","contentUrl":"https:\/\/www.endo-access.com\/wp-content\/uploads\/logo.png","width":915,"height":915,"caption":"Access"},"image":{"@id":"https:\/\/www.endo-access.com\/pt-pt\/#\/schema\/logo\/image\/"},"sameAs":["https:\/\/www.facebook.com\/endoaccess\/","https:\/\/www.linkedin.com\/company\/endo-access\/","https:\/\/www.instagram.com\/endoaccess\/"]}]}},"_links":{"self":[{"href":"https:\/\/www.endo-access.com\/pt-pt\/wp-json\/wp\/v2\/product\/7259","targetHints":{"allow":["GET"]}}],"collection":[{"href":"https:\/\/www.endo-access.com\/pt-pt\/wp-json\/wp\/v2\/product"}],"about":[{"href":"https:\/\/www.endo-access.com\/pt-pt\/wp-json\/wp\/v2\/types\/product"}],"wp:featuredmedia":[{"embeddable":true,"href":"https:\/\/www.endo-access.com\/pt-pt\/wp-json\/wp\/v2\/media\/7248"}],"wp:attachment":[{"href":"https:\/\/www.endo-access.com\/pt-pt\/wp-json\/wp\/v2\/media?parent=7259"}],"wp:term":[{"taxonomy":"product_brand","embeddable":true,"href":"https:\/\/www.endo-access.com\/pt-pt\/wp-json\/wp\/v2\/product_brand?post=7259"},{"taxonomy":"product_cat","embeddable":true,"href":"https:\/\/www.endo-access.com\/pt-pt\/wp-json\/wp\/v2\/product_cat?post=7259"},{"taxonomy":"product_tag","embeddable":true,"href":"https:\/\/www.endo-access.com\/pt-pt\/wp-json\/wp\/v2\/product_tag?post=7259"}],"curies":[{"name":"wp","href":"https:\/\/api.w.org\/{rel}","templated":true}]}}