{"id":9408,"date":"2026-02-19T10:28:48","date_gmt":"2026-02-19T09:28:48","guid":{"rendered":"https:\/\/www.endo-access.com\/?post_type=product&#038;p=9408"},"modified":"2026-02-19T10:29:49","modified_gmt":"2026-02-19T09:29:49","slug":"gutta-percha-condensers","status":"publish","type":"product","link":"https:\/\/www.endo-access.com\/pt-pt\/produto\/gutta-percha-condensers\/","title":{"rendered":"GUTTA-PERCHA CONDENSERS"},"content":{"rendered":"<p><strong>Instrumento de compacta\u00e7\u00e3o mecanizado para obtura\u00e7\u00e3o a quente,<\/strong> utilizado no interior do canal radicular ap\u00f3s a prepara\u00e7\u00e3o, limpeza e desinfe\u00e7\u00e3o.<\/p>\n<p>O <strong>termocompressor<\/strong> permite empurrar a guta-percha, a sua rota\u00e7\u00e3o plastifica-a com o calor da fric\u00e7\u00e3o, fluidifica-a e efetua a sua condensa\u00e7\u00e3o.<\/p>\n","protected":false},"excerpt":{"rendered":"<p>Instrumento de compacta\u00e7\u00e3o mecanizado para obtura\u00e7\u00e3o a quente, utilizado no interior do canal radicular ap\u00f3s a prepara\u00e7\u00e3o, limpeza e desinfe\u00e7\u00e3o. O termocompressor permite empurrar a guta-percha, a sua rota\u00e7\u00e3o plastifica-a com o calor da fric\u00e7\u00e3o, fluidifica-a e efetua a sua condensa\u00e7\u00e3o.<\/p>\n","protected":false},"featured_media":9397,"template":"","meta":{"_acf_changed":false},"product_brand":[],"product_cat":[160],"product_tag":[],"class_list":{"0":"post-9408","1":"product","2":"type-product","3":"status-publish","4":"has-post-thumbnail","6":"product_cat-sistema-de-obturador-pt-pt","8":"first","9":"instock","10":"shipping-taxable","11":"product-type-simple"},"acf":[],"yoast_head":"<!-- This site is optimized with the Yoast SEO plugin v27.0 - https:\/\/yoast.com\/product\/yoast-seo-wordpress\/ -->\n<title>GUTTA-PERCHA CONDENSERS - access<\/title>\n<meta name=\"robots\" content=\"index, follow, max-snippet:-1, max-image-preview:large, max-video-preview:-1\" \/>\n<link rel=\"canonical\" href=\"https:\/\/www.endo-access.com\/pt-pt\/produto\/gutta-percha-condensers\/\" \/>\n<meta property=\"og:locale\" content=\"pt_PT\" \/>\n<meta property=\"og:type\" content=\"article\" \/>\n<meta property=\"og:title\" content=\"GUTTA-PERCHA CONDENSERS - access\" \/>\n<meta property=\"og:description\" content=\"Instrumento de compacta\u00e7\u00e3o mecanizado para obtura\u00e7\u00e3o a quente, utilizado no interior do canal radicular ap\u00f3s a prepara\u00e7\u00e3o, limpeza e desinfe\u00e7\u00e3o. O termocompressor permite empurrar a guta-percha, a sua rota\u00e7\u00e3o plastifica-a com o calor da fric\u00e7\u00e3o, fluidifica-a e efetua a sua condensa\u00e7\u00e3o.\" \/>\n<meta property=\"og:url\" content=\"https:\/\/www.endo-access.com\/pt-pt\/produto\/gutta-percha-condensers\/\" \/>\n<meta property=\"og:site_name\" content=\"access\" \/>\n<meta property=\"article:publisher\" content=\"https:\/\/www.facebook.com\/endoaccess\/\" \/>\n<meta property=\"article:modified_time\" content=\"2026-02-19T09:29:49+00:00\" \/>\n<meta property=\"og:image\" content=\"https:\/\/www.endo-access.com\/wp-content\/uploads\/Gutta-percha_condensers_ACCESS-png.png\" \/>\n\t<meta property=\"og:image:width\" content=\"310\" \/>\n\t<meta property=\"og:image:height\" content=\"212\" \/>\n\t<meta property=\"og:image:type\" content=\"image\/png\" \/>\n<meta name=\"twitter:card\" content=\"summary_large_image\" \/>\n<meta name=\"twitter:label1\" content=\"Tempo estimado de leitura\" \/>\n\t<meta name=\"twitter:data1\" content=\"1 minuto\" \/>\n<script type=\"application\/ld+json\" class=\"yoast-schema-graph\">{\"@context\":\"https:\/\/schema.org\",\"@graph\":[{\"@type\":\"WebPage\",\"@id\":\"https:\/\/www.endo-access.com\/pt-pt\/produto\/gutta-percha-condensers\/\",\"url\":\"https:\/\/www.endo-access.com\/pt-pt\/produto\/gutta-percha-condensers\/\",\"name\":\"GUTTA-PERCHA CONDENSERS - access\",\"isPartOf\":{\"@id\":\"https:\/\/www.endo-access.com\/pt-pt\/#website\"},\"primaryImageOfPage\":{\"@id\":\"https:\/\/www.endo-access.com\/pt-pt\/produto\/gutta-percha-condensers\/#primaryimage\"},\"image\":{\"@id\":\"https:\/\/www.endo-access.com\/pt-pt\/produto\/gutta-percha-condensers\/#primaryimage\"},\"thumbnailUrl\":\"https:\/\/www.endo-access.com\/wp-content\/uploads\/Gutta-percha_condensers_ACCESS-png.png\",\"datePublished\":\"2026-02-19T09:28:48+00:00\",\"dateModified\":\"2026-02-19T09:29:49+00:00\",\"breadcrumb\":{\"@id\":\"https:\/\/www.endo-access.com\/pt-pt\/produto\/gutta-percha-condensers\/#breadcrumb\"},\"inLanguage\":\"pt-PT\",\"potentialAction\":[{\"@type\":\"ReadAction\",\"target\":[\"https:\/\/www.endo-access.com\/pt-pt\/produto\/gutta-percha-condensers\/\"]}]},{\"@type\":\"ImageObject\",\"inLanguage\":\"pt-PT\",\"@id\":\"https:\/\/www.endo-access.com\/pt-pt\/produto\/gutta-percha-condensers\/#primaryimage\",\"url\":\"https:\/\/www.endo-access.com\/wp-content\/uploads\/Gutta-percha_condensers_ACCESS-png.png\",\"contentUrl\":\"https:\/\/www.endo-access.com\/wp-content\/uploads\/Gutta-percha_condensers_ACCESS-png.png\",\"width\":310,\"height\":212},{\"@type\":\"BreadcrumbList\",\"@id\":\"https:\/\/www.endo-access.com\/pt-pt\/produto\/gutta-percha-condensers\/#breadcrumb\",\"itemListElement\":[{\"@type\":\"ListItem\",\"position\":1,\"name\":\"Accueil\",\"item\":\"https:\/\/www.endo-access.com\/pt-pt\/\"},{\"@type\":\"ListItem\",\"position\":2,\"name\":\"Produtos\",\"item\":\"https:\/\/www.endo-access.com\/pt-pt\/produtos\/\"},{\"@type\":\"ListItem\",\"position\":3,\"name\":\"GUTTA-PERCHA CONDENSERS\"}]},{\"@type\":\"WebSite\",\"@id\":\"https:\/\/www.endo-access.com\/pt-pt\/#website\",\"url\":\"https:\/\/www.endo-access.com\/pt-pt\/\",\"name\":\"access\",\"description\":\"Efficacit\u00e9, Simplicit\u00e9, Rentabilit\u00e9.\",\"publisher\":{\"@id\":\"https:\/\/www.endo-access.com\/pt-pt\/#organization\"},\"potentialAction\":[{\"@type\":\"SearchAction\",\"target\":{\"@type\":\"EntryPoint\",\"urlTemplate\":\"https:\/\/www.endo-access.com\/pt-pt\/?s={search_term_string}\"},\"query-input\":{\"@type\":\"PropertyValueSpecification\",\"valueRequired\":true,\"valueName\":\"search_term_string\"}}],\"inLanguage\":\"pt-PT\"},{\"@type\":\"Organization\",\"@id\":\"https:\/\/www.endo-access.com\/pt-pt\/#organization\",\"name\":\"Access\",\"url\":\"https:\/\/www.endo-access.com\/pt-pt\/\",\"logo\":{\"@type\":\"ImageObject\",\"inLanguage\":\"pt-PT\",\"@id\":\"https:\/\/www.endo-access.com\/pt-pt\/#\/schema\/logo\/image\/\",\"url\":\"https:\/\/www.endo-access.com\/wp-content\/uploads\/logo.png\",\"contentUrl\":\"https:\/\/www.endo-access.com\/wp-content\/uploads\/logo.png\",\"width\":915,\"height\":915,\"caption\":\"Access\"},\"image\":{\"@id\":\"https:\/\/www.endo-access.com\/pt-pt\/#\/schema\/logo\/image\/\"},\"sameAs\":[\"https:\/\/www.facebook.com\/endoaccess\/\",\"https:\/\/www.linkedin.com\/company\/endo-access\/\",\"https:\/\/www.instagram.com\/endoaccess\/\"]}]}<\/script>\n<!-- \/ Yoast SEO plugin. -->","yoast_head_json":{"title":"GUTTA-PERCHA CONDENSERS - access","robots":{"index":"index","follow":"follow","max-snippet":"max-snippet:-1","max-image-preview":"max-image-preview:large","max-video-preview":"max-video-preview:-1"},"canonical":"https:\/\/www.endo-access.com\/pt-pt\/produto\/gutta-percha-condensers\/","og_locale":"pt_PT","og_type":"article","og_title":"GUTTA-PERCHA CONDENSERS - access","og_description":"Instrumento de compacta\u00e7\u00e3o mecanizado para obtura\u00e7\u00e3o a quente, utilizado no interior do canal radicular ap\u00f3s a prepara\u00e7\u00e3o, limpeza e desinfe\u00e7\u00e3o. O termocompressor permite empurrar a guta-percha, a sua rota\u00e7\u00e3o plastifica-a com o calor da fric\u00e7\u00e3o, fluidifica-a e efetua a sua condensa\u00e7\u00e3o.","og_url":"https:\/\/www.endo-access.com\/pt-pt\/produto\/gutta-percha-condensers\/","og_site_name":"access","article_publisher":"https:\/\/www.facebook.com\/endoaccess\/","article_modified_time":"2026-02-19T09:29:49+00:00","og_image":[{"width":310,"height":212,"url":"https:\/\/www.endo-access.com\/wp-content\/uploads\/Gutta-percha_condensers_ACCESS-png.png","type":"image\/png"}],"twitter_card":"summary_large_image","twitter_misc":{"Tempo estimado de leitura":"1 minuto"},"schema":{"@context":"https:\/\/schema.org","@graph":[{"@type":"WebPage","@id":"https:\/\/www.endo-access.com\/pt-pt\/produto\/gutta-percha-condensers\/","url":"https:\/\/www.endo-access.com\/pt-pt\/produto\/gutta-percha-condensers\/","name":"GUTTA-PERCHA CONDENSERS - access","isPartOf":{"@id":"https:\/\/www.endo-access.com\/pt-pt\/#website"},"primaryImageOfPage":{"@id":"https:\/\/www.endo-access.com\/pt-pt\/produto\/gutta-percha-condensers\/#primaryimage"},"image":{"@id":"https:\/\/www.endo-access.com\/pt-pt\/produto\/gutta-percha-condensers\/#primaryimage"},"thumbnailUrl":"https:\/\/www.endo-access.com\/wp-content\/uploads\/Gutta-percha_condensers_ACCESS-png.png","datePublished":"2026-02-19T09:28:48+00:00","dateModified":"2026-02-19T09:29:49+00:00","breadcrumb":{"@id":"https:\/\/www.endo-access.com\/pt-pt\/produto\/gutta-percha-condensers\/#breadcrumb"},"inLanguage":"pt-PT","potentialAction":[{"@type":"ReadAction","target":["https:\/\/www.endo-access.com\/pt-pt\/produto\/gutta-percha-condensers\/"]}]},{"@type":"ImageObject","inLanguage":"pt-PT","@id":"https:\/\/www.endo-access.com\/pt-pt\/produto\/gutta-percha-condensers\/#primaryimage","url":"https:\/\/www.endo-access.com\/wp-content\/uploads\/Gutta-percha_condensers_ACCESS-png.png","contentUrl":"https:\/\/www.endo-access.com\/wp-content\/uploads\/Gutta-percha_condensers_ACCESS-png.png","width":310,"height":212},{"@type":"BreadcrumbList","@id":"https:\/\/www.endo-access.com\/pt-pt\/produto\/gutta-percha-condensers\/#breadcrumb","itemListElement":[{"@type":"ListItem","position":1,"name":"Accueil","item":"https:\/\/www.endo-access.com\/pt-pt\/"},{"@type":"ListItem","position":2,"name":"Produtos","item":"https:\/\/www.endo-access.com\/pt-pt\/produtos\/"},{"@type":"ListItem","position":3,"name":"GUTTA-PERCHA CONDENSERS"}]},{"@type":"WebSite","@id":"https:\/\/www.endo-access.com\/pt-pt\/#website","url":"https:\/\/www.endo-access.com\/pt-pt\/","name":"access","description":"Efficacit\u00e9, Simplicit\u00e9, Rentabilit\u00e9.","publisher":{"@id":"https:\/\/www.endo-access.com\/pt-pt\/#organization"},"potentialAction":[{"@type":"SearchAction","target":{"@type":"EntryPoint","urlTemplate":"https:\/\/www.endo-access.com\/pt-pt\/?s={search_term_string}"},"query-input":{"@type":"PropertyValueSpecification","valueRequired":true,"valueName":"search_term_string"}}],"inLanguage":"pt-PT"},{"@type":"Organization","@id":"https:\/\/www.endo-access.com\/pt-pt\/#organization","name":"Access","url":"https:\/\/www.endo-access.com\/pt-pt\/","logo":{"@type":"ImageObject","inLanguage":"pt-PT","@id":"https:\/\/www.endo-access.com\/pt-pt\/#\/schema\/logo\/image\/","url":"https:\/\/www.endo-access.com\/wp-content\/uploads\/logo.png","contentUrl":"https:\/\/www.endo-access.com\/wp-content\/uploads\/logo.png","width":915,"height":915,"caption":"Access"},"image":{"@id":"https:\/\/www.endo-access.com\/pt-pt\/#\/schema\/logo\/image\/"},"sameAs":["https:\/\/www.facebook.com\/endoaccess\/","https:\/\/www.linkedin.com\/company\/endo-access\/","https:\/\/www.instagram.com\/endoaccess\/"]}]}},"_links":{"self":[{"href":"https:\/\/www.endo-access.com\/pt-pt\/wp-json\/wp\/v2\/product\/9408","targetHints":{"allow":["GET"]}}],"collection":[{"href":"https:\/\/www.endo-access.com\/pt-pt\/wp-json\/wp\/v2\/product"}],"about":[{"href":"https:\/\/www.endo-access.com\/pt-pt\/wp-json\/wp\/v2\/types\/product"}],"wp:featuredmedia":[{"embeddable":true,"href":"https:\/\/www.endo-access.com\/pt-pt\/wp-json\/wp\/v2\/media\/9397"}],"wp:attachment":[{"href":"https:\/\/www.endo-access.com\/pt-pt\/wp-json\/wp\/v2\/media?parent=9408"}],"wp:term":[{"taxonomy":"product_brand","embeddable":true,"href":"https:\/\/www.endo-access.com\/pt-pt\/wp-json\/wp\/v2\/product_brand?post=9408"},{"taxonomy":"product_cat","embeddable":true,"href":"https:\/\/www.endo-access.com\/pt-pt\/wp-json\/wp\/v2\/product_cat?post=9408"},{"taxonomy":"product_tag","embeddable":true,"href":"https:\/\/www.endo-access.com\/pt-pt\/wp-json\/wp\/v2\/product_tag?post=9408"}],"curies":[{"name":"wp","href":"https:\/\/api.w.org\/{rel}","templated":true}]}}