{"id":9528,"date":"2026-02-25T17:16:28","date_gmt":"2026-02-25T16:16:28","guid":{"rendered":"https:\/\/www.endo-access.com\/product\/digues-non-latex\/"},"modified":"2026-02-25T17:29:55","modified_gmt":"2026-02-25T16:29:55","slug":"digues-non-latex","status":"publish","type":"product","link":"https:\/\/www.endo-access.com\/pt-pt\/produto\/digues-non-latex\/","title":{"rendered":"DIGHE SENZA LATEX"},"content":{"rendered":"<p>Dighe pretagliate per l&#8217;isolamento impermeabile del campo operatorio.<br \/>\n<strong>Senza lattice<\/strong> per evitare qualsiasi rischio di allergia.<\/p>\n","protected":false},"excerpt":{"rendered":"<p>Dighe pretagliate per l&#8217;isolamento impermeabile del campo operatorio. Senza lattice per evitare qualsiasi rischio di allergia.<\/p>\n","protected":false},"featured_media":9516,"template":"","meta":{"_acf_changed":false},"product_brand":[],"product_cat":[78],"product_tag":[],"class_list":{"0":"post-9528","1":"product","2":"type-product","3":"status-publish","4":"has-post-thumbnail","6":"product_cat-acessorios","8":"first","9":"instock","10":"shipping-taxable","11":"product-type-simple"},"acf":[],"yoast_head":"<!-- This site is optimized with the Yoast SEO plugin v27.0 - https:\/\/yoast.com\/product\/yoast-seo-wordpress\/ -->\n<title>DIGHE SENZA LATEX - access<\/title>\n<meta name=\"robots\" content=\"index, follow, max-snippet:-1, max-image-preview:large, max-video-preview:-1\" \/>\n<link rel=\"canonical\" href=\"https:\/\/www.endo-access.com\/pt-pt\/produto\/digues-non-latex\/\" \/>\n<meta property=\"og:locale\" content=\"pt_PT\" \/>\n<meta property=\"og:type\" content=\"article\" \/>\n<meta property=\"og:title\" content=\"DIGHE SENZA LATEX - access\" \/>\n<meta property=\"og:description\" content=\"Dighe pretagliate per l&#8217;isolamento impermeabile del campo operatorio. Senza lattice per evitare qualsiasi rischio di allergia.\" \/>\n<meta property=\"og:url\" content=\"https:\/\/www.endo-access.com\/pt-pt\/produto\/digues-non-latex\/\" \/>\n<meta property=\"og:site_name\" content=\"access\" \/>\n<meta property=\"article:publisher\" content=\"https:\/\/www.facebook.com\/endoaccess\/\" \/>\n<meta property=\"article:modified_time\" content=\"2026-02-25T16:29:55+00:00\" \/>\n<meta property=\"og:image\" content=\"https:\/\/www.endo-access.com\/wp-content\/uploads\/ACCESS-DentalDam-nonlatex-1024x684.png\" \/>\n\t<meta property=\"og:image:width\" content=\"1024\" \/>\n\t<meta property=\"og:image:height\" content=\"684\" \/>\n\t<meta property=\"og:image:type\" content=\"image\/png\" \/>\n<meta name=\"twitter:card\" content=\"summary_large_image\" \/>\n<meta name=\"twitter:label1\" content=\"Tempo estimado de leitura\" \/>\n\t<meta name=\"twitter:data1\" content=\"1 minuto\" \/>\n<script type=\"application\/ld+json\" class=\"yoast-schema-graph\">{\"@context\":\"https:\/\/schema.org\",\"@graph\":[{\"@type\":\"WebPage\",\"@id\":\"https:\/\/www.endo-access.com\/pt-pt\/produto\/digues-non-latex\/\",\"url\":\"https:\/\/www.endo-access.com\/pt-pt\/produto\/digues-non-latex\/\",\"name\":\"DIGHE SENZA LATEX - access\",\"isPartOf\":{\"@id\":\"https:\/\/www.endo-access.com\/pt-pt\/#website\"},\"primaryImageOfPage\":{\"@id\":\"https:\/\/www.endo-access.com\/pt-pt\/produto\/digues-non-latex\/#primaryimage\"},\"image\":{\"@id\":\"https:\/\/www.endo-access.com\/pt-pt\/produto\/digues-non-latex\/#primaryimage\"},\"thumbnailUrl\":\"https:\/\/www.endo-access.com\/wp-content\/uploads\/ACCESS-DentalDam-nonlatex-scaled.png\",\"datePublished\":\"2026-02-25T16:16:28+00:00\",\"dateModified\":\"2026-02-25T16:29:55+00:00\",\"breadcrumb\":{\"@id\":\"https:\/\/www.endo-access.com\/pt-pt\/produto\/digues-non-latex\/#breadcrumb\"},\"inLanguage\":\"pt-PT\",\"potentialAction\":[{\"@type\":\"ReadAction\",\"target\":[\"https:\/\/www.endo-access.com\/pt-pt\/produto\/digues-non-latex\/\"]}]},{\"@type\":\"ImageObject\",\"inLanguage\":\"pt-PT\",\"@id\":\"https:\/\/www.endo-access.com\/pt-pt\/produto\/digues-non-latex\/#primaryimage\",\"url\":\"https:\/\/www.endo-access.com\/wp-content\/uploads\/ACCESS-DentalDam-nonlatex-scaled.png\",\"contentUrl\":\"https:\/\/www.endo-access.com\/wp-content\/uploads\/ACCESS-DentalDam-nonlatex-scaled.png\",\"width\":2560,\"height\":1710},{\"@type\":\"BreadcrumbList\",\"@id\":\"https:\/\/www.endo-access.com\/pt-pt\/produto\/digues-non-latex\/#breadcrumb\",\"itemListElement\":[{\"@type\":\"ListItem\",\"position\":1,\"name\":\"Accueil\",\"item\":\"https:\/\/www.endo-access.com\/pt-pt\/\"},{\"@type\":\"ListItem\",\"position\":2,\"name\":\"Produtos\",\"item\":\"https:\/\/www.endo-access.com\/pt-pt\/produtos\/\"},{\"@type\":\"ListItem\",\"position\":3,\"name\":\"DIGHE SENZA LATEX\"}]},{\"@type\":\"WebSite\",\"@id\":\"https:\/\/www.endo-access.com\/pt-pt\/#website\",\"url\":\"https:\/\/www.endo-access.com\/pt-pt\/\",\"name\":\"access\",\"description\":\"Efficacit\u00e9, Simplicit\u00e9, Rentabilit\u00e9.\",\"publisher\":{\"@id\":\"https:\/\/www.endo-access.com\/pt-pt\/#organization\"},\"potentialAction\":[{\"@type\":\"SearchAction\",\"target\":{\"@type\":\"EntryPoint\",\"urlTemplate\":\"https:\/\/www.endo-access.com\/pt-pt\/?s={search_term_string}\"},\"query-input\":{\"@type\":\"PropertyValueSpecification\",\"valueRequired\":true,\"valueName\":\"search_term_string\"}}],\"inLanguage\":\"pt-PT\"},{\"@type\":\"Organization\",\"@id\":\"https:\/\/www.endo-access.com\/pt-pt\/#organization\",\"name\":\"Access\",\"url\":\"https:\/\/www.endo-access.com\/pt-pt\/\",\"logo\":{\"@type\":\"ImageObject\",\"inLanguage\":\"pt-PT\",\"@id\":\"https:\/\/www.endo-access.com\/pt-pt\/#\/schema\/logo\/image\/\",\"url\":\"https:\/\/www.endo-access.com\/wp-content\/uploads\/logo.png\",\"contentUrl\":\"https:\/\/www.endo-access.com\/wp-content\/uploads\/logo.png\",\"width\":915,\"height\":915,\"caption\":\"Access\"},\"image\":{\"@id\":\"https:\/\/www.endo-access.com\/pt-pt\/#\/schema\/logo\/image\/\"},\"sameAs\":[\"https:\/\/www.facebook.com\/endoaccess\/\",\"https:\/\/www.linkedin.com\/company\/endo-access\/\",\"https:\/\/www.instagram.com\/endoaccess\/\"]}]}<\/script>\n<!-- \/ Yoast SEO plugin. -->","yoast_head_json":{"title":"DIGHE SENZA LATEX - access","robots":{"index":"index","follow":"follow","max-snippet":"max-snippet:-1","max-image-preview":"max-image-preview:large","max-video-preview":"max-video-preview:-1"},"canonical":"https:\/\/www.endo-access.com\/pt-pt\/produto\/digues-non-latex\/","og_locale":"pt_PT","og_type":"article","og_title":"DIGHE SENZA LATEX - access","og_description":"Dighe pretagliate per l&#8217;isolamento impermeabile del campo operatorio. Senza lattice per evitare qualsiasi rischio di allergia.","og_url":"https:\/\/www.endo-access.com\/pt-pt\/produto\/digues-non-latex\/","og_site_name":"access","article_publisher":"https:\/\/www.facebook.com\/endoaccess\/","article_modified_time":"2026-02-25T16:29:55+00:00","og_image":[{"width":1024,"height":684,"url":"https:\/\/www.endo-access.com\/wp-content\/uploads\/ACCESS-DentalDam-nonlatex-1024x684.png","type":"image\/png"}],"twitter_card":"summary_large_image","twitter_misc":{"Tempo estimado de leitura":"1 minuto"},"schema":{"@context":"https:\/\/schema.org","@graph":[{"@type":"WebPage","@id":"https:\/\/www.endo-access.com\/pt-pt\/produto\/digues-non-latex\/","url":"https:\/\/www.endo-access.com\/pt-pt\/produto\/digues-non-latex\/","name":"DIGHE SENZA LATEX - access","isPartOf":{"@id":"https:\/\/www.endo-access.com\/pt-pt\/#website"},"primaryImageOfPage":{"@id":"https:\/\/www.endo-access.com\/pt-pt\/produto\/digues-non-latex\/#primaryimage"},"image":{"@id":"https:\/\/www.endo-access.com\/pt-pt\/produto\/digues-non-latex\/#primaryimage"},"thumbnailUrl":"https:\/\/www.endo-access.com\/wp-content\/uploads\/ACCESS-DentalDam-nonlatex-scaled.png","datePublished":"2026-02-25T16:16:28+00:00","dateModified":"2026-02-25T16:29:55+00:00","breadcrumb":{"@id":"https:\/\/www.endo-access.com\/pt-pt\/produto\/digues-non-latex\/#breadcrumb"},"inLanguage":"pt-PT","potentialAction":[{"@type":"ReadAction","target":["https:\/\/www.endo-access.com\/pt-pt\/produto\/digues-non-latex\/"]}]},{"@type":"ImageObject","inLanguage":"pt-PT","@id":"https:\/\/www.endo-access.com\/pt-pt\/produto\/digues-non-latex\/#primaryimage","url":"https:\/\/www.endo-access.com\/wp-content\/uploads\/ACCESS-DentalDam-nonlatex-scaled.png","contentUrl":"https:\/\/www.endo-access.com\/wp-content\/uploads\/ACCESS-DentalDam-nonlatex-scaled.png","width":2560,"height":1710},{"@type":"BreadcrumbList","@id":"https:\/\/www.endo-access.com\/pt-pt\/produto\/digues-non-latex\/#breadcrumb","itemListElement":[{"@type":"ListItem","position":1,"name":"Accueil","item":"https:\/\/www.endo-access.com\/pt-pt\/"},{"@type":"ListItem","position":2,"name":"Produtos","item":"https:\/\/www.endo-access.com\/pt-pt\/produtos\/"},{"@type":"ListItem","position":3,"name":"DIGHE SENZA LATEX"}]},{"@type":"WebSite","@id":"https:\/\/www.endo-access.com\/pt-pt\/#website","url":"https:\/\/www.endo-access.com\/pt-pt\/","name":"access","description":"Efficacit\u00e9, Simplicit\u00e9, Rentabilit\u00e9.","publisher":{"@id":"https:\/\/www.endo-access.com\/pt-pt\/#organization"},"potentialAction":[{"@type":"SearchAction","target":{"@type":"EntryPoint","urlTemplate":"https:\/\/www.endo-access.com\/pt-pt\/?s={search_term_string}"},"query-input":{"@type":"PropertyValueSpecification","valueRequired":true,"valueName":"search_term_string"}}],"inLanguage":"pt-PT"},{"@type":"Organization","@id":"https:\/\/www.endo-access.com\/pt-pt\/#organization","name":"Access","url":"https:\/\/www.endo-access.com\/pt-pt\/","logo":{"@type":"ImageObject","inLanguage":"pt-PT","@id":"https:\/\/www.endo-access.com\/pt-pt\/#\/schema\/logo\/image\/","url":"https:\/\/www.endo-access.com\/wp-content\/uploads\/logo.png","contentUrl":"https:\/\/www.endo-access.com\/wp-content\/uploads\/logo.png","width":915,"height":915,"caption":"Access"},"image":{"@id":"https:\/\/www.endo-access.com\/pt-pt\/#\/schema\/logo\/image\/"},"sameAs":["https:\/\/www.facebook.com\/endoaccess\/","https:\/\/www.linkedin.com\/company\/endo-access\/","https:\/\/www.instagram.com\/endoaccess\/"]}]}},"_links":{"self":[{"href":"https:\/\/www.endo-access.com\/pt-pt\/wp-json\/wp\/v2\/product\/9528","targetHints":{"allow":["GET"]}}],"collection":[{"href":"https:\/\/www.endo-access.com\/pt-pt\/wp-json\/wp\/v2\/product"}],"about":[{"href":"https:\/\/www.endo-access.com\/pt-pt\/wp-json\/wp\/v2\/types\/product"}],"wp:featuredmedia":[{"embeddable":true,"href":"https:\/\/www.endo-access.com\/pt-pt\/wp-json\/wp\/v2\/media\/9516"}],"wp:attachment":[{"href":"https:\/\/www.endo-access.com\/pt-pt\/wp-json\/wp\/v2\/media?parent=9528"}],"wp:term":[{"taxonomy":"product_brand","embeddable":true,"href":"https:\/\/www.endo-access.com\/pt-pt\/wp-json\/wp\/v2\/product_brand?post=9528"},{"taxonomy":"product_cat","embeddable":true,"href":"https:\/\/www.endo-access.com\/pt-pt\/wp-json\/wp\/v2\/product_cat?post=9528"},{"taxonomy":"product_tag","embeddable":true,"href":"https:\/\/www.endo-access.com\/pt-pt\/wp-json\/wp\/v2\/product_tag?post=9528"}],"curies":[{"name":"wp","href":"https:\/\/api.w.org\/{rel}","templated":true}]}}